{"id":596,"date":"2024-12-21T07:07:28","date_gmt":"2024-12-21T07:07:28","guid":{"rendered":"https:\/\/www.linkceramics.com\/?post_type=product&#038;p=596"},"modified":"2024-12-21T07:07:30","modified_gmt":"2024-12-21T07:07:30","slug":"wholesale-flower-pots-and-planters","status":"publish","type":"product","link":"https:\/\/www.linkceramics.com\/es\/product\/wholesale-flower-pots-and-planters\/","title":{"rendered":"Mayorista Macetas y Jardineras, Macetas de Cemento Amarillo a Granel"},"content":{"rendered":"<div class=\"wp-block-columns is-layout-flex wp-container-core-columns-is-layout-9d6595d7 wp-block-columns-is-layout-flex\">\n<div class=\"wp-block-column is-layout-flow wp-block-column-is-layout-flow\" style=\"flex-basis:66.66%\">\n<h3 class=\"wp-block-heading\">Premium al por mayor macetas y jardineras Caracter\u00edsticas:<\/h3>\n\n\n\n<ul class=\"wp-block-list\">\n<li><strong>Selecci\u00f3n variada:&nbsp;<\/strong>Esta serie de macetas y jardineras al por mayor tiene una gran variedad de formas y tama\u00f1os diferentes para elegir, ya sea una peque\u00f1a planta de interior, una maceta de balc\u00f3n o una gran planta de exterior, podr\u00e1 encontrar un estilo adecuado.<\/li>\n\n\n\n<li><strong>Garantizar la durabilidad a largo plazo:&nbsp;<\/strong>Estas macetas de jard\u00edn a granel est\u00e1n fabricadas con materiales de cemento de alta calidad, extremadamente resistentes a la intemperie y a la corrosi\u00f3n. Se pueden utilizar en entornos exteriores durante mucho tiempo sin que se agrieten ni se decoloren por la erosi\u00f3n del viento, el sol o la lluvia, lo que garantiza la durabilidad del producto a largo plazo.<\/li>\n\n\n\n<li><strong>Dise\u00f1o sencillo y elegante:&nbsp;<\/strong>Nuestras series de macetas y jardineras al por mayor se basan principalmente en suaves tonos amarillos y dise\u00f1os de estilo sencillo, que se integran perfectamente en el estilo de jardiner\u00eda moderno. No solo pueden utilizarse como adornos para las plantas, sino tambi\u00e9n como elementos decorativos para realzar los efectos visuales de patios, balcones o espacios interiores.<\/li>\n\n\n\n<li><strong>Fabricaci\u00f3n respetuosa con el medio ambiente:&nbsp;<\/strong>Nuestras macetas de jard\u00edn a granel est\u00e1n fabricadas con materiales de cemento naturales y ecol\u00f3gicos, lo que reduce el impacto sobre el medio ambiente durante el proceso de producci\u00f3n. Sus caracter\u00edsticas de robustez y durabilidad tambi\u00e9n reducen la frecuencia de sustituci\u00f3n, lo que contribuye a crear un estilo de vida de jardiner\u00eda m\u00e1s respetuoso con el medio ambiente y sostenible.<\/li>\n<\/ul>\n<\/div>\n\n\n\n<div class=\"wp-block-column is-layout-flow wp-block-column-is-layout-flow\" style=\"flex-basis:33.33%\">\n<figure class=\"wp-block-image size-full\"><img decoding=\"async\" width=\"768\" height=\"768\" src=\"https:\/\/www.linkceramics.com\/wp-content\/uploads\/2024\/11\/Wholesale-Flower-Pots-And-Planters-Cement-Yellow-Bulk-Garden-Pots-80-768x768-1.webp\" alt=\"Mayorista-Macetas-de-Flores-Y-Plantas-Cemento-Amarillo-Macetas-de-Jard\u00edn-80-768x768\" class=\"wp-image-602\" srcset=\"https:\/\/www.linkceramics.com\/wp-content\/uploads\/2024\/11\/Wholesale-Flower-Pots-And-Planters-Cement-Yellow-Bulk-Garden-Pots-80-768x768-1.webp 768w, https:\/\/www.linkceramics.com\/wp-content\/uploads\/2024\/11\/Wholesale-Flower-Pots-And-Planters-Cement-Yellow-Bulk-Garden-Pots-80-768x768-1-300x300.webp 300w, https:\/\/www.linkceramics.com\/wp-content\/uploads\/2024\/11\/Wholesale-Flower-Pots-And-Planters-Cement-Yellow-Bulk-Garden-Pots-80-768x768-1-150x150.webp 150w, https:\/\/www.linkceramics.com\/wp-content\/uploads\/2024\/11\/Wholesale-Flower-Pots-And-Planters-Cement-Yellow-Bulk-Garden-Pots-80-768x768-1-600x600.webp 600w, https:\/\/www.linkceramics.com\/wp-content\/uploads\/2024\/11\/Wholesale-Flower-Pots-And-Planters-Cement-Yellow-Bulk-Garden-Pots-80-768x768-1-100x100.webp 100w\" sizes=\"(max-width: 768px) 100vw, 768px\" \/><\/figure>\n<\/div>\n<\/div>","protected":false},"excerpt":{"rendered":"<div id=\"brxe-0ee1ca\" class=\"brxe-product-meta product_meta\">\n<div id=\"brxe-0ee1ca\" class=\"brxe-product-meta product_meta\">\n<div id=\"brxe-0ee1ca\" class=\"brxe-product-meta product_meta\">Bienvenido a comprar macetas de jard\u00edn al por mayor. Esta serie de macetas y jardineras al por mayor ofrece una gran variedad de formas y tama\u00f1os. Fabricadas con cemento de alta calidad, son extremadamente resistentes a la intemperie y a la corrosi\u00f3n, por lo que resultan adecuadas para un uso prolongado en exteriores. Su sencillo dise\u00f1o amarillo a\u00f1ade un toque de moda a la jardiner\u00eda moderna, mientras que su fabricaci\u00f3n respetuosa con el medio ambiente garantiza su apoyo al desarrollo sostenible y es una opci\u00f3n ideal para la decoraci\u00f3n de jardines.<\/div>\n<\/div>\n<\/div>\n<div id=\"brxe-8c5ca9\" class=\"brxe-product-short-description\">\n<div class=\"woocommerce-product-details__short-description\">\n<h2>Macetas y jardineras Especificaciones:<\/h2>\n<table border=\"0\" width=\"531\" cellspacing=\"0\" cellpadding=\"0\">\n<tbody>\n<tr>\n<td width=\"271\" height=\"24\">Fabricante<\/td>\n<td width=\"260\">Un hogar lleno de amor<\/td>\n<\/tr>\n<tr>\n<td width=\"271\" height=\"25\">Tipo de producto<\/td>\n<td width=\"260\">Macetas<\/td>\n<\/tr>\n<tr>\n<td width=\"271\" height=\"24\">Material<\/td>\n<td width=\"260\">Cemento resistente<\/td>\n<\/tr>\n<tr>\n<td width=\"271\" height=\"24\">Dimensi\u00f3n<\/td>\n<td width=\"260\">Como imagen detallada<\/td>\n<\/tr>\n<tr>\n<td width=\"271\" height=\"24\">Unidades de venta<\/td>\n<td width=\"260\">Art\u00edculo \u00fanico<\/td>\n<\/tr>\n<tr>\n<td width=\"271\" height=\"24\">MOQ<\/td>\n<td width=\"260\">1200 unid. por art\u00edculo<\/td>\n<\/tr>\n<tr>\n<td width=\"271\" height=\"48\">Opci\u00f3n personalizada<\/td>\n<td width=\"260\">Color\/Tama\u00f1o\/Glaseado\/Logotipo\/Embalaje<\/td>\n<\/tr>\n<\/tbody>\n<\/table>\n<\/div>\n<\/div>","protected":false},"featured_media":601,"comment_status":"open","ping_status":"closed","template":"","meta":{"_acf_changed":true},"certification":[63,64,66,58,65,61,60,62],"product_brand":[],"product_cat":[37,38,17],"product_tag":[],"class_list":{"0":"post-596","1":"product","2":"type-product","3":"status-publish","4":"has-post-thumbnail","6":"certification-amfori","7":"certification-bsci","8":"certification-cnas","9":"certification-fda","10":"certification-iaf","11":"certification-iso-14001","12":"certification-iso-45001","13":"certification-iso-9001","14":"product_cat-decorative-ceramic-wholesale","15":"product_cat-custom-ceramic-ornament","16":"product_cat-ceramic-vases-wholesale","18":"first","19":"instock","20":"shipping-taxable","21":"product-type-simple"},"acf":[],"_links":{"self":[{"href":"https:\/\/www.linkceramics.com\/es\/wp-json\/wp\/v2\/product\/596","targetHints":{"allow":["GET"]}}],"collection":[{"href":"https:\/\/www.linkceramics.com\/es\/wp-json\/wp\/v2\/product"}],"about":[{"href":"https:\/\/www.linkceramics.com\/es\/wp-json\/wp\/v2\/types\/product"}],"replies":[{"embeddable":true,"href":"https:\/\/www.linkceramics.com\/es\/wp-json\/wp\/v2\/comments?post=596"}],"wp:featuredmedia":[{"embeddable":true,"href":"https:\/\/www.linkceramics.com\/es\/wp-json\/wp\/v2\/media\/601"}],"wp:attachment":[{"href":"https:\/\/www.linkceramics.com\/es\/wp-json\/wp\/v2\/media?parent=596"}],"wp:term":[{"taxonomy":"certification","embeddable":true,"href":"https:\/\/www.linkceramics.com\/es\/wp-json\/wp\/v2\/certification?post=596"},{"taxonomy":"product_brand","embeddable":true,"href":"https:\/\/www.linkceramics.com\/es\/wp-json\/wp\/v2\/product_brand?post=596"},{"taxonomy":"product_cat","embeddable":true,"href":"https:\/\/www.linkceramics.com\/es\/wp-json\/wp\/v2\/product_cat?post=596"},{"taxonomy":"product_tag","embeddable":true,"href":"https:\/\/www.linkceramics.com\/es\/wp-json\/wp\/v2\/product_tag?post=596"}],"curies":[{"name":"wp","href":"https:\/\/api.w.org\/{rel}","templated":true}]}}