{"id":691,"date":"2024-12-10T03:46:10","date_gmt":"2024-12-10T03:46:10","guid":{"rendered":"https:\/\/www.linkceramics.com\/?post_type=product&#038;p=691"},"modified":"2024-12-10T03:46:11","modified_gmt":"2024-12-10T03:46:11","slug":"flower-vases-in-bulk","status":"publish","type":"product","link":"https:\/\/www.linkceramics.com\/es\/product\/flower-vases-in-bulk\/","title":{"rendered":"Floreros Exquisitos Al Por Mayor, Macetas Al Por Mayor Para Plantas Con Relieve De Peces Y Abalorios"},"content":{"rendered":"<div class=\"wp-block-columns is-layout-flex wp-container-core-columns-is-layout-9d6595d7 wp-block-columns-is-layout-flex\">\n<div class=\"wp-block-column is-layout-flow wp-block-column-is-layout-flow\" style=\"flex-basis:66.66%\">\n<h3 class=\"wp-block-heading\">Premium floreros a granel Caracter\u00edsticas:<\/h3>\n\n\n\n<ul class=\"wp-block-list\">\n<li><strong>Exquisitos dise\u00f1os de peces y cuentas en relieve:\u00a0<\/strong>Estas macetas al por mayor para plantas y jarrones para flores al por mayor llevan grabados en la superficie dibujos \u00fanicos de peces y cuentas en relieve, llenos de sentido art\u00edstico y adecuados como puntos focales decorativos.<\/li>\n\n\n\n<li><strong>Diversas opciones de tama\u00f1o:\u00a0<\/strong>Nuestros jarrones de cer\u00e1mica al por mayor y macetas a granel est\u00e1n disponibles en una variedad de tama\u00f1os para satisfacer las diferentes necesidades de colocaci\u00f3n de plantas, ya se trate de peque\u00f1as plantas de interior o grandes plantas al aire libre, usted puede encontrar un partido adecuado.<\/li>\n\n\n\n<li><strong>Duradera y bonita:\u00a0<\/strong>Estos floreros a granel y macetas al por mayor para plantas est\u00e1n hechos de cer\u00e1mica de alta calidad para garantizar que el producto sea robusto y duradero, con buena permeabilidad al aire y resistencia a la intemperie, lo que no s\u00f3lo puede garantizar el crecimiento saludable de las plantas, sino tambi\u00e9n mantener su aspecto duradero.<\/li>\n\n\n\n<li><strong>Ideal para compras al por mayor:\u00a0<\/strong>Nuestros jarrones y macetas de cer\u00e1mica al por mayor est\u00e1n dise\u00f1ados para clientes mayoristas, con precios razonables y dise\u00f1os art\u00edsticos de alta gama, adecuados para compras a gran escala por parte de minoristas, empresas de dise\u00f1o de interiores y proyectos comerciales.<\/li>\n<\/ul>\n<\/div>\n\n\n\n<div class=\"wp-block-column is-layout-flow wp-block-column-is-layout-flow\" style=\"flex-basis:33.33%\">\n<figure class=\"wp-block-image size-full\"><img decoding=\"async\" width=\"768\" height=\"768\" src=\"https:\/\/www.linkceramics.com\/wp-content\/uploads\/2024\/12\/Exquisite-Flower-Vases-In-Bulk-Wholesale-Pots-For-Plants-4-768x768-1.webp\" alt=\"Floreros exquisitos al por mayor para plantas-4-768x768\" class=\"wp-image-695\" srcset=\"https:\/\/www.linkceramics.com\/wp-content\/uploads\/2024\/12\/Exquisite-Flower-Vases-In-Bulk-Wholesale-Pots-For-Plants-4-768x768-1.webp 768w, https:\/\/www.linkceramics.com\/wp-content\/uploads\/2024\/12\/Exquisite-Flower-Vases-In-Bulk-Wholesale-Pots-For-Plants-4-768x768-1-300x300.webp 300w, https:\/\/www.linkceramics.com\/wp-content\/uploads\/2024\/12\/Exquisite-Flower-Vases-In-Bulk-Wholesale-Pots-For-Plants-4-768x768-1-150x150.webp 150w, https:\/\/www.linkceramics.com\/wp-content\/uploads\/2024\/12\/Exquisite-Flower-Vases-In-Bulk-Wholesale-Pots-For-Plants-4-768x768-1-600x600.webp 600w, https:\/\/www.linkceramics.com\/wp-content\/uploads\/2024\/12\/Exquisite-Flower-Vases-In-Bulk-Wholesale-Pots-For-Plants-4-768x768-1-100x100.webp 100w\" sizes=\"(max-width: 768px) 100vw, 768px\" \/><\/figure>\n<\/div>\n<\/div>","protected":false},"excerpt":{"rendered":"<div id=\"brxe-0ee1ca\" class=\"brxe-product-meta product_meta\">\n<div id=\"brxe-0ee1ca\" class=\"brxe-product-meta product_meta\">\n<div id=\"brxe-0ee1ca\" class=\"brxe-product-meta product_meta\">Bienvenido a la compra de jarrones de cer\u00e1mica al por mayor. Estos jarrones para flores al por mayor y macetas para plantas al por mayor tienen dise\u00f1os de peces y cuentas en relieve disponibles en varios tama\u00f1os. Son adecuados para todo tipo de colocaci\u00f3n de plantas y decoraci\u00f3n de interiores. El material cer\u00e1mico de alta calidad garantiza su durabilidad, por lo que son una opci\u00f3n ideal para la venta al por mayor a clientes comerciales y minoristas.<\/div>\n<\/div>\n<\/div>\n<div id=\"brxe-8c5ca9\" class=\"brxe-product-short-description\">\n<div class=\"woocommerce-product-details__short-description\">\n<h2>Floreros Premium Especificaciones:<\/h2>\n<table border=\"0\" width=\"531\" cellspacing=\"0\" cellpadding=\"0\">\n<tbody>\n<tr>\n<td width=\"271\" height=\"24\">Fabricante<\/td>\n<td width=\"260\">Un hogar lleno de amor<\/td>\n<\/tr>\n<tr>\n<td width=\"271\" height=\"25\">Tipo de producto<\/td>\n<td width=\"260\">Floreros, macetas<\/td>\n<\/tr>\n<tr>\n<td width=\"271\" height=\"24\">Material<\/td>\n<td width=\"260\">Porcelana resistente<\/td>\n<\/tr>\n<tr>\n<td width=\"271\" height=\"24\">Dimensi\u00f3n<\/td>\n<td width=\"260\">Como imagen detallada<\/td>\n<\/tr>\n<tr>\n<td width=\"271\" height=\"24\">Unidades de venta<\/td>\n<td width=\"260\">Art\u00edculo \u00fanico<\/td>\n<\/tr>\n<tr>\n<td width=\"271\" height=\"24\">MOQ<\/td>\n<td width=\"260\">1200 unid. por art\u00edculo<\/td>\n<\/tr>\n<tr>\n<td width=\"271\" height=\"48\">Opci\u00f3n personalizada<\/td>\n<td width=\"260\">Color\/Tama\u00f1o\/Glaseado\/Logotipo\/Embalaje<\/td>\n<\/tr>\n<\/tbody>\n<\/table>\n<\/div>\n<\/div>","protected":false},"featured_media":693,"comment_status":"open","ping_status":"closed","template":"","meta":{"_acf_changed":false},"certification":[63,64,66,58,65,61,60,62],"product_brand":[],"product_cat":[37,38,17],"product_tag":[],"class_list":{"0":"post-691","1":"product","2":"type-product","3":"status-publish","4":"has-post-thumbnail","6":"certification-amfori","7":"certification-bsci","8":"certification-cnas","9":"certification-fda","10":"certification-iaf","11":"certification-iso-14001","12":"certification-iso-45001","13":"certification-iso-9001","14":"product_cat-decorative-ceramic-wholesale","15":"product_cat-custom-ceramic-ornament","16":"product_cat-ceramic-vases-wholesale","18":"first","19":"instock","20":"shipping-taxable","21":"product-type-simple"},"acf":[],"_links":{"self":[{"href":"https:\/\/www.linkceramics.com\/es\/wp-json\/wp\/v2\/product\/691","targetHints":{"allow":["GET"]}}],"collection":[{"href":"https:\/\/www.linkceramics.com\/es\/wp-json\/wp\/v2\/product"}],"about":[{"href":"https:\/\/www.linkceramics.com\/es\/wp-json\/wp\/v2\/types\/product"}],"replies":[{"embeddable":true,"href":"https:\/\/www.linkceramics.com\/es\/wp-json\/wp\/v2\/comments?post=691"}],"wp:featuredmedia":[{"embeddable":true,"href":"https:\/\/www.linkceramics.com\/es\/wp-json\/wp\/v2\/media\/693"}],"wp:attachment":[{"href":"https:\/\/www.linkceramics.com\/es\/wp-json\/wp\/v2\/media?parent=691"}],"wp:term":[{"taxonomy":"certification","embeddable":true,"href":"https:\/\/www.linkceramics.com\/es\/wp-json\/wp\/v2\/certification?post=691"},{"taxonomy":"product_brand","embeddable":true,"href":"https:\/\/www.linkceramics.com\/es\/wp-json\/wp\/v2\/product_brand?post=691"},{"taxonomy":"product_cat","embeddable":true,"href":"https:\/\/www.linkceramics.com\/es\/wp-json\/wp\/v2\/product_cat?post=691"},{"taxonomy":"product_tag","embeddable":true,"href":"https:\/\/www.linkceramics.com\/es\/wp-json\/wp\/v2\/product_tag?post=691"}],"curies":[{"name":"wp","href":"https:\/\/api.w.org\/{rel}","templated":true}]}}