{"id":715,"date":"2024-12-10T03:48:08","date_gmt":"2024-12-10T03:48:08","guid":{"rendered":"https:\/\/www.linkceramics.com\/?post_type=product&#038;p=715"},"modified":"2024-12-10T03:48:09","modified_gmt":"2024-12-10T03:48:09","slug":"bulk-candles","status":"publish","type":"product","link":"https:\/\/www.linkceramics.com\/es\/product\/bulk-candles\/","title":{"rendered":"Velas a Granel Estilo Tropical, Exquisitos Tarros de Velas al por Mayor, Velas Perfumadas"},"content":{"rendered":"<div class=\"wp-block-columns is-layout-flex wp-container-core-columns-is-layout-9d6595d7 wp-block-columns-is-layout-flex\">\n<div class=\"wp-block-column is-layout-flow wp-block-column-is-layout-flow\" style=\"flex-basis:66.66%\">\n<h3 class=\"wp-block-heading\">Velas a granel Premium Caracter\u00edsticas:<\/h3>\n\n\n\n<ul class=\"wp-block-list\">\n<li><strong>Dise\u00f1o tropical:\u00a0<\/strong>Estas velas a granel est\u00e1n dise\u00f1adas con un estilo tropical \u00fanico, decoradas con brillantes motivos de plantas, flores y elementos tropicales, que transmiten una fuerte atm\u00f3sfera natural, muy adecuada para la decoraci\u00f3n del hogar y las actividades tem\u00e1ticas.<\/li>\n\n\n\n<li><strong>Desprende una fragancia duradera:\u00a0<\/strong>Nuestras velas perfumadas al por mayor utilizan cera natural de alta calidad y aceites esenciales perfumados cuidadosamente formulados para garantizar que las velas perfumadas emitan una fragancia suave y duradera al arder, mejoren el confort del espacio y sean adecuadas para su uso en diversos escenarios como el hogar, SPA, yoga, etc.<\/li>\n\n\n\n<li><strong>Materiales respetuosos con el medio ambiente y seguros:\u00a0<\/strong>Nuestras velas a granel est\u00e1n fabricadas con cer\u00e1mica o vidrio respetuosos con el medio ambiente, que son seguros y no t\u00f3xicos. Las propias velas utilizan cera natural no t\u00f3xica y sin humo, que no libera sustancias nocivas al arder, lo que garantiza un uso saludable y apoya la demanda de los consumidores modernos de productos sostenibles y respetuosos con el medio ambiente.<\/li>\n\n\n\n<li><strong>Apoyo a la venta al por mayor y la personalizaci\u00f3n:<\/strong>\u00a0Ofrecemos a los clientes servicios de compra al por mayor y personalizaci\u00f3n de tarros de velas y velas arom\u00e1ticas al por mayor. El dise\u00f1o de los tarros de velas se puede personalizar seg\u00fan las necesidades de la marca, desde la forma y el color hasta el patr\u00f3n, para crear productos \u00fanicos de forma flexible.<\/li>\n<\/ul>\n<\/div>\n\n\n\n<div class=\"wp-block-column is-layout-flow wp-block-column-is-layout-flow\" style=\"flex-basis:33.33%\">\n<figure class=\"wp-block-image size-full\"><img decoding=\"async\" width=\"768\" height=\"768\" src=\"https:\/\/www.linkceramics.com\/wp-content\/uploads\/2024\/12\/Tropical-Style-Bulk-Candles-Exquisite-Wholesale-Candle-Jars-Scented-Candles-5-768x768-1.webp\" alt=\"Tropical-Style-Bulk-Candles-Exquisite-Wholesale-Candle-Jars-Scented-Candles-5-768x768\" class=\"wp-image-723\" srcset=\"https:\/\/www.linkceramics.com\/wp-content\/uploads\/2024\/12\/Tropical-Style-Bulk-Candles-Exquisite-Wholesale-Candle-Jars-Scented-Candles-5-768x768-1.webp 768w, https:\/\/www.linkceramics.com\/wp-content\/uploads\/2024\/12\/Tropical-Style-Bulk-Candles-Exquisite-Wholesale-Candle-Jars-Scented-Candles-5-768x768-1-300x300.webp 300w, https:\/\/www.linkceramics.com\/wp-content\/uploads\/2024\/12\/Tropical-Style-Bulk-Candles-Exquisite-Wholesale-Candle-Jars-Scented-Candles-5-768x768-1-150x150.webp 150w, https:\/\/www.linkceramics.com\/wp-content\/uploads\/2024\/12\/Tropical-Style-Bulk-Candles-Exquisite-Wholesale-Candle-Jars-Scented-Candles-5-768x768-1-600x600.webp 600w, https:\/\/www.linkceramics.com\/wp-content\/uploads\/2024\/12\/Tropical-Style-Bulk-Candles-Exquisite-Wholesale-Candle-Jars-Scented-Candles-5-768x768-1-100x100.webp 100w\" sizes=\"(max-width: 768px) 100vw, 768px\" \/><\/figure>\n<\/div>\n<\/div>","protected":false},"excerpt":{"rendered":"<div id=\"brxe-0ee1ca\" class=\"brxe-product-meta product_meta\">\n<div id=\"brxe-0ee1ca\" class=\"brxe-product-meta product_meta\">Bienvenido a comprar velas al por mayor. Nuestra colecci\u00f3n de velas perfumadas al por mayor de estilo tropical presenta dise\u00f1os tropicales, aromas duraderos y un ambiente relajante. Admitimos compras al por mayor de velas perfumadas y tarros de velas personalizados, adecuados para minoristas de marca y el mercado de regalos.<\/div>\n<\/div>\n<div id=\"brxe-8c5ca9\" class=\"brxe-product-short-description\">\n<div class=\"woocommerce-product-details__short-description\">\n<h2>Especificaciones de las velas a granel Premium:<\/h2>\n<table border=\"0\" width=\"531\" cellspacing=\"0\" cellpadding=\"0\">\n<tbody>\n<tr>\n<td width=\"271\" height=\"24\">Fabricante<\/td>\n<td width=\"260\">Un hogar lleno de amor<\/td>\n<\/tr>\n<tr>\n<td width=\"271\" height=\"25\">Nombre de la colecci\u00f3n<\/td>\n<td width=\"260\">Estilo tropical<\/td>\n<\/tr>\n<tr>\n<td width=\"271\" height=\"24\">Estilo de dise\u00f1o<\/td>\n<td width=\"260\">Europa<\/td>\n<\/tr>\n<tr>\n<td width=\"271\" height=\"24\">Utilizaci\u00f3n<\/td>\n<td width=\"260\">Hogar, Restaurante, Hotel<\/td>\n<\/tr>\n<tr>\n<td width=\"271\" height=\"24\">Tipo de vela<\/td>\n<td width=\"260\">Tarro de vela, Vela perfumada<\/td>\n<\/tr>\n<tr>\n<td width=\"271\" height=\"24\">Material<\/td>\n<td width=\"260\">Porcelana resistente<\/td>\n<\/tr>\n<tr>\n<td width=\"271\" height=\"24\">Dimensi\u00f3n<\/td>\n<td width=\"260\">Como imagen detallada<\/td>\n<\/tr>\n<tr>\n<td width=\"271\" height=\"24\">Unidades de venta<\/td>\n<td width=\"260\">Art\u00edculo \u00fanico<\/td>\n<\/tr>\n<tr>\n<td width=\"271\" height=\"24\">MOQ<\/td>\n<td width=\"260\">1200 unid. por art\u00edculo<\/td>\n<\/tr>\n<tr>\n<td width=\"271\" height=\"48\">Opci\u00f3n personalizada<\/td>\n<td width=\"260\">Color\/Tama\u00f1o\/Glaseado\/Logotipo\/Embalaje<\/td>\n<\/tr>\n<\/tbody>\n<\/table>\n<\/div>\n<\/div>","protected":false},"featured_media":721,"comment_status":"open","ping_status":"closed","template":"","meta":{"_acf_changed":true},"certification":[63,64,66,58,65,61,60,62],"product_brand":[],"product_cat":[37,16],"product_tag":[],"class_list":{"0":"post-715","1":"product","2":"type-product","3":"status-publish","4":"has-post-thumbnail","6":"certification-amfori","7":"certification-bsci","8":"certification-cnas","9":"certification-fda","10":"certification-iaf","11":"certification-iso-14001","12":"certification-iso-45001","13":"certification-iso-9001","14":"product_cat-decorative-ceramic-wholesale","15":"product_cat-ceramic-candle-holder","17":"first","18":"instock","19":"shipping-taxable","20":"product-type-simple"},"acf":[],"_links":{"self":[{"href":"https:\/\/www.linkceramics.com\/es\/wp-json\/wp\/v2\/product\/715","targetHints":{"allow":["GET"]}}],"collection":[{"href":"https:\/\/www.linkceramics.com\/es\/wp-json\/wp\/v2\/product"}],"about":[{"href":"https:\/\/www.linkceramics.com\/es\/wp-json\/wp\/v2\/types\/product"}],"replies":[{"embeddable":true,"href":"https:\/\/www.linkceramics.com\/es\/wp-json\/wp\/v2\/comments?post=715"}],"wp:featuredmedia":[{"embeddable":true,"href":"https:\/\/www.linkceramics.com\/es\/wp-json\/wp\/v2\/media\/721"}],"wp:attachment":[{"href":"https:\/\/www.linkceramics.com\/es\/wp-json\/wp\/v2\/media?parent=715"}],"wp:term":[{"taxonomy":"certification","embeddable":true,"href":"https:\/\/www.linkceramics.com\/es\/wp-json\/wp\/v2\/certification?post=715"},{"taxonomy":"product_brand","embeddable":true,"href":"https:\/\/www.linkceramics.com\/es\/wp-json\/wp\/v2\/product_brand?post=715"},{"taxonomy":"product_cat","embeddable":true,"href":"https:\/\/www.linkceramics.com\/es\/wp-json\/wp\/v2\/product_cat?post=715"},{"taxonomy":"product_tag","embeddable":true,"href":"https:\/\/www.linkceramics.com\/es\/wp-json\/wp\/v2\/product_tag?post=715"}],"curies":[{"name":"wp","href":"https:\/\/api.w.org\/{rel}","templated":true}]}}