{"id":724,"date":"2024-12-10T03:48:47","date_gmt":"2024-12-10T03:48:47","guid":{"rendered":"https:\/\/www.linkceramics.com\/?post_type=product&#038;p=724"},"modified":"2024-12-10T03:48:49","modified_gmt":"2024-12-10T03:48:49","slug":"ceramic-candle-holders-bulk","status":"publish","type":"product","link":"https:\/\/www.linkceramics.com\/es\/product\/ceramic-candle-holders-bulk\/","title":{"rendered":"Portavelas de Cer\u00e1mica a Granel con M\u00e1rmol y Dise\u00f1o de Madera"},"content":{"rendered":"<div class=\"wp-block-columns is-layout-flex wp-container-core-columns-is-layout-9d6595d7 wp-block-columns-is-layout-flex\">\n<div class=\"wp-block-column is-layout-flow wp-block-column-is-layout-flow\" style=\"flex-basis:66.66%\">\n<h3 class=\"wp-block-heading\">Premium Candle Holders Bulk Caracter\u00edsticas:<\/h3>\n\n\n\n<ul class=\"wp-block-list\">\n<li><strong>Exquisito dise\u00f1o de portavelas:\u00a0<\/strong>Estos portavelas de cer\u00e1mica a granel est\u00e1n dise\u00f1ados para exhibir velas de palo. Su exquisita forma combinada con el m\u00e1rmol y el grano de madera puede a\u00f1adir un toque de decoraci\u00f3n natural y elegante a la habitaci\u00f3n, especialmente adecuado para el ambiente del hogar, restaurante u hotel.<\/li>\n\n\n\n<li><strong>Seguro y estable:<\/strong>\u00a0Estos portavelas a granel est\u00e1n hechos de materiales cer\u00e1micos de alta calidad con buena resistencia al calor y estabilidad, lo que garantiza un uso seguro y fiable de las velas, no son f\u00e1ciles de romper y tienen un aspecto bonito a largo plazo, adecuado para ocasiones de uso frecuente.<\/li>\n\n\n\n<li><strong>Aspecto elegante:\u00a0<\/strong>Los patrones de m\u00e1rmol y veteado de madera de la superficie de nuestros portavelas se complementan a granel, creando un efecto visual moderno y natural, adecuado para diversos estilos de decoraci\u00f3n. Su dise\u00f1o cl\u00e1sico hace que destaque en cualquier ambiente interior.<\/li>\n\n\n\n<li><strong>Adquisici\u00f3n a granel y personalizaci\u00f3n:\u00a0<\/strong>Ofrecemos opciones de compra y personalizaci\u00f3n de portavelas al por mayor, adecuados para necesidades de compra a gran escala, como hoteles y minoristas. El dise\u00f1o de apariencia del portavelas puede ajustarse seg\u00fan los requisitos de la marca, lo que ofrece m\u00e1s opciones para proyectos comerciales.<\/li>\n<\/ul>\n<\/div>\n\n\n\n<div class=\"wp-block-column is-layout-flow wp-block-column-is-layout-flow\" style=\"flex-basis:33.33%\">\n<figure class=\"wp-block-image size-full\"><img decoding=\"async\" width=\"1200\" height=\"1200\" src=\"https:\/\/www.linkceramics.com\/wp-content\/uploads\/2024\/12\/Ceramic-Candle-Holders-Bulk-With-Marble-and-Wooden-Pattern-2.webp\" alt=\"Portavelas de cer\u00e1mica con m\u00e1rmol y motivos de madera-2\" class=\"wp-image-725\" srcset=\"https:\/\/www.linkceramics.com\/wp-content\/uploads\/2024\/12\/Ceramic-Candle-Holders-Bulk-With-Marble-and-Wooden-Pattern-2.webp 1200w, https:\/\/www.linkceramics.com\/wp-content\/uploads\/2024\/12\/Ceramic-Candle-Holders-Bulk-With-Marble-and-Wooden-Pattern-2-300x300.webp 300w, https:\/\/www.linkceramics.com\/wp-content\/uploads\/2024\/12\/Ceramic-Candle-Holders-Bulk-With-Marble-and-Wooden-Pattern-2-150x150.webp 150w, https:\/\/www.linkceramics.com\/wp-content\/uploads\/2024\/12\/Ceramic-Candle-Holders-Bulk-With-Marble-and-Wooden-Pattern-2-768x768.webp 768w, https:\/\/www.linkceramics.com\/wp-content\/uploads\/2024\/12\/Ceramic-Candle-Holders-Bulk-With-Marble-and-Wooden-Pattern-2-600x600.webp 600w, https:\/\/www.linkceramics.com\/wp-content\/uploads\/2024\/12\/Ceramic-Candle-Holders-Bulk-With-Marble-and-Wooden-Pattern-2-100x100.webp 100w\" sizes=\"(max-width: 1200px) 100vw, 1200px\" \/><\/figure>\n<\/div>\n<\/div>","protected":false},"excerpt":{"rendered":"<div id=\"brxe-0ee1ca\" class=\"brxe-product-meta product_meta\">\n<div id=\"brxe-0ee1ca\" class=\"brxe-product-meta product_meta\">Bienvenido a comprar portavelas al por mayor. Nuestros candelabros de cer\u00e1mica al por mayor cuentan con dise\u00f1os de moda de m\u00e1rmol y grano de madera, que no s\u00f3lo puede mostrar perfectamente velas de aromaterapia y mejorar la atm\u00f3sfera del espacio, pero tambi\u00e9n tienen una excelente seguridad y durabilidad, adecuado para las necesidades de decoraci\u00f3n de diversas ocasiones.<\/div>\n<\/div>\n<div id=\"brxe-8c5ca9\" class=\"brxe-product-short-description\">\n<div class=\"woocommerce-product-details__short-description\">\n<h2>Portavelas de cer\u00e1mica Especificaciones:<\/h2>\n<table border=\"0\" width=\"531\" cellspacing=\"0\" cellpadding=\"0\">\n<tbody>\n<tr>\n<td width=\"271\" height=\"24\">Fabricante<\/td>\n<td width=\"260\">Un hogar lleno de amor<\/td>\n<\/tr>\n<tr>\n<td width=\"271\" height=\"25\">Nombre de la colecci\u00f3n<\/td>\n<td width=\"260\">Estilo tropical<\/td>\n<\/tr>\n<tr>\n<td width=\"271\" height=\"24\">Estilo de dise\u00f1o<\/td>\n<td width=\"260\">Europa<\/td>\n<\/tr>\n<tr>\n<td width=\"271\" height=\"24\">Utilizaci\u00f3n<\/td>\n<td width=\"260\">Hogar, Restaurante, Hotel<\/td>\n<\/tr>\n<tr>\n<td width=\"271\" height=\"24\">Tipo de vela<\/td>\n<td width=\"260\">Tarro de vela, Vela perfumada<\/td>\n<\/tr>\n<tr>\n<td width=\"271\" height=\"24\">Material<\/td>\n<td width=\"260\">Porcelana resistente<\/td>\n<\/tr>\n<tr>\n<td width=\"271\" height=\"24\">Dimensi\u00f3n<\/td>\n<td width=\"260\">Como imagen detallada<\/td>\n<\/tr>\n<tr>\n<td width=\"271\" height=\"24\">Unidades de venta<\/td>\n<td width=\"260\">Art\u00edculo \u00fanico<\/td>\n<\/tr>\n<tr>\n<td width=\"271\" height=\"24\">MOQ<\/td>\n<td width=\"260\">1200 unid. por art\u00edculo<\/td>\n<\/tr>\n<tr>\n<td width=\"271\" height=\"48\">Opci\u00f3n personalizada<\/td>\n<td width=\"260\">Color\/Tama\u00f1o\/Glaseado\/Logotipo\/Embalaje<\/td>\n<\/tr>\n<\/tbody>\n<\/table>\n<\/div>\n<\/div>","protected":false},"featured_media":725,"comment_status":"open","ping_status":"closed","template":"","meta":{"_acf_changed":true},"certification":[63,64,66,58,65,61,60,62],"product_brand":[],"product_cat":[37,16,38],"product_tag":[],"class_list":{"0":"post-724","1":"product","2":"type-product","3":"status-publish","4":"has-post-thumbnail","6":"certification-amfori","7":"certification-bsci","8":"certification-cnas","9":"certification-fda","10":"certification-iaf","11":"certification-iso-14001","12":"certification-iso-45001","13":"certification-iso-9001","14":"product_cat-decorative-ceramic-wholesale","15":"product_cat-ceramic-candle-holder","16":"product_cat-custom-ceramic-ornament","18":"first","19":"instock","20":"shipping-taxable","21":"product-type-simple"},"acf":[],"_links":{"self":[{"href":"https:\/\/www.linkceramics.com\/es\/wp-json\/wp\/v2\/product\/724","targetHints":{"allow":["GET"]}}],"collection":[{"href":"https:\/\/www.linkceramics.com\/es\/wp-json\/wp\/v2\/product"}],"about":[{"href":"https:\/\/www.linkceramics.com\/es\/wp-json\/wp\/v2\/types\/product"}],"replies":[{"embeddable":true,"href":"https:\/\/www.linkceramics.com\/es\/wp-json\/wp\/v2\/comments?post=724"}],"wp:featuredmedia":[{"embeddable":true,"href":"https:\/\/www.linkceramics.com\/es\/wp-json\/wp\/v2\/media\/725"}],"wp:attachment":[{"href":"https:\/\/www.linkceramics.com\/es\/wp-json\/wp\/v2\/media?parent=724"}],"wp:term":[{"taxonomy":"certification","embeddable":true,"href":"https:\/\/www.linkceramics.com\/es\/wp-json\/wp\/v2\/certification?post=724"},{"taxonomy":"product_brand","embeddable":true,"href":"https:\/\/www.linkceramics.com\/es\/wp-json\/wp\/v2\/product_brand?post=724"},{"taxonomy":"product_cat","embeddable":true,"href":"https:\/\/www.linkceramics.com\/es\/wp-json\/wp\/v2\/product_cat?post=724"},{"taxonomy":"product_tag","embeddable":true,"href":"https:\/\/www.linkceramics.com\/es\/wp-json\/wp\/v2\/product_tag?post=724"}],"curies":[{"name":"wp","href":"https:\/\/api.w.org\/{rel}","templated":true}]}}