{"id":726,"date":"2024-12-10T03:40:07","date_gmt":"2024-12-10T03:40:07","guid":{"rendered":"https:\/\/www.linkceramics.com\/?post_type=product&#038;p=726"},"modified":"2025-09-13T08:22:34","modified_gmt":"2025-09-13T08:22:34","slug":"ceramic-bathroom-sets-wholesale","status":"publish","type":"product","link":"https:\/\/www.linkceramics.com\/es\/product\/ceramic-bathroom-sets-wholesale\/","title":{"rendered":"Sets de Ba\u00f1o de Cer\u00e1mica Premium al por mayor, Suministros de Ba\u00f1o"},"content":{"rendered":"<div class=\"wp-block-columns is-layout-flex wp-container-core-columns-is-layout-9d6595d7 wp-block-columns-is-layout-flex\">\n<div class=\"wp-block-column is-layout-flow wp-block-column-is-layout-flow\" style=\"flex-basis:66.66%\">\n<h3 class=\"wp-block-heading\">Premium Juegos de Ba\u00f1o de Cer\u00e1mica al por mayor Caracter\u00edsticas:<\/h3>\n\n\n\n<ul class=\"wp-block-list\">\n<li><strong>Elegante aspecto blanquecino:<\/strong>\u00a0Nuestros juegos de ba\u00f1o de cer\u00e1mica al por mayor tienen un sutil acabado en blanco roto de aspecto sencillo y elegante. Puede encajar perfectamente en cuartos de ba\u00f1o de diferentes estilos e impartir frescura y calidez a toda la zona.<\/li>\n\n\n\n<li><strong>Larga y hermosa:<\/strong>\u00a0Todos los accesorios de nuestros juegos de ba\u00f1o al por mayor son de cer\u00e1mica de alta calidad con buena durabilidad y resistencia a las manchas. La superficie de la cer\u00e1mica es suave y lisa, y despu\u00e9s de un uso prolongado, la superficie permanece brillante y limpia.<\/li>\n\n\n\n<li><strong>Experiencia funcional general en cuartos de ba\u00f1o:<\/strong>\u00a0Nuestros juegos de ba\u00f1o de cer\u00e1mica al por mayor incluyen un dispensador de sopa, un plato hondo, un vaso para cepillarse los dientes y un frasco de perfume, que satisfacen las necesidades m\u00e1s fundamentales del cuidado diario.<\/li>\n\n\n\n<li><strong>Mejorar la calidad de vida:<\/strong> Nuestro exclusivo dise\u00f1o de frasco de perfume para sets de ba\u00f1o al por mayor no s\u00f3lo proporciona funcionalidad, sino que tambi\u00e9n hace que el cuarto de ba\u00f1o parezca m\u00e1s lujoso. Puede rellenar el perfume o los aceites esenciales de su preferencia para difundir un agradable aroma por toda la habitaci\u00f3n y tener una experiencia relajante.<\/li>\n<\/ul>\n<\/div>\n\n\n\n<div class=\"wp-block-column is-layout-flow wp-block-column-is-layout-flow\" style=\"flex-basis:33.33%\">\n<figure class=\"wp-block-image size-full\"><img decoding=\"async\" width=\"1200\" height=\"1200\" src=\"https:\/\/www.linkceramics.com\/wp-content\/uploads\/2024\/12\/Premium-Ceramic-Bathroom-Sets-Wholesale-Bathroom-Supplies-1.webp\" alt=\"Premium-Ceramic-Bathroom-Sets-Wholesale-Bathroom-Supplies-1\" class=\"wp-image-727\" srcset=\"https:\/\/www.linkceramics.com\/wp-content\/uploads\/2024\/12\/Premium-Ceramic-Bathroom-Sets-Wholesale-Bathroom-Supplies-1.webp 1200w, https:\/\/www.linkceramics.com\/wp-content\/uploads\/2024\/12\/Premium-Ceramic-Bathroom-Sets-Wholesale-Bathroom-Supplies-1-300x300.webp 300w, https:\/\/www.linkceramics.com\/wp-content\/uploads\/2024\/12\/Premium-Ceramic-Bathroom-Sets-Wholesale-Bathroom-Supplies-1-150x150.webp 150w, https:\/\/www.linkceramics.com\/wp-content\/uploads\/2024\/12\/Premium-Ceramic-Bathroom-Sets-Wholesale-Bathroom-Supplies-1-768x768.webp 768w, https:\/\/www.linkceramics.com\/wp-content\/uploads\/2024\/12\/Premium-Ceramic-Bathroom-Sets-Wholesale-Bathroom-Supplies-1-600x600.webp 600w, https:\/\/www.linkceramics.com\/wp-content\/uploads\/2024\/12\/Premium-Ceramic-Bathroom-Sets-Wholesale-Bathroom-Supplies-1-100x100.webp 100w\" sizes=\"(max-width: 1200px) 100vw, 1200px\" \/><\/figure>\n<\/div>\n<\/div>","protected":false},"excerpt":{"rendered":"<div id=\"brxe-0ee1ca\" class=\"brxe-product-meta product_meta\">\n<div id=\"brxe-0ee1ca\" class=\"brxe-product-meta product_meta\">Nuestros elegantes juegos de ba\u00f1o de cer\u00e1mica blanca al por mayor est\u00e1n fabricados con estilos sencillos y liberales y son adecuados para cuartos de ba\u00f1o de varios estilos. La resistente estructura cer\u00e1mica del conjunto garantiza su longevidad y facilidad de limpieza. Adem\u00e1s, su dise\u00f1o funcional facilita su mantenimiento diario.<\/div>\n<\/div>\n<div id=\"brxe-8c5ca9\" class=\"brxe-product-short-description\">\n<div class=\"woocommerce-product-details__short-description\">\n<h2>Juegos de ba\u00f1o de cer\u00e1mica Especificaciones:<\/h2>\n<table border=\"0\" width=\"531\" cellspacing=\"0\" cellpadding=\"0\">\n<tbody>\n<tr>\n<td width=\"271\" height=\"24\">Fabricante<\/td>\n<td width=\"260\">Un hogar lleno de amor<\/td>\n<\/tr>\n<tr>\n<td width=\"271\" height=\"25\">Nombre de la colecci\u00f3n<\/td>\n<td width=\"260\">Colecci\u00f3n Ba\u00f1o<\/td>\n<\/tr>\n<tr>\n<td width=\"271\" height=\"24\">Estilo de dise\u00f1o<\/td>\n<td width=\"260\">Estilo moderno de lujo<\/td>\n<\/tr>\n<tr>\n<td width=\"271\" height=\"24\">Utilizaci\u00f3n<\/td>\n<td width=\"260\">Casa, Hotel<\/td>\n<\/tr>\n<tr>\n<td width=\"271\" height=\"48\">Tipo de accesorios de ba\u00f1o<\/td>\n<td width=\"260\">Botella de loci\u00f3n, jabonera, vaso para cepillarse los dientes<\/td>\n<\/tr>\n<tr>\n<td width=\"271\" height=\"24\">Material<\/td>\n<td width=\"260\">Porcelana resistente<\/td>\n<\/tr>\n<tr>\n<td width=\"271\" height=\"24\">Dimensi\u00f3n<\/td>\n<td width=\"260\">Como imagen detallada<\/td>\n<\/tr>\n<tr>\n<td width=\"271\" height=\"24\">Unidades de venta<\/td>\n<td width=\"260\">Art\u00edculo \u00fanico<\/td>\n<\/tr>\n<tr>\n<td width=\"271\" height=\"24\">MOQ<\/td>\n<td width=\"260\">1200 unid. por art\u00edculo<\/td>\n<\/tr>\n<tr>\n<td width=\"271\" height=\"48\">Opci\u00f3n personalizada<\/td>\n<td width=\"260\">Color\/Tama\u00f1o\/Glaseado\/Logotipo\/Embalaje<\/td>\n<\/tr>\n<\/tbody>\n<\/table>\n<\/div>\n<\/div>","protected":false},"featured_media":728,"comment_status":"open","ping_status":"closed","template":"","meta":{"_acf_changed":false},"certification":[63,64,66,58,65,61,60,62],"product_brand":[],"product_cat":[35,22],"product_tag":[],"class_list":{"0":"post-726","1":"product","2":"type-product","3":"status-publish","4":"has-post-thumbnail","6":"certification-amfori","7":"certification-bsci","8":"certification-cnas","9":"certification-fda","10":"certification-iaf","11":"certification-iso-14001","12":"certification-iso-45001","13":"certification-iso-9001","14":"product_cat-bathroom-ceramics-supply","15":"product_cat-ceramic-bathroom-set","17":"first","18":"instock","19":"shipping-taxable","20":"product-type-simple"},"acf":[],"_links":{"self":[{"href":"https:\/\/www.linkceramics.com\/es\/wp-json\/wp\/v2\/product\/726","targetHints":{"allow":["GET"]}}],"collection":[{"href":"https:\/\/www.linkceramics.com\/es\/wp-json\/wp\/v2\/product"}],"about":[{"href":"https:\/\/www.linkceramics.com\/es\/wp-json\/wp\/v2\/types\/product"}],"replies":[{"embeddable":true,"href":"https:\/\/www.linkceramics.com\/es\/wp-json\/wp\/v2\/comments?post=726"}],"wp:featuredmedia":[{"embeddable":true,"href":"https:\/\/www.linkceramics.com\/es\/wp-json\/wp\/v2\/media\/728"}],"wp:attachment":[{"href":"https:\/\/www.linkceramics.com\/es\/wp-json\/wp\/v2\/media?parent=726"}],"wp:term":[{"taxonomy":"certification","embeddable":true,"href":"https:\/\/www.linkceramics.com\/es\/wp-json\/wp\/v2\/certification?post=726"},{"taxonomy":"product_brand","embeddable":true,"href":"https:\/\/www.linkceramics.com\/es\/wp-json\/wp\/v2\/product_brand?post=726"},{"taxonomy":"product_cat","embeddable":true,"href":"https:\/\/www.linkceramics.com\/es\/wp-json\/wp\/v2\/product_cat?post=726"},{"taxonomy":"product_tag","embeddable":true,"href":"https:\/\/www.linkceramics.com\/es\/wp-json\/wp\/v2\/product_tag?post=726"}],"curies":[{"name":"wp","href":"https:\/\/api.w.org\/{rel}","templated":true}]}}