{"id":732,"date":"2024-12-10T03:37:23","date_gmt":"2024-12-10T03:37:23","guid":{"rendered":"https:\/\/www.linkceramics.com\/?post_type=product&#038;p=732"},"modified":"2024-12-10T03:37:24","modified_gmt":"2024-12-10T03:37:24","slug":"bath-accessories-wholesale","status":"publish","type":"product","link":"https:\/\/www.linkceramics.com\/es\/product\/bath-accessories-wholesale\/","title":{"rendered":"Accesorios de Ba\u00f1o de Lujo al por Mayor, Plato y Dispensador de Sopa, Taza de Cepillado"},"content":{"rendered":"<div class=\"wp-block-columns is-layout-flex wp-container-core-columns-is-layout-9d6595d7 wp-block-columns-is-layout-flex\">\n<div class=\"wp-block-column is-layout-flow wp-block-column-is-layout-flow\" style=\"flex-basis:66.66%\">\n<h3 class=\"wp-block-heading\">Accesorios de Ba\u00f1o Premium al por mayor Caracter\u00edsticas:<\/h3>\n\n\n\n<ul class=\"wp-block-list\">\n<li><strong>Adaptarse a varios estilos:<\/strong>\u00a0Nuestra colecci\u00f3n de accesorios de cer\u00e1mica para ba\u00f1o al por mayor ofrece 12 opciones de color, que van desde los cl\u00e1sicos colores neutros a los colores vivos y brillantes, que pueden satisfacer las necesidades de decoraci\u00f3n de diferentes estilos de cuartos de ba\u00f1o.<\/li>\n\n\n\n<li><strong>Duradero y f\u00e1cil de mantener:\u00a0<\/strong>Estos accesorios de ba\u00f1o de cer\u00e1mica al por mayor est\u00e1n fabricados con materiales cer\u00e1micos de alta calidad y son extremadamente duraderos, capaces de resistir el desgaste del uso diario y la influencia de los ambientes h\u00famedos. Su esmalte liso facilita la limpieza.<\/li>\n\n\n\n<li><strong>Dise\u00f1o pr\u00e1ctico y bonito:<\/strong>\u00a0Cada juego de accesorios de ba\u00f1o de cer\u00e1mica al por mayor contiene un plato hondo, un dispensador de sopa y una taza para cepillarse los dientes, que est\u00e1n bellamente dise\u00f1ados y son totalmente funcionales, proporcionando una soluci\u00f3n de ba\u00f1o integrada, mejorando la textura general y la comodidad del cuarto de ba\u00f1o.<\/li>\n\n\n\n<li><strong>Protecci\u00f3n del medio ambiente:\u00a0<\/strong>Nuestra colecci\u00f3n mayorista de accesorios de ba\u00f1o de cer\u00e1mica utiliza cer\u00e1mica respetuosa con el medio ambiente, no contiene productos qu\u00edmicos nocivos y es segura y fiable. Los productos cer\u00e1micos no desprenden olores, no reaccionan qu\u00edmicamente con los l\u00edquidos y son aptos para un uso prolongado.<\/li>\n<\/ul>\n<\/div>\n\n\n\n<div class=\"wp-block-column is-layout-flow wp-block-column-is-layout-flow\" style=\"flex-basis:33.33%\">\n<figure class=\"wp-block-image size-full\"><img decoding=\"async\" width=\"600\" height=\"600\" src=\"https:\/\/www.linkceramics.com\/wp-content\/uploads\/2024\/12\/Luxurious-Bath-Accessories-Wholesale-Soup-Dish-Dispenser-Brushing-Cup-3-600x600-1.webp\" alt=\"Lujosos-Accesorios de Ba\u00f1o-Mayorista-Dispensador de Sopas-Taza de Lavado-3-600x600\" class=\"wp-image-733\" srcset=\"https:\/\/www.linkceramics.com\/wp-content\/uploads\/2024\/12\/Luxurious-Bath-Accessories-Wholesale-Soup-Dish-Dispenser-Brushing-Cup-3-600x600-1.webp 600w, https:\/\/www.linkceramics.com\/wp-content\/uploads\/2024\/12\/Luxurious-Bath-Accessories-Wholesale-Soup-Dish-Dispenser-Brushing-Cup-3-600x600-1-300x300.webp 300w, https:\/\/www.linkceramics.com\/wp-content\/uploads\/2024\/12\/Luxurious-Bath-Accessories-Wholesale-Soup-Dish-Dispenser-Brushing-Cup-3-600x600-1-150x150.webp 150w, https:\/\/www.linkceramics.com\/wp-content\/uploads\/2024\/12\/Luxurious-Bath-Accessories-Wholesale-Soup-Dish-Dispenser-Brushing-Cup-3-600x600-1-100x100.webp 100w\" sizes=\"(max-width: 600px) 100vw, 600px\" \/><\/figure>\n<\/div>\n<\/div>","protected":false},"excerpt":{"rendered":"<div id=\"brxe-0ee1ca\" class=\"brxe-product-meta product_meta\">\n<div id=\"brxe-0ee1ca\" class=\"brxe-product-meta product_meta\">Nuestros lujosos accesorios de ba\u00f1o de cer\u00e1mica al por mayor est\u00e1n disponibles en 12 colores, e integran platos hondos, dispensadores de sopa y tazas de cepillado, combinando la durabilidad de la cer\u00e1mica de alta calidad con la belleza del dise\u00f1o moderno. Sus materiales respetuosos con el medio ambiente y sus caracter\u00edsticas de f\u00e1cil limpieza lo convierten en una opci\u00f3n ideal para cuartos de ba\u00f1o de alta gama.<\/div>\n<\/div>\n<div id=\"brxe-8c5ca9\" class=\"brxe-product-short-description\">\n<div class=\"woocommerce-product-details__short-description\">\n<h2>Accesorios de ba\u00f1o Premium Especificaciones:<\/h2>\n<table border=\"0\" width=\"531\" cellspacing=\"0\" cellpadding=\"0\">\n<tbody>\n<tr>\n<td width=\"271\" height=\"24\">Fabricante<\/td>\n<td width=\"260\">Un hogar lleno de amor<\/td>\n<\/tr>\n<tr>\n<td width=\"271\" height=\"25\">Nombre de la colecci\u00f3n<\/td>\n<td width=\"260\">Colecci\u00f3n Ba\u00f1o<\/td>\n<\/tr>\n<tr>\n<td width=\"271\" height=\"24\">Estilo de dise\u00f1o<\/td>\n<td width=\"260\">Estilo de lujo moderno<\/td>\n<\/tr>\n<tr>\n<td width=\"271\" height=\"24\">Utilizaci\u00f3n<\/td>\n<td width=\"260\">Casa, Hotel<\/td>\n<\/tr>\n<tr>\n<td width=\"271\" height=\"48\">Tipo de accesorios de ba\u00f1o<\/td>\n<td width=\"260\">Botella de loci\u00f3n, jabonera, vaso para cepillarse los dientes<\/td>\n<\/tr>\n<tr>\n<td width=\"271\" height=\"24\">Material<\/td>\n<td width=\"260\">Porcelana resistente<\/td>\n<\/tr>\n<tr>\n<td width=\"271\" height=\"24\">Dimensi\u00f3n<\/td>\n<td width=\"260\">Como imagen detallada<\/td>\n<\/tr>\n<tr>\n<td width=\"271\" height=\"24\">Unidades de venta<\/td>\n<td width=\"260\">Art\u00edculo \u00fanico<\/td>\n<\/tr>\n<tr>\n<td width=\"271\" height=\"24\">MOQ<\/td>\n<td width=\"260\">1200 unid. por art\u00edculo<\/td>\n<\/tr>\n<tr>\n<td width=\"271\" height=\"48\">Opci\u00f3n personalizada<\/td>\n<td width=\"260\">Color\/Tama\u00f1o\/Glaseado\/Logotipo\/Embalaje<\/td>\n<\/tr>\n<\/tbody>\n<\/table>\n<\/div>\n<\/div>","protected":false},"featured_media":735,"comment_status":"open","ping_status":"closed","template":"","meta":{"_acf_changed":true},"certification":[63,64,66,58,65,61,60,62],"product_brand":[],"product_cat":[35,22],"product_tag":[],"class_list":{"0":"post-732","1":"product","2":"type-product","3":"status-publish","4":"has-post-thumbnail","6":"certification-amfori","7":"certification-bsci","8":"certification-cnas","9":"certification-fda","10":"certification-iaf","11":"certification-iso-14001","12":"certification-iso-45001","13":"certification-iso-9001","14":"product_cat-bathroom-ceramics-supply","15":"product_cat-ceramic-bathroom-set","17":"first","18":"instock","19":"shipping-taxable","20":"product-type-simple"},"acf":[],"_links":{"self":[{"href":"https:\/\/www.linkceramics.com\/es\/wp-json\/wp\/v2\/product\/732","targetHints":{"allow":["GET"]}}],"collection":[{"href":"https:\/\/www.linkceramics.com\/es\/wp-json\/wp\/v2\/product"}],"about":[{"href":"https:\/\/www.linkceramics.com\/es\/wp-json\/wp\/v2\/types\/product"}],"replies":[{"embeddable":true,"href":"https:\/\/www.linkceramics.com\/es\/wp-json\/wp\/v2\/comments?post=732"}],"wp:featuredmedia":[{"embeddable":true,"href":"https:\/\/www.linkceramics.com\/es\/wp-json\/wp\/v2\/media\/735"}],"wp:attachment":[{"href":"https:\/\/www.linkceramics.com\/es\/wp-json\/wp\/v2\/media?parent=732"}],"wp:term":[{"taxonomy":"certification","embeddable":true,"href":"https:\/\/www.linkceramics.com\/es\/wp-json\/wp\/v2\/certification?post=732"},{"taxonomy":"product_brand","embeddable":true,"href":"https:\/\/www.linkceramics.com\/es\/wp-json\/wp\/v2\/product_brand?post=732"},{"taxonomy":"product_cat","embeddable":true,"href":"https:\/\/www.linkceramics.com\/es\/wp-json\/wp\/v2\/product_cat?post=732"},{"taxonomy":"product_tag","embeddable":true,"href":"https:\/\/www.linkceramics.com\/es\/wp-json\/wp\/v2\/product_tag?post=732"}],"curies":[{"name":"wp","href":"https:\/\/api.w.org\/{rel}","templated":true}]}}