{"id":743,"date":"2024-12-10T03:22:38","date_gmt":"2024-12-10T03:22:38","guid":{"rendered":"https:\/\/www.linkceramics.com\/?post_type=product&#038;p=743"},"modified":"2024-12-10T03:22:40","modified_gmt":"2024-12-10T03:22:40","slug":"custom-garden-dinnerware-set","status":"publish","type":"product","link":"https:\/\/www.linkceramics.com\/es\/product\/custom-garden-dinnerware-set\/","title":{"rendered":"Vajilla Personalizada Jard\u00edn Bot\u00e1nico Porcelana Azul con Platos, Tazones y Tazas"},"content":{"rendered":"<div class=\"wp-block-columns is-layout-flex wp-container-core-columns-is-layout-9d6595d7 wp-block-columns-is-layout-flex\">\n<div class=\"wp-block-column is-layout-flow wp-block-column-is-layout-flow\" style=\"flex-basis:50%\">\n<h3 class=\"wp-block-heading\">Vajilla Jard\u00edn Bot\u00e1nico Caracter\u00edsticas:<\/h3>\n\n\n\n<p><strong>Material de porcelana duradero<\/strong><br>Fabricado con material cer\u00e1mico seguro y duradero, conforme a las normas de seguridad California 65<\/p>\n\n\n\n<p><strong>Dise\u00f1o de jardines florales y bot\u00e1nicos<\/strong><br>El elegante dise\u00f1o pastoral convierte en especiales las ocasiones cotidianas, como un agradable desayuno dominical con la familia, o el t\u00e9 de la tarde y las reuniones con amigos.<\/p>\n\n\n\n<p><strong>Calcoman\u00edas esmaltadas y artesan\u00eda pintada a mano<\/strong><br>Combinado con la artesan\u00eda pintada a mano en color esmaltado, la superficie es lisa y cada dise\u00f1o tiene un aspecto \u00fanico y exquisito.<\/p>\n\n\n\n<p><strong>Seguro y c\u00f3modo de usar<\/strong><br>Apto para microondas, lavavajillas y hornos, y f\u00e1cil de limpiar.<\/p>\n\n\n\n<p><strong>Varios juegos de vajilla disponibles<\/strong><br>Incluidos platos de cer\u00e1mica, cuencos, teteras, tazas, jarras de cer\u00e1mica para alimentos, etc., seleccione y personalice las especificaciones seg\u00fan las necesidades del cliente.<\/p>\n<\/div>\n\n\n\n<div class=\"wp-block-column is-layout-flow wp-block-column-is-layout-flow\" style=\"flex-basis:50%\">\n<figure class=\"wp-block-image size-full\"><img decoding=\"async\" width=\"705\" height=\"481\" src=\"https:\/\/www.linkceramics.com\/wp-content\/uploads\/2024\/12\/Botanic-Garden-Dinnerware-wholesale.webp\" alt=\"Bot\u00e1nico-Jard\u00edn-Vajilla-mayorista\" class=\"wp-image-744\" srcset=\"https:\/\/www.linkceramics.com\/wp-content\/uploads\/2024\/12\/Botanic-Garden-Dinnerware-wholesale.webp 705w, https:\/\/www.linkceramics.com\/wp-content\/uploads\/2024\/12\/Botanic-Garden-Dinnerware-wholesale-300x205.webp 300w, https:\/\/www.linkceramics.com\/wp-content\/uploads\/2024\/12\/Botanic-Garden-Dinnerware-wholesale-600x409.webp 600w\" sizes=\"(max-width: 705px) 100vw, 705px\" \/><\/figure>\n<\/div>\n<\/div>\n\n\n\n<p><\/p>","protected":false},"excerpt":{"rendered":"<div id=\"brxe-0ee1ca\" class=\"brxe-product-meta product_meta\">\n<div id=\"brxe-0ee1ca\" class=\"brxe-product-meta product_meta\">\n<p>Juego de vajilla de jard\u00edn bot\u00e1nico al por mayor, dise\u00f1o floral colorido azul, m\u00faltiples combinaciones de juegos y personalizaci\u00f3n de embalaje. Proporcionado por el fabricante de vajilla Lianyuan, y garantizado de alta calidad a precios competitivos.<\/p>\n<h2>Par\u00e1metro de la Vajilla Jard\u00edn Bot\u00e1nico\u00a0<\/h2>\n<table border=\"0\" width=\"618\" cellspacing=\"0\" cellpadding=\"0\">\n<tbody>\n<tr>\n<td width=\"180\" height=\"26\">Fabricante<\/td>\n<td width=\"438\">Lianyuan<\/td>\n<\/tr>\n<tr>\n<td height=\"26\">Tipo de producto<\/td>\n<td>Platos de cer\u00e1mica, cuencos, tazas, teteras, tarros de cer\u00e1mica para alimentos<\/td>\n<\/tr>\n<tr>\n<td height=\"26\">Patr\u00f3n<\/td>\n<td>Jard\u00edn floral y bot\u00e1nico<\/td>\n<\/tr>\n<tr>\n<td height=\"26\">Color<\/td>\n<td>Multicolor<\/td>\n<\/tr>\n<tr>\n<td height=\"26\">Material<\/td>\n<td>Porcelana resistente<\/td>\n<\/tr>\n<tr>\n<td height=\"26\">Artesan\u00eda<\/td>\n<td>Calcoman\u00eda esmaltada y pintada a mano<\/td>\n<\/tr>\n<tr>\n<td height=\"26\">Aplicaci\u00f3n<\/td>\n<td>Apto para microondas, lavavajillas y horno<\/td>\n<\/tr>\n<tr>\n<td height=\"26\">A medida<\/td>\n<td>Color\/Tama\u00f1o\/Logotipo\/Embalaje<\/td>\n<\/tr>\n<\/tbody>\n<\/table>\n<\/div>\n<\/div>","protected":false},"featured_media":744,"comment_status":"open","ping_status":"closed","template":"","meta":{"_acf_changed":true},"certification":[66,58,65,61,60,62,57],"product_brand":[],"product_cat":[34,18,19],"product_tag":[],"class_list":{"0":"post-743","1":"product","2":"type-product","3":"status-publish","4":"has-post-thumbnail","6":"certification-cnas","7":"certification-fda","8":"certification-iaf","9":"certification-iso-14001","10":"certification-iso-45001","11":"certification-iso-9001","12":"certification-lfgb","13":"product_cat-custom-household-ceramics","14":"product_cat-ceramic-tableware-wholesale","15":"product_cat-ceramic-tea-set-wholesale","17":"first","18":"instock","19":"shipping-taxable","20":"product-type-simple"},"acf":[],"_links":{"self":[{"href":"https:\/\/www.linkceramics.com\/es\/wp-json\/wp\/v2\/product\/743","targetHints":{"allow":["GET"]}}],"collection":[{"href":"https:\/\/www.linkceramics.com\/es\/wp-json\/wp\/v2\/product"}],"about":[{"href":"https:\/\/www.linkceramics.com\/es\/wp-json\/wp\/v2\/types\/product"}],"replies":[{"embeddable":true,"href":"https:\/\/www.linkceramics.com\/es\/wp-json\/wp\/v2\/comments?post=743"}],"wp:featuredmedia":[{"embeddable":true,"href":"https:\/\/www.linkceramics.com\/es\/wp-json\/wp\/v2\/media\/744"}],"wp:attachment":[{"href":"https:\/\/www.linkceramics.com\/es\/wp-json\/wp\/v2\/media?parent=743"}],"wp:term":[{"taxonomy":"certification","embeddable":true,"href":"https:\/\/www.linkceramics.com\/es\/wp-json\/wp\/v2\/certification?post=743"},{"taxonomy":"product_brand","embeddable":true,"href":"https:\/\/www.linkceramics.com\/es\/wp-json\/wp\/v2\/product_brand?post=743"},{"taxonomy":"product_cat","embeddable":true,"href":"https:\/\/www.linkceramics.com\/es\/wp-json\/wp\/v2\/product_cat?post=743"},{"taxonomy":"product_tag","embeddable":true,"href":"https:\/\/www.linkceramics.com\/es\/wp-json\/wp\/v2\/product_tag?post=743"}],"curies":[{"name":"wp","href":"https:\/\/api.w.org\/{rel}","templated":true}]}}