{"id":745,"date":"2024-12-10T03:15:48","date_gmt":"2024-12-10T03:15:48","guid":{"rendered":"https:\/\/www.linkceramics.com\/?post_type=product&#038;p=745"},"modified":"2024-12-10T03:15:49","modified_gmt":"2024-12-10T03:15:49","slug":"custom-tea-set","status":"publish","type":"product","link":"https:\/\/www.linkceramics.com\/es\/product\/custom-tea-set\/","title":{"rendered":"Juego de T\u00e9 Personalizado Porcelana Blanca con Elegante Borde Dorado"},"content":{"rendered":"<div class=\"wp-block-columns is-layout-flex wp-container-core-columns-is-layout-9d6595d7 wp-block-columns-is-layout-flex\">\n<div class=\"wp-block-column is-layout-flow wp-block-column-is-layout-flow\" style=\"flex-basis:50%\">\n<h3 class=\"wp-block-heading\">Juego de t\u00e9 Caracter\u00edsticas:<\/h3>\n\n\n\n<p><strong>Juego de t\u00e9 completo<\/strong><br>La tetera, la taza, el plato de postre y el cuenco se combinan para formar un llamativo y elegante juego de t\u00e9.<\/p>\n\n\n\n<p><strong>Elegante dise\u00f1o de bordes ondulados<\/strong><br>Su exclusivo borde ondulado le confiere un aspecto elegante y refinado; cualquier momento del t\u00e9 que se tome con ella ser\u00e1 bastante decente.<\/p>\n\n\n\n<p><strong>Mayor calidad Norma California 65<\/strong><br>Mayor calidad Norma California 65<br>Materiales de alta calidad, no t\u00f3xicos y seguros, de acuerdo con las normas de la Proposici\u00f3n 65 de California<\/p>\n\n\n\n<p><strong>F\u00e1cil de limpiar y mantener<\/strong><br>Su f\u00e1cil limpieza gracias a que es apto para lavavajillas y no poroso har\u00e1 que su belleza perdure.<\/p>\n\n\n\n<p><strong>Resistente pero ligero<\/strong><br>Delicada en su dise\u00f1o, la porcelana es ligera y f\u00e1cil de manejar sin comprometer su resistencia.<\/p>\n\n\n\n<p><strong>Adecuado para cualquier ocasi\u00f3n<\/strong><br>La colecci\u00f3n premium en plata y oro es perfecta para cualquier ocasi\u00f3n. No importa el entorno, estas piezas de vajilla dar\u00e1n un toque elegante a su evento.<\/p>\n<\/div>\n\n\n\n<div class=\"wp-block-column is-layout-flow wp-block-column-is-layout-flow\" style=\"flex-basis:50%\">\n<figure class=\"wp-block-image size-full\"><img decoding=\"async\" width=\"904\" height=\"904\" src=\"https:\/\/www.linkceramics.com\/wp-content\/uploads\/2024\/12\/Wholesale-Tea-Set-.webp\" alt=\"Juego de t\u00e9 al por mayor\" class=\"wp-image-746\" srcset=\"https:\/\/www.linkceramics.com\/wp-content\/uploads\/2024\/12\/Wholesale-Tea-Set-.webp 904w, https:\/\/www.linkceramics.com\/wp-content\/uploads\/2024\/12\/Wholesale-Tea-Set--300x300.webp 300w, https:\/\/www.linkceramics.com\/wp-content\/uploads\/2024\/12\/Wholesale-Tea-Set--150x150.webp 150w, https:\/\/www.linkceramics.com\/wp-content\/uploads\/2024\/12\/Wholesale-Tea-Set--768x768.webp 768w, https:\/\/www.linkceramics.com\/wp-content\/uploads\/2024\/12\/Wholesale-Tea-Set--600x600.webp 600w, https:\/\/www.linkceramics.com\/wp-content\/uploads\/2024\/12\/Wholesale-Tea-Set--100x100.webp 100w\" sizes=\"(max-width: 904px) 100vw, 904px\" \/><\/figure>\n<\/div>\n<\/div>","protected":false},"excerpt":{"rendered":"<div id=\"brxe-0ee1ca\" class=\"brxe-product-meta product_meta\">\n<p>El juego de t\u00e9 personalizado est\u00e1 hecho de porcelana blanca de alta calidad con bordes ondulados dorados, que es de gama alta y elegante, adecuado para todo tipo de t\u00e9 de la tarde o cafeter\u00edas. Admite cajas de regalo de embalaje personalizado. Si desea m\u00e1s opciones personalizadas, p\u00f3ngase en contacto con nosotros.<\/p>\n<h2>Par\u00e1metros del juego de t\u00e9<\/h2>\n<table border=\"0\" width=\"353\" cellspacing=\"0\" cellpadding=\"0\">\n<tbody>\n<tr>\n<td width=\"82\" height=\"17\">Fabricante<\/td>\n<td width=\"270\">Lianyuan<\/td>\n<\/tr>\n<tr>\n<td height=\"21\">Tipo de producto<\/td>\n<td width=\"270\">Tetera, taza, plato de postre y cuenco<\/td>\n<\/tr>\n<tr>\n<td height=\"17\">Color<\/td>\n<td>Blanco<\/td>\n<\/tr>\n<tr>\n<td height=\"17\">RimColor<\/td>\n<td>Color oro\/plata<\/td>\n<\/tr>\n<tr>\n<td height=\"17\">Material<\/td>\n<td>Porcelana resistente<\/td>\n<\/tr>\n<tr>\n<td height=\"17\">Artesan\u00eda<\/td>\n<td>\n<p>Platino pintado a mano<\/p>\n<\/td>\n<\/tr>\n<tr>\n<td height=\"17\">A medida<\/td>\n<td>Color\/Tama\u00f1o\/Logotipo\/Embalaje<\/td>\n<\/tr>\n<\/tbody>\n<\/table>\n<\/div>","protected":false},"featured_media":746,"comment_status":"open","ping_status":"closed","template":"","meta":{"_acf_changed":true},"certification":[66,58,65,61,60,62,57],"product_brand":[],"product_cat":[34,19],"product_tag":[],"class_list":{"0":"post-745","1":"product","2":"type-product","3":"status-publish","4":"has-post-thumbnail","6":"certification-cnas","7":"certification-fda","8":"certification-iaf","9":"certification-iso-14001","10":"certification-iso-45001","11":"certification-iso-9001","12":"certification-lfgb","13":"product_cat-custom-household-ceramics","14":"product_cat-ceramic-tea-set-wholesale","16":"first","17":"instock","18":"shipping-taxable","19":"product-type-simple"},"acf":[],"_links":{"self":[{"href":"https:\/\/www.linkceramics.com\/es\/wp-json\/wp\/v2\/product\/745","targetHints":{"allow":["GET"]}}],"collection":[{"href":"https:\/\/www.linkceramics.com\/es\/wp-json\/wp\/v2\/product"}],"about":[{"href":"https:\/\/www.linkceramics.com\/es\/wp-json\/wp\/v2\/types\/product"}],"replies":[{"embeddable":true,"href":"https:\/\/www.linkceramics.com\/es\/wp-json\/wp\/v2\/comments?post=745"}],"wp:featuredmedia":[{"embeddable":true,"href":"https:\/\/www.linkceramics.com\/es\/wp-json\/wp\/v2\/media\/746"}],"wp:attachment":[{"href":"https:\/\/www.linkceramics.com\/es\/wp-json\/wp\/v2\/media?parent=745"}],"wp:term":[{"taxonomy":"certification","embeddable":true,"href":"https:\/\/www.linkceramics.com\/es\/wp-json\/wp\/v2\/certification?post=745"},{"taxonomy":"product_brand","embeddable":true,"href":"https:\/\/www.linkceramics.com\/es\/wp-json\/wp\/v2\/product_brand?post=745"},{"taxonomy":"product_cat","embeddable":true,"href":"https:\/\/www.linkceramics.com\/es\/wp-json\/wp\/v2\/product_cat?post=745"},{"taxonomy":"product_tag","embeddable":true,"href":"https:\/\/www.linkceramics.com\/es\/wp-json\/wp\/v2\/product_tag?post=745"}],"curies":[{"name":"wp","href":"https:\/\/api.w.org\/{rel}","templated":true}]}}