{"id":747,"date":"2024-12-10T03:16:27","date_gmt":"2024-12-10T03:16:27","guid":{"rendered":"https:\/\/www.linkceramics.com\/?post_type=product&#038;p=747"},"modified":"2024-12-10T03:16:28","modified_gmt":"2024-12-10T03:16:28","slug":"breakfast-cup-wholesale","status":"publish","type":"product","link":"https:\/\/www.linkceramics.com\/es\/product\/breakfast-cup-wholesale\/","title":{"rendered":"Taza de cer\u00e1mica para el desayuno Taza de caf\u00e9 T\u00e9 Avena al por mayor"},"content":{"rendered":"<div class=\"wp-block-columns is-layout-flex wp-container-core-columns-is-layout-9d6595d7 wp-block-columns-is-layout-flex\">\n<div class=\"wp-block-column is-layout-flow wp-block-column-is-layout-flow\" style=\"flex-basis:50%\">\n<h3 class=\"wp-block-heading\">Taza de desayuno Caracter\u00edsticas:<\/h3>\n\n\n\n<p><strong>Precioso dise\u00f1o floral con vivos colores<\/strong><br>Bellamente dise\u00f1ado con motivos florales naturales, que son atractivos y elegantes para mejorar la experiencia de desayuno del usuario.<\/p>\n\n\n\n<p><strong>Material cer\u00e1mico duradero<\/strong><br>Hecho de cer\u00e1mica de alta calidad para garantizar la durabilidad y no es f\u00e1cil de romper.<\/p>\n\n\n\n<p><strong>Norma California 65 de alta calidad<\/strong><br>Cumple las normas de seguridad California 65 para garantizar que no contiene sustancias nocivas y cumple las normas para un uso diario seguro.<\/p>\n\n\n\n<p><strong>Calcoman\u00edas esmaltadas y manualidades pintadas a mano<br><\/strong>La artesan\u00eda en esmalte integra a la perfecci\u00f3n el motivo floral, proporcionando una superficie y un tacto delicados y suaves.<\/p>\n\n\n\n<p><strong>Embalaje en caja de regalo personalizable<\/strong><br>Disponibles en cajas de regalo de bonito dise\u00f1o, con combinaciones de juegos personalizables que pueden incluir varias cantidades de cuencos y cucharas para adaptarse a sus necesidades.<\/p>\n\n\n\n<p><strong>Adecuado para cualquier ocasi\u00f3n<\/strong><br>Dise\u00f1o vers\u00e1til, perfecto para caf\u00e9 con leche, t\u00e9 y sopa, adecuado tanto para desayunos informales como para comedores formales.<\/p>\n<\/div>\n\n\n\n<div class=\"wp-block-column is-layout-flow wp-block-column-is-layout-flow\" style=\"flex-basis:50%\">\n<figure class=\"wp-block-image size-full\"><img decoding=\"async\" width=\"768\" height=\"768\" src=\"https:\/\/www.linkceramics.com\/wp-content\/uploads\/2024\/12\/Breakfast-Cup-wholesale-and-custom-4-768x768-1.webp\" alt=\"Breakfast-Cup-wholesale-and-custom-4-768x768\" class=\"wp-image-751\" srcset=\"https:\/\/www.linkceramics.com\/wp-content\/uploads\/2024\/12\/Breakfast-Cup-wholesale-and-custom-4-768x768-1.webp 768w, https:\/\/www.linkceramics.com\/wp-content\/uploads\/2024\/12\/Breakfast-Cup-wholesale-and-custom-4-768x768-1-300x300.webp 300w, https:\/\/www.linkceramics.com\/wp-content\/uploads\/2024\/12\/Breakfast-Cup-wholesale-and-custom-4-768x768-1-150x150.webp 150w, https:\/\/www.linkceramics.com\/wp-content\/uploads\/2024\/12\/Breakfast-Cup-wholesale-and-custom-4-768x768-1-600x600.webp 600w, https:\/\/www.linkceramics.com\/wp-content\/uploads\/2024\/12\/Breakfast-Cup-wholesale-and-custom-4-768x768-1-100x100.webp 100w\" sizes=\"(max-width: 768px) 100vw, 768px\" \/><\/figure>\n<\/div>\n<\/div>","protected":false},"excerpt":{"rendered":"<p>Tazas de desayuno de alta calidad hechas por un fabricante profesional de juegos de t\u00e9 de cer\u00e1mica, con un dise\u00f1o floral \u00fanico y exquisito, combinado con la artesan\u00eda del color del esmalte. Hermoso y durable, conveniente para el hogar, negocios y varios lugares de gama alta. Lianyuan fabricantes proporcionan soluciones de vajilla personalizada de una parada para crear productos de marca \u00fanica para usted.<\/p>\n<h2>Par\u00e1metros de la taza de desayuno<\/h2>\n<table width=\"495\">\n<tbody>\n<tr>\n<td width=\"144\">Fabricante<\/td>\n<td width=\"351\">Lianyuan<\/td>\n<\/tr>\n<tr>\n<td>Tipo de producto<\/td>\n<td width=\"351\">Tazas, Tazas, Taza de caf\u00e9 con leche, Taza de t\u00e9<\/td>\n<\/tr>\n<tr>\n<td>Patr\u00f3n<\/td>\n<td>Floral<\/td>\n<\/tr>\n<tr>\n<td>Color<\/td>\n<td>Multicolor<\/td>\n<\/tr>\n<tr>\n<td>Material<\/td>\n<td>Porcelana resistente<\/td>\n<\/tr>\n<tr>\n<td>Artesan\u00eda<\/td>\n<td>Calcoman\u00eda esmaltada y pintura a mano<\/td>\n<\/tr>\n<tr>\n<td>Capacidad<\/td>\n<td>16 onzas ( 450 ml )<\/td>\n<\/tr>\n<tr>\n<td>Aplicaci\u00f3n<\/td>\n<td>Apto para microondas, lavavajillas y horno<\/td>\n<\/tr>\n<tr>\n<td>A medida<\/td>\n<td>Color\/Tama\u00f1o\/Logotipo\/Embalaje<\/td>\n<\/tr>\n<\/tbody>\n<\/table>","protected":false},"featured_media":749,"comment_status":"open","ping_status":"closed","template":"","meta":{"_acf_changed":true},"certification":[66,58,65,61,60,62,57],"product_brand":[],"product_cat":[34,19],"product_tag":[],"class_list":{"0":"post-747","1":"product","2":"type-product","3":"status-publish","4":"has-post-thumbnail","6":"certification-cnas","7":"certification-fda","8":"certification-iaf","9":"certification-iso-14001","10":"certification-iso-45001","11":"certification-iso-9001","12":"certification-lfgb","13":"product_cat-custom-household-ceramics","14":"product_cat-ceramic-tea-set-wholesale","16":"first","17":"instock","18":"shipping-taxable","19":"product-type-simple"},"acf":[],"_links":{"self":[{"href":"https:\/\/www.linkceramics.com\/es\/wp-json\/wp\/v2\/product\/747","targetHints":{"allow":["GET"]}}],"collection":[{"href":"https:\/\/www.linkceramics.com\/es\/wp-json\/wp\/v2\/product"}],"about":[{"href":"https:\/\/www.linkceramics.com\/es\/wp-json\/wp\/v2\/types\/product"}],"replies":[{"embeddable":true,"href":"https:\/\/www.linkceramics.com\/es\/wp-json\/wp\/v2\/comments?post=747"}],"wp:featuredmedia":[{"embeddable":true,"href":"https:\/\/www.linkceramics.com\/es\/wp-json\/wp\/v2\/media\/749"}],"wp:attachment":[{"href":"https:\/\/www.linkceramics.com\/es\/wp-json\/wp\/v2\/media?parent=747"}],"wp:term":[{"taxonomy":"certification","embeddable":true,"href":"https:\/\/www.linkceramics.com\/es\/wp-json\/wp\/v2\/certification?post=747"},{"taxonomy":"product_brand","embeddable":true,"href":"https:\/\/www.linkceramics.com\/es\/wp-json\/wp\/v2\/product_brand?post=747"},{"taxonomy":"product_cat","embeddable":true,"href":"https:\/\/www.linkceramics.com\/es\/wp-json\/wp\/v2\/product_cat?post=747"},{"taxonomy":"product_tag","embeddable":true,"href":"https:\/\/www.linkceramics.com\/es\/wp-json\/wp\/v2\/product_tag?post=747"}],"curies":[{"name":"wp","href":"https:\/\/api.w.org\/{rel}","templated":true}]}}