{"id":754,"date":"2024-12-10T03:16:58","date_gmt":"2024-12-10T03:16:58","guid":{"rendered":"https:\/\/www.linkceramics.com\/?post_type=product&#038;p=754"},"modified":"2024-12-10T03:17:00","modified_gmt":"2024-12-10T03:17:00","slug":"custom-servingware-set","status":"publish","type":"product","link":"https:\/\/www.linkceramics.com\/es\/product\/custom-servingware-set\/","title":{"rendered":"Vajilla de cer\u00e1mica personalizada con exquisito dise\u00f1o de hojas rojas"},"content":{"rendered":"<div class=\"wp-block-columns is-layout-flex wp-container-core-columns-is-layout-9d6595d7 wp-block-columns-is-layout-flex\">\n<div class=\"wp-block-column is-layout-flow wp-block-column-is-layout-flow\" style=\"flex-basis:50%\">\n<h3 class=\"wp-block-heading\">Juego de cubiertos Caracter\u00edsticas:<\/h3>\n\n\n\n<p><strong>Trabajos manuales ex\u00f3ticos<\/strong><br>Cada una de estas vajillas de cer\u00e1mica utiliza un exquisito dibujo de hojas rojas en combinaci\u00f3n con calcoman\u00edas bajo vidriado, pintura hecha a mano y repujado.<\/p>\n\n\n\n<p><strong>Gran durabilidad<\/strong><br>Gran durabilidad, apto para microondas, lavavajillas y horno; f\u00e1cil de usar en la vida diaria.<\/p>\n\n\n\n<p><strong>Cumplimiento de la normativa medioambiental<\/strong><br>Cumple las normas de seguridad de la Proposici\u00f3n 65 de California para garantizar una salud inofensiva y apta para uso dom\u00e9stico<\/p>\n\n\n\n<p><strong>Versatilidad<\/strong><br>Es adecuado para diferentes ocasiones, ya sea para cenas diarias, reuniones familiares o celebraciones festivas; embellece exquisitamente la mesa de comedor.<\/p>\n<\/div>\n\n\n\n<div class=\"wp-block-column is-layout-flow wp-block-column-is-layout-flow\" style=\"flex-basis:50%\">\n<figure class=\"wp-block-image size-full\"><img decoding=\"async\" width=\"612\" height=\"612\" src=\"https:\/\/www.linkceramics.com\/wp-content\/uploads\/2024\/12\/Custom-Ceramic-Servingware-1.webp\" alt=\"Vajilla de cer\u00e1mica personalizada-1\" class=\"wp-image-755\" srcset=\"https:\/\/www.linkceramics.com\/wp-content\/uploads\/2024\/12\/Custom-Ceramic-Servingware-1.webp 612w, https:\/\/www.linkceramics.com\/wp-content\/uploads\/2024\/12\/Custom-Ceramic-Servingware-1-300x300.webp 300w, https:\/\/www.linkceramics.com\/wp-content\/uploads\/2024\/12\/Custom-Ceramic-Servingware-1-150x150.webp 150w, https:\/\/www.linkceramics.com\/wp-content\/uploads\/2024\/12\/Custom-Ceramic-Servingware-1-600x600.webp 600w, https:\/\/www.linkceramics.com\/wp-content\/uploads\/2024\/12\/Custom-Ceramic-Servingware-1-100x100.webp 100w\" sizes=\"(max-width: 612px) 100vw, 612px\" \/><\/figure>\n<\/div>\n<\/div>","protected":false},"excerpt":{"rendered":"<p>Exclusivo juego de servicio personalizado con dise\u00f1o de hojas rojas, m\u00faltiples formas y tama\u00f1os para elegir. Adecuado para servir platos de diferentes capacidades. Bienvenido a consultar la f\u00e1brica de Lianyuan para una cita libre.<\/p>\n<h2>\u00a0Par\u00e1metros del juego de cubiertos<\/h2>\n<table width=\"353\">\n<tbody>\n<tr>\n<td width=\"82\">Fabricante<\/td>\n<td width=\"270\">Lianyuan<\/td>\n<\/tr>\n<tr>\n<td>Tipo de producto<\/td>\n<td width=\"270\">Bandeja org\u00e1nica, Bandeja ovalada, Bandeja oblonga<\/td>\n<\/tr>\n<tr>\n<td>Patr\u00f3n<\/td>\n<td>Floral, Hojas rojas<\/td>\n<\/tr>\n<tr>\n<td>Material<\/td>\n<td>Porcelana resistente<\/td>\n<\/tr>\n<tr>\n<td>Artesan\u00eda<\/td>\n<td>Calcoman\u00eda en esmalte, pintada a mano\u00a0<\/td>\n<\/tr>\n<tr>\n<td>Aplicaci\u00f3n<\/td>\n<td>Apto para microondas, lavavajillas y horno<\/td>\n<\/tr>\n<tr>\n<td>A medida<\/td>\n<td>Color\/Tama\u00f1o\/Logotipo\/Embalaje<\/td>\n<\/tr>\n<\/tbody>\n<\/table>\n<p>&nbsp;<\/p>","protected":false},"featured_media":755,"comment_status":"open","ping_status":"closed","template":"","meta":{"_acf_changed":true},"certification":[66,58,65,61,60,62,57],"product_brand":[],"product_cat":[34,18,19],"product_tag":[],"class_list":{"0":"post-754","1":"product","2":"type-product","3":"status-publish","4":"has-post-thumbnail","6":"certification-cnas","7":"certification-fda","8":"certification-iaf","9":"certification-iso-14001","10":"certification-iso-45001","11":"certification-iso-9001","12":"certification-lfgb","13":"product_cat-custom-household-ceramics","14":"product_cat-ceramic-tableware-wholesale","15":"product_cat-ceramic-tea-set-wholesale","17":"first","18":"instock","19":"shipping-taxable","20":"product-type-simple"},"acf":[],"_links":{"self":[{"href":"https:\/\/www.linkceramics.com\/es\/wp-json\/wp\/v2\/product\/754","targetHints":{"allow":["GET"]}}],"collection":[{"href":"https:\/\/www.linkceramics.com\/es\/wp-json\/wp\/v2\/product"}],"about":[{"href":"https:\/\/www.linkceramics.com\/es\/wp-json\/wp\/v2\/types\/product"}],"replies":[{"embeddable":true,"href":"https:\/\/www.linkceramics.com\/es\/wp-json\/wp\/v2\/comments?post=754"}],"wp:featuredmedia":[{"embeddable":true,"href":"https:\/\/www.linkceramics.com\/es\/wp-json\/wp\/v2\/media\/755"}],"wp:attachment":[{"href":"https:\/\/www.linkceramics.com\/es\/wp-json\/wp\/v2\/media?parent=754"}],"wp:term":[{"taxonomy":"certification","embeddable":true,"href":"https:\/\/www.linkceramics.com\/es\/wp-json\/wp\/v2\/certification?post=754"},{"taxonomy":"product_brand","embeddable":true,"href":"https:\/\/www.linkceramics.com\/es\/wp-json\/wp\/v2\/product_brand?post=754"},{"taxonomy":"product_cat","embeddable":true,"href":"https:\/\/www.linkceramics.com\/es\/wp-json\/wp\/v2\/product_cat?post=754"},{"taxonomy":"product_tag","embeddable":true,"href":"https:\/\/www.linkceramics.com\/es\/wp-json\/wp\/v2\/product_tag?post=754"}],"curies":[{"name":"wp","href":"https:\/\/api.w.org\/{rel}","templated":true}]}}