{"id":757,"date":"2024-12-10T03:18:02","date_gmt":"2024-12-10T03:18:02","guid":{"rendered":"https:\/\/www.linkceramics.com\/?post_type=product&#038;p=757"},"modified":"2024-12-10T03:18:03","modified_gmt":"2024-12-10T03:18:03","slug":"wholesale-bakeware-sets","status":"publish","type":"product","link":"https:\/\/www.linkceramics.com\/es\/product\/wholesale-bakeware-sets\/","title":{"rendered":"Mayorista Bakeware Sets Cer\u00e1mica Non Stick Azul Floral"},"content":{"rendered":"<div class=\"wp-block-columns is-layout-flex wp-container-core-columns-is-layout-9d6595d7 wp-block-columns-is-layout-flex\">\n<div class=\"wp-block-column is-layout-flow wp-block-column-is-layout-flow\" style=\"flex-basis:50%\">\n<h3 class=\"wp-block-heading\">Juegos para hornear Caracter\u00edsticas:<\/h3>\n\n\n\n<p><strong>Dise\u00f1o moderno y bonito<br><\/strong>Con llamativos motivos florales, ricos colores y elegancia natural, se convierte en el centro de atenci\u00f3n de toda la serie de vajillas.<\/p>\n\n\n\n<p><strong>Duradero y resistente al calor<\/strong><br>Porcelana de alta densidad, cocida a 1280\u00b0C, duradera y no se agrieta f\u00e1cilmente, apta para microondas, horno, lavavajillas y frigor\u00edfico.<\/p>\n\n\n\n<p><strong>Resistente a los ara\u00f1azos y no t\u00f3xico<\/strong><br>El esmalte duradero y resistente a los ara\u00f1azos no es reactivo ni t\u00f3xico, lo que garantiza una cocci\u00f3n segura sin quemaduras ni reacciones qu\u00edmicas.<\/p>\n\n\n\n<p><strong>Juego completo multifunci\u00f3n combinado<\/strong><br>Combinaci\u00f3n de utensilios para hornear a medida, incluidos moldes para hornear, moldes para magdalenas o cupcakes, moldes para pan, moldes para tartas, moldes para pasteles.<\/p>\n<\/div>\n\n\n\n<div class=\"wp-block-column is-layout-flow wp-block-column-is-layout-flow\" style=\"flex-basis:50%\">\n<figure class=\"wp-block-image size-full\"><img decoding=\"async\" width=\"792\" height=\"792\" src=\"https:\/\/www.linkceramics.com\/wp-content\/uploads\/2024\/12\/Wholesale-Ceramic-Bakeware-Sets-1.webp\" alt=\"Mayorista-Sets de cer\u00e1mica para hornear-1\" class=\"wp-image-758\" srcset=\"https:\/\/www.linkceramics.com\/wp-content\/uploads\/2024\/12\/Wholesale-Ceramic-Bakeware-Sets-1.webp 792w, https:\/\/www.linkceramics.com\/wp-content\/uploads\/2024\/12\/Wholesale-Ceramic-Bakeware-Sets-1-300x300.webp 300w, https:\/\/www.linkceramics.com\/wp-content\/uploads\/2024\/12\/Wholesale-Ceramic-Bakeware-Sets-1-150x150.webp 150w, https:\/\/www.linkceramics.com\/wp-content\/uploads\/2024\/12\/Wholesale-Ceramic-Bakeware-Sets-1-768x768.webp 768w, https:\/\/www.linkceramics.com\/wp-content\/uploads\/2024\/12\/Wholesale-Ceramic-Bakeware-Sets-1-600x600.webp 600w, https:\/\/www.linkceramics.com\/wp-content\/uploads\/2024\/12\/Wholesale-Ceramic-Bakeware-Sets-1-100x100.webp 100w\" sizes=\"(max-width: 792px) 100vw, 792px\" \/><\/figure>\n<\/div>\n<\/div>","protected":false},"excerpt":{"rendered":"<p>Juegos de utensilios de cer\u00e1mica antiadherente para hornear al por mayor, servicio personalizado disponible. Hermoso patr\u00f3n floral, juego de varias piezas, durable para todas las necesidades de hornear. Haga su pedido al por mayor para obtener la mejor oferta.<\/p>\n<h2>Par\u00e1metros de los juegos de utensilios para hornear<\/h2>\n<table width=\"353\">\n<tbody>\n<tr>\n<td width=\"82\">Fabricante<\/td>\n<td width=\"270\">Lianyuan<\/td>\n<\/tr>\n<tr>\n<td>Tipo de producto<\/td>\n<td width=\"270\">Panificadora, Cakestand, Plato para tartas, Rodillo, Ramekin Panificadora<\/td>\n<\/tr>\n<tr>\n<td>Patr\u00f3n<\/td>\n<td>Floral<\/td>\n<\/tr>\n<tr>\n<td>Color<\/td>\n<td>\n<p>Azul y multicolor<\/p>\n<\/td>\n<\/tr>\n<tr>\n<td>Material<\/td>\n<td>Porcelana resistente<\/td>\n<\/tr>\n<tr>\n<td>Artesan\u00eda<\/td>\n<td>Calcoman\u00eda en esmalte, Pintado a mano\u00a0<\/td>\n<\/tr>\n<tr>\n<td>Aplicaci\u00f3n<\/td>\n<td>Apto para microondas y lavavajillas, horno y congelador<\/td>\n<\/tr>\n<tr>\n<td>A medida<\/td>\n<td>Color\/Tama\u00f1o\/Logotipo\/Embalaje<\/td>\n<\/tr>\n<\/tbody>\n<\/table>","protected":false},"featured_media":761,"comment_status":"open","ping_status":"closed","template":"","meta":{"_acf_changed":true},"certification":[66,58,65,61,60,62,57],"product_brand":[],"product_cat":[34,20],"product_tag":[],"class_list":{"0":"post-757","1":"product","2":"type-product","3":"status-publish","4":"has-post-thumbnail","6":"certification-cnas","7":"certification-fda","8":"certification-iaf","9":"certification-iso-14001","10":"certification-iso-45001","11":"certification-iso-9001","12":"certification-lfgb","13":"product_cat-custom-household-ceramics","14":"product_cat-ceramic-kitchenware-wholesale","16":"first","17":"instock","18":"shipping-taxable","19":"product-type-simple"},"acf":[],"_links":{"self":[{"href":"https:\/\/www.linkceramics.com\/es\/wp-json\/wp\/v2\/product\/757","targetHints":{"allow":["GET"]}}],"collection":[{"href":"https:\/\/www.linkceramics.com\/es\/wp-json\/wp\/v2\/product"}],"about":[{"href":"https:\/\/www.linkceramics.com\/es\/wp-json\/wp\/v2\/types\/product"}],"replies":[{"embeddable":true,"href":"https:\/\/www.linkceramics.com\/es\/wp-json\/wp\/v2\/comments?post=757"}],"wp:featuredmedia":[{"embeddable":true,"href":"https:\/\/www.linkceramics.com\/es\/wp-json\/wp\/v2\/media\/761"}],"wp:attachment":[{"href":"https:\/\/www.linkceramics.com\/es\/wp-json\/wp\/v2\/media?parent=757"}],"wp:term":[{"taxonomy":"certification","embeddable":true,"href":"https:\/\/www.linkceramics.com\/es\/wp-json\/wp\/v2\/certification?post=757"},{"taxonomy":"product_brand","embeddable":true,"href":"https:\/\/www.linkceramics.com\/es\/wp-json\/wp\/v2\/product_brand?post=757"},{"taxonomy":"product_cat","embeddable":true,"href":"https:\/\/www.linkceramics.com\/es\/wp-json\/wp\/v2\/product_cat?post=757"},{"taxonomy":"product_tag","embeddable":true,"href":"https:\/\/www.linkceramics.com\/es\/wp-json\/wp\/v2\/product_tag?post=757"}],"curies":[{"name":"wp","href":"https:\/\/api.w.org\/{rel}","templated":true}]}}