{"id":762,"date":"2024-12-10T03:19:31","date_gmt":"2024-12-10T03:19:31","guid":{"rendered":"https:\/\/www.linkceramics.com\/?post_type=product&#038;p=762"},"modified":"2024-12-10T03:19:32","modified_gmt":"2024-12-10T03:19:32","slug":"wholesale-casserole-dish-with-lid","status":"publish","type":"product","link":"https:\/\/www.linkceramics.com\/es\/product\/wholesale-casserole-dish-with-lid\/","title":{"rendered":"Cacerola de Cer\u00e1mica con Tapa Gris Rosa Varias Formas Personalizada"},"content":{"rendered":"<div class=\"wp-block-columns is-layout-flex wp-container-core-columns-is-layout-9d6595d7 wp-block-columns-is-layout-flex\">\n<div class=\"wp-block-column is-layout-flow wp-block-column-is-layout-flow\" style=\"flex-basis:50%\">\n<h3 class=\"wp-block-heading\">Caracter\u00edsticas Cazuela con tapa:<\/h3>\n\n\n\n<p><strong>Dise\u00f1o moderno y elegante<\/strong><br>La forma moderna de la tapa se combina con colores modernos y duraderos que no desti\u00f1en para que cocinar sea divertido.<\/p>\n\n\n\n<p><strong>Materiales de alta calidad<\/strong><br>Fabricado con minerales naturales y espodumeno australiano, cumple todas las normas de seguridad alimentaria y es sano y seguro<\/p>\n\n\n\n<p><strong>Excelente resistencia al choque t\u00e9rmico<\/strong><br>Puede soportar cambios r\u00e1pidos de temperatura de hasta 600\u00b0C, y el material de alta densidad bloquea la absorci\u00f3n de humedad y evita que se agriete y se parta.<\/p>\n\n\n\n<p><strong>Uso c\u00f3modo y ahorro de energ\u00eda<\/strong><br>Espesor moderado, peso ligero, r\u00e1pida conducci\u00f3n del calor, enfriamiento lento, se puede cocinar con poco calor, ahorrando tiempo y energ\u00eda.<\/p>\n\n\n\n<p><strong>Duradero y f\u00e1cil de limpiar<\/strong><br>La superficie lisa de la cer\u00e1mica evita ara\u00f1azos, suciedad y corrosi\u00f3n, es antiadherente y f\u00e1cil de limpiar.<\/p>\n<\/div>\n\n\n\n<div class=\"wp-block-column is-layout-flow wp-block-column-is-layout-flow\" style=\"flex-basis:50%\">\n<figure class=\"wp-block-image size-full\"><img decoding=\"async\" width=\"768\" height=\"768\" src=\"https:\/\/www.linkceramics.com\/wp-content\/uploads\/2024\/12\/Wholesale-Earthenware-Pot-10-768x768-1.webp\" alt=\"Wholesale-Earthenware-Pot-10-768x768\" class=\"wp-image-767\" srcset=\"https:\/\/www.linkceramics.com\/wp-content\/uploads\/2024\/12\/Wholesale-Earthenware-Pot-10-768x768-1.webp 768w, https:\/\/www.linkceramics.com\/wp-content\/uploads\/2024\/12\/Wholesale-Earthenware-Pot-10-768x768-1-300x300.webp 300w, https:\/\/www.linkceramics.com\/wp-content\/uploads\/2024\/12\/Wholesale-Earthenware-Pot-10-768x768-1-150x150.webp 150w, https:\/\/www.linkceramics.com\/wp-content\/uploads\/2024\/12\/Wholesale-Earthenware-Pot-10-768x768-1-600x600.webp 600w, https:\/\/www.linkceramics.com\/wp-content\/uploads\/2024\/12\/Wholesale-Earthenware-Pot-10-768x768-1-100x100.webp 100w\" sizes=\"(max-width: 768px) 100vw, 768px\" \/><\/figure>\n<\/div>\n<\/div>","protected":false},"excerpt":{"rendered":"<p>Cacerola de alta calidad con tapa, fabricada en cer\u00e1mica duradera, resistente al calor y no propensa a agrietarse, que garantiza una distribuci\u00f3n uniforme del calor. La forma moderna y el color llamativo hacen que la cacerola sea a\u00fan m\u00e1s atractiva. Si desea m\u00e1s informaci\u00f3n, p\u00f3ngase en contacto con nosotros.<\/p>\n<h2>Cacerola con tapa<\/h2>\n<table border=\"0\" width=\"618\" cellspacing=\"0\" cellpadding=\"0\">\n<tbody>\n<tr>\n<td width=\"180\" height=\"26\">Fabricante<\/td>\n<td width=\"438\">Lianyuan<\/td>\n<\/tr>\n<tr>\n<td height=\"26\">Tipo de producto<\/td>\n<td>Utensilios de cocina,Cacerola<\/td>\n<\/tr>\n<tr>\n<td height=\"26\">Color<\/td>\n<td>Cuerpo gris con tapa rosa<\/td>\n<\/tr>\n<tr>\n<td height=\"26\">Material<\/td>\n<td>Arcilla resistente al calor<\/td>\n<\/tr>\n<tr>\n<td height=\"26\">Artesan\u00eda<\/td>\n<td>Calcoman\u00eda esmaltada y pintura a mano<\/td>\n<\/tr>\n<tr>\n<td height=\"26\">Aplicaci\u00f3n<\/td>\n<td>Apto para microondas, lavavajillas y horno<\/td>\n<\/tr>\n<tr>\n<td height=\"26\">A medida<\/td>\n<td>Color\/Tama\u00f1o\/Logotipo\/Embalaje<\/td>\n<\/tr>\n<\/tbody>\n<\/table>\n<p>&nbsp;<\/p>","protected":false},"featured_media":764,"comment_status":"open","ping_status":"closed","template":"","meta":{"_acf_changed":true},"certification":[66,58,65,61,60,62,57],"product_brand":[],"product_cat":[34,20],"product_tag":[],"class_list":{"0":"post-762","1":"product","2":"type-product","3":"status-publish","4":"has-post-thumbnail","6":"certification-cnas","7":"certification-fda","8":"certification-iaf","9":"certification-iso-14001","10":"certification-iso-45001","11":"certification-iso-9001","12":"certification-lfgb","13":"product_cat-custom-household-ceramics","14":"product_cat-ceramic-kitchenware-wholesale","16":"first","17":"instock","18":"shipping-taxable","19":"product-type-simple"},"acf":[],"_links":{"self":[{"href":"https:\/\/www.linkceramics.com\/es\/wp-json\/wp\/v2\/product\/762","targetHints":{"allow":["GET"]}}],"collection":[{"href":"https:\/\/www.linkceramics.com\/es\/wp-json\/wp\/v2\/product"}],"about":[{"href":"https:\/\/www.linkceramics.com\/es\/wp-json\/wp\/v2\/types\/product"}],"replies":[{"embeddable":true,"href":"https:\/\/www.linkceramics.com\/es\/wp-json\/wp\/v2\/comments?post=762"}],"wp:featuredmedia":[{"embeddable":true,"href":"https:\/\/www.linkceramics.com\/es\/wp-json\/wp\/v2\/media\/764"}],"wp:attachment":[{"href":"https:\/\/www.linkceramics.com\/es\/wp-json\/wp\/v2\/media?parent=762"}],"wp:term":[{"taxonomy":"certification","embeddable":true,"href":"https:\/\/www.linkceramics.com\/es\/wp-json\/wp\/v2\/certification?post=762"},{"taxonomy":"product_brand","embeddable":true,"href":"https:\/\/www.linkceramics.com\/es\/wp-json\/wp\/v2\/product_brand?post=762"},{"taxonomy":"product_cat","embeddable":true,"href":"https:\/\/www.linkceramics.com\/es\/wp-json\/wp\/v2\/product_cat?post=762"},{"taxonomy":"product_tag","embeddable":true,"href":"https:\/\/www.linkceramics.com\/es\/wp-json\/wp\/v2\/product_tag?post=762"}],"curies":[{"name":"wp","href":"https:\/\/api.w.org\/{rel}","templated":true}]}}