{"id":768,"date":"2024-12-21T07:01:48","date_gmt":"2024-12-21T07:01:48","guid":{"rendered":"https:\/\/www.linkceramics.com\/?post_type=product&#038;p=768"},"modified":"2024-12-21T07:01:49","modified_gmt":"2024-12-21T07:01:49","slug":"custom-casserole-dish","status":"publish","type":"product","link":"https:\/\/www.linkceramics.com\/es\/product\/custom-casserole-dish\/","title":{"rendered":"Cacerola de Cer\u00e1mica Personalizada con Tapa M\u00faltiples Tama\u00f1os"},"content":{"rendered":"<div class=\"wp-block-columns is-layout-flex wp-container-core-columns-is-layout-9d6595d7 wp-block-columns-is-layout-flex\">\n<div class=\"wp-block-column is-layout-flow wp-block-column-is-layout-flow\" style=\"flex-basis:50%\">\n<h3 class=\"wp-block-heading\">Cacerola Caracter\u00edsticas:<\/h3>\n\n\n\n<p><strong>Varios tama\u00f1os<\/strong><br>Ofrece cazuelas de distintos tama\u00f1os para satisfacer todas las necesidades culinarias, desde raciones individuales hasta cenas familiares.<br><strong>Arcilla refractaria<\/strong><br>Fabricado con minerales naturales de la tierra y litargirio australiano, cumple todas las normas de seguridad alimentaria, sano y seguro<br><strong>Excelente resistencia al choque t\u00e9rmico<\/strong><br>Soporta cambios r\u00e1pidos de temperatura de hasta 600\u00b0C. El material de alta densidad detiene la absorci\u00f3n de humedad y evita grietas y roturas.<br><strong>Ligero y de bajo consumo<\/strong><br>Espesor moderado, peso ligero, r\u00e1pida conducci\u00f3n del calor, enfriamiento lento y calentamiento uniforme para reducir el tiempo de cocci\u00f3n y el consumo de energ\u00eda.<br><strong>Tapa de cer\u00e1mica<\/strong><br>La olla de cer\u00e1mica con tapa retiene eficazmente el aroma y la humedad de los alimentos.<br><strong>Est\u00e9tica<\/strong><br>Su estilo moderno y sus colores elegantes y duraderos hacen que cocinar sea divertido.<\/p>\n<\/div>\n\n\n\n<div class=\"wp-block-column is-layout-flow wp-block-column-is-layout-flow\" style=\"flex-basis:50%\">\n<figure class=\"wp-block-image size-full\"><img decoding=\"async\" width=\"768\" height=\"768\" src=\"https:\/\/www.linkceramics.com\/wp-content\/uploads\/2024\/12\/Custom-Casserole-Dish-2-768x768-1.webp\" alt=\"Plato cacerola a medida-2\" class=\"wp-image-770\" srcset=\"https:\/\/www.linkceramics.com\/wp-content\/uploads\/2024\/12\/Custom-Casserole-Dish-2-768x768-1.webp 768w, https:\/\/www.linkceramics.com\/wp-content\/uploads\/2024\/12\/Custom-Casserole-Dish-2-768x768-1-300x300.webp 300w, https:\/\/www.linkceramics.com\/wp-content\/uploads\/2024\/12\/Custom-Casserole-Dish-2-768x768-1-150x150.webp 150w, https:\/\/www.linkceramics.com\/wp-content\/uploads\/2024\/12\/Custom-Casserole-Dish-2-768x768-1-600x600.webp 600w, https:\/\/www.linkceramics.com\/wp-content\/uploads\/2024\/12\/Custom-Casserole-Dish-2-768x768-1-100x100.webp 100w\" sizes=\"(max-width: 768px) 100vw, 768px\" \/><\/figure>\n<\/div>\n<\/div>","protected":false},"excerpt":{"rendered":"<p>Cacerola personalizada, de material cer\u00e1mico resistente al calor, con tapa de jard\u00edn secreto, \u00fanica y vers\u00e1til. Disponible en varios tama\u00f1os y formas, incluidas tapas y asas, es el estilo de cazuela m\u00e1s popular.<\/p>\n<h2>Cacerola Par\u00e1metro<\/h2>\n<table border=\"0\" width=\"618\" cellspacing=\"0\" cellpadding=\"0\">\n<tbody>\n<tr>\n<td width=\"180\" height=\"26\">Fabricante<\/td>\n<td width=\"438\">Lianyuan<\/td>\n<\/tr>\n<tr>\n<td height=\"26\">Tipo de producto<\/td>\n<td>utensilios de cocina,Cacerola<\/td>\n<\/tr>\n<tr>\n<td height=\"26\">Patr\u00f3n<\/td>\n<td>Jard\u00edn secreto<\/td>\n<\/tr>\n<tr>\n<td height=\"26\">Color<\/td>\n<td>Negro y multicolor<\/td>\n<\/tr>\n<tr>\n<td height=\"26\">Material<\/td>\n<td>Arcilla resistente al calor<\/td>\n<\/tr>\n<tr>\n<td height=\"26\">Artesan\u00eda<\/td>\n<td>Calcoman\u00eda esmaltada y pintura a mano<\/td>\n<\/tr>\n<tr>\n<td height=\"26\">Aplicaci\u00f3n<\/td>\n<td>Apto para microondas, lavavajillas y horno<\/td>\n<\/tr>\n<tr>\n<td height=\"26\">A medida<\/td>\n<td>Color\/Tama\u00f1o\/Logotipo\/Embalaje<\/td>\n<\/tr>\n<\/tbody>\n<\/table>","protected":false},"featured_media":769,"comment_status":"open","ping_status":"closed","template":"","meta":{"_acf_changed":true},"certification":[66,58,65,61,60,62,57],"product_brand":[],"product_cat":[34,20],"product_tag":[],"class_list":{"0":"post-768","1":"product","2":"type-product","3":"status-publish","4":"has-post-thumbnail","6":"certification-cnas","7":"certification-fda","8":"certification-iaf","9":"certification-iso-14001","10":"certification-iso-45001","11":"certification-iso-9001","12":"certification-lfgb","13":"product_cat-custom-household-ceramics","14":"product_cat-ceramic-kitchenware-wholesale","16":"first","17":"instock","18":"shipping-taxable","19":"product-type-simple"},"acf":[],"_links":{"self":[{"href":"https:\/\/www.linkceramics.com\/es\/wp-json\/wp\/v2\/product\/768","targetHints":{"allow":["GET"]}}],"collection":[{"href":"https:\/\/www.linkceramics.com\/es\/wp-json\/wp\/v2\/product"}],"about":[{"href":"https:\/\/www.linkceramics.com\/es\/wp-json\/wp\/v2\/types\/product"}],"replies":[{"embeddable":true,"href":"https:\/\/www.linkceramics.com\/es\/wp-json\/wp\/v2\/comments?post=768"}],"wp:featuredmedia":[{"embeddable":true,"href":"https:\/\/www.linkceramics.com\/es\/wp-json\/wp\/v2\/media\/769"}],"wp:attachment":[{"href":"https:\/\/www.linkceramics.com\/es\/wp-json\/wp\/v2\/media?parent=768"}],"wp:term":[{"taxonomy":"certification","embeddable":true,"href":"https:\/\/www.linkceramics.com\/es\/wp-json\/wp\/v2\/certification?post=768"},{"taxonomy":"product_brand","embeddable":true,"href":"https:\/\/www.linkceramics.com\/es\/wp-json\/wp\/v2\/product_brand?post=768"},{"taxonomy":"product_cat","embeddable":true,"href":"https:\/\/www.linkceramics.com\/es\/wp-json\/wp\/v2\/product_cat?post=768"},{"taxonomy":"product_tag","embeddable":true,"href":"https:\/\/www.linkceramics.com\/es\/wp-json\/wp\/v2\/product_tag?post=768"}],"curies":[{"name":"wp","href":"https:\/\/api.w.org\/{rel}","templated":true}]}}