{"id":773,"date":"2024-12-10T03:20:43","date_gmt":"2024-12-10T03:20:43","guid":{"rendered":"https:\/\/www.linkceramics.com\/?post_type=product&#038;p=773"},"modified":"2024-12-10T03:20:44","modified_gmt":"2024-12-10T03:20:44","slug":"wholesale-floral-dinnerware-sets","status":"publish","type":"product","link":"https:\/\/www.linkceramics.com\/es\/product\/wholesale-floral-dinnerware-sets\/","title":{"rendered":"Mayorista Vajilla Floral Cer\u00e1mica Verde Elegante No T\u00f3xico\u00a0"},"content":{"rendered":"<div class=\"wp-block-columns is-layout-flex wp-container-core-columns-is-layout-9d6595d7 wp-block-columns-is-layout-flex\">\n<div class=\"wp-block-column is-layout-flow wp-block-column-is-layout-flow\" style=\"flex-basis:50%\">\n<h3 class=\"wp-block-heading\">Vajilla Floral Caracter\u00edsticas:<\/h3>\n\n\n\n<p><strong>Precioso dise\u00f1o floral<\/strong><br>Con varias combinaciones de calcoman\u00edas en cada una con esmalte de color pintado a mano, proporcionando un aspecto intrincado y \u00fanico.<\/p>\n\n\n\n<p><strong>Duradero y vers\u00e1til<\/strong><br>Fabricada con materiales de calidad, cada pieza es apta para microondas y lavavajillas, y apta para horno, para mayor comodidad y durabilidad en todo momento.<\/p>\n\n\n\n<p><strong>Colecci\u00f3n Fresh Garden<\/strong><br>El vibrante estampado floral inspirado en la naturaleza aporta frescura y alegr\u00eda a todos los eventos casuales y formales en casa.<\/p>\n\n\n\n<p><strong>Seguro y conforme<\/strong><br>Cumpliendo o superando las normas de la Proposici\u00f3n 65 de California, tenga la seguridad de que la vajilla est\u00e1 libre de productos qu\u00edmicos nocivos y es segura para su uso diario.<\/p>\n\n\n\n<p><strong>Vajilla completa<\/strong><br>Ideal para comidas familiares o reuniones, el juego incluye todas las piezas esenciales para una experiencia gastron\u00f3mica completa, realzando la elegancia de cualquier evento formal.<\/p>\n<\/div>\n\n\n\n<div class=\"wp-block-column is-layout-flow wp-block-column-is-layout-flow\" style=\"flex-basis:50%\">\n<figure class=\"wp-block-image size-full\"><img decoding=\"async\" width=\"706\" height=\"706\" src=\"https:\/\/www.linkceramics.com\/wp-content\/uploads\/2024\/12\/Wholesale-Flower-Dinnerware-Sets-1.webp\" alt=\"Mayorista-Flores-Vajilla-Sets-1\" class=\"wp-image-774\" srcset=\"https:\/\/www.linkceramics.com\/wp-content\/uploads\/2024\/12\/Wholesale-Flower-Dinnerware-Sets-1.webp 706w, https:\/\/www.linkceramics.com\/wp-content\/uploads\/2024\/12\/Wholesale-Flower-Dinnerware-Sets-1-300x300.webp 300w, https:\/\/www.linkceramics.com\/wp-content\/uploads\/2024\/12\/Wholesale-Flower-Dinnerware-Sets-1-150x150.webp 150w, https:\/\/www.linkceramics.com\/wp-content\/uploads\/2024\/12\/Wholesale-Flower-Dinnerware-Sets-1-600x600.webp 600w, https:\/\/www.linkceramics.com\/wp-content\/uploads\/2024\/12\/Wholesale-Flower-Dinnerware-Sets-1-100x100.webp 100w\" sizes=\"(max-width: 706px) 100vw, 706px\" \/><\/figure>\n<\/div>\n<\/div>\n\n\n\n<p><\/p>","protected":false},"excerpt":{"rendered":"<div id=\"brxe-0ee1ca\" class=\"brxe-product-meta product_meta\">\n<p>Vajillas florales personalizadas y al por mayor, de estilo \u00fanico y elegante, con platos, cuencos, teteras y tazas de cer\u00e1mica. Tama\u00f1o y estilo personalizables, aptos para microondas, horno y lavavajillas. Una de las vajillas m\u00e1s valoradas.<\/p>\n<h2>Vajilla Floral Par\u00e1metro<\/h2>\n<table width=\"353\">\n<tbody>\n<tr>\n<td width=\"82\">Fabricante<\/td>\n<td width=\"270\">Lianyuan<\/td>\n<\/tr>\n<tr>\n<td>Tipo de producto<\/td>\n<td width=\"270\">vajilla, servicio de mesa, juego de t\u00e9<\/td>\n<\/tr>\n<tr>\n<td>Patr\u00f3n<\/td>\n<td>Floral<\/td>\n<\/tr>\n<tr>\n<td>Color<\/td>\n<td>Gree, Multicolor<\/td>\n<\/tr>\n<tr>\n<td>Material<\/td>\n<td>Porcelana resistente<\/td>\n<\/tr>\n<tr>\n<td>Artesan\u00eda<\/td>\n<td>Calcoman\u00eda en esmalte, Pintado a mano\u00a0<\/td>\n<\/tr>\n<tr>\n<td>Aplicaci\u00f3n<\/td>\n<td>Apto para microondas, lavavajillas y horno<\/td>\n<\/tr>\n<tr>\n<td>A medida<\/td>\n<td>Color\/Tama\u00f1o\/Logotipo\/Embalaje<\/td>\n<\/tr>\n<\/tbody>\n<\/table>\n<\/div>","protected":false},"featured_media":774,"comment_status":"open","ping_status":"closed","template":"","meta":{"_acf_changed":true},"certification":[66,58,65,61,60,62,57],"product_brand":[],"product_cat":[34,18,19],"product_tag":[],"class_list":{"0":"post-773","1":"product","2":"type-product","3":"status-publish","4":"has-post-thumbnail","6":"certification-cnas","7":"certification-fda","8":"certification-iaf","9":"certification-iso-14001","10":"certification-iso-45001","11":"certification-iso-9001","12":"certification-lfgb","13":"product_cat-custom-household-ceramics","14":"product_cat-ceramic-tableware-wholesale","15":"product_cat-ceramic-tea-set-wholesale","17":"first","18":"instock","19":"shipping-taxable","20":"product-type-simple"},"acf":[],"_links":{"self":[{"href":"https:\/\/www.linkceramics.com\/es\/wp-json\/wp\/v2\/product\/773","targetHints":{"allow":["GET"]}}],"collection":[{"href":"https:\/\/www.linkceramics.com\/es\/wp-json\/wp\/v2\/product"}],"about":[{"href":"https:\/\/www.linkceramics.com\/es\/wp-json\/wp\/v2\/types\/product"}],"replies":[{"embeddable":true,"href":"https:\/\/www.linkceramics.com\/es\/wp-json\/wp\/v2\/comments?post=773"}],"wp:featuredmedia":[{"embeddable":true,"href":"https:\/\/www.linkceramics.com\/es\/wp-json\/wp\/v2\/media\/774"}],"wp:attachment":[{"href":"https:\/\/www.linkceramics.com\/es\/wp-json\/wp\/v2\/media?parent=773"}],"wp:term":[{"taxonomy":"certification","embeddable":true,"href":"https:\/\/www.linkceramics.com\/es\/wp-json\/wp\/v2\/certification?post=773"},{"taxonomy":"product_brand","embeddable":true,"href":"https:\/\/www.linkceramics.com\/es\/wp-json\/wp\/v2\/product_brand?post=773"},{"taxonomy":"product_cat","embeddable":true,"href":"https:\/\/www.linkceramics.com\/es\/wp-json\/wp\/v2\/product_cat?post=773"},{"taxonomy":"product_tag","embeddable":true,"href":"https:\/\/www.linkceramics.com\/es\/wp-json\/wp\/v2\/product_tag?post=773"}],"curies":[{"name":"wp","href":"https:\/\/api.w.org\/{rel}","templated":true}]}}