{"id":852,"date":"2024-12-10T03:23:43","date_gmt":"2024-12-10T03:23:43","guid":{"rendered":"https:\/\/www.linkceramics.com\/?post_type=product&#038;p=852"},"modified":"2024-12-10T03:23:45","modified_gmt":"2024-12-10T03:23:45","slug":"chocolate-fondue-wholesale","status":"publish","type":"product","link":"https:\/\/www.linkceramics.com\/es\/product\/chocolate-fondue-wholesale\/","title":{"rendered":"Fondue de chocolate de cer\u00e1mica al por mayor para fundir nata y queso"},"content":{"rendered":"<div class=\"wp-block-columns is-layout-flex wp-container-core-columns-is-layout-9d6595d7 wp-block-columns-is-layout-flex\">\n<div class=\"wp-block-column is-layout-flow wp-block-column-is-layout-flow\" style=\"flex-basis:50%\">\n<h3 class=\"wp-block-heading\">Caracter\u00edsticas de la fondue de chocolate:<\/h3>\n\n\n\n<p><strong>M\u00faltiples opciones de color<\/strong><br>Varias opciones de color pueden satisfacer distintas necesidades y realzar el atractivo visual del producto.<\/p>\n\n\n\n<p><strong>Polivalente<\/strong><br>Funde f\u00e1cilmente chocolate y queso para mojar frutas, postres, verduras, pan, galletas, malvaviscos, bizcochos, etc.<\/p>\n\n\n\n<p><strong>Rendimiento de retenci\u00f3n del calor<\/strong><br>Utilizando materiales cer\u00e1micos de alta calidad, el grosor puede mejorar el efecto de retenci\u00f3n del calor, lo que puede mantener la temperatura de los alimentos durante mucho tiempo sin quemarse.<\/p>\n\n\n\n<p><strong>C\u00f3modo y r\u00e1pido<\/strong><br>Peque\u00f1o y sencillo, ligero y f\u00e1cil de usar, \u00a1perfecto para recibir invitados!<\/p>\n\n\n\n<p><strong>F\u00e1cil de limpiar<\/strong><br>La superficie cer\u00e1mica es lisa, f\u00e1cil de limpiar y apta para el lavavajillas.<\/p>\n<\/div>\n\n\n\n<div class=\"wp-block-column is-layout-flow wp-block-column-is-layout-flow\" style=\"flex-basis:50%\">\n<figure class=\"wp-block-image size-full\"><img decoding=\"async\" width=\"626\" height=\"626\" src=\"https:\/\/www.linkceramics.com\/wp-content\/uploads\/2024\/12\/Chocolate-Fondue-Set-Wholesale.webp\" alt=\"Chocolate-Fondue-Set-Mayorista\" class=\"wp-image-853\" srcset=\"https:\/\/www.linkceramics.com\/wp-content\/uploads\/2024\/12\/Chocolate-Fondue-Set-Wholesale.webp 626w, https:\/\/www.linkceramics.com\/wp-content\/uploads\/2024\/12\/Chocolate-Fondue-Set-Wholesale-300x300.webp 300w, https:\/\/www.linkceramics.com\/wp-content\/uploads\/2024\/12\/Chocolate-Fondue-Set-Wholesale-150x150.webp 150w, https:\/\/www.linkceramics.com\/wp-content\/uploads\/2024\/12\/Chocolate-Fondue-Set-Wholesale-600x600.webp 600w, https:\/\/www.linkceramics.com\/wp-content\/uploads\/2024\/12\/Chocolate-Fondue-Set-Wholesale-100x100.webp 100w\" sizes=\"(max-width: 626px) 100vw, 626px\" \/><\/figure>\n<\/div>\n<\/div>\n\n\n\n<p><\/p>","protected":false},"excerpt":{"rendered":"<p>Venta directa de f\u00e1brica fondue de chocolate de cer\u00e1mica para fundir nata y queso. Tanto si se trata de una reuni\u00f3n familiar como de un regalo navide\u00f1o, es la mejor olla de chocolate aislante del calor y ligera. Opciones de personalizaci\u00f3n y una variedad de colores est\u00e1n disponibles.<\/p>\n<h2>Par\u00e1metro de fondue de chocolate<\/h2>\n<table border=\"0\" width=\"618\" cellspacing=\"0\" cellpadding=\"0\">\n<tbody>\n<tr>\n<td width=\"180\" height=\"26\">Fabricante<\/td>\n<td width=\"438\">Lianyuan<\/td>\n<\/tr>\n<tr>\n<td height=\"26\">Tipo de producto<\/td>\n<td>Fondue de chocolate,Fondue de queso<\/td>\n<\/tr>\n<tr>\n<td height=\"26\">Patr\u00f3n<\/td>\n<td>Moderno<\/td>\n<\/tr>\n<tr>\n<td height=\"26\">Color<\/td>\n<td>Verde, gris, negro, etc.<\/td>\n<\/tr>\n<tr>\n<td height=\"26\">Material<\/td>\n<td>Porcelana resistente<\/td>\n<\/tr>\n<tr>\n<td height=\"26\">Artesan\u00eda<\/td>\n<td>Esmalte de color<\/td>\n<\/tr>\n<tr>\n<td height=\"26\">Aplicaci\u00f3n<\/td>\n<td>Apto para microondas, lavavajillas y horno<\/td>\n<\/tr>\n<tr>\n<td height=\"26\">A medida<\/td>\n<td>Color\/Tama\u00f1o\/Logotipo\/Embalaje<\/td>\n<\/tr>\n<\/tbody>\n<\/table>\n<p>&nbsp;<\/p>","protected":false},"featured_media":853,"comment_status":"open","ping_status":"closed","template":"","meta":{"_acf_changed":true},"certification":[66,58,65,61,60,62,57],"product_brand":[],"product_cat":[34,20],"product_tag":[],"class_list":{"0":"post-852","1":"product","2":"type-product","3":"status-publish","4":"has-post-thumbnail","6":"certification-cnas","7":"certification-fda","8":"certification-iaf","9":"certification-iso-14001","10":"certification-iso-45001","11":"certification-iso-9001","12":"certification-lfgb","13":"product_cat-custom-household-ceramics","14":"product_cat-ceramic-kitchenware-wholesale","16":"first","17":"instock","18":"shipping-taxable","19":"product-type-simple"},"acf":[],"_links":{"self":[{"href":"https:\/\/www.linkceramics.com\/es\/wp-json\/wp\/v2\/product\/852","targetHints":{"allow":["GET"]}}],"collection":[{"href":"https:\/\/www.linkceramics.com\/es\/wp-json\/wp\/v2\/product"}],"about":[{"href":"https:\/\/www.linkceramics.com\/es\/wp-json\/wp\/v2\/types\/product"}],"replies":[{"embeddable":true,"href":"https:\/\/www.linkceramics.com\/es\/wp-json\/wp\/v2\/comments?post=852"}],"wp:featuredmedia":[{"embeddable":true,"href":"https:\/\/www.linkceramics.com\/es\/wp-json\/wp\/v2\/media\/853"}],"wp:attachment":[{"href":"https:\/\/www.linkceramics.com\/es\/wp-json\/wp\/v2\/media?parent=852"}],"wp:term":[{"taxonomy":"certification","embeddable":true,"href":"https:\/\/www.linkceramics.com\/es\/wp-json\/wp\/v2\/certification?post=852"},{"taxonomy":"product_brand","embeddable":true,"href":"https:\/\/www.linkceramics.com\/es\/wp-json\/wp\/v2\/product_brand?post=852"},{"taxonomy":"product_cat","embeddable":true,"href":"https:\/\/www.linkceramics.com\/es\/wp-json\/wp\/v2\/product_cat?post=852"},{"taxonomy":"product_tag","embeddable":true,"href":"https:\/\/www.linkceramics.com\/es\/wp-json\/wp\/v2\/product_tag?post=852"}],"curies":[{"name":"wp","href":"https:\/\/api.w.org\/{rel}","templated":true}]}}