{"id":856,"date":"2024-12-21T07:06:36","date_gmt":"2024-12-21T07:06:36","guid":{"rendered":"https:\/\/www.linkceramics.com\/?post_type=product&#038;p=856"},"modified":"2024-12-21T07:06:37","modified_gmt":"2024-12-21T07:06:37","slug":"wholesale-bathroom-sinks-vessel-bowls","status":"publish","type":"product","link":"https:\/\/www.linkceramics.com\/es\/product\/wholesale-bathroom-sinks-vessel-bowls\/","title":{"rendered":"Mayorista Fregaderos de Ba\u00f1o Cubetas, Lavabos sobre encimera"},"content":{"rendered":"<div class=\"wp-block-columns is-layout-flex wp-container-core-columns-is-layout-9d6595d7 wp-block-columns-is-layout-flex\">\n<div class=\"wp-block-column is-layout-flow wp-block-column-is-layout-flow\" style=\"flex-basis:50%\">\n<h3 class=\"wp-block-heading\">Premium al por mayor lavabos de ba\u00f1o Vessel Bowls Caracter\u00edsticas:<\/h3>\n\n\n\n<ul class=\"wp-block-list\">\n<li><strong>Dibujo de m\u00e1rmol realista:\u00a0<\/strong>Estos lavabos de m\u00e1rmol al por mayor utilizan una avanzada tecnolog\u00eda de transferencia de agua para reproducir con precisi\u00f3n la textura natural y el color del m\u00e1rmol, aportando un encanto visual \u00fanico al lavabo.<\/li>\n\n\n\n<li><strong>Antiincrustante y f\u00e1cil de limpiar:\u00a0<\/strong>Estos lavabos de ba\u00f1o a medida tienen una superficie lisa y densa. Por lo tanto, no es f\u00e1cil de absorber mucha agua o suciedad, que es tambi\u00e9n la raz\u00f3n por la que el fregadero de cer\u00e1mica es f\u00e1cil de limpiar en el uso diario. Normalmente, s\u00f3lo tiene que limpiar suavemente con detergente ordinario para mantener el fregadero limpio y brillante para facilitar su comodidad de uso.<\/li>\n\n\n\n<li><strong>Materiales de alta calidad:<\/strong>\u00a0Nuestros lavabos de ba\u00f1o al por mayor de color m\u00e1rmol utilizan materiales cer\u00e1micos de alta calidad para garantizar que el lavabo tenga una estructura estable, una superficie lisa, f\u00e1cil de limpiar y una belleza duradera.<\/li>\n\n\n\n<li><strong>Hermosa y generosa:\u00a0<\/strong>La forma exterior de estos lavabos de ba\u00f1o a medida es sencilla y elegante; puede satisfacer todo tipo de estilos de decoraci\u00f3n, como la sencillez moderna, la sencillez cl\u00e1sica, el retro cl\u00e1sico o el retro moderno. Gracias a los diferentes dise\u00f1os de la cer\u00e1mica y las opciones de color, los clientes pueden encontrar f\u00e1cilmente una combinaci\u00f3n entre el estilo general del cuarto de ba\u00f1o y el lavabo de cer\u00e1mica. El blanco y el delicado brillo a\u00f1aden un toque de distinci\u00f3n al cuarto de ba\u00f1o, proporcionando a la gente una experiencia pulcra y confortable.<\/li>\n<\/ul>\n<\/div>\n\n\n\n<div class=\"wp-block-column is-layout-flow wp-block-column-is-layout-flow\" style=\"flex-basis:50%\">\n<figure class=\"wp-block-image size-full\"><img decoding=\"async\" width=\"980\" height=\"1351\" src=\"https:\/\/www.linkceramics.com\/wp-content\/uploads\/2024\/12\/wholesales-Modern-Basins-6.webp\" alt=\"mayoristas-Piletas modernas-6\" class=\"wp-image-861\" srcset=\"https:\/\/www.linkceramics.com\/wp-content\/uploads\/2024\/12\/wholesales-Modern-Basins-6.webp 980w, https:\/\/www.linkceramics.com\/wp-content\/uploads\/2024\/12\/wholesales-Modern-Basins-6-218x300.webp 218w, https:\/\/www.linkceramics.com\/wp-content\/uploads\/2024\/12\/wholesales-Modern-Basins-6-768x1059.webp 768w, https:\/\/www.linkceramics.com\/wp-content\/uploads\/2024\/12\/wholesales-Modern-Basins-6-600x827.webp 600w\" sizes=\"(max-width: 980px) 100vw, 980px\" \/><\/figure>\n<\/div>\n<\/div>","protected":false},"excerpt":{"rendered":"<div id=\"brxe-0ee1ca\" class=\"brxe-product-meta product_meta\">\n<div id=\"brxe-0ee1ca\" class=\"brxe-product-meta product_meta\">Bienvenido a los lavabos de ba\u00f1o a medida. La forma externa de nuestros lavabos al por mayor es sencilla y elegante. Puede satisfacer todo tipo de estilos de decoraci\u00f3n, como la simplicidad moderna. La superficie es lisa y densa, y es f\u00e1cil de limpiar en el uso diario.\u00a0<\/div>\n<\/div>\n<div id=\"brxe-8c5ca9\" class=\"brxe-product-short-description\">\n<div class=\"woocommerce-product-details__short-description\">\n<h2>Lavabos de ba\u00f1o Vessel Bowls Especificaciones:<\/h2>\n<table border=\"0\" width=\"531\" cellspacing=\"0\" cellpadding=\"0\">\n<tbody>\n<tr>\n<td width=\"271\" height=\"24\">Fabricante<\/td>\n<td width=\"260\">HanYu<\/td>\n<\/tr>\n<tr>\n<td width=\"271\" height=\"25\">N\u00ba de modelo<\/td>\n<td width=\"260\">HY-8056D134<\/td>\n<\/tr>\n<tr>\n<td width=\"271\" height=\"48\">Tipo<\/td>\n<td width=\"260\">Lavabo Color M\u00e1rmol, Lavabo Encimera<\/td>\n<\/tr>\n<tr>\n<td width=\"271\" height=\"24\">Forma<\/td>\n<td width=\"260\">Forma ovalada<\/td>\n<\/tr>\n<tr>\n<td width=\"271\" height=\"24\">Color<\/td>\n<td width=\"260\">Blanco y dorado<\/td>\n<\/tr>\n<tr>\n<td width=\"271\" height=\"24\">Dimensi\u00f3n<\/td>\n<td width=\"260\">61*41.5*13.5<\/td>\n<\/tr>\n<tr>\n<td width=\"271\" height=\"24\">N.W \/SET<\/td>\n<td width=\"260\">12 KGS\/PCS<\/td>\n<\/tr>\n<tr>\n<td width=\"271\" height=\"24\">MOQ<\/td>\n<td width=\"260\">20 piezas<\/td>\n<\/tr>\n<tr>\n<td width=\"271\" height=\"48\">Opci\u00f3n personalizada<\/td>\n<td width=\"260\">Color\/Patr\u00f3n\/Tama\u00f1o\/Logotipo\/Embalaje<\/td>\n<\/tr>\n<\/tbody>\n<\/table>\n<\/div>\n<\/div>","protected":false},"featured_media":860,"comment_status":"open","ping_status":"closed","template":"","meta":{"_acf_changed":true},"certification":[59,61,60,62],"product_brand":[],"product_cat":[35,21],"product_tag":[],"class_list":{"0":"post-856","1":"product","2":"type-product","3":"status-publish","4":"has-post-thumbnail","6":"certification-ce","7":"certification-iso-14001","8":"certification-iso-45001","9":"certification-iso-9001","10":"product_cat-bathroom-ceramics-supply","11":"product_cat-wholesale-ceramic-basin","13":"first","14":"instock","15":"shipping-taxable","16":"product-type-simple"},"acf":[],"_links":{"self":[{"href":"https:\/\/www.linkceramics.com\/es\/wp-json\/wp\/v2\/product\/856","targetHints":{"allow":["GET"]}}],"collection":[{"href":"https:\/\/www.linkceramics.com\/es\/wp-json\/wp\/v2\/product"}],"about":[{"href":"https:\/\/www.linkceramics.com\/es\/wp-json\/wp\/v2\/types\/product"}],"replies":[{"embeddable":true,"href":"https:\/\/www.linkceramics.com\/es\/wp-json\/wp\/v2\/comments?post=856"}],"wp:featuredmedia":[{"embeddable":true,"href":"https:\/\/www.linkceramics.com\/es\/wp-json\/wp\/v2\/media\/860"}],"wp:attachment":[{"href":"https:\/\/www.linkceramics.com\/es\/wp-json\/wp\/v2\/media?parent=856"}],"wp:term":[{"taxonomy":"certification","embeddable":true,"href":"https:\/\/www.linkceramics.com\/es\/wp-json\/wp\/v2\/certification?post=856"},{"taxonomy":"product_brand","embeddable":true,"href":"https:\/\/www.linkceramics.com\/es\/wp-json\/wp\/v2\/product_brand?post=856"},{"taxonomy":"product_cat","embeddable":true,"href":"https:\/\/www.linkceramics.com\/es\/wp-json\/wp\/v2\/product_cat?post=856"},{"taxonomy":"product_tag","embeddable":true,"href":"https:\/\/www.linkceramics.com\/es\/wp-json\/wp\/v2\/product_tag?post=856"}],"curies":[{"name":"wp","href":"https:\/\/api.w.org\/{rel}","templated":true}]}}