{"id":862,"date":"2024-12-10T02:46:49","date_gmt":"2024-12-10T02:46:49","guid":{"rendered":"https:\/\/www.linkceramics.com\/?post_type=product&#038;p=862"},"modified":"2024-12-10T02:46:50","modified_gmt":"2024-12-10T02:46:50","slug":"above-counter-sinks-wholesale","status":"publish","type":"product","link":"https:\/\/www.linkceramics.com\/es\/product\/above-counter-sinks-wholesale\/","title":{"rendered":"Lavabos sobre encimera al por mayor, lavabos de lujo y duraderos"},"content":{"rendered":"<div class=\"wp-block-columns is-layout-flex wp-container-core-columns-is-layout-9d6595d7 wp-block-columns-is-layout-flex\">\n<div class=\"wp-block-column is-layout-flow wp-block-column-is-layout-flow\" style=\"flex-basis:50%\">\n<h3 class=\"wp-block-heading\">Premium fregaderos por encima del mostrador al por mayor Caracter\u00edsticas:<\/h3>\n\n\n\n<ul class=\"wp-block-list\">\n<li><strong>Dise\u00f1o de lujo de alta gama:<\/strong>\u00a0Nuestros fregaderos sobre encimera al por mayor a\u00f1aden una sensaci\u00f3n de lujo al espacio de la cocina con su dise\u00f1o \u00fanico y elegante. Cada producto ha sido cuidadosamente elaborado con l\u00edneas suaves y materiales exquisitos, que pueden integrarse perfectamente en varios estilos de decoraci\u00f3n de gama alta.<\/li>\n\n\n\n<li><strong>Excelente durabilidad:<\/strong>\u00a0Nos centramos en crear productos de fregadero extremadamente duraderos para fregaderos sobre encimera a granel, utilizando materiales cer\u00e1micos de alta calidad y un procesamiento especial para garantizar que los productos tengan una excelente resistencia a la corrosi\u00f3n, a los ara\u00f1azos y a las altas temperaturas.<\/li>\n\n\n\n<li><strong>F\u00e1cil de limpiar y mantener:\u00a0<\/strong>Nuestros fregaderos sobre encimera al por mayor cuentan con un esmalte antiadherente y f\u00e1cil de limpiar, nuestros productos requieren un mantenimiento m\u00ednimo y resisten sin esfuerzo las huellas dactilares, la suciedad y las manchas de agua, garantizando un aspecto impecable con el paso del tiempo.<\/li>\n\n\n\n<li><strong>Entrega r\u00e1pida:\u00a0<\/strong>Con entrega r\u00e1pida y precios asequibles, nuestros fregaderos sobre encimera al por mayor son la elecci\u00f3n perfecta para instalaciones profesionales y proyectos de rejuvenecimiento de cuartos de ba\u00f1o, ofreciendo un complemento elegante y funcional a cualquier espacio.<\/li>\n<\/ul>\n<\/div>\n\n\n\n<div class=\"wp-block-column is-layout-flow wp-block-column-is-layout-flow\" style=\"flex-basis:50%\">\n<figure class=\"wp-block-image size-full\"><img decoding=\"async\" width=\"750\" height=\"750\" src=\"https:\/\/www.linkceramics.com\/wp-content\/uploads\/2024\/12\/Above-Counter-Sinks-Wholesale-Luxury-and-Durable-Sinks-1.webp\" alt=\"Fregaderos sobre encimera - Mayoristas - Fregaderos de lujo y duraderos - 1\" class=\"wp-image-863\" srcset=\"https:\/\/www.linkceramics.com\/wp-content\/uploads\/2024\/12\/Above-Counter-Sinks-Wholesale-Luxury-and-Durable-Sinks-1.webp 750w, https:\/\/www.linkceramics.com\/wp-content\/uploads\/2024\/12\/Above-Counter-Sinks-Wholesale-Luxury-and-Durable-Sinks-1-300x300.webp 300w, https:\/\/www.linkceramics.com\/wp-content\/uploads\/2024\/12\/Above-Counter-Sinks-Wholesale-Luxury-and-Durable-Sinks-1-150x150.webp 150w, https:\/\/www.linkceramics.com\/wp-content\/uploads\/2024\/12\/Above-Counter-Sinks-Wholesale-Luxury-and-Durable-Sinks-1-600x600.webp 600w, https:\/\/www.linkceramics.com\/wp-content\/uploads\/2024\/12\/Above-Counter-Sinks-Wholesale-Luxury-and-Durable-Sinks-1-100x100.webp 100w\" sizes=\"(max-width: 750px) 100vw, 750px\" \/><\/figure>\n<\/div>\n<\/div>","protected":false},"excerpt":{"rendered":"<div id=\"brxe-0ee1ca\" class=\"brxe-product-meta product_meta\">\n<div id=\"brxe-0ee1ca\" class=\"brxe-product-meta product_meta\">Nuestros lavabos sobre encimera al por mayor est\u00e1n fabricados con materiales cer\u00e1micos de alta calidad, duraderos y lujosos, con superficies suaves y delicadas, f\u00e1ciles de instalar y limpiar. El dise\u00f1o moderno combina belleza y practicidad, que puede combinar perfectamente con varios estilos de ba\u00f1o y mejorar el lujo del espacio. Ofrecemos descuentos por compras al por mayor para garantizarle productos de alta calidad al mejor precio para satisfacer sus diversas necesidades.<\/div>\n<\/div>\n<div id=\"brxe-8c5ca9\" class=\"brxe-product-short-description\">\n<div class=\"woocommerce-product-details__short-description\">\n<h2>Premium Fregaderos Sobre Encimera Especificaciones:<\/h2>\n<table border=\"0\" width=\"311\" cellspacing=\"0\" cellpadding=\"0\">\n<tbody>\n<tr>\n<td width=\"108\" height=\"17\">Fabricante<\/td>\n<td width=\"202\">HanYu<\/td>\n<\/tr>\n<tr>\n<td height=\"17\">N\u00ba de modelo<\/td>\n<td>HY-8176<\/td>\n<\/tr>\n<tr>\n<td height=\"18\">Tipo<\/td>\n<td width=\"202\">Lavabo sobre encimera<\/td>\n<\/tr>\n<tr>\n<td height=\"17\">Forma<\/td>\n<td>Forma redonda<\/td>\n<\/tr>\n<tr>\n<td height=\"18\">Color<\/td>\n<td width=\"202\">Blanco<\/td>\n<\/tr>\n<tr>\n<td height=\"18\">Dimensi\u00f3n<\/td>\n<td width=\"202\">41.5*41.5*14<\/td>\n<\/tr>\n<tr>\n<td height=\"17\">N.W \/SET<\/td>\n<td>11KGS\/PCS<\/td>\n<\/tr>\n<tr>\n<td height=\"17\">MOQ<\/td>\n<td>20 piezas<\/td>\n<\/tr>\n<tr>\n<td height=\"17\">Opci\u00f3n personalizada<\/td>\n<td>Color\/Patr\u00f3n\/Tama\u00f1o\/Logotipo\/Embalaje<\/td>\n<\/tr>\n<\/tbody>\n<\/table>\n<p><\/div>\n<\/div>","protected":false},"featured_media":867,"comment_status":"open","ping_status":"closed","template":"","meta":{"_acf_changed":true},"certification":[59,61,60,62],"product_brand":[],"product_cat":[35,21],"product_tag":[],"class_list":{"0":"post-862","1":"product","2":"type-product","3":"status-publish","4":"has-post-thumbnail","6":"certification-ce","7":"certification-iso-14001","8":"certification-iso-45001","9":"certification-iso-9001","10":"product_cat-bathroom-ceramics-supply","11":"product_cat-wholesale-ceramic-basin","13":"first","14":"instock","15":"shipping-taxable","16":"product-type-simple"},"acf":[],"_links":{"self":[{"href":"https:\/\/www.linkceramics.com\/es\/wp-json\/wp\/v2\/product\/862","targetHints":{"allow":["GET"]}}],"collection":[{"href":"https:\/\/www.linkceramics.com\/es\/wp-json\/wp\/v2\/product"}],"about":[{"href":"https:\/\/www.linkceramics.com\/es\/wp-json\/wp\/v2\/types\/product"}],"replies":[{"embeddable":true,"href":"https:\/\/www.linkceramics.com\/es\/wp-json\/wp\/v2\/comments?post=862"}],"wp:featuredmedia":[{"embeddable":true,"href":"https:\/\/www.linkceramics.com\/es\/wp-json\/wp\/v2\/media\/867"}],"wp:attachment":[{"href":"https:\/\/www.linkceramics.com\/es\/wp-json\/wp\/v2\/media?parent=862"}],"wp:term":[{"taxonomy":"certification","embeddable":true,"href":"https:\/\/www.linkceramics.com\/es\/wp-json\/wp\/v2\/certification?post=862"},{"taxonomy":"product_brand","embeddable":true,"href":"https:\/\/www.linkceramics.com\/es\/wp-json\/wp\/v2\/product_brand?post=862"},{"taxonomy":"product_cat","embeddable":true,"href":"https:\/\/www.linkceramics.com\/es\/wp-json\/wp\/v2\/product_cat?post=862"},{"taxonomy":"product_tag","embeddable":true,"href":"https:\/\/www.linkceramics.com\/es\/wp-json\/wp\/v2\/product_tag?post=862"}],"curies":[{"name":"wp","href":"https:\/\/api.w.org\/{rel}","templated":true}]}}