{"id":868,"date":"2024-12-10T02:45:34","date_gmt":"2024-12-10T02:45:34","guid":{"rendered":"https:\/\/www.linkceramics.com\/?post_type=product&#038;p=868"},"modified":"2024-12-10T02:45:35","modified_gmt":"2024-12-10T02:45:35","slug":"bespoke-ceramic-sinks-wholesale","status":"publish","type":"product","link":"https:\/\/www.linkceramics.com\/es\/product\/bespoke-ceramic-sinks-wholesale\/","title":{"rendered":"Fregaderos de Cer\u00e1mica a Medida, Lavabos de Ba\u00f1o al por Mayor"},"content":{"rendered":"<div class=\"wp-block-columns is-layout-flex wp-container-core-columns-is-layout-9d6595d7 wp-block-columns-is-layout-flex\">\n<div class=\"wp-block-column is-layout-flow wp-block-column-is-layout-flow\">\n<h3 class=\"wp-block-heading\">Premium Bespoke Fregaderos de Cer\u00e1mica Caracter\u00edsticas:<\/h3>\n\n\n\n<ul class=\"wp-block-list\">\n<li><strong>Dise\u00f1o exquisito:\u00a0<\/strong>Nuestros lavabos de cer\u00e1mica a medida adoptan un exquisito dise\u00f1o moderno. Cada pieza es un tributo a la est\u00e9tica y pretende a\u00f1adir elegancia y gusto al espacio de ba\u00f1o.<\/li>\n\n\n\n<li><strong>Materiales de alta calidad:<\/strong>\u00a0La selecci\u00f3n de materiales cer\u00e1micos de alta calidad y la exquisita artesan\u00eda garantizan que cada uno de nuestros lavabos de ca\u00edda al por mayor no s\u00f3lo tenga un aspecto bonito, sino tambi\u00e9n una excelente durabilidad y sea f\u00e1cil de limpiar.<\/li>\n\n\n\n<li><strong>Garant\u00eda de calidad:<\/strong>\u00a0Los avanzados equipos de producci\u00f3n con un estricto sistema de control de calidad garantizan que todos los fregaderos de cer\u00e1mica a medida que salen de las f\u00e1bricas gocen de la m\u00e1xima calidad, tanto en durabilidad como en belleza, satisfaciendo as\u00ed las elevadas exigencias de los clientes.<\/li>\n\n\n\n<li><strong>Dise\u00f1o personalizado:\u00a0<\/strong>Nuestra venta al por mayor de lavabos para cuartos de ba\u00f1o est\u00e1 dise\u00f1ada en varios tipos de estilos y tama\u00f1os para su personalizaci\u00f3n, lo que nos permite satisfacer las necesidades de los distintos clientes. Esto permite ajustes de color, forma y textura de acuerdo a sus necesidades espec\u00edficas y la integraci\u00f3n en una variedad de dise\u00f1os de ba\u00f1o.<\/li>\n<\/ul>\n<\/div>\n\n\n\n<div class=\"wp-block-column is-layout-flow wp-block-column-is-layout-flow\">\n<figure class=\"wp-block-image size-full\"><img decoding=\"async\" width=\"757\" height=\"877\" src=\"https:\/\/www.linkceramics.com\/wp-content\/uploads\/2024\/12\/Bathroom-basin-supplier-drop-in-wash-basin-for-cabinet-7-1.webp\" alt=\"Proveedor de lavabos para cuartos de ba\u00f1o - lavabo suspendido para armario 7-1\" class=\"wp-image-873\" srcset=\"https:\/\/www.linkceramics.com\/wp-content\/uploads\/2024\/12\/Bathroom-basin-supplier-drop-in-wash-basin-for-cabinet-7-1.webp 757w, https:\/\/www.linkceramics.com\/wp-content\/uploads\/2024\/12\/Bathroom-basin-supplier-drop-in-wash-basin-for-cabinet-7-1-259x300.webp 259w, https:\/\/www.linkceramics.com\/wp-content\/uploads\/2024\/12\/Bathroom-basin-supplier-drop-in-wash-basin-for-cabinet-7-1-600x695.webp 600w\" sizes=\"(max-width: 757px) 100vw, 757px\" \/><\/figure>\n<\/div>\n<\/div>","protected":false},"excerpt":{"rendered":"<p>Bienvenido a lavabos de cer\u00e1mica a medida para su proyecto. Nuestro lavabo de ba\u00f1o al por mayor adopta un exquisito dise\u00f1o moderno, el lavabo al por mayor est\u00e1 dise\u00f1ado en varios tipos de estilos y tama\u00f1os para una personalizaci\u00f3n personalizada, lo que nos permite satisfacer las diferentes necesidades de los clientes. Esto permite ajustes de color, forma y textura de acuerdo a sus necesidades espec\u00edficas y la integraci\u00f3n en una variedad de dise\u00f1os de ba\u00f1o.<\/p>\n<h2>Premium Bespoke Fregaderos de cer\u00e1mica Especificaciones:<\/h2>\n<table border=\"0\" width=\"478\" cellspacing=\"0\" cellpadding=\"0\">\n<tbody>\n<tr>\n<td class=\"et3\" width=\"166\" height=\"23\">Fabricante<\/td>\n<td class=\"et3\" width=\"312\">HanYu<\/td>\n<\/tr>\n<tr>\n<td class=\"et3\" height=\"23\">N\u00ba de modelo<\/td>\n<td class=\"et4\">HY-5073A<\/td>\n<\/tr>\n<tr>\n<td class=\"et3\" height=\"23\">Tipo<\/td>\n<td class=\"et5\" width=\"312\">Fregaderos<\/td>\n<\/tr>\n<tr>\n<td class=\"et3\" height=\"24\">Forma<\/td>\n<td class=\"et3\">Forma ovalada<\/td>\n<\/tr>\n<tr>\n<td class=\"et4\" height=\"46\">Color<\/td>\n<td class=\"et5\" width=\"312\">negro\/blanco\/azul\/gris\/rosa\/verde\/marr\u00f3n\/caqui<\/td>\n<\/tr>\n<tr>\n<td class=\"et3\" height=\"24\">Dimensi\u00f3n<\/td>\n<td class=\"et5\" width=\"312\">55.5*36.5*17<\/td>\n<\/tr>\n<tr>\n<td class=\"et3\" height=\"23\">N.W \/SET<\/td>\n<td class=\"et3\">7KGS\/PCS<\/td>\n<\/tr>\n<tr>\n<td class=\"et3\" height=\"23\">MOQ<\/td>\n<td class=\"et3\">20 piezas<\/td>\n<\/tr>\n<tr>\n<td class=\"et3\" height=\"23\">Opci\u00f3n personalizada<\/td>\n<td class=\"et3\">Color\/Patr\u00f3n\/Tama\u00f1o\/Logotipo\/Embalaje<\/td>\n<\/tr>\n<\/tbody>\n<\/table>","protected":false},"featured_media":872,"comment_status":"open","ping_status":"closed","template":"","meta":{"_acf_changed":true},"certification":[59,61,60,62],"product_brand":[],"product_cat":[35,21],"product_tag":[],"class_list":{"0":"post-868","1":"product","2":"type-product","3":"status-publish","4":"has-post-thumbnail","6":"certification-ce","7":"certification-iso-14001","8":"certification-iso-45001","9":"certification-iso-9001","10":"product_cat-bathroom-ceramics-supply","11":"product_cat-wholesale-ceramic-basin","13":"first","14":"instock","15":"shipping-taxable","16":"product-type-simple"},"acf":[],"_links":{"self":[{"href":"https:\/\/www.linkceramics.com\/es\/wp-json\/wp\/v2\/product\/868","targetHints":{"allow":["GET"]}}],"collection":[{"href":"https:\/\/www.linkceramics.com\/es\/wp-json\/wp\/v2\/product"}],"about":[{"href":"https:\/\/www.linkceramics.com\/es\/wp-json\/wp\/v2\/types\/product"}],"replies":[{"embeddable":true,"href":"https:\/\/www.linkceramics.com\/es\/wp-json\/wp\/v2\/comments?post=868"}],"wp:featuredmedia":[{"embeddable":true,"href":"https:\/\/www.linkceramics.com\/es\/wp-json\/wp\/v2\/media\/872"}],"wp:attachment":[{"href":"https:\/\/www.linkceramics.com\/es\/wp-json\/wp\/v2\/media?parent=868"}],"wp:term":[{"taxonomy":"certification","embeddable":true,"href":"https:\/\/www.linkceramics.com\/es\/wp-json\/wp\/v2\/certification?post=868"},{"taxonomy":"product_brand","embeddable":true,"href":"https:\/\/www.linkceramics.com\/es\/wp-json\/wp\/v2\/product_brand?post=868"},{"taxonomy":"product_cat","embeddable":true,"href":"https:\/\/www.linkceramics.com\/es\/wp-json\/wp\/v2\/product_cat?post=868"},{"taxonomy":"product_tag","embeddable":true,"href":"https:\/\/www.linkceramics.com\/es\/wp-json\/wp\/v2\/product_tag?post=868"}],"curies":[{"name":"wp","href":"https:\/\/api.w.org\/{rel}","templated":true}]}}