{"id":884,"date":"2024-12-10T03:34:06","date_gmt":"2024-12-10T03:34:06","guid":{"rendered":"https:\/\/www.linkceramics.com\/?post_type=product&#038;p=884"},"modified":"2024-12-10T03:34:07","modified_gmt":"2024-12-10T03:34:07","slug":"undermount-sinks-wholesale","status":"publish","type":"product","link":"https:\/\/www.linkceramics.com\/es\/product\/undermount-sinks-wholesale\/","title":{"rendered":"Comprar Fregaderos De Porcelana Al Por Mayor Del Mejor Proveedor De Fregaderos De Cer\u00e1mica"},"content":{"rendered":"<div class=\"wp-block-columns is-layout-flex wp-container-core-columns-is-layout-9d6595d7 wp-block-columns-is-layout-flex\">\n<div class=\"wp-block-column is-layout-flow wp-block-column-is-layout-flow\" style=\"flex-basis:50%\">\n<h3 class=\"wp-block-heading\">Fregaderos Premium Undermount al por mayor Caracter\u00edsticas:<\/h3>\n\n\n\n<ul class=\"wp-block-list\">\n<li><strong>Duradera:\u00a0<\/strong>Nuestros fregaderos bajo encimera al por mayor est\u00e1n fabricados con materias primas cer\u00e1micas de alta calidad y cocidos a altas temperaturas para garantizar que los productos tengan una dureza y una resistencia a la corrosi\u00f3n extremadamente altas, sean duraderos y f\u00e1ciles de limpiar.<\/li>\n\n\n\n<li><strong>Servicios personalizados:\u00a0<\/strong>Ofrecemos una gama completa de servicios personalizados para la venta al por mayor de fregaderos de montaje bajo encimera comerciales, incluidos el tama\u00f1o, la forma, el color y el m\u00e9todo de instalaci\u00f3n, para garantizar que cada fregadero de montaje bajo encimera pueda adaptarse perfectamente a las necesidades de su espacio comercial.<\/li>\n\n\n\n<li><strong>Precio ventajoso:<\/strong>\u00a0Como fabricante profesional de lavabos de ba\u00f1o, ofrecemos lavabos bajo encimera al por mayor a precios muy competitivos para grandes proyectos como hoteles, restaurantes, edificios de oficinas, etc., y disfrutamos de m\u00e1s descuentos para grandes pedidos.<\/li>\n\n\n\n<li><strong>Entrega r\u00e1pida:<\/strong>\u00a0Prometemos una log\u00edstica y distribuci\u00f3n eficaces para garantizar que nuestros fregaderos bajo encimera al por mayor personalizados se entreguen r\u00e1pidamente, acelerando el progreso de su proyecto y satisfaciendo las necesidades urgentes de la construcci\u00f3n.<\/li>\n<\/ul>\n<\/div>\n\n\n\n<div class=\"wp-block-column is-layout-flow wp-block-column-is-layout-flow\" style=\"flex-basis:50%\">\n<figure class=\"wp-block-image size-full\"><img decoding=\"async\" width=\"629\" height=\"828\" src=\"https:\/\/www.linkceramics.com\/wp-content\/uploads\/2024\/12\/bathroom-basin-suppliers-under-counter-sinks-5.webp\" alt=\"proveedores de lavabos para cuartos de ba\u00f1o-fregaderos bajo encimera-5\" class=\"wp-image-889\" srcset=\"https:\/\/www.linkceramics.com\/wp-content\/uploads\/2024\/12\/bathroom-basin-suppliers-under-counter-sinks-5.webp 629w, https:\/\/www.linkceramics.com\/wp-content\/uploads\/2024\/12\/bathroom-basin-suppliers-under-counter-sinks-5-228x300.webp 228w, https:\/\/www.linkceramics.com\/wp-content\/uploads\/2024\/12\/bathroom-basin-suppliers-under-counter-sinks-5-600x790.webp 600w\" sizes=\"(max-width: 629px) 100vw, 629px\" \/><\/figure>\n<\/div>\n<\/div>","protected":false},"excerpt":{"rendered":"<div id=\"brxe-0ee1ca\" class=\"brxe-product-meta product_meta\">\n<div id=\"brxe-0ee1ca\" class=\"brxe-product-meta product_meta\">Comprar fregaderos de porcelana de proveedores. Nuestros fregaderos de montaje bajo al por mayor son de materias primas de cer\u00e1mica de alta clase y cocidos a altas temperaturas. Ofrecemos una gama completa de servicios personalizados para Comercial Bajo Lavabos de montaje, incluyendo el tama\u00f1o, forma, color, y el m\u00e9todo de instalaci\u00f3n, para asegurar que cada lavabo de montaje bajo puede adaptarse perfectamente a sus necesidades de espacio comercial.<\/div>\n<\/div>\n<div id=\"brxe-8c5ca9\" class=\"brxe-product-short-description\">\n<div class=\"woocommerce-product-details__short-description\">\n<h2>Fregaderos Bajo Encimera Premium Especificaciones:<\/h2>\n<table border=\"0\" width=\"478\" cellspacing=\"0\" cellpadding=\"0\">\n<tbody>\n<tr>\n<td class=\"et3\" width=\"166\" height=\"23\">Fabricante<\/td>\n<td class=\"et3\" width=\"312\">HanYu<\/td>\n<\/tr>\n<tr>\n<td class=\"et3\" height=\"23\">N\u00ba de modelo<\/td>\n<td class=\"et4\">HY-1602<\/td>\n<\/tr>\n<tr>\n<td class=\"et3\" height=\"23\">Tipo<\/td>\n<td class=\"et5\" width=\"312\">Fregaderos bajo encimera<\/td>\n<\/tr>\n<tr>\n<td class=\"et3\" height=\"24\">Forma<\/td>\n<td class=\"et3\">Forma ovalada<\/td>\n<\/tr>\n<tr>\n<td class=\"et4\" height=\"46\">Color<\/td>\n<td class=\"et5\" width=\"312\">negro\/blanco\/azul\/gris\/rosa\/verde\/marr\u00f3n\/caqui<\/td>\n<\/tr>\n<tr>\n<td class=\"et3\" height=\"24\">Dimensi\u00f3n<\/td>\n<td class=\"et5\" width=\"312\">41*36*17.5<\/td>\n<\/tr>\n<tr>\n<td class=\"et3\" height=\"23\">N.W \/SET<\/td>\n<td class=\"et3\">4.5KGS\/PCS<\/td>\n<\/tr>\n<tr>\n<td class=\"et3\" height=\"23\">MOQ<\/td>\n<td class=\"et3\">20 piezas<\/td>\n<\/tr>\n<tr>\n<td class=\"et3\" height=\"23\">Opci\u00f3n personalizada<\/td>\n<td class=\"et3\">Color\/Patr\u00f3n\/Tama\u00f1o\/Logotipo\/Embalaje<\/td>\n<\/tr>\n<\/tbody>\n<\/table>\n<p><\/div>\n<\/div>","protected":false},"featured_media":885,"comment_status":"open","ping_status":"closed","template":"","meta":{"_acf_changed":true},"certification":[59,61,60,62],"product_brand":[],"product_cat":[35,21],"product_tag":[],"class_list":{"0":"post-884","1":"product","2":"type-product","3":"status-publish","4":"has-post-thumbnail","6":"certification-ce","7":"certification-iso-14001","8":"certification-iso-45001","9":"certification-iso-9001","10":"product_cat-bathroom-ceramics-supply","11":"product_cat-wholesale-ceramic-basin","13":"first","14":"instock","15":"shipping-taxable","16":"product-type-simple"},"acf":[],"_links":{"self":[{"href":"https:\/\/www.linkceramics.com\/es\/wp-json\/wp\/v2\/product\/884","targetHints":{"allow":["GET"]}}],"collection":[{"href":"https:\/\/www.linkceramics.com\/es\/wp-json\/wp\/v2\/product"}],"about":[{"href":"https:\/\/www.linkceramics.com\/es\/wp-json\/wp\/v2\/types\/product"}],"replies":[{"embeddable":true,"href":"https:\/\/www.linkceramics.com\/es\/wp-json\/wp\/v2\/comments?post=884"}],"wp:featuredmedia":[{"embeddable":true,"href":"https:\/\/www.linkceramics.com\/es\/wp-json\/wp\/v2\/media\/885"}],"wp:attachment":[{"href":"https:\/\/www.linkceramics.com\/es\/wp-json\/wp\/v2\/media?parent=884"}],"wp:term":[{"taxonomy":"certification","embeddable":true,"href":"https:\/\/www.linkceramics.com\/es\/wp-json\/wp\/v2\/certification?post=884"},{"taxonomy":"product_brand","embeddable":true,"href":"https:\/\/www.linkceramics.com\/es\/wp-json\/wp\/v2\/product_brand?post=884"},{"taxonomy":"product_cat","embeddable":true,"href":"https:\/\/www.linkceramics.com\/es\/wp-json\/wp\/v2\/product_cat?post=884"},{"taxonomy":"product_tag","embeddable":true,"href":"https:\/\/www.linkceramics.com\/es\/wp-json\/wp\/v2\/product_tag?post=884"}],"curies":[{"name":"wp","href":"https:\/\/api.w.org\/{rel}","templated":true}]}}