{"id":890,"date":"2024-12-10T03:30:50","date_gmt":"2024-12-10T03:30:50","guid":{"rendered":"https:\/\/www.linkceramics.com\/?post_type=product&#038;p=890"},"modified":"2024-12-10T03:30:51","modified_gmt":"2024-12-10T03:30:51","slug":"custom-commercial-under-mount-basins","status":"publish","type":"product","link":"https:\/\/www.linkceramics.com\/es\/product\/custom-commercial-under-mount-basins\/","title":{"rendered":"Lavabos comerciales de montaje bajo encimera personalizados y a granel"},"content":{"rendered":"<div class=\"wp-block-columns is-layout-flex wp-container-core-columns-is-layout-9d6595d7 wp-block-columns-is-layout-flex\">\n<div class=\"wp-block-column is-layout-flow wp-block-column-is-layout-flow\" style=\"flex-basis:50%\">\n<h3 class=\"wp-block-heading\">Lavabos Bajo Encimera Comerciales Premium Caracter\u00edsticas:<\/h3>\n\n\n\n<ul class=\"wp-block-list\">\n<li><strong>Materiales de alta calidad:\u00a0<\/strong>Nuestros lavabos bajo encimera comerciales al por mayor est\u00e1n fabricados con materiales cer\u00e1micos de alta calidad, lo que garantiza que los productos tengan una dureza y una resistencia a la corrosi\u00f3n extremadamente altas, una larga durabilidad y sean f\u00e1ciles de limpiar.<\/li>\n\n\n\n<li><strong>Servicios personalizados:\u00a0<\/strong>Ofrecemos una gama completa de servicios personalizados para lavabos de montaje bajo encimera comerciales, incluidos el tama\u00f1o, la forma, el color y el m\u00e9todo de instalaci\u00f3n, para garantizar que cada lavabo de montaje bajo encimera pueda adaptarse perfectamente a las necesidades de su espacio comercial.<\/li>\n\n\n\n<li><strong>Precio ventajoso:<\/strong>\u00a0Como fabricante profesional de lavabos de ba\u00f1o, ofrecemos precios muy competitivos para grandes proyectos como hoteles, restaurantes, edificios de oficinas, etc., y disfrutamos de m\u00e1s descuentos para grandes pedidos.<\/li>\n\n\n\n<li><strong>Entrega r\u00e1pida:\u00a0<\/strong>Podemos garantizar que sus pedidos de gran volumen se produzcan y entreguen r\u00e1pidamente, acelerando el progreso de su proyecto y satisfaciendo las necesidades urgentes de construcci\u00f3n.<\/li>\n<\/ul>\n<\/div>\n\n\n\n<div class=\"wp-block-column is-layout-flow wp-block-column-is-layout-flow\" style=\"flex-basis:50%\">\n<figure class=\"wp-block-image size-full\"><img decoding=\"async\" width=\"629\" height=\"869\" src=\"https:\/\/www.linkceramics.com\/wp-content\/uploads\/2024\/12\/custom-and-bulk-order-commercial-under-mount-basins-1.webp\" alt=\"lavabos bajo encimera comerciales a medida y a granel-1\" class=\"wp-image-892\" srcset=\"https:\/\/www.linkceramics.com\/wp-content\/uploads\/2024\/12\/custom-and-bulk-order-commercial-under-mount-basins-1.webp 629w, https:\/\/www.linkceramics.com\/wp-content\/uploads\/2024\/12\/custom-and-bulk-order-commercial-under-mount-basins-1-217x300.webp 217w, https:\/\/www.linkceramics.com\/wp-content\/uploads\/2024\/12\/custom-and-bulk-order-commercial-under-mount-basins-1-600x829.webp 600w\" sizes=\"(max-width: 629px) 100vw, 629px\" \/><\/figure>\n<\/div>\n<\/div>","protected":false},"excerpt":{"rendered":"<div id=\"brxe-0ee1ca\" class=\"brxe-product-meta product_meta\">\n<div id=\"brxe-0ee1ca\" class=\"brxe-product-meta product_meta\">Personalice y pida al por mayor lavabos de montaje bajo comercial de fabricantes profesionales de lavabos de ba\u00f1o. Nuestros lavabos de ba\u00f1o est\u00e1n fabricados con materiales cer\u00e1micos de alta calidad para garantizar su durabilidad, f\u00e1cil limpieza y mantenimiento, y se adaptan perfectamente a las necesidades de su espacio comercial.<\/div>\n<\/div>\n<div id=\"brxe-8c5ca9\" class=\"brxe-product-short-description\">\n<div class=\"woocommerce-product-details__short-description\">\n<h2>Lavabos comerciales de montaje bajo Especificaciones:<\/h2>\n<table border=\"0\" width=\"311\" cellspacing=\"0\" cellpadding=\"0\">\n<tbody>\n<tr>\n<td width=\"108\" height=\"17\">Fabricante<\/td>\n<td width=\"202\">HanYu<\/td>\n<\/tr>\n<tr>\n<td height=\"17\">N\u00ba de modelo<\/td>\n<td>HY-3028<\/td>\n<\/tr>\n<tr>\n<td height=\"18\">Tipo<\/td>\n<td width=\"202\">Lavabos bajo encimera<\/td>\n<\/tr>\n<tr>\n<td height=\"17\">Forma<\/td>\n<td>Forma rectangular<\/td>\n<\/tr>\n<tr>\n<td height=\"18\">Color<\/td>\n<td width=\"202\">Blanco<\/td>\n<\/tr>\n<tr>\n<td height=\"18\">Dimensi\u00f3n<\/td>\n<td width=\"202\">52.5*34*17.5<\/td>\n<\/tr>\n<tr>\n<td height=\"17\">N.W \/SET<\/td>\n<td>8KGS\/PCS<\/td>\n<\/tr>\n<tr>\n<td height=\"17\">MOQ<\/td>\n<td>20 piezas<\/td>\n<\/tr>\n<tr>\n<td height=\"17\">Opci\u00f3n personalizada<\/td>\n<td>Color\/Patr\u00f3n\/Tama\u00f1o\/Logotipo\/Embalaje<\/td>\n<\/tr>\n<\/tbody>\n<\/table>\n<p><\/div>\n<\/div>","protected":false},"featured_media":895,"comment_status":"open","ping_status":"closed","template":"","meta":{"_acf_changed":true},"certification":[59,61,60,62],"product_brand":[],"product_cat":[35,21],"product_tag":[],"class_list":{"0":"post-890","1":"product","2":"type-product","3":"status-publish","4":"has-post-thumbnail","6":"certification-ce","7":"certification-iso-14001","8":"certification-iso-45001","9":"certification-iso-9001","10":"product_cat-bathroom-ceramics-supply","11":"product_cat-wholesale-ceramic-basin","13":"first","14":"instock","15":"shipping-taxable","16":"product-type-simple"},"acf":[],"_links":{"self":[{"href":"https:\/\/www.linkceramics.com\/es\/wp-json\/wp\/v2\/product\/890","targetHints":{"allow":["GET"]}}],"collection":[{"href":"https:\/\/www.linkceramics.com\/es\/wp-json\/wp\/v2\/product"}],"about":[{"href":"https:\/\/www.linkceramics.com\/es\/wp-json\/wp\/v2\/types\/product"}],"replies":[{"embeddable":true,"href":"https:\/\/www.linkceramics.com\/es\/wp-json\/wp\/v2\/comments?post=890"}],"wp:featuredmedia":[{"embeddable":true,"href":"https:\/\/www.linkceramics.com\/es\/wp-json\/wp\/v2\/media\/895"}],"wp:attachment":[{"href":"https:\/\/www.linkceramics.com\/es\/wp-json\/wp\/v2\/media?parent=890"}],"wp:term":[{"taxonomy":"certification","embeddable":true,"href":"https:\/\/www.linkceramics.com\/es\/wp-json\/wp\/v2\/certification?post=890"},{"taxonomy":"product_brand","embeddable":true,"href":"https:\/\/www.linkceramics.com\/es\/wp-json\/wp\/v2\/product_brand?post=890"},{"taxonomy":"product_cat","embeddable":true,"href":"https:\/\/www.linkceramics.com\/es\/wp-json\/wp\/v2\/product_cat?post=890"},{"taxonomy":"product_tag","embeddable":true,"href":"https:\/\/www.linkceramics.com\/es\/wp-json\/wp\/v2\/product_tag?post=890"}],"curies":[{"name":"wp","href":"https:\/\/api.w.org\/{rel}","templated":true}]}}