{"id":898,"date":"2024-12-10T03:29:55","date_gmt":"2024-12-10T03:29:55","guid":{"rendered":"https:\/\/www.linkceramics.com\/?post_type=product&#038;p=898"},"modified":"2024-12-10T03:29:56","modified_gmt":"2024-12-10T03:29:56","slug":"custom-sinks","status":"publish","type":"product","link":"https:\/\/www.linkceramics.com\/es\/product\/custom-sinks\/","title":{"rendered":"Fregaderos comerciales a medida, Lavamanos semi-encastrados al por mayor"},"content":{"rendered":"<div class=\"wp-block-columns is-layout-flex wp-container-core-columns-is-layout-9d6595d7 wp-block-columns-is-layout-flex\">\n<div class=\"wp-block-column is-layout-flow wp-block-column-is-layout-flow\" style=\"flex-basis:50%\">\n<h3 class=\"wp-block-heading\">Premium Custom Fregaderos Caracter\u00edsticas:<\/h3>\n\n\n\n<ul class=\"wp-block-list\">\n<li><strong>Opciones de personalizaci\u00f3n:\u00a0<\/strong>Nuestros fregaderos a medida ofrecen diversas opciones de personalizaci\u00f3n. Los clientes pueden elegir el tama\u00f1o, el color y el estilo en funci\u00f3n de sus necesidades espec\u00edficas para garantizar que el producto se adapte perfectamente a diferentes espacios comerciales y estilos de dise\u00f1o.<\/li>\n\n\n\n<li><strong>Materiales de alta calidad:\u00a0<\/strong>Nuestros lavamanos semiempotrados al por mayor est\u00e1n fabricados en cer\u00e1mica de alta calidad con una excelente durabilidad y resistencia a las manchas. Esta selecci\u00f3n de materiales no solo garantiza la estabilidad durante un uso prolongado, sino que tambi\u00e9n facilita la limpieza y el mantenimiento, por lo que resultan adecuados para entornos comerciales muy transitados.<\/li>\n\n\n\n<li><strong>Dise\u00f1o moderno:\u00a0<\/strong>Este fregadero semiempotrado a medida combina un aspecto moderno con la practicidad. Su dise\u00f1o semiempotrado ahorra espacio a la vez que proporciona una mayor superficie de encimera, lo que resulta c\u00f3modo para los usuarios en ocasiones comerciales. Ya se trate de un restaurante, un centro comercial o un edificio de oficinas, este lavamanos puede realzar la belleza general del espacio.<\/li>\n\n\n\n<li><strong>F\u00e1cil de instalar:\u00a0<\/strong>Los lavamanos semiencastrados al por mayor que hemos dise\u00f1ado tienen una estructura de instalaci\u00f3n sencilla, adecuada para varios tipos de encimeras, lo que puede ahorrar tiempo y costes de instalaci\u00f3n a los comerciantes. Tal dise\u00f1o no s\u00f3lo mejora la eficiencia de la construcci\u00f3n, sino que tambi\u00e9n garantiza la estabilidad y la seguridad en uso.<\/li>\n<\/ul>\n<\/div>\n\n\n\n<div class=\"wp-block-column is-layout-flow wp-block-column-is-layout-flow\" style=\"flex-basis:50%\">\n<figure class=\"wp-block-image size-full\"><img decoding=\"async\" width=\"1784\" height=\"1784\" src=\"https:\/\/www.linkceramics.com\/wp-content\/uploads\/2024\/12\/Wholesale-Bathroom-Wash-Basin-FactoryRectangle-Shape-Semi-recessed-Sinks-5.webp\" alt=\"Mayorista-Ba\u00f1o-Lavabo-F\u00e1brica-Forma-Rectangular-Semi-fregaderos-encastrados-5\" class=\"wp-image-903\" srcset=\"https:\/\/www.linkceramics.com\/wp-content\/uploads\/2024\/12\/Wholesale-Bathroom-Wash-Basin-FactoryRectangle-Shape-Semi-recessed-Sinks-5.webp 1784w, https:\/\/www.linkceramics.com\/wp-content\/uploads\/2024\/12\/Wholesale-Bathroom-Wash-Basin-FactoryRectangle-Shape-Semi-recessed-Sinks-5-300x300.webp 300w, https:\/\/www.linkceramics.com\/wp-content\/uploads\/2024\/12\/Wholesale-Bathroom-Wash-Basin-FactoryRectangle-Shape-Semi-recessed-Sinks-5-150x150.webp 150w, https:\/\/www.linkceramics.com\/wp-content\/uploads\/2024\/12\/Wholesale-Bathroom-Wash-Basin-FactoryRectangle-Shape-Semi-recessed-Sinks-5-768x768.webp 768w, https:\/\/www.linkceramics.com\/wp-content\/uploads\/2024\/12\/Wholesale-Bathroom-Wash-Basin-FactoryRectangle-Shape-Semi-recessed-Sinks-5-1200x1200.webp 1200w, https:\/\/www.linkceramics.com\/wp-content\/uploads\/2024\/12\/Wholesale-Bathroom-Wash-Basin-FactoryRectangle-Shape-Semi-recessed-Sinks-5-600x600.webp 600w, https:\/\/www.linkceramics.com\/wp-content\/uploads\/2024\/12\/Wholesale-Bathroom-Wash-Basin-FactoryRectangle-Shape-Semi-recessed-Sinks-5-100x100.webp 100w\" sizes=\"(max-width: 1784px) 100vw, 1784px\" \/><\/figure>\n<\/div>\n<\/div>","protected":false},"excerpt":{"rendered":"<div id=\"brxe-0ee1ca\" class=\"brxe-product-meta product_meta\">\n<div id=\"brxe-0ee1ca\" class=\"brxe-product-meta product_meta\">Bienvenido a fregaderos personalizados para su proyecto, nuestros lavamanos semi-encastrados al por mayor combinan un dise\u00f1o moderno con materiales de alta calidad, durabilidad y f\u00e1cil limpieza, mientras que la sencilla estructura de instalaci\u00f3n permite a los usuarios lograr f\u00e1cilmente una r\u00e1pida instalaci\u00f3n, aportando gran comodidad al uso y mantenimiento de espacios comerciales.<\/div>\n<\/div>\n<div id=\"brxe-8c5ca9\" class=\"brxe-product-short-description\">\n<div class=\"woocommerce-product-details__short-description\">\n<h2>Fregaderos comerciales a medida Especificaciones:<\/h2>\n<table border=\"0\" width=\"478\" cellspacing=\"0\" cellpadding=\"0\">\n<tbody>\n<tr>\n<td class=\"et3\" width=\"166\" height=\"23\">Fabricante<\/td>\n<td class=\"et3\" width=\"312\">HanYu<\/td>\n<\/tr>\n<tr>\n<td class=\"et3\" height=\"23\">N\u00ba de modelo<\/td>\n<td class=\"et4\">HY-8104A<\/td>\n<\/tr>\n<tr>\n<td class=\"et3\" height=\"23\">Tipo<\/td>\n<td class=\"et5\" width=\"312\">Fregaderos semiempotrados<\/td>\n<\/tr>\n<tr>\n<td class=\"et3\" height=\"24\">Forma<\/td>\n<td class=\"et3\">Forma rectangular<\/td>\n<\/tr>\n<tr>\n<td class=\"et4\" height=\"46\">Color<\/td>\n<td class=\"et5\" width=\"312\">negro\/blanco\/azul\/gris\/rosa\/verde\/marr\u00f3n\/caqui<\/td>\n<\/tr>\n<tr>\n<td class=\"et3\" height=\"24\">Dimensi\u00f3n<\/td>\n<td class=\"et5\" width=\"312\">48*37*15.5<\/td>\n<\/tr>\n<tr>\n<td class=\"et3\" height=\"23\">N.W \/SET<\/td>\n<td class=\"et3\">13KGS\/PCS<\/td>\n<\/tr>\n<tr>\n<td class=\"et3\" height=\"23\">MOQ<\/td>\n<td class=\"et3\">20 piezas<\/td>\n<\/tr>\n<tr>\n<td class=\"et3\" height=\"23\">Opci\u00f3n personalizada<\/td>\n<td class=\"et3\">Color\/Patr\u00f3n\/Tama\u00f1o\/Logotipo\/Embalaje<\/td>\n<\/tr>\n<\/tbody>\n<\/table>\n<\/div>\n<\/div>","protected":false},"featured_media":902,"comment_status":"open","ping_status":"closed","template":"","meta":{"_acf_changed":true},"certification":[59,61,60,62],"product_brand":[],"product_cat":[35,21],"product_tag":[],"class_list":{"0":"post-898","1":"product","2":"type-product","3":"status-publish","4":"has-post-thumbnail","6":"certification-ce","7":"certification-iso-14001","8":"certification-iso-45001","9":"certification-iso-9001","10":"product_cat-bathroom-ceramics-supply","11":"product_cat-wholesale-ceramic-basin","13":"first","14":"instock","15":"shipping-taxable","16":"product-type-simple"},"acf":[],"_links":{"self":[{"href":"https:\/\/www.linkceramics.com\/es\/wp-json\/wp\/v2\/product\/898","targetHints":{"allow":["GET"]}}],"collection":[{"href":"https:\/\/www.linkceramics.com\/es\/wp-json\/wp\/v2\/product"}],"about":[{"href":"https:\/\/www.linkceramics.com\/es\/wp-json\/wp\/v2\/types\/product"}],"replies":[{"embeddable":true,"href":"https:\/\/www.linkceramics.com\/es\/wp-json\/wp\/v2\/comments?post=898"}],"wp:featuredmedia":[{"embeddable":true,"href":"https:\/\/www.linkceramics.com\/es\/wp-json\/wp\/v2\/media\/902"}],"wp:attachment":[{"href":"https:\/\/www.linkceramics.com\/es\/wp-json\/wp\/v2\/media?parent=898"}],"wp:term":[{"taxonomy":"certification","embeddable":true,"href":"https:\/\/www.linkceramics.com\/es\/wp-json\/wp\/v2\/certification?post=898"},{"taxonomy":"product_brand","embeddable":true,"href":"https:\/\/www.linkceramics.com\/es\/wp-json\/wp\/v2\/product_brand?post=898"},{"taxonomy":"product_cat","embeddable":true,"href":"https:\/\/www.linkceramics.com\/es\/wp-json\/wp\/v2\/product_cat?post=898"},{"taxonomy":"product_tag","embeddable":true,"href":"https:\/\/www.linkceramics.com\/es\/wp-json\/wp\/v2\/product_tag?post=898"}],"curies":[{"name":"wp","href":"https:\/\/api.w.org\/{rel}","templated":true}]}}