{"id":904,"date":"2024-12-10T03:29:19","date_gmt":"2024-12-10T03:29:19","guid":{"rendered":"https:\/\/www.linkceramics.com\/?post_type=product&#038;p=904"},"modified":"2024-12-10T03:29:20","modified_gmt":"2024-12-10T03:29:20","slug":"semi-recessed-basins-wholesale","status":"publish","type":"product","link":"https:\/\/www.linkceramics.com\/es\/product\/semi-recessed-basins-wholesale\/","title":{"rendered":"Lavabos Semi-encastrados De Forma Redonda Al Por Mayor Para Ba\u00f1o"},"content":{"rendered":"<div class=\"wp-block-columns is-layout-flex wp-container-core-columns-is-layout-9d6595d7 wp-block-columns-is-layout-flex\">\n<div class=\"wp-block-column is-layout-flow wp-block-column-is-layout-flow\" style=\"flex-basis:50%\">\n<h3 class=\"wp-block-heading\">Lavabos Semiencastrados Premium Caracter\u00edsticas al por mayor:<\/h3>\n\n\n\n<ul class=\"wp-block-list\">\n<li><strong>Dise\u00f1o moderno:\u00a0<\/strong>Estos lavabos semiempotrados al por mayor adoptan un dise\u00f1o moderno y sencillo. El dise\u00f1o redondo liso puede integrarse perfectamente en varios estilos de ba\u00f1o, a\u00f1adiendo una sensaci\u00f3n moderna y de gama alta al espacio de ba\u00f1o.<\/li>\n\n\n\n<li><strong>Materiales de alta calidad:\u00a0<\/strong>Los materiales cer\u00e1micos de alta calidad seleccionados, cocidos a altas temperaturas, garantizan que nuestro lavabo al por mayor para cuartos de ba\u00f1o sea duradero, resistente a las manchas y a los ara\u00f1azos. La superficie lisa de nuestro lavabo de ba\u00f1o semiempotrado al por mayor no s\u00f3lo es f\u00e1cil de limpiar, sino que tambi\u00e9n mantiene su belleza y brillo durante mucho tiempo.<\/li>\n\n\n\n<li><strong>Precio favorable:\u00a0<\/strong>Como producto al por mayor, HanYu ofrece un precio de compra al por mayor muy competitivo para lavabos semiempotrados al por mayor, lo que garantiza que pueda disfrutar de lavabos de cer\u00e1mica de alta calidad a la vez que controla los costes.<\/li>\n\n\n\n<li><strong>Capacidad de entrega r\u00e1pida:\u00a0<\/strong>Con una s\u00f3lida red de inventario y log\u00edstica, nos comprometemos a responder con rapidez a la compra al por mayor de lavabos para cuartos de ba\u00f1o, garantizar la entrega puntual y contribuir al progreso de su proyecto.<\/li>\n<\/ul>\n<\/div>\n\n\n\n<div class=\"wp-block-column is-layout-flow wp-block-column-is-layout-flow\" style=\"flex-basis:50%\">\n<figure class=\"wp-block-image size-full\"><img decoding=\"async\" width=\"679\" height=\"931\" src=\"https:\/\/www.linkceramics.com\/wp-content\/uploads\/2024\/12\/Bathroom-wash-basin-manufacturer-round-shape-semi-counter-sink-1.webp\" alt=\"Lavabo-fabricante-fregadero-redondo-semi-encimera-1\" class=\"wp-image-905\" srcset=\"https:\/\/www.linkceramics.com\/wp-content\/uploads\/2024\/12\/Bathroom-wash-basin-manufacturer-round-shape-semi-counter-sink-1.webp 679w, https:\/\/www.linkceramics.com\/wp-content\/uploads\/2024\/12\/Bathroom-wash-basin-manufacturer-round-shape-semi-counter-sink-1-219x300.webp 219w, https:\/\/www.linkceramics.com\/wp-content\/uploads\/2024\/12\/Bathroom-wash-basin-manufacturer-round-shape-semi-counter-sink-1-600x823.webp 600w\" sizes=\"(max-width: 679px) 100vw, 679px\" \/><\/figure>\n<\/div>\n<\/div>","protected":false},"excerpt":{"rendered":"<div id=\"brxe-0ee1ca\" class=\"brxe-product-meta product_meta\">\n<div id=\"brxe-0ee1ca\" class=\"brxe-product-meta product_meta\">Bienvenido a la compra al por mayor de lavabos para ba\u00f1o. Estos lavabos semiempotrados al por mayor adoptan dise\u00f1os modernos y sencillos, con apariencia elegante, adecuados para varios estilos de ba\u00f1o. Su material cer\u00e1mico de alta calidad es duradero y f\u00e1cil de limpiar, por lo que es una opci\u00f3n ideal para proyectos hoteleros, residenciales y comerciales. Soporta lavabos de ba\u00f1o personalizados.<\/div>\n<\/div>\n<div id=\"brxe-8c5ca9\" class=\"brxe-product-short-description\">\n<div class=\"woocommerce-product-details__short-description\">\n<h2>Lavabos Premium Semiencastrados Especificaciones:<\/h2>\n<table border=\"0\" width=\"478\" cellspacing=\"0\" cellpadding=\"0\">\n<tbody>\n<tr>\n<td width=\"166\" height=\"23\">Fabricante<\/td>\n<td width=\"312\">HanYu<\/td>\n<\/tr>\n<tr>\n<td height=\"23\">N\u00ba de modelo<\/td>\n<td>HY-496<\/td>\n<\/tr>\n<tr>\n<td height=\"23\">Tipo<\/td>\n<td width=\"312\">Fregaderos semi-encastrados<\/td>\n<\/tr>\n<tr>\n<td height=\"24\">Forma<\/td>\n<td>Forma redonda<\/td>\n<\/tr>\n<tr>\n<td height=\"46\">Color<\/td>\n<td width=\"312\">negro\/blanco\/azul\/gris\/rosa\/verde\/marr\u00f3n\/caqui<\/td>\n<\/tr>\n<tr>\n<td height=\"24\">Dimensi\u00f3n<\/td>\n<td width=\"312\">43*43*18<\/td>\n<\/tr>\n<tr>\n<td height=\"23\">N.W \/SET<\/td>\n<td>9KGS\/PCS<\/td>\n<\/tr>\n<tr>\n<td height=\"23\">MOQ<\/td>\n<td>20 piezas<\/td>\n<\/tr>\n<tr>\n<td height=\"23\">Opci\u00f3n personalizada<\/td>\n<td>Color\/Patr\u00f3n\/Tama\u00f1o\/Logotipo\/Embalaje<\/td>\n<\/tr>\n<\/tbody>\n<\/table>\n<p><\/div>\n<\/div>","protected":false},"featured_media":906,"comment_status":"open","ping_status":"closed","template":"","meta":{"_acf_changed":true},"certification":[59,61,60,62],"product_brand":[],"product_cat":[35,21],"product_tag":[],"class_list":{"0":"post-904","1":"product","2":"type-product","3":"status-publish","4":"has-post-thumbnail","6":"certification-ce","7":"certification-iso-14001","8":"certification-iso-45001","9":"certification-iso-9001","10":"product_cat-bathroom-ceramics-supply","11":"product_cat-wholesale-ceramic-basin","13":"first","14":"instock","15":"shipping-taxable","16":"product-type-simple"},"acf":[],"_links":{"self":[{"href":"https:\/\/www.linkceramics.com\/es\/wp-json\/wp\/v2\/product\/904","targetHints":{"allow":["GET"]}}],"collection":[{"href":"https:\/\/www.linkceramics.com\/es\/wp-json\/wp\/v2\/product"}],"about":[{"href":"https:\/\/www.linkceramics.com\/es\/wp-json\/wp\/v2\/types\/product"}],"replies":[{"embeddable":true,"href":"https:\/\/www.linkceramics.com\/es\/wp-json\/wp\/v2\/comments?post=904"}],"wp:featuredmedia":[{"embeddable":true,"href":"https:\/\/www.linkceramics.com\/es\/wp-json\/wp\/v2\/media\/906"}],"wp:attachment":[{"href":"https:\/\/www.linkceramics.com\/es\/wp-json\/wp\/v2\/media?parent=904"}],"wp:term":[{"taxonomy":"certification","embeddable":true,"href":"https:\/\/www.linkceramics.com\/es\/wp-json\/wp\/v2\/certification?post=904"},{"taxonomy":"product_brand","embeddable":true,"href":"https:\/\/www.linkceramics.com\/es\/wp-json\/wp\/v2\/product_brand?post=904"},{"taxonomy":"product_cat","embeddable":true,"href":"https:\/\/www.linkceramics.com\/es\/wp-json\/wp\/v2\/product_cat?post=904"},{"taxonomy":"product_tag","embeddable":true,"href":"https:\/\/www.linkceramics.com\/es\/wp-json\/wp\/v2\/product_tag?post=904"}],"curies":[{"name":"wp","href":"https:\/\/api.w.org\/{rel}","templated":true}]}}