{"id":916,"date":"2024-12-10T03:26:19","date_gmt":"2024-12-10T03:26:19","guid":{"rendered":"https:\/\/www.linkceramics.com\/?post_type=product&#038;p=916"},"modified":"2024-12-10T03:26:20","modified_gmt":"2024-12-10T03:26:20","slug":"custom-corner-wall-mounted-basin","status":"publish","type":"product","link":"https:\/\/www.linkceramics.com\/es\/product\/custom-corner-wall-mounted-basin\/","title":{"rendered":"Lavabo esquinero de pared a granel para cuartos de ba\u00f1o peque\u00f1os"},"content":{"rendered":"<div class=\"wp-block-columns is-layout-flex wp-container-core-columns-is-layout-9d6595d7 wp-block-columns-is-layout-flex\">\n<div class=\"wp-block-column is-layout-flow wp-block-column-is-layout-flow\" style=\"flex-basis:50%\">\n<h3 class=\"wp-block-heading\">Premium Custom Lavabo de esquina montado en la pared Caracter\u00edsticas:<\/h3>\n\n\n\n<ul class=\"wp-block-list\">\n<li><strong>Dise\u00f1o que optimiza el espacio:\u00a0<\/strong>Este lavabo esquinero a medida montado en la pared a granel aprovecha al m\u00e1ximo cada cent\u00edmetro de espacio en el cuarto de ba\u00f1o, especialmente para cuartos de ba\u00f1o o tocadores m\u00e1s peque\u00f1os.<\/li>\n\n\n\n<li><strong>Estilo minimalista moderno:\u00a0<\/strong>Las l\u00edneas limpias y el moderno lenguaje de dise\u00f1o de este lavabo esquinero no s\u00f3lo son pr\u00e1cticos, sino que a\u00f1aden estilo al cuarto de ba\u00f1o y realzan la belleza general del espacio.<\/li>\n\n\n\n<li><strong>Materiales de alta calidad:<\/strong>\u00a0Nuestros fregaderos esquineros al por mayor est\u00e1n fabricados con materiales cer\u00e1micos de alta calidad y se procesan cuidadosamente para garantizar que el producto tenga una superficie lisa, una estructura estable, f\u00e1cil limpieza y durabilidad.<\/li>\n\n\n\n<li><strong>Opciones de personalizaci\u00f3n:\u00a0<\/strong>Ofrecemos servicios de lavabo esquinero de pared a medida al por mayor, incluidos el tama\u00f1o, la forma, el color y la direcci\u00f3n de instalaci\u00f3n, para garantizar que el lavabo se adapte perfectamente a cualquier estilo y necesidad de decoraci\u00f3n del cuarto de ba\u00f1o.<\/li>\n<\/ul>\n<\/div>\n\n\n\n<div class=\"wp-block-column is-layout-flow wp-block-column-is-layout-flow\" style=\"flex-basis:50%\">\n<figure class=\"wp-block-image size-full\"><img decoding=\"async\" width=\"633\" height=\"883\" src=\"https:\/\/www.linkceramics.com\/wp-content\/uploads\/2024\/12\/custom-corner-sink-in-bulk-wall-hung-modern-bathroom-sink-8.webp\" alt=\"fregadero-en-bulk-colgante-de-pared-fregadero-de-ba\u00f1o-moderno-8-a-la-medida\" class=\"wp-image-921\" srcset=\"https:\/\/www.linkceramics.com\/wp-content\/uploads\/2024\/12\/custom-corner-sink-in-bulk-wall-hung-modern-bathroom-sink-8.webp 633w, https:\/\/www.linkceramics.com\/wp-content\/uploads\/2024\/12\/custom-corner-sink-in-bulk-wall-hung-modern-bathroom-sink-8-215x300.webp 215w, https:\/\/www.linkceramics.com\/wp-content\/uploads\/2024\/12\/custom-corner-sink-in-bulk-wall-hung-modern-bathroom-sink-8-600x837.webp 600w\" sizes=\"(max-width: 633px) 100vw, 633px\" \/><\/figure>\n<\/div>\n<\/div>","protected":false},"excerpt":{"rendered":"<div id=\"brxe-0ee1ca\" class=\"brxe-product-meta product_meta\">\n<div id=\"brxe-0ee1ca\" class=\"brxe-product-meta product_meta\">Este lavabo esquinero de pared a medida est\u00e1 dise\u00f1ado para aprovechar al m\u00e1ximo el espacio del cuarto de ba\u00f1o. Se instala en la esquina de la pared, lo que no s\u00f3lo ahorra espacio, sino que tambi\u00e9n proporciona comodidad para la limpieza diaria. Ofrecemos servicios de personalizaci\u00f3n, incluidos el tama\u00f1o, la forma, el color y la direcci\u00f3n de instalaci\u00f3n, para garantizar que encaja perfectamente en el espacio del cuarto de ba\u00f1o.<\/div>\n<\/div>\n<div id=\"brxe-8c5ca9\" class=\"brxe-product-short-description\">\n<div class=\"woocommerce-product-details__short-description\">\n<h2>Especificaciones del lavabo mural de esquina:<\/h2>\n<table border=\"0\" width=\"311\" cellspacing=\"0\" cellpadding=\"0\">\n<tbody>\n<tr>\n<td width=\"108\" height=\"17\">Fabricante<\/td>\n<td width=\"202\">HanYu<\/td>\n<\/tr>\n<tr>\n<td height=\"17\">N\u00ba de modelo<\/td>\n<td>HY3051<\/td>\n<\/tr>\n<tr>\n<td height=\"17\">Tipo<\/td>\n<td>Lavabo mural, lavabo esquinero<\/td>\n<\/tr>\n<tr>\n<td height=\"17\">Forma<\/td>\n<td>Forma redonda<\/td>\n<\/tr>\n<tr>\n<td height=\"17\">Color<\/td>\n<td>Blanco<\/td>\n<\/tr>\n<tr>\n<td height=\"18\">Dimensi\u00f3n<\/td>\n<td width=\"202\">36*38*15<\/td>\n<\/tr>\n<tr>\n<td height=\"17\">N.W \/SET<\/td>\n<td>6KGS\/PCS<\/td>\n<\/tr>\n<tr>\n<td height=\"17\">MOQ<\/td>\n<td>20 piezas<\/td>\n<\/tr>\n<tr>\n<td height=\"17\">Opci\u00f3n personalizada<\/td>\n<td>Color\/Patr\u00f3n\/Tama\u00f1o\/Logotipo\/Embalaje<\/td>\n<\/tr>\n<\/tbody>\n<\/table>\n<p><\/div>\n<\/div>","protected":false},"featured_media":920,"comment_status":"open","ping_status":"closed","template":"","meta":{"_acf_changed":true},"certification":[59,61,60,62],"product_brand":[],"product_cat":[35,21],"product_tag":[],"class_list":{"0":"post-916","1":"product","2":"type-product","3":"status-publish","4":"has-post-thumbnail","6":"certification-ce","7":"certification-iso-14001","8":"certification-iso-45001","9":"certification-iso-9001","10":"product_cat-bathroom-ceramics-supply","11":"product_cat-wholesale-ceramic-basin","13":"first","14":"instock","15":"shipping-taxable","16":"product-type-simple"},"acf":[],"_links":{"self":[{"href":"https:\/\/www.linkceramics.com\/es\/wp-json\/wp\/v2\/product\/916","targetHints":{"allow":["GET"]}}],"collection":[{"href":"https:\/\/www.linkceramics.com\/es\/wp-json\/wp\/v2\/product"}],"about":[{"href":"https:\/\/www.linkceramics.com\/es\/wp-json\/wp\/v2\/types\/product"}],"replies":[{"embeddable":true,"href":"https:\/\/www.linkceramics.com\/es\/wp-json\/wp\/v2\/comments?post=916"}],"wp:featuredmedia":[{"embeddable":true,"href":"https:\/\/www.linkceramics.com\/es\/wp-json\/wp\/v2\/media\/920"}],"wp:attachment":[{"href":"https:\/\/www.linkceramics.com\/es\/wp-json\/wp\/v2\/media?parent=916"}],"wp:term":[{"taxonomy":"certification","embeddable":true,"href":"https:\/\/www.linkceramics.com\/es\/wp-json\/wp\/v2\/certification?post=916"},{"taxonomy":"product_brand","embeddable":true,"href":"https:\/\/www.linkceramics.com\/es\/wp-json\/wp\/v2\/product_brand?post=916"},{"taxonomy":"product_cat","embeddable":true,"href":"https:\/\/www.linkceramics.com\/es\/wp-json\/wp\/v2\/product_cat?post=916"},{"taxonomy":"product_tag","embeddable":true,"href":"https:\/\/www.linkceramics.com\/es\/wp-json\/wp\/v2\/product_tag?post=916"}],"curies":[{"name":"wp","href":"https:\/\/api.w.org\/{rel}","templated":true}]}}