{"id":942,"date":"2024-12-10T02:50:03","date_gmt":"2024-12-10T02:50:03","guid":{"rendered":"https:\/\/www.linkceramics.com\/?post_type=product&#038;p=942"},"modified":"2024-12-10T02:50:04","modified_gmt":"2024-12-10T02:50:04","slug":"wholesale-dinner-plates","status":"publish","type":"product","link":"https:\/\/www.linkceramics.com\/es\/product\/wholesale-dinner-plates\/","title":{"rendered":"Platos de 9 pulgadas al por mayor, Platos redondos de porcelana al por mayor"},"content":{"rendered":"<div class=\"wp-block-columns is-layout-flex wp-container-core-columns-is-layout-9d6595d7 wp-block-columns-is-layout-flex\">\n<div class=\"wp-block-column is-layout-flow wp-block-column-is-layout-flow\">\n<h3 class=\"wp-block-heading\">Platos de cena de primera calidad al por mayor Caracter\u00edsticas:<\/h3>\n\n\n\n<ul class=\"wp-block-list\">\n<li><strong>Elegante dise\u00f1o ovalado:<\/strong>\u00a0Nuestros platos al por mayor para catering adoptan un elegante dise\u00f1o ovalado, que proporciona un espacio de exposici\u00f3n m\u00e1s amplio para diversos platos. Es una opci\u00f3n de emplatado ideal para lugares de alta gama como restaurantes, banquetes y hoteles.<\/li>\n\n\n\n<li><strong>Asas c\u00f3modas y pr\u00e1cticas:\u00a0<\/strong>Nuestros platos llanos de porcelana a granel est\u00e1n dise\u00f1ados con asas, que son f\u00e1ciles de coger y mover, lo que no s\u00f3lo mejora la eficacia de servir los platos, sino que tambi\u00e9n realza la belleza de la presentaci\u00f3n de los platos. Es una elecci\u00f3n acertada para servicios de catering.<\/li>\n\n\n\n<li><strong>El cl\u00e1sico blanco y negro:\u00a0<\/strong>Estos platos al por mayor para catering est\u00e1n disponibles en blanco y negro, lo que puede satisfacer las necesidades de los ambientes de mesa minimalistas modernos y de los ambientes de comedor cl\u00e1sicos y elegantes, y pueden combinarse f\u00e1cilmente con una gran variedad de ocasiones y estilos de decoraci\u00f3n.<\/li>\n\n\n\n<li><strong>De gran tama\u00f1o y polivalente:\u00a0<\/strong>Nuestros platos llanos de porcelana a granel tienen un gran tama\u00f1o de 13,5 pulgadas, adecuado para servir una gran variedad de platos, como platos principales, fuentes y aperitivos. Es una opci\u00f3n de plato todoterreno en servicios de catering.<\/li>\n<\/ul>\n<\/div>\n\n\n\n<div class=\"wp-block-column is-layout-flow wp-block-column-is-layout-flow\">\n<figure class=\"wp-block-image size-full\"><img decoding=\"async\" width=\"740\" height=\"740\" src=\"https:\/\/www.linkceramics.com\/wp-content\/uploads\/2024\/12\/9-Inch-Wholesale-Dinner-Plates-Round-Porcelain-Plates-Bulk-1-1.webp\" alt=\"9-Inch-Wholesale-Dinner-Plates-Round-Porcelain-Plates-Bulk-1 (1)\" class=\"wp-image-943\" srcset=\"https:\/\/www.linkceramics.com\/wp-content\/uploads\/2024\/12\/9-Inch-Wholesale-Dinner-Plates-Round-Porcelain-Plates-Bulk-1-1.webp 740w, https:\/\/www.linkceramics.com\/wp-content\/uploads\/2024\/12\/9-Inch-Wholesale-Dinner-Plates-Round-Porcelain-Plates-Bulk-1-1-300x300.webp 300w, https:\/\/www.linkceramics.com\/wp-content\/uploads\/2024\/12\/9-Inch-Wholesale-Dinner-Plates-Round-Porcelain-Plates-Bulk-1-1-150x150.webp 150w, https:\/\/www.linkceramics.com\/wp-content\/uploads\/2024\/12\/9-Inch-Wholesale-Dinner-Plates-Round-Porcelain-Plates-Bulk-1-1-600x600.webp 600w, https:\/\/www.linkceramics.com\/wp-content\/uploads\/2024\/12\/9-Inch-Wholesale-Dinner-Plates-Round-Porcelain-Plates-Bulk-1-1-100x100.webp 100w\" sizes=\"(max-width: 740px) 100vw, 740px\" \/><\/figure>\n<\/div>\n<\/div>","protected":false},"excerpt":{"rendered":"<p>Bienvenido a comprar platos de porcelana al por mayor. Nuestros platos ovalados al por mayor de 13,5 pulgadas para catering vienen con un pr\u00e1ctico dise\u00f1o de asa y est\u00e1n disponibles en dos colores cl\u00e1sicos, blanco y negro. Son adecuados para una gran variedad de cenas. El dise\u00f1o de gran tama\u00f1o proporciona m\u00e1s espacio de exposici\u00f3n para el emplatado, lo que los convierte en una opci\u00f3n de gama alta para mejorar la experiencia del servicio de catering.<\/p>\n<h2>Platos Par\u00e1metros<\/h2>\n<table border=\"0\" width=\"309\" cellspacing=\"0\" cellpadding=\"0\">\n<tbody>\n<tr>\n<td width=\"120\" height=\"17\">Fabricante<\/td>\n<td width=\"189\">Yongjian<\/td>\n<\/tr>\n<tr>\n<td height=\"18\">N\u00ba de modelo<\/td>\n<td width=\"189\">YJ-078<\/td>\n<\/tr>\n<tr>\n<td height=\"17\">Tipo de producto<\/td>\n<td>Plato para servir, Plato llano<\/td>\n<\/tr>\n<tr>\n<td height=\"17\">Material<\/td>\n<td>Porcelana<\/td>\n<\/tr>\n<tr>\n<td height=\"17\">Color<\/td>\n<td>Blanco\/Negro<\/td>\n<\/tr>\n<tr>\n<td height=\"18\">Dimensi\u00f3n<\/td>\n<td width=\"189\">20.4*23.8*3.4<\/td>\n<\/tr>\n<tr>\n<td height=\"17\">MOQ<\/td>\n<td>500 unidades<\/td>\n<\/tr>\n<tr>\n<td height=\"17\">A medida<\/td>\n<td>Color\/Tama\u00f1o\/Logotipo\/Embalaje<\/td>\n<\/tr>\n<\/tbody>\n<\/table>","protected":false},"featured_media":945,"comment_status":"open","ping_status":"closed","template":"","meta":{"_acf_changed":true},"certification":[63,64,66,58,65,61,60,62,57],"product_brand":[],"product_cat":[34,18],"product_tag":[],"class_list":{"0":"post-942","1":"product","2":"type-product","3":"status-publish","4":"has-post-thumbnail","6":"certification-amfori","7":"certification-bsci","8":"certification-cnas","9":"certification-fda","10":"certification-iaf","11":"certification-iso-14001","12":"certification-iso-45001","13":"certification-iso-9001","14":"certification-lfgb","15":"product_cat-custom-household-ceramics","16":"product_cat-ceramic-tableware-wholesale","18":"first","19":"instock","20":"shipping-taxable","21":"product-type-simple"},"acf":[],"_links":{"self":[{"href":"https:\/\/www.linkceramics.com\/es\/wp-json\/wp\/v2\/product\/942","targetHints":{"allow":["GET"]}}],"collection":[{"href":"https:\/\/www.linkceramics.com\/es\/wp-json\/wp\/v2\/product"}],"about":[{"href":"https:\/\/www.linkceramics.com\/es\/wp-json\/wp\/v2\/types\/product"}],"replies":[{"embeddable":true,"href":"https:\/\/www.linkceramics.com\/es\/wp-json\/wp\/v2\/comments?post=942"}],"wp:featuredmedia":[{"embeddable":true,"href":"https:\/\/www.linkceramics.com\/es\/wp-json\/wp\/v2\/media\/945"}],"wp:attachment":[{"href":"https:\/\/www.linkceramics.com\/es\/wp-json\/wp\/v2\/media?parent=942"}],"wp:term":[{"taxonomy":"certification","embeddable":true,"href":"https:\/\/www.linkceramics.com\/es\/wp-json\/wp\/v2\/certification?post=942"},{"taxonomy":"product_brand","embeddable":true,"href":"https:\/\/www.linkceramics.com\/es\/wp-json\/wp\/v2\/product_brand?post=942"},{"taxonomy":"product_cat","embeddable":true,"href":"https:\/\/www.linkceramics.com\/es\/wp-json\/wp\/v2\/product_cat?post=942"},{"taxonomy":"product_tag","embeddable":true,"href":"https:\/\/www.linkceramics.com\/es\/wp-json\/wp\/v2\/product_tag?post=942"}],"curies":[{"name":"wp","href":"https:\/\/api.w.org\/{rel}","templated":true}]}}