{"id":948,"date":"2024-12-10T02:50:42","date_gmt":"2024-12-10T02:50:42","guid":{"rendered":"https:\/\/www.linkceramics.com\/?post_type=product&#038;p=948"},"modified":"2024-12-10T02:59:34","modified_gmt":"2024-12-10T02:59:34","slug":"bulk-catering-plates","status":"publish","type":"product","link":"https:\/\/www.linkceramics.com\/es\/product\/bulk-catering-plates\/","title":{"rendered":"Platos de Catering a Granel con Esmalte Brillante, Plato de Cena Blanco al por Mayor"},"content":{"rendered":"<div class=\"wp-block-columns is-layout-flex wp-container-core-columns-is-layout-9d6595d7 wp-block-columns-is-layout-flex\">\n<div class=\"wp-block-column is-layout-flow wp-block-column-is-layout-flow\">\n<h3 class=\"wp-block-heading\">Platos a granel premium para catering Caracter\u00edsticas:<\/h3>\n\n\n\n<ul class=\"wp-block-list\">\n<li><strong>Esmalte de alto brillo:\u00a0<\/strong>La superficie de nuestros platos para catering a granel est\u00e1 tratada con esmalte de alto brillo, suave y delicado al tacto, que desprende un brillo deslumbrante, haciendo que los platos sean m\u00e1s exquisitos sobre el fondo blanco puro, mejorando la experiencia gastron\u00f3mica y a\u00f1adiendo un lujoso efecto visual a la mesa.<\/li>\n\n\n\n<li><strong>Dise\u00f1o sencillo en blanco:\u00a0<\/strong>El aspecto blanco puro cl\u00e1sico de este plato de cena al por mayor es adecuado para varios estilos de puesta en la mesa, adecuado para restaurantes, hoteles, banquetes y otras ocasiones, creando un ambiente de comedor elegante y profesional, mostrando el estilo \u00fanico de la marca y el temperamento elegante.<\/li>\n\n\n\n<li><strong>Diversas opciones de tama\u00f1o:\u00a0<\/strong>Nuestros platos de catering a granel est\u00e1n disponibles en dos tama\u00f1os de 8 y 10 pulgadas, que son flexibles para satisfacer las necesidades de aperitivos, platos principales y postres, haciendo que los servicios de catering sean m\u00e1s diversificados y satisfagan mejor las necesidades \u00fanicas de varios platos.<\/li>\n\n\n\n<li><strong>F\u00e1cil de limpiar y duradero:<\/strong>\u00a0La superficie esmaltada brillante de este plato de cena al por mayor no s\u00f3lo es resistente a los ara\u00f1azos, sino tambi\u00e9n m\u00e1s duradera, conveniente para la limpieza diaria, y admite la limpieza en lavavajillas, reduciendo eficazmente el tiempo y el coste de limpieza y mantenimiento, especialmente adecuado para el uso de alta frecuencia en lugares de restauraci\u00f3n ocupados.<\/li>\n<\/ul>\n<\/div>\n\n\n\n<div class=\"wp-block-column is-layout-flow wp-block-column-is-layout-flow\">\n<figure class=\"wp-block-image size-full\"><img decoding=\"async\" width=\"750\" height=\"750\" src=\"https:\/\/www.linkceramics.com\/wp-content\/uploads\/2024\/12\/Bright-Glaze-Bulk-Catering-plates-White-Dinner-Plate-Wholesale-4.webp\" alt=\"Brillante-Glaseado-Blanco-Plato de Catering-Blanco-Plato de Cena-Mayorista-4\" class=\"wp-image-951\" srcset=\"https:\/\/www.linkceramics.com\/wp-content\/uploads\/2024\/12\/Bright-Glaze-Bulk-Catering-plates-White-Dinner-Plate-Wholesale-4.webp 750w, https:\/\/www.linkceramics.com\/wp-content\/uploads\/2024\/12\/Bright-Glaze-Bulk-Catering-plates-White-Dinner-Plate-Wholesale-4-300x300.webp 300w, https:\/\/www.linkceramics.com\/wp-content\/uploads\/2024\/12\/Bright-Glaze-Bulk-Catering-plates-White-Dinner-Plate-Wholesale-4-150x150.webp 150w, https:\/\/www.linkceramics.com\/wp-content\/uploads\/2024\/12\/Bright-Glaze-Bulk-Catering-plates-White-Dinner-Plate-Wholesale-4-600x600.webp 600w, https:\/\/www.linkceramics.com\/wp-content\/uploads\/2024\/12\/Bright-Glaze-Bulk-Catering-plates-White-Dinner-Plate-Wholesale-4-100x100.webp 100w\" sizes=\"(max-width: 750px) 100vw, 750px\" \/><\/figure>\n<\/div>\n<\/div>","protected":false},"excerpt":{"rendered":"<p>Bienvenido a la compra de platos de cena al por mayor. Nuestros platos blancos brillantes para catering al por mayor est\u00e1n disponibles en dos tama\u00f1os: 8 pulgadas y 10 pulgadas. El cl\u00e1sico blanco puro con un dise\u00f1o de esmalte de alto brillo puede hacer que los platos sean m\u00e1s exquisitos y atractivos. Su sencilla elegancia, durabilidad y f\u00e1cil limpieza los convierten en la elecci\u00f3n ideal para servicios de catering.<\/p>\n<h2>Par\u00e1metros de los platos para catering<\/h2>\n<table border=\"0\" width=\"309\" cellspacing=\"0\" cellpadding=\"0\">\n<tbody>\n<tr>\n<td class=\"et3\" width=\"120\" height=\"17\">Fabricante<\/td>\n<td class=\"et3\" width=\"189\">Yongjian<\/td>\n<\/tr>\n<tr>\n<td class=\"et3\" height=\"36\">N\u00ba de modelo<\/td>\n<td class=\"et4\" width=\"189\">YJ-069\/YJ-070<\/td>\n<\/tr>\n<tr>\n<td class=\"et3\" height=\"17\">Tipo de producto<\/td>\n<td class=\"et3\">Plato para servir, Plato llano<\/td>\n<\/tr>\n<tr>\n<td class=\"et3\" height=\"17\">Material<\/td>\n<td class=\"et3\">Porcelana<\/td>\n<\/tr>\n<tr>\n<td class=\"et5\" height=\"17\">Color<\/td>\n<td class=\"et3\">Blanco<\/td>\n<\/tr>\n<tr>\n<td class=\"et3\" height=\"36\">Dimensi\u00f3n<\/td>\n<td class=\"et6\" width=\"189\">8'pulgadas: 18*20*2.2<br \/>10'pulgadas: 24*25.5*5.5<\/td>\n<\/tr>\n<tr>\n<td class=\"et3\" height=\"17\">MOQ<\/td>\n<td class=\"et3\">500 unidades<\/td>\n<\/tr>\n<tr>\n<td class=\"et3\" height=\"17\">A medida<\/td>\n<td class=\"et3\">Color\/Tama\u00f1o\/Logotipo\/Embalaje<\/td>\n<\/tr>\n<\/tbody>\n<\/table>","protected":false},"featured_media":949,"comment_status":"open","ping_status":"closed","template":"","meta":{"_acf_changed":true},"certification":[63,64,66,58,65,61,60,62,57],"product_brand":[],"product_cat":[34,18],"product_tag":[],"class_list":{"0":"post-948","1":"product","2":"type-product","3":"status-publish","4":"has-post-thumbnail","6":"certification-amfori","7":"certification-bsci","8":"certification-cnas","9":"certification-fda","10":"certification-iaf","11":"certification-iso-14001","12":"certification-iso-45001","13":"certification-iso-9001","14":"certification-lfgb","15":"product_cat-custom-household-ceramics","16":"product_cat-ceramic-tableware-wholesale","18":"first","19":"instock","20":"shipping-taxable","21":"product-type-simple"},"acf":[],"_links":{"self":[{"href":"https:\/\/www.linkceramics.com\/es\/wp-json\/wp\/v2\/product\/948","targetHints":{"allow":["GET"]}}],"collection":[{"href":"https:\/\/www.linkceramics.com\/es\/wp-json\/wp\/v2\/product"}],"about":[{"href":"https:\/\/www.linkceramics.com\/es\/wp-json\/wp\/v2\/types\/product"}],"replies":[{"embeddable":true,"href":"https:\/\/www.linkceramics.com\/es\/wp-json\/wp\/v2\/comments?post=948"}],"wp:featuredmedia":[{"embeddable":true,"href":"https:\/\/www.linkceramics.com\/es\/wp-json\/wp\/v2\/media\/949"}],"wp:attachment":[{"href":"https:\/\/www.linkceramics.com\/es\/wp-json\/wp\/v2\/media?parent=948"}],"wp:term":[{"taxonomy":"certification","embeddable":true,"href":"https:\/\/www.linkceramics.com\/es\/wp-json\/wp\/v2\/certification?post=948"},{"taxonomy":"product_brand","embeddable":true,"href":"https:\/\/www.linkceramics.com\/es\/wp-json\/wp\/v2\/product_brand?post=948"},{"taxonomy":"product_cat","embeddable":true,"href":"https:\/\/www.linkceramics.com\/es\/wp-json\/wp\/v2\/product_cat?post=948"},{"taxonomy":"product_tag","embeddable":true,"href":"https:\/\/www.linkceramics.com\/es\/wp-json\/wp\/v2\/product_tag?post=948"}],"curies":[{"name":"wp","href":"https:\/\/api.w.org\/{rel}","templated":true}]}}