{"id":960,"date":"2024-12-10T03:01:18","date_gmt":"2024-12-10T03:01:18","guid":{"rendered":"https:\/\/www.linkceramics.com\/?post_type=product&#038;p=960"},"modified":"2024-12-10T03:01:19","modified_gmt":"2024-12-10T03:01:19","slug":"charger-plates-bulk","status":"publish","type":"product","link":"https:\/\/www.linkceramics.com\/es\/product\/charger-plates-bulk\/","title":{"rendered":"Platos de servicio negros al por mayor, Platos de servicio blancos al por mayor"},"content":{"rendered":"<div class=\"wp-block-columns is-layout-flex wp-container-core-columns-is-layout-9d6595d7 wp-block-columns-is-layout-flex\">\n<div class=\"wp-block-column is-layout-flow wp-block-column-is-layout-flow\">\n<h3 class=\"wp-block-heading\">Platos Cargador Premium a Granel Caracter\u00edsticas:<\/h3>\n\n\n\n<ul class=\"wp-block-list\">\n<li><strong>Dise\u00f1o \u00fanico, arma llamativa:\u00a0<\/strong>Nuestros platos cargadores negros al por mayor y fuentes blancas al por mayor adoptan un dise\u00f1o \u00fanico de sombrero de paja, con una apariencia novedosa y \u00fanica que puede atraer inmediatamente la atenci\u00f3n de los clientes. Tanto si se trata de una reuni\u00f3n familiar como de un banquete de negocios, un dise\u00f1o as\u00ed puede a\u00f1adir diversi\u00f3n y actualidad a la mesa del comedor, haciendo que la experiencia gastron\u00f3mica sea m\u00e1s memorable.<\/li>\n\n\n\n<li><strong>Textura esmerilada, textura de roca:<\/strong>\u00a0El material cer\u00e1mico esmerilado de los platos hondos para servir al por mayor est\u00e1 especialmente seleccionado, y la superficie presenta una textura de roca natural, que da al plato un toque \u00e1spero pero delicado. La textura esmerilada no solo aumenta la belleza de estos platos al por mayor, sino que tambi\u00e9n los hace m\u00e1s art\u00edsticos visualmente, dando a la gente una impresi\u00f3n de alta gama y naturalidad.<\/li>\n\n\n\n<li><strong>Uso vers\u00e1til, c\u00f3modo y r\u00e1pido:\u00a0<\/strong>Nuestros platos cargadores negros al por mayor y las fuentes blancas al por mayor no s\u00f3lo se utilizan para el emplatado diario, sino que tambi\u00e9n admiten diversos m\u00e9todos de cocci\u00f3n, como el horneado al vapor y el calentamiento en microondas.<\/li>\n\n\n\n<li><strong>Blanco y negro, vers\u00e1til y a la moda:\u00a0<\/strong>Hay dos opciones de color cl\u00e1sicas, blanco y negro, para nuestras fuentes de servir a granel: el blanco es puro y elegante, y el negro es tranquilo y atmosf\u00e9rico. Ambos colores son muy f\u00e1ciles de combinar con otras vajillas o estilos de decoraci\u00f3n y pueden integrarse f\u00e1cilmente en cualquier estilo de restaurante.<\/li>\n<\/ul>\n<\/div>\n\n\n\n<div class=\"wp-block-column is-layout-flow wp-block-column-is-layout-flow\">\n<figure class=\"wp-block-image size-full\"><img decoding=\"async\" width=\"750\" height=\"750\" src=\"https:\/\/www.linkceramics.com\/wp-content\/uploads\/2024\/12\/Black-Charger-Plates-Bulk-White-Wholesale-Serving-Platters-2.webp\" alt=\"Platos-Cargador-Blanco-Negro Platos-Cargador-Blanco-Mayorista-2\" class=\"wp-image-962\" srcset=\"https:\/\/www.linkceramics.com\/wp-content\/uploads\/2024\/12\/Black-Charger-Plates-Bulk-White-Wholesale-Serving-Platters-2.webp 750w, https:\/\/www.linkceramics.com\/wp-content\/uploads\/2024\/12\/Black-Charger-Plates-Bulk-White-Wholesale-Serving-Platters-2-300x300.webp 300w, https:\/\/www.linkceramics.com\/wp-content\/uploads\/2024\/12\/Black-Charger-Plates-Bulk-White-Wholesale-Serving-Platters-2-150x150.webp 150w, https:\/\/www.linkceramics.com\/wp-content\/uploads\/2024\/12\/Black-Charger-Plates-Bulk-White-Wholesale-Serving-Platters-2-600x600.webp 600w, https:\/\/www.linkceramics.com\/wp-content\/uploads\/2024\/12\/Black-Charger-Plates-Bulk-White-Wholesale-Serving-Platters-2-100x100.webp 100w\" sizes=\"(max-width: 750px) 100vw, 750px\" \/><\/figure>\n<\/div>\n<\/div>","protected":false},"excerpt":{"rendered":"<p>Bienvenido a comprar platos de servir al por mayor. Nuestros platos cargadores negros al por mayor y fuentes blancas al por mayor presentan un dise\u00f1o \u00fanico de sombrero de paja. Las texturas mate y roca aportan una extraordinaria experiencia visual y t\u00e1ctil. Los platos admiten la cocci\u00f3n al vapor, el horneado y el calentamiento en microondas, por lo que son adecuados para una gran variedad de m\u00e9todos de cocci\u00f3n. El material cer\u00e1mico de alta calidad garantiza la durabilidad del producto.\u00a0<\/p>\n<h2>Par\u00e1metros de las placas de carga<\/h2>\n<table border=\"0\" width=\"325\" cellspacing=\"0\" cellpadding=\"0\">\n<tbody>\n<tr>\n<td class=\"et3\" width=\"120\" height=\"17\">Fabricante<\/td>\n<td class=\"et3\" width=\"204\">Yongjian<\/td>\n<\/tr>\n<tr>\n<td class=\"et3\" height=\"36\">N\u00ba de modelo<\/td>\n<td class=\"et4\" width=\"204\">YJ-045, 8 pulgadas<br \/>YJ-046, 10 pulgadas<\/td>\n<\/tr>\n<tr>\n<td class=\"et3\" height=\"17\">Tipo de producto<\/td>\n<td class=\"et3\">Plato hondo, Plato para servir<\/td>\n<\/tr>\n<tr>\n<td class=\"et3\" height=\"17\">Material<\/td>\n<td class=\"et3\">Porcelana<\/td>\n<\/tr>\n<tr>\n<td class=\"et5\" height=\"17\">Color<\/td>\n<td class=\"et3\">Blanco\/Negro<\/td>\n<\/tr>\n<tr>\n<td class=\"et3\" height=\"36\">Dimensi\u00f3n<\/td>\n<td class=\"et6\" width=\"204\">20*20*4<br \/>24.5*24.5*4.5<\/td>\n<\/tr>\n<tr>\n<td class=\"et3\" height=\"17\">MOQ<\/td>\n<td class=\"et3\">500 unidades<\/td>\n<\/tr>\n<tr>\n<td class=\"et3\" height=\"17\">A medida<\/td>\n<td class=\"et3\">Color\/Tama\u00f1o\/Logotipo\/Embalaje<\/td>\n<\/tr>\n<\/tbody>\n<\/table>","protected":false},"featured_media":961,"comment_status":"open","ping_status":"closed","template":"","meta":{"_acf_changed":true},"certification":[63,64,66,58,65,61,60,62,57],"product_brand":[],"product_cat":[34,18],"product_tag":[],"class_list":{"0":"post-960","1":"product","2":"type-product","3":"status-publish","4":"has-post-thumbnail","6":"certification-amfori","7":"certification-bsci","8":"certification-cnas","9":"certification-fda","10":"certification-iaf","11":"certification-iso-14001","12":"certification-iso-45001","13":"certification-iso-9001","14":"certification-lfgb","15":"product_cat-custom-household-ceramics","16":"product_cat-ceramic-tableware-wholesale","18":"first","19":"instock","20":"shipping-taxable","21":"product-type-simple"},"acf":[],"_links":{"self":[{"href":"https:\/\/www.linkceramics.com\/es\/wp-json\/wp\/v2\/product\/960","targetHints":{"allow":["GET"]}}],"collection":[{"href":"https:\/\/www.linkceramics.com\/es\/wp-json\/wp\/v2\/product"}],"about":[{"href":"https:\/\/www.linkceramics.com\/es\/wp-json\/wp\/v2\/types\/product"}],"replies":[{"embeddable":true,"href":"https:\/\/www.linkceramics.com\/es\/wp-json\/wp\/v2\/comments?post=960"}],"wp:featuredmedia":[{"embeddable":true,"href":"https:\/\/www.linkceramics.com\/es\/wp-json\/wp\/v2\/media\/961"}],"wp:attachment":[{"href":"https:\/\/www.linkceramics.com\/es\/wp-json\/wp\/v2\/media?parent=960"}],"wp:term":[{"taxonomy":"certification","embeddable":true,"href":"https:\/\/www.linkceramics.com\/es\/wp-json\/wp\/v2\/certification?post=960"},{"taxonomy":"product_brand","embeddable":true,"href":"https:\/\/www.linkceramics.com\/es\/wp-json\/wp\/v2\/product_brand?post=960"},{"taxonomy":"product_cat","embeddable":true,"href":"https:\/\/www.linkceramics.com\/es\/wp-json\/wp\/v2\/product_cat?post=960"},{"taxonomy":"product_tag","embeddable":true,"href":"https:\/\/www.linkceramics.com\/es\/wp-json\/wp\/v2\/product_tag?post=960"}],"curies":[{"name":"wp","href":"https:\/\/api.w.org\/{rel}","templated":true}]}}