{"id":967,"date":"2024-12-10T03:03:02","date_gmt":"2024-12-10T03:03:02","guid":{"rendered":"https:\/\/www.linkceramics.com\/?post_type=product&#038;p=967"},"modified":"2024-12-10T03:03:03","modified_gmt":"2024-12-10T03:03:03","slug":"bulk-serving-platters","status":"publish","type":"product","link":"https:\/\/www.linkceramics.com\/es\/product\/bulk-serving-platters\/","title":{"rendered":"Platos de servir a granel, Platos grandes de cer\u00e1mica al por mayor de f\u00e1brica"},"content":{"rendered":"<div class=\"wp-block-columns is-layout-flex wp-container-core-columns-is-layout-9d6595d7 wp-block-columns-is-layout-flex\">\n<div class=\"wp-block-column is-layout-flow wp-block-column-is-layout-flow\">\n<h3 class=\"wp-block-heading\">Platos para servir a granel Premium Caracter\u00edsticas:<\/h3>\n\n\n\n<ul class=\"wp-block-list\">\n<li><strong>Dise\u00f1o de gran tama\u00f1o:<\/strong>\u00a0Estas fuentes para servir a granel est\u00e1n dise\u00f1adas en gran tama\u00f1o, adecuadas para servir platos principales, fuentes, ensaladas y otros platos, proporcionando un amplio espacio a la mesa de comedor para satisfacer diversas necesidades gastron\u00f3micas.<\/li>\n\n\n\n<li><strong>Resistente al calor y duradero:\u00a0<\/strong>Nuestros platos de cer\u00e1mica al por mayor est\u00e1n hechos de materiales de porcelana de alta calidad, con excelente resistencia al calor y durabilidad, lo que puede mantener la superficie del plato lisa y hermosa durante mucho tiempo, adecuada para el uso diario y ocasiones de catering profesional.<\/li>\n\n\n\n<li><strong>Adecuado para varias mesas de comedor:<\/strong>\u00a0Estas fuentes para servir a granel tienen un dise\u00f1o sencillo y elegante, con superficies lisas y delicadas, adecuadas para diversos estilos de mesas de comedor, desde reuniones familiares hasta restaurantes de alto nivel, que pueden mejorar la experiencia gastron\u00f3mica y ofrecer a los clientes un doble disfrute de la vista y el gusto.<\/li>\n\n\n\n<li><strong>Apto para lavavajillas:\u00a0<\/strong>La superficie de nuestros platos de cer\u00e1mica al por mayor es f\u00e1cil de limpiar, no deja f\u00e1cilmente manchas de aceite ni restos de comida, y admite el lavado a mano y en lavavajillas, lo que garantiza una limpieza r\u00e1pida despu\u00e9s de cada uso y la seguridad higi\u00e9nica de los platos.<\/li>\n<\/ul>\n<\/div>\n\n\n\n<div class=\"wp-block-column is-layout-flow wp-block-column-is-layout-flow\">\n<figure class=\"wp-block-image size-full\"><img decoding=\"async\" width=\"750\" height=\"750\" src=\"https:\/\/www.linkceramics.com\/wp-content\/uploads\/2024\/12\/Bulk-Serving-Platters-Factory-Wholesale-Ceramic-Plates-1.webp\" alt=\"Platos para servir a granel-Factory-Mayorista-Platos de cer\u00e1mica-1\" class=\"wp-image-968\" srcset=\"https:\/\/www.linkceramics.com\/wp-content\/uploads\/2024\/12\/Bulk-Serving-Platters-Factory-Wholesale-Ceramic-Plates-1.webp 750w, https:\/\/www.linkceramics.com\/wp-content\/uploads\/2024\/12\/Bulk-Serving-Platters-Factory-Wholesale-Ceramic-Plates-1-300x300.webp 300w, https:\/\/www.linkceramics.com\/wp-content\/uploads\/2024\/12\/Bulk-Serving-Platters-Factory-Wholesale-Ceramic-Plates-1-150x150.webp 150w, https:\/\/www.linkceramics.com\/wp-content\/uploads\/2024\/12\/Bulk-Serving-Platters-Factory-Wholesale-Ceramic-Plates-1-600x600.webp 600w, https:\/\/www.linkceramics.com\/wp-content\/uploads\/2024\/12\/Bulk-Serving-Platters-Factory-Wholesale-Ceramic-Plates-1-100x100.webp 100w\" sizes=\"(max-width: 750px) 100vw, 750px\" \/><\/figure>\n<\/div>\n<\/div>","protected":false},"excerpt":{"rendered":"<p>Bienvenido a la compra de platos de cer\u00e1mica a granel. Estos grandes platos de servir a granel son una opci\u00f3n ideal por su practicidad, alta calidad y dise\u00f1o sencillo y elegante. Ya sea para uso diario en el hogar o para compras al por mayor en restaurantes y hoteles, este plato de cena puede aportar una excelente experiencia gastron\u00f3mica y un efecto decorativo.<\/p>\n<h2>Platos para servir Par\u00e1metros<\/h2>\n<table border=\"0\" width=\"275\" cellspacing=\"0\" cellpadding=\"0\">\n<tbody>\n<tr>\n<td width=\"108\" height=\"17\">Fabricante<\/td>\n<td width=\"167\">Yongjian<\/td>\n<\/tr>\n<tr>\n<td height=\"18\">N\u00ba de modelo<\/td>\n<td width=\"167\">YJ-004<\/td>\n<\/tr>\n<tr>\n<td height=\"18\">Tipo de producto<\/td>\n<td width=\"167\">Bandeja<\/td>\n<\/tr>\n<tr>\n<td height=\"17\">Material<\/td>\n<td>Porcelana<\/td>\n<\/tr>\n<tr>\n<td height=\"17\">Color<\/td>\n<td>Blanco\/Negro<\/td>\n<\/tr>\n<tr>\n<td height=\"36\">Dimensi\u00f3n<\/td>\n<td width=\"167\">Plato ovalado de 11 pulgadas, 27,5*17,7*3,2<\/td>\n<\/tr>\n<tr>\n<td height=\"17\">MOQ<\/td>\n<td>500 unidades<\/td>\n<\/tr>\n<tr>\n<td height=\"17\">A medida<\/td>\n<td>Color\/Tama\u00f1o\/Logotipo\/Embalaje<\/td>\n<\/tr>\n<\/tbody>\n<\/table>","protected":false},"featured_media":970,"comment_status":"open","ping_status":"closed","template":"","meta":{"_acf_changed":true},"certification":[63,64,66,58,65,61,60,62,57],"product_brand":[],"product_cat":[34,18],"product_tag":[],"class_list":{"0":"post-967","1":"product","2":"type-product","3":"status-publish","4":"has-post-thumbnail","6":"certification-amfori","7":"certification-bsci","8":"certification-cnas","9":"certification-fda","10":"certification-iaf","11":"certification-iso-14001","12":"certification-iso-45001","13":"certification-iso-9001","14":"certification-lfgb","15":"product_cat-custom-household-ceramics","16":"product_cat-ceramic-tableware-wholesale","18":"first","19":"instock","20":"shipping-taxable","21":"product-type-simple"},"acf":[],"_links":{"self":[{"href":"https:\/\/www.linkceramics.com\/es\/wp-json\/wp\/v2\/product\/967","targetHints":{"allow":["GET"]}}],"collection":[{"href":"https:\/\/www.linkceramics.com\/es\/wp-json\/wp\/v2\/product"}],"about":[{"href":"https:\/\/www.linkceramics.com\/es\/wp-json\/wp\/v2\/types\/product"}],"replies":[{"embeddable":true,"href":"https:\/\/www.linkceramics.com\/es\/wp-json\/wp\/v2\/comments?post=967"}],"wp:featuredmedia":[{"embeddable":true,"href":"https:\/\/www.linkceramics.com\/es\/wp-json\/wp\/v2\/media\/970"}],"wp:attachment":[{"href":"https:\/\/www.linkceramics.com\/es\/wp-json\/wp\/v2\/media?parent=967"}],"wp:term":[{"taxonomy":"certification","embeddable":true,"href":"https:\/\/www.linkceramics.com\/es\/wp-json\/wp\/v2\/certification?post=967"},{"taxonomy":"product_brand","embeddable":true,"href":"https:\/\/www.linkceramics.com\/es\/wp-json\/wp\/v2\/product_brand?post=967"},{"taxonomy":"product_cat","embeddable":true,"href":"https:\/\/www.linkceramics.com\/es\/wp-json\/wp\/v2\/product_cat?post=967"},{"taxonomy":"product_tag","embeddable":true,"href":"https:\/\/www.linkceramics.com\/es\/wp-json\/wp\/v2\/product_tag?post=967"}],"curies":[{"name":"wp","href":"https:\/\/api.w.org\/{rel}","templated":true}]}}