{"id":973,"date":"2024-12-10T03:03:47","date_gmt":"2024-12-10T03:03:47","guid":{"rendered":"https:\/\/www.linkceramics.com\/?post_type=product&#038;p=973"},"modified":"2024-12-10T03:03:48","modified_gmt":"2024-12-10T03:03:48","slug":"ceramic-dip-bowls-wholesale","status":"publish","type":"product","link":"https:\/\/www.linkceramics.com\/es\/product\/ceramic-dip-bowls-wholesale\/","title":{"rendered":"Cuencos De Cer\u00e1mica Al Por Mayor, Platos Peque\u00f1os Al Por Mayor Para Salsas"},"content":{"rendered":"<div class=\"wp-block-columns is-layout-flex wp-container-core-columns-is-layout-9d6595d7 wp-block-columns-is-layout-flex\">\n<div class=\"wp-block-column is-layout-flow wp-block-column-is-layout-flow\">\n<h3 class=\"wp-block-heading\">Premium Tazones de Cer\u00e1mica al por mayor Caracter\u00edsticas:<\/h3>\n\n\n\n<ul class=\"wp-block-list\">\n<li><strong>Dise\u00f1o \u00fanico de superficie ondulada:\u00a0<\/strong>Estos cuencos de cer\u00e1mica al por mayor tienen una superficie ondulada, que confiere al producto una textura y un efecto visual \u00fanicos, y realza el sentido de la moda de la mesa de comedor.<\/li>\n\n\n\n<li><strong>La cl\u00e1sica opci\u00f3n bicolor:<\/strong>\u00a0Nuestros platos peque\u00f1os a granel ofrecen dos colores cl\u00e1sicos, blanco y negro, con un dise\u00f1o sencillo y moderno, adecuado para una variedad de estilos de mesa de comedor y ocasiones, que no s\u00f3lo puede resaltar el temperamento elegante, sino tambi\u00e9n ser vers\u00e1til con una variedad de combinaciones de vajilla.<\/li>\n\n\n\n<li><strong>Adecuado para uso polivalente:\u00a0<\/strong>Nuestros peque\u00f1os y exquisitos cuencos de cer\u00e1mica al por mayor son muy adecuados para contener salsas, condimentos, salsas o peque\u00f1as porciones de comida, adecuados para una variedad de ocasiones como el hogar, restaurantes y banquetes, convenientes y pr\u00e1cticos.<\/li>\n\n\n\n<li><strong>Material cer\u00e1mico de alta calidad:\u00a0<\/strong>Estos peque\u00f1os platos a granel est\u00e1n fabricados en cer\u00e1mica duradera de alta calidad, con una superficie lisa y f\u00e1cil de limpiar, gran resistencia al calor, aptos para microondas y lavavajillas, y se adaptan a las necesidades de la vida diaria.<\/li>\n<\/ul>\n<\/div>\n\n\n\n<div class=\"wp-block-column is-layout-flow wp-block-column-is-layout-flow\">\n<figure class=\"wp-block-image size-full\"><img decoding=\"async\" width=\"800\" height=\"800\" src=\"https:\/\/www.linkceramics.com\/wp-content\/uploads\/2024\/12\/Ceramic-Dip-Bowls-Wholesale-Small-Dishes-Bulk-For-Sauces-1.webp\" alt=\"Cuencos de cer\u00e1mica para salsas al por mayor - Platos peque\u00f1os para salsas a granel-1\" class=\"wp-image-974\" srcset=\"https:\/\/www.linkceramics.com\/wp-content\/uploads\/2024\/12\/Ceramic-Dip-Bowls-Wholesale-Small-Dishes-Bulk-For-Sauces-1.webp 800w, https:\/\/www.linkceramics.com\/wp-content\/uploads\/2024\/12\/Ceramic-Dip-Bowls-Wholesale-Small-Dishes-Bulk-For-Sauces-1-300x300.webp 300w, https:\/\/www.linkceramics.com\/wp-content\/uploads\/2024\/12\/Ceramic-Dip-Bowls-Wholesale-Small-Dishes-Bulk-For-Sauces-1-150x150.webp 150w, https:\/\/www.linkceramics.com\/wp-content\/uploads\/2024\/12\/Ceramic-Dip-Bowls-Wholesale-Small-Dishes-Bulk-For-Sauces-1-768x768.webp 768w, https:\/\/www.linkceramics.com\/wp-content\/uploads\/2024\/12\/Ceramic-Dip-Bowls-Wholesale-Small-Dishes-Bulk-For-Sauces-1-600x600.webp 600w, https:\/\/www.linkceramics.com\/wp-content\/uploads\/2024\/12\/Ceramic-Dip-Bowls-Wholesale-Small-Dishes-Bulk-For-Sauces-1-100x100.webp 100w\" sizes=\"(max-width: 800px) 100vw, 800px\" \/><\/figure>\n<\/div>\n<\/div>","protected":false},"excerpt":{"rendered":"<p>Bienvenido a la compra de peque\u00f1os platos de cer\u00e1mica al por mayor. Nuestros cuencos de cer\u00e1mica al por mayor adoptan un dise\u00f1o de superficie ondulada y ofrecen dos opciones de color cl\u00e1sico, blanco y negro, que son a la vez elegantes y pr\u00e1cticos. Es adecuado para una gran variedad de condimentos y salsas, duradero y f\u00e1cil de limpiar, y es una opci\u00f3n ideal para lugares de restauraci\u00f3n y cocinas dom\u00e9sticas.<\/p>\n<h2>Cuencos de cer\u00e1mica para inmersi\u00f3n Par\u00e1metros<\/h2>\n<table border=\"0\" width=\"309\" cellspacing=\"0\" cellpadding=\"0\">\n<tbody>\n<tr>\n<td width=\"120\" height=\"17\">Fabricante<\/td>\n<td width=\"189\">Yongjian<\/td>\n<\/tr>\n<tr>\n<td height=\"18\">N\u00ba de modelo<\/td>\n<td width=\"189\">YJ-027<\/td>\n<\/tr>\n<tr>\n<td height=\"17\">Tipo de producto<\/td>\n<td>Plato peque\u00f1o<\/td>\n<\/tr>\n<tr>\n<td height=\"17\">Material<\/td>\n<td>Porcelana<\/td>\n<\/tr>\n<tr>\n<td height=\"17\">Color<\/td>\n<td>Blanco\/Negro<\/td>\n<\/tr>\n<tr>\n<td height=\"17\">Dimensi\u00f3n<\/td>\n<td>9.5*9.5*3<\/td>\n<\/tr>\n<tr>\n<td height=\"17\">MOQ<\/td>\n<td>500 unidades<\/td>\n<\/tr>\n<tr>\n<td height=\"17\">A medida<\/td>\n<td>Color\/Tama\u00f1o\/Logotipo\/Embalaje<\/td>\n<\/tr>\n<\/tbody>\n<\/table>","protected":false},"featured_media":975,"comment_status":"open","ping_status":"closed","template":"","meta":{"_acf_changed":true},"certification":[63,64,66,58,65,61,60,62,57],"product_brand":[],"product_cat":[34,18],"product_tag":[],"class_list":{"0":"post-973","1":"product","2":"type-product","3":"status-publish","4":"has-post-thumbnail","6":"certification-amfori","7":"certification-bsci","8":"certification-cnas","9":"certification-fda","10":"certification-iaf","11":"certification-iso-14001","12":"certification-iso-45001","13":"certification-iso-9001","14":"certification-lfgb","15":"product_cat-custom-household-ceramics","16":"product_cat-ceramic-tableware-wholesale","18":"first","19":"instock","20":"shipping-taxable","21":"product-type-simple"},"acf":[],"_links":{"self":[{"href":"https:\/\/www.linkceramics.com\/es\/wp-json\/wp\/v2\/product\/973","targetHints":{"allow":["GET"]}}],"collection":[{"href":"https:\/\/www.linkceramics.com\/es\/wp-json\/wp\/v2\/product"}],"about":[{"href":"https:\/\/www.linkceramics.com\/es\/wp-json\/wp\/v2\/types\/product"}],"replies":[{"embeddable":true,"href":"https:\/\/www.linkceramics.com\/es\/wp-json\/wp\/v2\/comments?post=973"}],"wp:featuredmedia":[{"embeddable":true,"href":"https:\/\/www.linkceramics.com\/es\/wp-json\/wp\/v2\/media\/975"}],"wp:attachment":[{"href":"https:\/\/www.linkceramics.com\/es\/wp-json\/wp\/v2\/media?parent=973"}],"wp:term":[{"taxonomy":"certification","embeddable":true,"href":"https:\/\/www.linkceramics.com\/es\/wp-json\/wp\/v2\/certification?post=973"},{"taxonomy":"product_brand","embeddable":true,"href":"https:\/\/www.linkceramics.com\/es\/wp-json\/wp\/v2\/product_brand?post=973"},{"taxonomy":"product_cat","embeddable":true,"href":"https:\/\/www.linkceramics.com\/es\/wp-json\/wp\/v2\/product_cat?post=973"},{"taxonomy":"product_tag","embeddable":true,"href":"https:\/\/www.linkceramics.com\/es\/wp-json\/wp\/v2\/product_tag?post=973"}],"curies":[{"name":"wp","href":"https:\/\/api.w.org\/{rel}","templated":true}]}}