{"id":978,"date":"2024-12-10T03:04:13","date_gmt":"2024-12-10T03:04:13","guid":{"rendered":"https:\/\/www.linkceramics.com\/?post_type=product&#038;p=978"},"modified":"2024-12-10T03:04:14","modified_gmt":"2024-12-10T03:04:14","slug":"soup-bowls-with-handles-wholesale","status":"publish","type":"product","link":"https:\/\/www.linkceramics.com\/es\/product\/soup-bowls-with-handles-wholesale\/","title":{"rendered":"10-Inch Soup Bowls With Handles Wholesale, Tazones Grandes para Servir a Granel"},"content":{"rendered":"<div class=\"wp-block-columns is-layout-flex wp-container-core-columns-is-layout-9d6595d7 wp-block-columns-is-layout-flex\">\n<div class=\"wp-block-column is-layout-flow wp-block-column-is-layout-flow\">\n<h3 class=\"wp-block-heading\">Premium Tazones De Sopa Con Asas Al Por Mayor Caracter\u00edsticas:<\/h3>\n\n\n\n<ul class=\"wp-block-list\">\n<li><strong>C\u00f3modo dise\u00f1o del asa:\u00a0<\/strong>Estos cuencos soperos al por mayor est\u00e1n equipados con una pr\u00e1ctica asa, que resulta c\u00f3moda para servir la sopa y no es f\u00e1cil quemarse al sujetar el cuenco, y la experiencia de uso es m\u00e1s c\u00f3moda.<\/li>\n\n\n\n<li><strong>Dise\u00f1o de gran capacidad:\u00a0<\/strong>La gran capacidad de nuestros cuencos soperos con asas al por mayor permite acomodar m\u00e1s sopa o comida, lo que resulta muy adecuado para el uso diario o para grandes raciones en restaurantes.<\/li>\n\n\n\n<li><strong>Cer\u00e1mica de alta calidad:<\/strong>\u00a0Fabricados con materiales cer\u00e1micos de alta calidad, nuestros cuencos soperos al por mayor son resistentes a las altas temperaturas y al desgaste, lo que garantiza que sigan brillando como nuevos tras un uso prolongado.<\/li>\n\n\n\n<li><strong>Descuento por compra al por mayor:\u00a0<\/strong>Nuestros cuencos soperos con asas al por mayor admiten compras al por mayor, adaptados a las necesidades del sector de la restauraci\u00f3n o al por mayor, y el precio es m\u00e1s competitivo.<\/li>\n<\/ul>\n<\/div>\n\n\n\n<div class=\"wp-block-column is-layout-flow wp-block-column-is-layout-flow\">\n<figure class=\"wp-block-image size-full\"><img decoding=\"async\" width=\"750\" height=\"1000\" src=\"https:\/\/www.linkceramics.com\/wp-content\/uploads\/2024\/12\/Soup-Bowls-With-Handles-Wholesale-Large-Serving-Bowls-Bulk-6.webp\" alt=\"Tazones para sopa con asa - Mayoristas - Tazones para raciones grandes - Granel-6\" class=\"wp-image-983\" srcset=\"https:\/\/www.linkceramics.com\/wp-content\/uploads\/2024\/12\/Soup-Bowls-With-Handles-Wholesale-Large-Serving-Bowls-Bulk-6.webp 750w, https:\/\/www.linkceramics.com\/wp-content\/uploads\/2024\/12\/Soup-Bowls-With-Handles-Wholesale-Large-Serving-Bowls-Bulk-6-225x300.webp 225w, https:\/\/www.linkceramics.com\/wp-content\/uploads\/2024\/12\/Soup-Bowls-With-Handles-Wholesale-Large-Serving-Bowls-Bulk-6-600x800.webp 600w\" sizes=\"(max-width: 750px) 100vw, 750px\" \/><\/figure>\n<\/div>\n<\/div>","protected":false},"excerpt":{"rendered":"<p>Bienvenido a comprar platos hondos al por mayor. Estos cuencos soperos grandes con asas al por mayor est\u00e1n fabricados con material cer\u00e1mico de alta calidad, que es duradero y funcional. Es adecuado para uso dom\u00e9stico y para grandes raciones en lugares de restauraci\u00f3n. Es una opci\u00f3n ideal para compras comerciales.<\/p>\n<h2>Platos hondos con asas Par\u00e1metro<\/h2>\n<table border=\"0\" width=\"309\" cellspacing=\"0\" cellpadding=\"0\">\n<tbody>\n<tr>\n<td class=\"et3\" width=\"120\" height=\"17\">Fabricante<\/td>\n<td class=\"et3\" width=\"189\">Yongjian<\/td>\n<\/tr>\n<tr>\n<td class=\"et3\" height=\"18\">N\u00ba de modelo<\/td>\n<td class=\"et4\" width=\"189\">YJ-012<\/td>\n<\/tr>\n<tr>\n<td class=\"et3\" height=\"17\">Tipo de producto<\/td>\n<td class=\"et3\">Cuencos con asa<\/td>\n<\/tr>\n<tr>\n<td class=\"et3\" height=\"17\">Material<\/td>\n<td class=\"et3\">Porcelana<\/td>\n<\/tr>\n<tr>\n<td class=\"et6\" height=\"17\">Color<\/td>\n<td class=\"et3\">Blanco\/Negro<\/td>\n<\/tr>\n<tr>\n<td class=\"et3\" height=\"18\">Dimensi\u00f3n<\/td>\n<td class=\"et7\" width=\"189\">25*21,3*7,2, 1400ml<\/td>\n<\/tr>\n<tr>\n<td class=\"et3\" height=\"17\">MOQ<\/td>\n<td class=\"et3\">500 unidades<\/td>\n<\/tr>\n<tr>\n<td class=\"et3\" height=\"17\">A medida<\/td>\n<td class=\"et3\">Color\/Tama\u00f1o\/Logotipo\/Embalaje<\/td>\n<\/tr>\n<\/tbody>\n<\/table>","protected":false},"featured_media":982,"comment_status":"open","ping_status":"closed","template":"","meta":{"_acf_changed":true},"certification":[63,64,66,58,65,61,60,62,57],"product_brand":[],"product_cat":[34,20,18],"product_tag":[],"class_list":{"0":"post-978","1":"product","2":"type-product","3":"status-publish","4":"has-post-thumbnail","6":"certification-amfori","7":"certification-bsci","8":"certification-cnas","9":"certification-fda","10":"certification-iaf","11":"certification-iso-14001","12":"certification-iso-45001","13":"certification-iso-9001","14":"certification-lfgb","15":"product_cat-custom-household-ceramics","16":"product_cat-ceramic-kitchenware-wholesale","17":"product_cat-ceramic-tableware-wholesale","19":"first","20":"instock","21":"shipping-taxable","22":"product-type-simple"},"acf":[],"_links":{"self":[{"href":"https:\/\/www.linkceramics.com\/es\/wp-json\/wp\/v2\/product\/978","targetHints":{"allow":["GET"]}}],"collection":[{"href":"https:\/\/www.linkceramics.com\/es\/wp-json\/wp\/v2\/product"}],"about":[{"href":"https:\/\/www.linkceramics.com\/es\/wp-json\/wp\/v2\/types\/product"}],"replies":[{"embeddable":true,"href":"https:\/\/www.linkceramics.com\/es\/wp-json\/wp\/v2\/comments?post=978"}],"wp:featuredmedia":[{"embeddable":true,"href":"https:\/\/www.linkceramics.com\/es\/wp-json\/wp\/v2\/media\/982"}],"wp:attachment":[{"href":"https:\/\/www.linkceramics.com\/es\/wp-json\/wp\/v2\/media?parent=978"}],"wp:term":[{"taxonomy":"certification","embeddable":true,"href":"https:\/\/www.linkceramics.com\/es\/wp-json\/wp\/v2\/certification?post=978"},{"taxonomy":"product_brand","embeddable":true,"href":"https:\/\/www.linkceramics.com\/es\/wp-json\/wp\/v2\/product_brand?post=978"},{"taxonomy":"product_cat","embeddable":true,"href":"https:\/\/www.linkceramics.com\/es\/wp-json\/wp\/v2\/product_cat?post=978"},{"taxonomy":"product_tag","embeddable":true,"href":"https:\/\/www.linkceramics.com\/es\/wp-json\/wp\/v2\/product_tag?post=978"}],"curies":[{"name":"wp","href":"https:\/\/api.w.org\/{rel}","templated":true}]}}