{"id":984,"date":"2024-12-10T03:11:11","date_gmt":"2024-12-10T03:11:11","guid":{"rendered":"https:\/\/www.linkceramics.com\/?post_type=product&#038;p=984"},"modified":"2024-12-10T03:11:12","modified_gmt":"2024-12-10T03:11:12","slug":"wholesale-small-bowls","status":"publish","type":"product","link":"https:\/\/www.linkceramics.com\/es\/product\/wholesale-small-bowls\/","title":{"rendered":"Cuencos Peque\u00f1os al por mayor de 4.5 pulgadas, Cuencos redondos con dise\u00f1o de textura de roca"},"content":{"rendered":"<div class=\"wp-block-columns is-layout-flex wp-container-core-columns-is-layout-9d6595d7 wp-block-columns-is-layout-flex\">\n<div class=\"wp-block-column is-layout-flow wp-block-column-is-layout-flow\">\n<h3 class=\"wp-block-heading\">Tazones peque\u00f1os de primera calidad al por mayor Caracter\u00edsticas:<\/h3>\n\n\n\n<ul class=\"wp-block-list\">\n<li><strong>Sencillo y elegante:\u00a0<\/strong>Estos cuencos peque\u00f1os al por mayor est\u00e1n dise\u00f1ados con una textura de roca \u00fanica, que da a la gente una textura natural y moderna, muy decorativa y adecuada para realzar el estilo general de la mesa de comedor.<\/li>\n\n\n\n<li><strong>Peque\u00f1o dise\u00f1o redondo:\u00a0<\/strong>El dise\u00f1o de estos cuencos de arroz redondos a granel es adecuado para la celebraci\u00f3n de salsas, postres, aperitivos y otros aperitivos, y tambi\u00e9n es f\u00e1cil de colocar y almacenar, adecuado para una variedad de escenas en el hogar o restaurante.<\/li>\n\n\n\n<li><strong>Resistente y duradero:<\/strong>\u00a0Seleccionados materiales cer\u00e1micos de alta calidad, nuestros cuencos peque\u00f1os al por mayor se cuecen a alta temperatura, tienen una fuerte resistencia al desgaste y al calor, garantizan el uso a largo plazo de los cuencos, y son f\u00e1ciles de limpiar y no es f\u00e1cil que absorban olores.<\/li>\n\n\n\n<li><strong>Suministro a granel:\u00a0<\/strong>Proporcionar servicios de compra de cuencos de arroz a granel para el sector de la restauraci\u00f3n y los minoristas, con precios al por mayor razonables para ayudar a reducir costes y satisfacer diversas necesidades de restauraci\u00f3n.<\/li>\n<\/ul>\n<\/div>\n\n\n\n<div class=\"wp-block-column is-layout-flow wp-block-column-is-layout-flow\">\n<figure class=\"wp-block-image size-full\"><img decoding=\"async\" width=\"800\" height=\"800\" src=\"https:\/\/www.linkceramics.com\/wp-content\/uploads\/2024\/12\/Wholesale-Small-Bowls-Rock-Texture-Design-Round-Bowls-6.webp\" alt=\"Mayorista-Peque\u00f1os-Tazones-Roca-Textura-Dise\u00f1o-Tazones-Redondos-6\" class=\"wp-image-989\" srcset=\"https:\/\/www.linkceramics.com\/wp-content\/uploads\/2024\/12\/Wholesale-Small-Bowls-Rock-Texture-Design-Round-Bowls-6.webp 800w, https:\/\/www.linkceramics.com\/wp-content\/uploads\/2024\/12\/Wholesale-Small-Bowls-Rock-Texture-Design-Round-Bowls-6-300x300.webp 300w, https:\/\/www.linkceramics.com\/wp-content\/uploads\/2024\/12\/Wholesale-Small-Bowls-Rock-Texture-Design-Round-Bowls-6-150x150.webp 150w, https:\/\/www.linkceramics.com\/wp-content\/uploads\/2024\/12\/Wholesale-Small-Bowls-Rock-Texture-Design-Round-Bowls-6-768x768.webp 768w, https:\/\/www.linkceramics.com\/wp-content\/uploads\/2024\/12\/Wholesale-Small-Bowls-Rock-Texture-Design-Round-Bowls-6-600x600.webp 600w, https:\/\/www.linkceramics.com\/wp-content\/uploads\/2024\/12\/Wholesale-Small-Bowls-Rock-Texture-Design-Round-Bowls-6-100x100.webp 100w\" sizes=\"(max-width: 800px) 100vw, 800px\" \/><\/figure>\n<\/div>\n<\/div>","protected":false},"excerpt":{"rendered":"<p>Bienvenido a comprar cuencos peque\u00f1os de cer\u00e1mica al por mayor. Estos peque\u00f1os cuencos al por mayor con dise\u00f1o de textura de roca son elegantes, hermosos y pr\u00e1cticos, adecuados para una variedad de prop\u00f3sitos de catering, y son una opci\u00f3n rentable para compras al por mayor.\u00a0<\/p>\n<h2>Par\u00e1metros de cuencos peque\u00f1os<\/h2>\n<table border=\"0\" width=\"309\" cellspacing=\"0\" cellpadding=\"0\">\n<tbody>\n<tr>\n<td class=\"et3\" width=\"120\" height=\"17\">Fabricante<\/td>\n<td class=\"et3\" width=\"189\">Yongjian<\/td>\n<\/tr>\n<tr>\n<td class=\"et3\" height=\"18\">N\u00ba de modelo<\/td>\n<td class=\"et4\" width=\"189\">YJ-029<\/td>\n<\/tr>\n<tr>\n<td class=\"et3\" height=\"17\">Tipo de producto<\/td>\n<td class=\"et3\">Cuenco de arroz<\/td>\n<\/tr>\n<tr>\n<td class=\"et3\" height=\"17\">Material<\/td>\n<td class=\"et3\">Porcelana<\/td>\n<\/tr>\n<tr>\n<td class=\"et5\" height=\"17\">Color<\/td>\n<td class=\"et3\">Blanco\/Negro<\/td>\n<\/tr>\n<tr>\n<td class=\"et3\" height=\"18\">Dimensi\u00f3n<\/td>\n<td class=\"et6\" width=\"189\">11,2*11,2*5,7\uff0c320ml<\/td>\n<\/tr>\n<tr>\n<td class=\"et3\" height=\"17\">MOQ<\/td>\n<td class=\"et3\">500 unidades<\/td>\n<\/tr>\n<tr>\n<td class=\"et3\" height=\"17\">A medida<\/td>\n<td class=\"et3\">Color\/Tama\u00f1o\/Logotipo\/Embalaje<\/td>\n<\/tr>\n<\/tbody>\n<\/table>\n<p>&nbsp;<\/p>","protected":false},"featured_media":988,"comment_status":"open","ping_status":"closed","template":"","meta":{"_acf_changed":true},"certification":[63,64,66,58,65,61,60,62,57],"product_brand":[],"product_cat":[34,18],"product_tag":[],"class_list":{"0":"post-984","1":"product","2":"type-product","3":"status-publish","4":"has-post-thumbnail","6":"certification-amfori","7":"certification-bsci","8":"certification-cnas","9":"certification-fda","10":"certification-iaf","11":"certification-iso-14001","12":"certification-iso-45001","13":"certification-iso-9001","14":"certification-lfgb","15":"product_cat-custom-household-ceramics","16":"product_cat-ceramic-tableware-wholesale","18":"first","19":"instock","20":"shipping-taxable","21":"product-type-simple"},"acf":[],"_links":{"self":[{"href":"https:\/\/www.linkceramics.com\/es\/wp-json\/wp\/v2\/product\/984","targetHints":{"allow":["GET"]}}],"collection":[{"href":"https:\/\/www.linkceramics.com\/es\/wp-json\/wp\/v2\/product"}],"about":[{"href":"https:\/\/www.linkceramics.com\/es\/wp-json\/wp\/v2\/types\/product"}],"replies":[{"embeddable":true,"href":"https:\/\/www.linkceramics.com\/es\/wp-json\/wp\/v2\/comments?post=984"}],"wp:featuredmedia":[{"embeddable":true,"href":"https:\/\/www.linkceramics.com\/es\/wp-json\/wp\/v2\/media\/988"}],"wp:attachment":[{"href":"https:\/\/www.linkceramics.com\/es\/wp-json\/wp\/v2\/media?parent=984"}],"wp:term":[{"taxonomy":"certification","embeddable":true,"href":"https:\/\/www.linkceramics.com\/es\/wp-json\/wp\/v2\/certification?post=984"},{"taxonomy":"product_brand","embeddable":true,"href":"https:\/\/www.linkceramics.com\/es\/wp-json\/wp\/v2\/product_brand?post=984"},{"taxonomy":"product_cat","embeddable":true,"href":"https:\/\/www.linkceramics.com\/es\/wp-json\/wp\/v2\/product_cat?post=984"},{"taxonomy":"product_tag","embeddable":true,"href":"https:\/\/www.linkceramics.com\/es\/wp-json\/wp\/v2\/product_tag?post=984"}],"curies":[{"name":"wp","href":"https:\/\/api.w.org\/{rel}","templated":true}]}}