{"id":996,"date":"2024-12-10T03:13:35","date_gmt":"2024-12-10T03:13:35","guid":{"rendered":"https:\/\/www.linkceramics.com\/?post_type=product&#038;p=996"},"modified":"2024-12-10T03:13:37","modified_gmt":"2024-12-10T03:13:37","slug":"large-ramen-bowls-bulk","status":"publish","type":"product","link":"https:\/\/www.linkceramics.com\/es\/product\/large-ramen-bowls-bulk\/","title":{"rendered":"10-Inch Large Ramen Bowls Bulk, Dise\u00f1o de borde irregular Tazones para sopa"},"content":{"rendered":"<div class=\"wp-block-columns is-layout-flex wp-container-core-columns-is-layout-9d6595d7 wp-block-columns-is-layout-flex\">\n<div class=\"wp-block-column is-layout-flow wp-block-column-is-layout-flow\">\n<h3 class=\"wp-block-heading\">Premium Tazones Grandes de Ramen a Granel Caracter\u00edsticas:<\/h3>\n\n\n\n<ul class=\"wp-block-list\">\n<li><strong>Dise\u00f1o de bordes irregulares:\u00a0<\/strong>Nuestros cuencos grandes para ramen de 10 pulgadas adoptan un dise\u00f1o \u00fanico de bordes irregulares, que a\u00f1ade un toque moderno y personalizado y mejora la experiencia gastron\u00f3mica en general.<\/li>\n\n\n\n<li><strong>Adecuado para uso polivalente:\u00a0<\/strong>El dise\u00f1o de gran tama\u00f1o de estos cuencos grandes al por mayor es muy adecuado para sostener ramen, fideos de sopa, guisos y otros alimentos, adecuados para diferentes ocasiones, como el hogar y el restaurante.<\/li>\n\n\n\n<li><strong>Material cer\u00e1mico de alta calidad:\u00a0<\/strong>Estos cuencos grandes para ramen a granel est\u00e1n fabricados en cer\u00e1mica de alta calidad, resistente a las altas temperaturas y al desgaste, lo que garantiza que el cuenco sea robusto y duradero, y conserve su belleza tras un uso prolongado.<\/li>\n\n\n\n<li><strong>Descuento por compra al por mayor:\u00a0<\/strong>Nuestros cuencos de ramen al por mayor admiten pedidos al por mayor, adecuados para el sector de la restauraci\u00f3n y los clientes mayoristas, y ofrecen precios m\u00e1s competitivos.<\/li>\n<\/ul>\n<\/div>\n\n\n\n<div class=\"wp-block-column is-layout-flow wp-block-column-is-layout-flow\">\n<figure class=\"wp-block-image size-full\"><img decoding=\"async\" width=\"800\" height=\"800\" src=\"https:\/\/www.linkceramics.com\/wp-content\/uploads\/2024\/12\/Large-Ramen-Bowls-Bulk-Irregular-Edge-Design-Soup-Bowls-5.webp\" alt=\"Tazones de sopa grandes con dise\u00f1o de bordes irregulares 5\" class=\"wp-image-999\" srcset=\"https:\/\/www.linkceramics.com\/wp-content\/uploads\/2024\/12\/Large-Ramen-Bowls-Bulk-Irregular-Edge-Design-Soup-Bowls-5.webp 800w, https:\/\/www.linkceramics.com\/wp-content\/uploads\/2024\/12\/Large-Ramen-Bowls-Bulk-Irregular-Edge-Design-Soup-Bowls-5-300x300.webp 300w, https:\/\/www.linkceramics.com\/wp-content\/uploads\/2024\/12\/Large-Ramen-Bowls-Bulk-Irregular-Edge-Design-Soup-Bowls-5-150x150.webp 150w, https:\/\/www.linkceramics.com\/wp-content\/uploads\/2024\/12\/Large-Ramen-Bowls-Bulk-Irregular-Edge-Design-Soup-Bowls-5-768x768.webp 768w, https:\/\/www.linkceramics.com\/wp-content\/uploads\/2024\/12\/Large-Ramen-Bowls-Bulk-Irregular-Edge-Design-Soup-Bowls-5-600x600.webp 600w, https:\/\/www.linkceramics.com\/wp-content\/uploads\/2024\/12\/Large-Ramen-Bowls-Bulk-Irregular-Edge-Design-Soup-Bowls-5-100x100.webp 100w\" sizes=\"(max-width: 800px) 100vw, 800px\" \/><\/figure>\n<\/div>\n<\/div>","protected":false},"excerpt":{"rendered":"<p>Bienvenido a comprar cuencos de ramen de cer\u00e1mica al por mayor. Estos cuencos grandes para ramen a granel presentan un dise\u00f1o de bordes irregulares, elegante y personalizado, adecuado para contener una gran variedad de alimentos b\u00e1sicos. Su material cer\u00e1mico de alta calidad garantiza su durabilidad y es una opci\u00f3n ideal para supermercados y empresas de catering.<\/p>\n<h2>Tazones grandes de ramen Par\u00e1metros<\/h2>\n<table border=\"0\" width=\"309\" cellspacing=\"0\" cellpadding=\"0\">\n<tbody>\n<tr>\n<td class=\"et3\" width=\"120\" height=\"17\">Fabricante<\/td>\n<td class=\"et3\" width=\"189\">Yongjian<\/td>\n<\/tr>\n<tr>\n<td class=\"et3\" height=\"18\">N\u00ba de modelo<\/td>\n<td class=\"et4\" width=\"189\">YJ-025<\/td>\n<\/tr>\n<tr>\n<td class=\"et3\" height=\"17\">Tipo de producto<\/td>\n<td class=\"et3\">Cuencos para sopa y ramen<\/td>\n<\/tr>\n<tr>\n<td class=\"et3\" height=\"17\">Material<\/td>\n<td class=\"et3\">Porcelana<\/td>\n<\/tr>\n<tr>\n<td class=\"et6\" height=\"17\">Color<\/td>\n<td class=\"et3\">Blanco\/Negro<\/td>\n<\/tr>\n<tr>\n<td class=\"et3\" height=\"18\">Dimensi\u00f3n<\/td>\n<td class=\"et7\" width=\"189\">25*25*6,5, 1400ml<\/td>\n<\/tr>\n<tr>\n<td class=\"et3\" height=\"17\">MOQ<\/td>\n<td class=\"et3\">500 unidades<\/td>\n<\/tr>\n<tr>\n<td class=\"et3\" height=\"17\">A medida<\/td>\n<td class=\"et3\">Color\/Tama\u00f1o\/Logotipo\/Embalaje<\/td>\n<\/tr>\n<\/tbody>\n<\/table>","protected":false},"featured_media":998,"comment_status":"open","ping_status":"closed","template":"","meta":{"_acf_changed":true},"certification":[63,64,66,58,65,61,60,62,57],"product_brand":[],"product_cat":[34,18],"product_tag":[],"class_list":{"0":"post-996","1":"product","2":"type-product","3":"status-publish","4":"has-post-thumbnail","6":"certification-amfori","7":"certification-bsci","8":"certification-cnas","9":"certification-fda","10":"certification-iaf","11":"certification-iso-14001","12":"certification-iso-45001","13":"certification-iso-9001","14":"certification-lfgb","15":"product_cat-custom-household-ceramics","16":"product_cat-ceramic-tableware-wholesale","18":"first","19":"instock","20":"shipping-taxable","21":"product-type-simple"},"acf":[],"_links":{"self":[{"href":"https:\/\/www.linkceramics.com\/es\/wp-json\/wp\/v2\/product\/996","targetHints":{"allow":["GET"]}}],"collection":[{"href":"https:\/\/www.linkceramics.com\/es\/wp-json\/wp\/v2\/product"}],"about":[{"href":"https:\/\/www.linkceramics.com\/es\/wp-json\/wp\/v2\/types\/product"}],"replies":[{"embeddable":true,"href":"https:\/\/www.linkceramics.com\/es\/wp-json\/wp\/v2\/comments?post=996"}],"wp:featuredmedia":[{"embeddable":true,"href":"https:\/\/www.linkceramics.com\/es\/wp-json\/wp\/v2\/media\/998"}],"wp:attachment":[{"href":"https:\/\/www.linkceramics.com\/es\/wp-json\/wp\/v2\/media?parent=996"}],"wp:term":[{"taxonomy":"certification","embeddable":true,"href":"https:\/\/www.linkceramics.com\/es\/wp-json\/wp\/v2\/certification?post=996"},{"taxonomy":"product_brand","embeddable":true,"href":"https:\/\/www.linkceramics.com\/es\/wp-json\/wp\/v2\/product_brand?post=996"},{"taxonomy":"product_cat","embeddable":true,"href":"https:\/\/www.linkceramics.com\/es\/wp-json\/wp\/v2\/product_cat?post=996"},{"taxonomy":"product_tag","embeddable":true,"href":"https:\/\/www.linkceramics.com\/es\/wp-json\/wp\/v2\/product_tag?post=996"}],"curies":[{"name":"wp","href":"https:\/\/api.w.org\/{rel}","templated":true}]}}