{"id":1002,"date":"2024-12-21T06:51:59","date_gmt":"2024-12-21T06:51:59","guid":{"rendered":"https:\/\/www.linkceramics.com\/?post_type=product&#038;p=1002"},"modified":"2024-12-21T06:52:00","modified_gmt":"2024-12-21T06:52:00","slug":"oriental-wholesale-crockery","status":"publish","type":"product","link":"https:\/\/www.linkceramics.com\/fr\/product\/oriental-wholesale-crockery\/","title":{"rendered":"Vaisselle orientale en gros, vaisselle en vrac grise et verte pour restaurant"},"content":{"rendered":"<div class=\"wp-block-columns is-layout-flex wp-container-core-columns-is-layout-9d6595d7 wp-block-columns-is-layout-flex\">\n<div class=\"wp-block-column is-layout-flow wp-block-column-is-layout-flow\">\n<h3 class=\"wp-block-heading\">Vaisselle orientale de qualit\u00e9 sup\u00e9rieure Caract\u00e9ristiques :<\/h3>\n\n\n\n<ul class=\"wp-block-list\">\n<li><strong>Design de style oriental :\u00a0<\/strong>Inspir\u00e9e par l'esth\u00e9tique orientale simple, notre s\u00e9rie de vaisselle orientale en gros adopte le sch\u00e9ma de couleurs classique du gris et du vert pour cr\u00e9er un effet visuel frais et naturel, convenant \u00e0 tous les types d'environnements de table \u00e0 manger, ajoutant une atmosph\u00e8re \u00e9l\u00e9gante au restaurant.<\/li>\n\n\n\n<li><strong>Artisanat personnalis\u00e9 haut de gamme :\u00a0<\/strong>Cette s\u00e9rie de vaisselle en vrac est cuite \u00e0 l'aide d'une technologie c\u00e9ramique avanc\u00e9e, et la gla\u00e7ure est lisse et d\u00e9licate, ce qui non seulement am\u00e9liore la durabilit\u00e9 du produit, mais donne \u00e9galement \u00e0 chaque vaisselle une texture unique et un aspect haut de gamme.<\/li>\n\n\n\n<li><strong>Plusieurs sp\u00e9cifications au choix :\u00a0<\/strong>Notre s\u00e9rie de vaisselle orientale en gros propose une vari\u00e9t\u00e9 de bols, d'assiettes et de cuill\u00e8res, adapt\u00e9s \u00e0 diff\u00e9rents types de plats, qu'il s'agisse de cuisine occidentale, orientale ou fusion, ils peuvent \u00eatre facilement assortis.<\/li>\n\n\n\n<li><strong>Tr\u00e8s r\u00e9sistant et facile \u00e0 nettoyer :\u00a0<\/strong>Cette s\u00e9rie de vaisselle en vrac est non seulement r\u00e9sistante aux temp\u00e9ratures \u00e9lev\u00e9es, aux rayures et \u00e0 l'usure, mais aussi facile \u00e0 nettoyer. Son mat\u00e9riau c\u00e9ramique tr\u00e8s r\u00e9sistant garantit la s\u00e9curit\u00e9 et la fiabilit\u00e9 pour une utilisation \u00e0 long terme.<\/li>\n<\/ul>\n<\/div>\n\n\n\n<div class=\"wp-block-column is-layout-flow wp-block-column-is-layout-flow\">\n<figure class=\"wp-block-image size-full\"><img decoding=\"async\" width=\"800\" height=\"800\" src=\"https:\/\/www.linkceramics.com\/wp-content\/uploads\/2024\/12\/Oriental-Wholesale-Crockery-Bulk-Dinnerware-For-Restaurant-04.webp\" alt=\"Oriental-Grossiste-Croissanterie-Vaisselle en vrac-Pour-restaurant-04\" class=\"wp-image-1003\" srcset=\"https:\/\/www.linkceramics.com\/wp-content\/uploads\/2024\/12\/Oriental-Wholesale-Crockery-Bulk-Dinnerware-For-Restaurant-04.webp 800w, https:\/\/www.linkceramics.com\/wp-content\/uploads\/2024\/12\/Oriental-Wholesale-Crockery-Bulk-Dinnerware-For-Restaurant-04-300x300.webp 300w, https:\/\/www.linkceramics.com\/wp-content\/uploads\/2024\/12\/Oriental-Wholesale-Crockery-Bulk-Dinnerware-For-Restaurant-04-150x150.webp 150w, https:\/\/www.linkceramics.com\/wp-content\/uploads\/2024\/12\/Oriental-Wholesale-Crockery-Bulk-Dinnerware-For-Restaurant-04-768x768.webp 768w, https:\/\/www.linkceramics.com\/wp-content\/uploads\/2024\/12\/Oriental-Wholesale-Crockery-Bulk-Dinnerware-For-Restaurant-04-600x600.webp 600w, https:\/\/www.linkceramics.com\/wp-content\/uploads\/2024\/12\/Oriental-Wholesale-Crockery-Bulk-Dinnerware-For-Restaurant-04-100x100.webp 100w\" sizes=\"(max-width: 800px) 100vw, 800px\" \/><\/figure>\n<\/div>\n<\/div>","protected":false},"excerpt":{"rendered":"<p>Bienvenue pour acheter de la vaisselle en gros. Notre s\u00e9rie de vaisselle orientale en gros adopte un design simple de style oriental. Les couleurs grises et vertes assorties pr\u00e9sentent une beaut\u00e9 \u00e9l\u00e9gante et naturelle, qui convient particuli\u00e8rement aux lieux de restauration haut de gamme tels que les restaurants. Les produits sont fabriqu\u00e9s \u00e0 l'aide d'une technologie avanc\u00e9e, avec une gla\u00e7ure lisse et d\u00e9licate, durable et facile \u00e0 nettoyer, garantissant la commodit\u00e9 et la durabilit\u00e9 \u00e0 long terme de l'utilisation quotidienne.<\/p>\n<h2>Param\u00e8tre Oriental Wholesale Crockery<\/h2>\n<table border=\"0\" width=\"309\" cellspacing=\"0\" cellpadding=\"0\">\n<tbody>\n<tr>\n<td width=\"120\" height=\"17\">Fabricant<\/td>\n<td width=\"189\">Yongjian<\/td>\n<\/tr>\n<tr>\n<td height=\"18\">Num\u00e9ro de mod\u00e8le<\/td>\n<td width=\"189\">YJ-063<\/td>\n<\/tr>\n<tr>\n<td width=\"120\" height=\"18\">Type de vaisselle<\/td>\n<td width=\"189\">Plateaux, assiettes, bols, cuill\u00e8res<\/td>\n<\/tr>\n<tr>\n<td height=\"17\">Technique<\/td>\n<td>Effet de gla\u00e7age au four<\/td>\n<\/tr>\n<tr>\n<td height=\"17\">Mat\u00e9riau<\/td>\n<td>Porcelaine<\/td>\n<\/tr>\n<tr>\n<td height=\"36\">Applicable<\/td>\n<td width=\"189\">St\u00e9rilisateur, lave-vaisselle, four, micro-ondes<\/td>\n<\/tr>\n<tr>\n<td height=\"17\">Dimension<\/td>\n<td>En tant qu'image<\/td>\n<\/tr>\n<tr>\n<td height=\"17\">MOQ<\/td>\n<td>500pcs<\/td>\n<\/tr>\n<tr>\n<td height=\"17\">Sur mesure<\/td>\n<td>Couleur\/Taille\/Logo\/Emballage<\/td>\n<\/tr>\n<\/tbody>\n<\/table>","protected":false},"featured_media":1004,"comment_status":"open","ping_status":"closed","template":"","meta":{"_acf_changed":true},"certification":[63,64,66,58,65,61,60,62,57],"product_brand":[],"product_cat":[34,18],"product_tag":[],"class_list":{"0":"post-1002","1":"product","2":"type-product","3":"status-publish","4":"has-post-thumbnail","6":"certification-amfori","7":"certification-bsci","8":"certification-cnas","9":"certification-fda","10":"certification-iaf","11":"certification-iso-14001","12":"certification-iso-45001","13":"certification-iso-9001","14":"certification-lfgb","15":"product_cat-custom-household-ceramics","16":"product_cat-ceramic-tableware-wholesale","18":"first","19":"instock","20":"shipping-taxable","21":"product-type-simple"},"acf":[],"_links":{"self":[{"href":"https:\/\/www.linkceramics.com\/fr\/wp-json\/wp\/v2\/product\/1002","targetHints":{"allow":["GET"]}}],"collection":[{"href":"https:\/\/www.linkceramics.com\/fr\/wp-json\/wp\/v2\/product"}],"about":[{"href":"https:\/\/www.linkceramics.com\/fr\/wp-json\/wp\/v2\/types\/product"}],"replies":[{"embeddable":true,"href":"https:\/\/www.linkceramics.com\/fr\/wp-json\/wp\/v2\/comments?post=1002"}],"wp:featuredmedia":[{"embeddable":true,"href":"https:\/\/www.linkceramics.com\/fr\/wp-json\/wp\/v2\/media\/1004"}],"wp:attachment":[{"href":"https:\/\/www.linkceramics.com\/fr\/wp-json\/wp\/v2\/media?parent=1002"}],"wp:term":[{"taxonomy":"certification","embeddable":true,"href":"https:\/\/www.linkceramics.com\/fr\/wp-json\/wp\/v2\/certification?post=1002"},{"taxonomy":"product_brand","embeddable":true,"href":"https:\/\/www.linkceramics.com\/fr\/wp-json\/wp\/v2\/product_brand?post=1002"},{"taxonomy":"product_cat","embeddable":true,"href":"https:\/\/www.linkceramics.com\/fr\/wp-json\/wp\/v2\/product_cat?post=1002"},{"taxonomy":"product_tag","embeddable":true,"href":"https:\/\/www.linkceramics.com\/fr\/wp-json\/wp\/v2\/product_tag?post=1002"}],"curies":[{"name":"wp","href":"https:\/\/api.w.org\/{rel}","templated":true}]}}