{"id":1009,"date":"2024-12-21T06:52:38","date_gmt":"2024-12-21T06:52:38","guid":{"rendered":"https:\/\/www.linkceramics.com\/?post_type=product&#038;p=1009"},"modified":"2024-12-21T06:52:40","modified_gmt":"2024-12-21T06:52:40","slug":"bulk-dinnerware-sets","status":"publish","type":"product","link":"https:\/\/www.linkceramics.com\/fr\/product\/bulk-dinnerware-sets\/","title":{"rendered":"Vaisselle en vrac, vaisselle japonaise pour Izakayas"},"content":{"rendered":"<div class=\"wp-block-columns is-layout-flex wp-container-core-columns-is-layout-9d6595d7 wp-block-columns-is-layout-flex\">\n<div class=\"wp-block-column is-layout-flow wp-block-column-is-layout-flow\">\n<h3 class=\"wp-block-heading\">Ensemble de vaisselle en vrac de qualit\u00e9 sup\u00e9rieure Caract\u00e9ristiques :<\/h3>\n\n\n\n<ul class=\"wp-block-list\">\n<li><strong>Style japonais :\u00a0<\/strong>Ces services de vaisselle en vrac s'inspirent des izakayas japonaises, avec un design simple et \u00e9l\u00e9gant et des lignes douces, refl\u00e9tant l'essence de l'esth\u00e9tique japonaise traditionnelle.<\/li>\n\n\n\n<li><strong>Texture robuste :\u00a0<\/strong>Nos sets de table en gros sont fabriqu\u00e9s en c\u00e9ramique de haute qualit\u00e9, avec une texture robuste, r\u00e9sistante \u00e0 la chaleur et durable. La surface lisse de la vaisselle n'est pas seulement belle, elle r\u00e9siste aussi aux rayures et \u00e0 l'usure, ce qui garantit qu'elle reste comme neuve apr\u00e8s une utilisation prolong\u00e9e.<\/li>\n\n\n\n<li><strong>Vaisselle compl\u00e8te :\u00a0<\/strong>Ces ensembles de vaisselle en vrac comprennent une vari\u00e9t\u00e9 de vaisselle d'usage courant, comme des bols, des assiettes, des assiettes \u00e0 sauce, etc., qui peuvent r\u00e9pondre aux diff\u00e9rents besoins des izakayas et des repas familiaux quotidiens, qu'il s'agisse de sushis, de ramen ou de plats d'accompagnement japonais.<\/li>\n\n\n\n<li><strong>Facile \u00e0 nettoyer :<\/strong>\u00a0La surface lisse en c\u00e9ramique de nos sets de salle \u00e0 manger en gros est facile \u00e0 nettoyer et permet d'\u00e9liminer rapidement les r\u00e9sidus de nourriture. Il est tr\u00e8s pratique de les laver \u00e0 la main ou au lave-vaisselle.<\/li>\n<\/ul>\n<\/div>\n\n\n\n<div class=\"wp-block-column is-layout-flow wp-block-column-is-layout-flow\">\n<figure class=\"wp-block-image size-full\"><img decoding=\"async\" width=\"708\" height=\"708\" src=\"https:\/\/www.linkceramics.com\/wp-content\/uploads\/2024\/12\/Bulk-Dinnerware-Sets-Japanese-Style-Diner-Sets-For-Izakayas-4.webp\" alt=\"Bulk-Dinnerware-Sets-Japanese-Style-Diner-Sets-For-Izakayas-4\" class=\"wp-image-1010\" srcset=\"https:\/\/www.linkceramics.com\/wp-content\/uploads\/2024\/12\/Bulk-Dinnerware-Sets-Japanese-Style-Diner-Sets-For-Izakayas-4.webp 708w, https:\/\/www.linkceramics.com\/wp-content\/uploads\/2024\/12\/Bulk-Dinnerware-Sets-Japanese-Style-Diner-Sets-For-Izakayas-4-300x300.webp 300w, https:\/\/www.linkceramics.com\/wp-content\/uploads\/2024\/12\/Bulk-Dinnerware-Sets-Japanese-Style-Diner-Sets-For-Izakayas-4-150x150.webp 150w, https:\/\/www.linkceramics.com\/wp-content\/uploads\/2024\/12\/Bulk-Dinnerware-Sets-Japanese-Style-Diner-Sets-For-Izakayas-4-600x600.webp 600w, https:\/\/www.linkceramics.com\/wp-content\/uploads\/2024\/12\/Bulk-Dinnerware-Sets-Japanese-Style-Diner-Sets-For-Izakayas-4-100x100.webp 100w\" sizes=\"(max-width: 708px) 100vw, 708px\" \/><\/figure>\n<\/div>\n<\/div>","protected":false},"excerpt":{"rendered":"<p>Bienvenue sur le site d'achat de vaisselle en gros. Nos services de vaisselle en vrac de style japonais ont une apparence \u00e9l\u00e9gante, une grande durabilit\u00e9 et une grande polyvalence. Qu'ils soient utilis\u00e9s dans les izakayas, les restaurants ou les repas familiaux, ils offrent des solutions pratiques et esth\u00e9tiques pour am\u00e9liorer l'exp\u00e9rience gastronomique.<\/p>\n<h2>Services de vaisselle Param\u00e8tres<\/h2>\n<table border=\"0\" width=\"309\" cellspacing=\"0\" cellpadding=\"0\">\n<tbody>\n<tr>\n<td class=\"et3\" width=\"120\" height=\"17\">Fabricant<\/td>\n<td class=\"et3\" width=\"189\">Yongjian<\/td>\n<\/tr>\n<tr>\n<td class=\"et3\" height=\"18\">Num\u00e9ro de mod\u00e8le<\/td>\n<td class=\"et4\" width=\"189\">YJ-054<\/td>\n<\/tr>\n<tr>\n<td class=\"et5\" width=\"120\" height=\"18\">Type de vaisselle<\/td>\n<td class=\"et5\" width=\"189\">Plateaux, assiettes, bols<\/td>\n<\/tr>\n<tr>\n<td class=\"et3\" height=\"17\">Technique<\/td>\n<td class=\"et3\">Effet de gla\u00e7age au four<\/td>\n<\/tr>\n<tr>\n<td class=\"et3\" height=\"17\">Mat\u00e9riau<\/td>\n<td class=\"et3\">Porcelaine<\/td>\n<\/tr>\n<tr>\n<td class=\"et6\" height=\"36\">Applicable<\/td>\n<td class=\"et5\" width=\"189\">St\u00e9rilisateur, lave-vaisselle, four, micro-ondes<\/td>\n<\/tr>\n<tr>\n<td class=\"et3\" height=\"17\">Dimension<\/td>\n<td class=\"et3\">En tant qu'image<\/td>\n<\/tr>\n<tr>\n<td class=\"et3\" height=\"17\">MOQ<\/td>\n<td class=\"et3\">500pcs<\/td>\n<\/tr>\n<tr>\n<td class=\"et3\" height=\"17\">Sur mesure<\/td>\n<td class=\"et3\">Couleur\/Taille\/Logo\/Emballage<\/td>\n<\/tr>\n<\/tbody>\n<\/table>","protected":false},"featured_media":1012,"comment_status":"open","ping_status":"closed","template":"","meta":{"_acf_changed":true},"certification":[63,64,66,58,65,61,60,62,57],"product_brand":[],"product_cat":[34,18],"product_tag":[],"class_list":{"0":"post-1009","1":"product","2":"type-product","3":"status-publish","4":"has-post-thumbnail","6":"certification-amfori","7":"certification-bsci","8":"certification-cnas","9":"certification-fda","10":"certification-iaf","11":"certification-iso-14001","12":"certification-iso-45001","13":"certification-iso-9001","14":"certification-lfgb","15":"product_cat-custom-household-ceramics","16":"product_cat-ceramic-tableware-wholesale","18":"first","19":"instock","20":"shipping-taxable","21":"product-type-simple"},"acf":[],"_links":{"self":[{"href":"https:\/\/www.linkceramics.com\/fr\/wp-json\/wp\/v2\/product\/1009","targetHints":{"allow":["GET"]}}],"collection":[{"href":"https:\/\/www.linkceramics.com\/fr\/wp-json\/wp\/v2\/product"}],"about":[{"href":"https:\/\/www.linkceramics.com\/fr\/wp-json\/wp\/v2\/types\/product"}],"replies":[{"embeddable":true,"href":"https:\/\/www.linkceramics.com\/fr\/wp-json\/wp\/v2\/comments?post=1009"}],"wp:featuredmedia":[{"embeddable":true,"href":"https:\/\/www.linkceramics.com\/fr\/wp-json\/wp\/v2\/media\/1012"}],"wp:attachment":[{"href":"https:\/\/www.linkceramics.com\/fr\/wp-json\/wp\/v2\/media?parent=1009"}],"wp:term":[{"taxonomy":"certification","embeddable":true,"href":"https:\/\/www.linkceramics.com\/fr\/wp-json\/wp\/v2\/certification?post=1009"},{"taxonomy":"product_brand","embeddable":true,"href":"https:\/\/www.linkceramics.com\/fr\/wp-json\/wp\/v2\/product_brand?post=1009"},{"taxonomy":"product_cat","embeddable":true,"href":"https:\/\/www.linkceramics.com\/fr\/wp-json\/wp\/v2\/product_cat?post=1009"},{"taxonomy":"product_tag","embeddable":true,"href":"https:\/\/www.linkceramics.com\/fr\/wp-json\/wp\/v2\/product_tag?post=1009"}],"curies":[{"name":"wp","href":"https:\/\/api.w.org\/{rel}","templated":true}]}}