{"id":1032,"date":"2024-12-10T03:15:23","date_gmt":"2024-12-10T03:15:23","guid":{"rendered":"https:\/\/www.linkceramics.com\/?post_type=product&#038;p=1032"},"modified":"2024-12-10T03:15:25","modified_gmt":"2024-12-10T03:15:25","slug":"tea-cups-with-saucers-wholesale","status":"publish","type":"product","link":"https:\/\/www.linkceramics.com\/fr\/product\/tea-cups-with-saucers-wholesale\/","title":{"rendered":"Tasses \u00e0 th\u00e9 en porcelaine avec soucoupes Wholesale, Tasses \u00e0 caf\u00e9 Bulk"},"content":{"rendered":"<div class=\"wp-block-columns is-layout-flex wp-container-core-columns-is-layout-9d6595d7 wp-block-columns-is-layout-flex\">\n<div class=\"wp-block-column is-layout-flow wp-block-column-is-layout-flow\">\n<h3 class=\"wp-block-heading\">Tasses \u00e0 th\u00e9 et soucoupes de qualit\u00e9 sup\u00e9rieure Caract\u00e9ristiques de la vente en gros :<\/h3>\n\n\n\n<ul class=\"wp-block-list\">\n<li><strong>Diverses options de couleurs :\u00a0<\/strong>Nos tasses \u00e0 th\u00e9 avec soucoupes en gros offrent 10 options de couleurs diff\u00e9rentes pour r\u00e9pondre aux besoins des diff\u00e9rents clients, ajoutant de la couleur et de la personnalit\u00e9 \u00e0 la table \u00e0 manger, convenant \u00e0 une vari\u00e9t\u00e9 de styles d\u00e9coratifs et d'occasions.<\/li>\n\n\n\n<li><strong>Excellente durabilit\u00e9 :\u00a0<\/strong>Ces tasses \u00e0 caf\u00e9 en gros sont fabriqu\u00e9es en c\u00e9ramique de haute qualit\u00e9, avec une excellente r\u00e9sistance \u00e0 la chaleur et une grande durabilit\u00e9, une surface lisse et d\u00e9licate, pas facile \u00e0 rayer ou \u00e0 d\u00e9colorer, garantissant qu'elles restent comme neuves apr\u00e8s une utilisation \u00e0 long terme.<\/li>\n\n\n\n<li><strong>Design exquis :\u00a0<\/strong>Nos tasses \u00e0 th\u00e9 et soucoupes en gros sont d'un design exquis et d'une forme \u00e9l\u00e9gante. Elles conviennent aux banquets formels et aux caf\u00e9s, et sont \u00e9galement id\u00e9ales pour le th\u00e9 et le caf\u00e9 quotidiens \u00e0 la maison, am\u00e9liorant ainsi l'exp\u00e9rience gastronomique.<\/li>\n\n\n\n<li><strong>Facile \u00e0 nettoyer et \u00e0 entretenir :\u00a0<\/strong>La surface de ces tasses \u00e0 caf\u00e9 en gros ne colle pas facilement aux taches, elle est facile \u00e0 nettoyer, peut \u00eatre lav\u00e9e \u00e0 la main ou mise au lave-vaisselle, et l'entretien est simple et permet de gagner du temps.<\/li>\n<\/ul>\n<\/div>\n\n\n\n<div class=\"wp-block-column is-layout-flow wp-block-column-is-layout-flow\">\n<figure class=\"wp-block-image size-full\"><img decoding=\"async\" width=\"800\" height=\"800\" src=\"https:\/\/www.linkceramics.com\/wp-content\/uploads\/2024\/12\/Porcelain-Tea-Cups-With-Saucers-Wholesale-Coffee-Cups-Bulk-4.webp\" alt=\"Tasses \u00e0 th\u00e9 en porcelaine avec soucoupes - vente en gros de tasses \u00e0 caf\u00e9 - Stock 4\" class=\"wp-image-1036\" srcset=\"https:\/\/www.linkceramics.com\/wp-content\/uploads\/2024\/12\/Porcelain-Tea-Cups-With-Saucers-Wholesale-Coffee-Cups-Bulk-4.webp 800w, https:\/\/www.linkceramics.com\/wp-content\/uploads\/2024\/12\/Porcelain-Tea-Cups-With-Saucers-Wholesale-Coffee-Cups-Bulk-4-300x300.webp 300w, https:\/\/www.linkceramics.com\/wp-content\/uploads\/2024\/12\/Porcelain-Tea-Cups-With-Saucers-Wholesale-Coffee-Cups-Bulk-4-150x150.webp 150w, https:\/\/www.linkceramics.com\/wp-content\/uploads\/2024\/12\/Porcelain-Tea-Cups-With-Saucers-Wholesale-Coffee-Cups-Bulk-4-768x768.webp 768w, https:\/\/www.linkceramics.com\/wp-content\/uploads\/2024\/12\/Porcelain-Tea-Cups-With-Saucers-Wholesale-Coffee-Cups-Bulk-4-600x600.webp 600w, https:\/\/www.linkceramics.com\/wp-content\/uploads\/2024\/12\/Porcelain-Tea-Cups-With-Saucers-Wholesale-Coffee-Cups-Bulk-4-100x100.webp 100w\" sizes=\"(max-width: 800px) 100vw, 800px\" \/><\/figure>\n<\/div>\n<\/div>","protected":false},"excerpt":{"rendered":"<p>Nous vous invitons \u00e0 acheter des tasses \u00e0 caf\u00e9 en c\u00e9ramique en gros. Ces tasses \u00e0 th\u00e9 et soucoupes en gros ont une vari\u00e9t\u00e9 d'options de couleurs, et le design exquis ajoute de l'\u00e9l\u00e9gance et du style \u00e0 l'environnement de la salle \u00e0 manger. Que ce soit pour un usage quotidien ou commercial, ces tasses \u00e0 th\u00e9 et soucoupes peuvent fournir une excellente exp\u00e9rience.<\/p>\n<h2>Tasses \u00e0 th\u00e9 avec soucoupes Param\u00e8tre<\/h2>\n<table border=\"0\" width=\"275\" cellspacing=\"0\" cellpadding=\"0\">\n<tbody>\n<tr>\n<td width=\"108\" height=\"17\">Fabricant<\/td>\n<td width=\"167\">Yongjian<\/td>\n<\/tr>\n<tr>\n<td height=\"18\">Num\u00e9ro de mod\u00e8le<\/td>\n<td width=\"167\">YJ-048<\/td>\n<\/tr>\n<tr>\n<td height=\"17\">Type de produit<\/td>\n<td>Tasses et soucoupes<\/td>\n<\/tr>\n<tr>\n<td height=\"17\">Mat\u00e9riau<\/td>\n<td>Porcelaine<\/td>\n<\/tr>\n<tr>\n<td height=\"17\">Couleur<\/td>\n<td>En tant qu'image<\/td>\n<\/tr>\n<tr>\n<td height=\"36\">Dimension<\/td>\n<td width=\"167\">Coupe:10.3*7<br \/>Soucoupe : 15*15<\/td>\n<\/tr>\n<tr>\n<td height=\"17\">MOQ<\/td>\n<td>500pcs<\/td>\n<\/tr>\n<tr>\n<td height=\"17\">Sur mesure<\/td>\n<td>Couleur\/Taille\/Logo\/Emballage<\/td>\n<\/tr>\n<\/tbody>\n<\/table>\n<p>&nbsp;<\/p>","protected":false},"featured_media":1035,"comment_status":"open","ping_status":"closed","template":"","meta":{"_acf_changed":true},"certification":[63,64,66,58,65,61,60,62,57],"product_brand":[],"product_cat":[34,19],"product_tag":[],"class_list":{"0":"post-1032","1":"product","2":"type-product","3":"status-publish","4":"has-post-thumbnail","6":"certification-amfori","7":"certification-bsci","8":"certification-cnas","9":"certification-fda","10":"certification-iaf","11":"certification-iso-14001","12":"certification-iso-45001","13":"certification-iso-9001","14":"certification-lfgb","15":"product_cat-custom-household-ceramics","16":"product_cat-ceramic-tea-set-wholesale","18":"first","19":"instock","20":"shipping-taxable","21":"product-type-simple"},"acf":[],"_links":{"self":[{"href":"https:\/\/www.linkceramics.com\/fr\/wp-json\/wp\/v2\/product\/1032","targetHints":{"allow":["GET"]}}],"collection":[{"href":"https:\/\/www.linkceramics.com\/fr\/wp-json\/wp\/v2\/product"}],"about":[{"href":"https:\/\/www.linkceramics.com\/fr\/wp-json\/wp\/v2\/types\/product"}],"replies":[{"embeddable":true,"href":"https:\/\/www.linkceramics.com\/fr\/wp-json\/wp\/v2\/comments?post=1032"}],"wp:featuredmedia":[{"embeddable":true,"href":"https:\/\/www.linkceramics.com\/fr\/wp-json\/wp\/v2\/media\/1035"}],"wp:attachment":[{"href":"https:\/\/www.linkceramics.com\/fr\/wp-json\/wp\/v2\/media?parent=1032"}],"wp:term":[{"taxonomy":"certification","embeddable":true,"href":"https:\/\/www.linkceramics.com\/fr\/wp-json\/wp\/v2\/certification?post=1032"},{"taxonomy":"product_brand","embeddable":true,"href":"https:\/\/www.linkceramics.com\/fr\/wp-json\/wp\/v2\/product_brand?post=1032"},{"taxonomy":"product_cat","embeddable":true,"href":"https:\/\/www.linkceramics.com\/fr\/wp-json\/wp\/v2\/product_cat?post=1032"},{"taxonomy":"product_tag","embeddable":true,"href":"https:\/\/www.linkceramics.com\/fr\/wp-json\/wp\/v2\/product_tag?post=1032"}],"curies":[{"name":"wp","href":"https:\/\/api.w.org\/{rel}","templated":true}]}}