{"id":1039,"date":"2024-12-21T06:54:59","date_gmt":"2024-12-21T06:54:59","guid":{"rendered":"https:\/\/www.linkceramics.com\/?post_type=product&#038;p=1039"},"modified":"2024-12-21T06:55:43","modified_gmt":"2024-12-21T06:55:43","slug":"bulk-soup-spoons","status":"publish","type":"product","link":"https:\/\/www.linkceramics.com\/fr\/product\/bulk-soup-spoons\/","title":{"rendered":"Cuill\u00e8res \u00e0 soupe en vrac, cuill\u00e8res en c\u00e9ramique pour la restauration au prix de gros"},"content":{"rendered":"<div class=\"wp-block-columns is-layout-flex wp-container-core-columns-is-layout-9d6595d7 wp-block-columns-is-layout-flex\">\n<div class=\"wp-block-column is-layout-flow wp-block-column-is-layout-flow\">\n<h3 class=\"wp-block-heading\">Cuill\u00e8res \u00e0 soupe Premium Bulk Caract\u00e9ristiques :<\/h3>\n\n\n\n<ul class=\"wp-block-list\">\n<li><strong>Doux et d\u00e9licat :\u00a0<\/strong>Ces cuill\u00e8res \u00e0 soupe en vrac sont fabriqu\u00e9es en c\u00e9ramique de haute qualit\u00e9, avec une excellente r\u00e9sistance \u00e0 la chaleur et une grande durabilit\u00e9, une surface lisse et d\u00e9licate, et conservent un bon aspect et une bonne texture apr\u00e8s une utilisation prolong\u00e9e, ce qui convient parfaitement \u00e0 l'industrie de la restauration commerciale.<\/li>\n\n\n\n<li><strong>Tenue confortable :<\/strong>\u00a0Nos cuill\u00e8res en c\u00e9ramique sont ergonomiques, avec une longueur de manche mod\u00e9r\u00e9e et une prise en main confortable, ce qui facilite le pr\u00e9l\u00e8vement et la d\u00e9gustation de soupes et de rago\u00fbts vari\u00e9s, am\u00e9liorant ainsi le confort des repas.<\/li>\n\n\n\n<li><strong>Conception simple :\u00a0<\/strong>Ces cuill\u00e8res \u00e0 soupe en vrac ont un design simple et g\u00e9n\u00e9reux. Elles conviennent aux tables de diff\u00e9rentes occasions et de diff\u00e9rents styles, qu'il s'agisse d'un banquet formel ou d'un repas quotidien.<\/li>\n\n\n\n<li><strong>Passe au lave-vaisselle :\u00a0<\/strong>Nos cuill\u00e8res en c\u00e9ramique ont une surface lisse et ne laissent pas facilement de r\u00e9sidus alimentaires. Elles sont faciles \u00e0 nettoyer et \u00e0 entretenir et peuvent \u00eatre lav\u00e9es \u00e0 la main ou au lave-vaisselle. Elles sont id\u00e9ales pour les environnements de restauration tr\u00e8s fr\u00e9quent\u00e9s afin de garantir le respect des normes d'hygi\u00e8ne.<\/li>\n<\/ul>\n<\/div>\n\n\n\n<div class=\"wp-block-column is-layout-flow wp-block-column-is-layout-flow\">\n<figure class=\"wp-block-image size-full\"><img decoding=\"async\" width=\"750\" height=\"750\" src=\"https:\/\/www.linkceramics.com\/wp-content\/uploads\/2024\/12\/Bulk-Soup-Spoons-Catering-Ceramic-Spoons-at-Wholesale-Price-7.webp\" alt=\"Bulk-Soup-Spoons-Catering-Ceramic-Spoons-at-Wholesale-Price-7\" class=\"wp-image-1043\" srcset=\"https:\/\/www.linkceramics.com\/wp-content\/uploads\/2024\/12\/Bulk-Soup-Spoons-Catering-Ceramic-Spoons-at-Wholesale-Price-7.webp 750w, https:\/\/www.linkceramics.com\/wp-content\/uploads\/2024\/12\/Bulk-Soup-Spoons-Catering-Ceramic-Spoons-at-Wholesale-Price-7-300x300.webp 300w, https:\/\/www.linkceramics.com\/wp-content\/uploads\/2024\/12\/Bulk-Soup-Spoons-Catering-Ceramic-Spoons-at-Wholesale-Price-7-150x150.webp 150w, https:\/\/www.linkceramics.com\/wp-content\/uploads\/2024\/12\/Bulk-Soup-Spoons-Catering-Ceramic-Spoons-at-Wholesale-Price-7-600x600.webp 600w, https:\/\/www.linkceramics.com\/wp-content\/uploads\/2024\/12\/Bulk-Soup-Spoons-Catering-Ceramic-Spoons-at-Wholesale-Price-7-100x100.webp 100w\" sizes=\"(max-width: 750px) 100vw, 750px\" \/><\/figure>\n<\/div>\n<\/div>","protected":false},"excerpt":{"rendered":"<p>Nous vous invitons \u00e0 acheter des cuill\u00e8res en c\u00e9ramique en vrac. Ces cuill\u00e8res \u00e0 soupe en vrac sont id\u00e9ales pour l'industrie de la restauration et les repas \u00e0 domicile gr\u00e2ce \u00e0 leurs mat\u00e9riaux de haute qualit\u00e9, leur design confortable et leur apparence simple et belle. Faciles \u00e0 nettoyer et \u00e0 entretenir, elles constituent un choix de couverts \u00e0 la fois pratique et esth\u00e9tique.<\/p>\n<h2>Param\u00e8tres des cuill\u00e8res \u00e0 soupe<\/h2>\n<table border=\"0\" width=\"275\" cellspacing=\"0\" cellpadding=\"0\">\n<tbody>\n<tr>\n<td width=\"108\" height=\"17\">Fabricant<\/td>\n<td width=\"167\">Yongjian<\/td>\n<\/tr>\n<tr>\n<td height=\"18\">Num\u00e9ro de mod\u00e8le<\/td>\n<td width=\"167\">YJ-050<\/td>\n<\/tr>\n<tr>\n<td height=\"17\">Type de produit<\/td>\n<td>Cuill\u00e8res \u00e0 soupe<\/td>\n<\/tr>\n<tr>\n<td height=\"17\">Mat\u00e9riau<\/td>\n<td>Porcelaine<\/td>\n<\/tr>\n<tr>\n<td height=\"17\">Couleur<\/td>\n<td>Blanc\/ Noir<\/td>\n<\/tr>\n<tr>\n<td height=\"17\">Dimension<\/td>\n<td>13.5*3.5<\/td>\n<\/tr>\n<tr>\n<td height=\"17\">MOQ<\/td>\n<td>500pcs<\/td>\n<\/tr>\n<tr>\n<td height=\"17\">Sur mesure<\/td>\n<td>Couleur\/Taille\/Logo\/Emballage<\/td>\n<\/tr>\n<\/tbody>\n<\/table>\n<p>&nbsp;<\/p>","protected":false},"featured_media":1042,"comment_status":"open","ping_status":"closed","template":"","meta":{"_acf_changed":true},"certification":[63,64,66,58,65,61,60,62,57],"product_brand":[],"product_cat":[34,18],"product_tag":[],"class_list":{"0":"post-1039","1":"product","2":"type-product","3":"status-publish","4":"has-post-thumbnail","6":"certification-amfori","7":"certification-bsci","8":"certification-cnas","9":"certification-fda","10":"certification-iaf","11":"certification-iso-14001","12":"certification-iso-45001","13":"certification-iso-9001","14":"certification-lfgb","15":"product_cat-custom-household-ceramics","16":"product_cat-ceramic-tableware-wholesale","18":"first","19":"instock","20":"shipping-taxable","21":"product-type-simple"},"acf":[],"_links":{"self":[{"href":"https:\/\/www.linkceramics.com\/fr\/wp-json\/wp\/v2\/product\/1039","targetHints":{"allow":["GET"]}}],"collection":[{"href":"https:\/\/www.linkceramics.com\/fr\/wp-json\/wp\/v2\/product"}],"about":[{"href":"https:\/\/www.linkceramics.com\/fr\/wp-json\/wp\/v2\/types\/product"}],"replies":[{"embeddable":true,"href":"https:\/\/www.linkceramics.com\/fr\/wp-json\/wp\/v2\/comments?post=1039"}],"wp:featuredmedia":[{"embeddable":true,"href":"https:\/\/www.linkceramics.com\/fr\/wp-json\/wp\/v2\/media\/1042"}],"wp:attachment":[{"href":"https:\/\/www.linkceramics.com\/fr\/wp-json\/wp\/v2\/media?parent=1039"}],"wp:term":[{"taxonomy":"certification","embeddable":true,"href":"https:\/\/www.linkceramics.com\/fr\/wp-json\/wp\/v2\/certification?post=1039"},{"taxonomy":"product_brand","embeddable":true,"href":"https:\/\/www.linkceramics.com\/fr\/wp-json\/wp\/v2\/product_brand?post=1039"},{"taxonomy":"product_cat","embeddable":true,"href":"https:\/\/www.linkceramics.com\/fr\/wp-json\/wp\/v2\/product_cat?post=1039"},{"taxonomy":"product_tag","embeddable":true,"href":"https:\/\/www.linkceramics.com\/fr\/wp-json\/wp\/v2\/product_tag?post=1039"}],"curies":[{"name":"wp","href":"https:\/\/api.w.org\/{rel}","templated":true}]}}