{"id":1616,"date":"2024-12-21T07:48:40","date_gmt":"2024-12-21T07:48:40","guid":{"rendered":"https:\/\/www.linkceramics.com\/?post_type=product&#038;p=1616"},"modified":"2024-12-24T10:07:37","modified_gmt":"2024-12-24T10:07:37","slug":"tea-cups-and-saucers-wholesale","status":"publish","type":"product","link":"https:\/\/www.linkceramics.com\/fr\/product\/tea-cups-and-saucers-wholesale\/","title":{"rendered":"Tasses \u00e0 th\u00e9 et soucoupes en c\u00e9ramique de qualit\u00e9 sup\u00e9rieure en gros \u00e0 des prix de gros"},"content":{"rendered":"<div class=\"wp-block-columns is-layout-flex wp-container-core-columns-is-layout-9d6595d7 wp-block-columns-is-layout-flex\">\n<div class=\"wp-block-column is-layout-flow wp-block-column-is-layout-flow\" style=\"flex-basis:66.66%\">\n<h3 class=\"wp-block-heading\">Tasses \u00e0 th\u00e9 et soucoupes en gros Caract\u00e9ristiques :<\/h3>\n\n\n\n<ul class=\"wp-block-list\">\n<li><strong>Durable :<\/strong>&nbsp;Nos tasses et soucoupes \u00e0 th\u00e9 en gros sont fabriqu\u00e9es en c\u00e9ramique de haute qualit\u00e9, r\u00e9sistante aux temp\u00e9ratures \u00e9lev\u00e9es et aux fissures, avec des surfaces lisses et d\u00e9licates, anti-salissures et faciles \u00e0 nettoyer, et peuvent rester brillantes et neuves apr\u00e8s une utilisation prolong\u00e9e.<\/li>\n\n\n\n<li><strong>Design exquis :&nbsp;<\/strong>Le design de ces tasses \u00e0 th\u00e9 en vrac est soign\u00e9 dans les moindres d\u00e9tails, avec des formes \u00e9l\u00e9gantes et g\u00e9n\u00e9reuses, exquises et uniques, ajoutant de l'\u00e9l\u00e9gance et du go\u00fbt \u00e0 l'environnement de la salle \u00e0 manger. C'est un choix id\u00e9al pour les r\u00e9unions de famille, les c\u00e9r\u00e9monies de th\u00e9 et les banquets formels.<\/li>\n\n\n\n<li><strong>Sensation de confort :&nbsp;<\/strong>Le design de nos tasses \u00e0 th\u00e9 et soucoupes en gros est ergonomique, confortable \u00e0 tenir, et la taille de la soucoupe est mod\u00e9r\u00e9e, ce qui est facile \u00e0 tenir, apportant un meilleur plaisir \u00e0 boire du th\u00e9 et du caf\u00e9.<\/li>\n\n\n\n<li><strong>Une vari\u00e9t\u00e9 de couleurs :&nbsp;<\/strong>Nous proposons une grande vari\u00e9t\u00e9 de couleurs pour les tasses \u00e0 th\u00e9 en vrac afin de r\u00e9pondre aux besoins de diff\u00e9rents styles et occasions. Elles conviennent \u00e0 diff\u00e9rents styles de restaurants et de d\u00e9coration d'int\u00e9rieur.<\/li>\n<\/ul>\n<\/div>\n\n\n\n<div class=\"wp-block-column is-layout-flow wp-block-column-is-layout-flow\" style=\"flex-basis:33.33%\">\n<figure class=\"wp-block-image size-full\"><img decoding=\"async\" width=\"800\" height=\"800\" src=\"https:\/\/www.linkceramics.com\/wp-content\/uploads\/2024\/12\/Premium-Ceramic-Tea-Cups-and-Saucers-Wholesale-at-Bulk-Price-3-1.webp\" alt=\"Tasses \u00e0 th\u00e9 et soucoupes en c\u00e9ramique de qualit\u00e9 sup\u00e9rieure-vente en gros au prix de gros-3-1\" class=\"wp-image-1620\" srcset=\"https:\/\/www.linkceramics.com\/wp-content\/uploads\/2024\/12\/Premium-Ceramic-Tea-Cups-and-Saucers-Wholesale-at-Bulk-Price-3-1.webp 800w, https:\/\/www.linkceramics.com\/wp-content\/uploads\/2024\/12\/Premium-Ceramic-Tea-Cups-and-Saucers-Wholesale-at-Bulk-Price-3-1-300x300.webp 300w, https:\/\/www.linkceramics.com\/wp-content\/uploads\/2024\/12\/Premium-Ceramic-Tea-Cups-and-Saucers-Wholesale-at-Bulk-Price-3-1-150x150.webp 150w, https:\/\/www.linkceramics.com\/wp-content\/uploads\/2024\/12\/Premium-Ceramic-Tea-Cups-and-Saucers-Wholesale-at-Bulk-Price-3-1-768x768.webp 768w, https:\/\/www.linkceramics.com\/wp-content\/uploads\/2024\/12\/Premium-Ceramic-Tea-Cups-and-Saucers-Wholesale-at-Bulk-Price-3-1-600x600.webp 600w, https:\/\/www.linkceramics.com\/wp-content\/uploads\/2024\/12\/Premium-Ceramic-Tea-Cups-and-Saucers-Wholesale-at-Bulk-Price-3-1-100x100.webp 100w\" sizes=\"(max-width: 800px) 100vw, 800px\" \/><\/figure>\n<\/div>\n<\/div>","protected":false},"excerpt":{"rendered":"<div id=\"brxe-0ee1ca\" class=\"brxe-product-meta product_meta\">Bienvenue sur le site d'achat de tasses et soucoupes en c\u00e9ramique. Nos tasses et soucoupes \u00e0 th\u00e9 en gros sont devenues incontournables pour les c\u00e9r\u00e9monies du th\u00e9, les caf\u00e9s et la restauration gr\u00e2ce \u00e0 leurs mat\u00e9riaux de haute qualit\u00e9, leurs designs exquis et leurs diverses options de couleurs. Qu'il s'agisse d'un usage quotidien \u00e0 la maison ou d'achats en gros dans des restaurants et maisons de th\u00e9 haut de gamme, ces tasses et soucoupes peuvent am\u00e9liorer l'exp\u00e9rience du th\u00e9.<\/div>\n<div id=\"brxe-8c5ca9\" class=\"brxe-product-short-description\">\n<div class=\"woocommerce-product-details__short-description\">\n<h2>Tasses \u00e0 th\u00e9 et soucoupes Sp\u00e9cifications :<\/h2>\n<table border=\"0\" width=\"542\" cellspacing=\"0\" cellpadding=\"0\">\n<tbody>\n<tr>\n<td width=\"271\" height=\"24\">Fabricant<\/td>\n<td width=\"271\">Yongjian<\/td>\n<\/tr>\n<tr>\n<td width=\"271\" height=\"24\">Num\u00e9ro de mod\u00e8le<\/td>\n<td width=\"271\">YJ-047<\/td>\n<\/tr>\n<tr>\n<td width=\"271\" height=\"24\">Type de produit<\/td>\n<td width=\"271\">Tasses et soucoupes<\/td>\n<\/tr>\n<tr>\n<td width=\"271\" height=\"24\">Mat\u00e9riau<\/td>\n<td width=\"271\">Porcelaine<\/td>\n<\/tr>\n<tr>\n<td height=\"24\">Couleur<\/td>\n<td>En tant qu'image<\/td>\n<\/tr>\n<tr>\n<td height=\"48\">Dimension<\/td>\n<td width=\"271\">Coupe : 10*6,5<br \/>Soucoupe : 17.8*14.7<\/td>\n<\/tr>\n<tr>\n<td height=\"24\">MOQ<\/td>\n<td>500pcs<\/td>\n<\/tr>\n<tr>\n<td height=\"24\">Sur mesure<\/td>\n<td>Couleur\/Taille\/Logo\/Emballage<\/td>\n<\/tr>\n<\/tbody>\n<\/table>\n<\/div>\n<\/div>","protected":false},"featured_media":1619,"comment_status":"open","ping_status":"closed","template":"","meta":{"_acf_changed":true},"certification":[63,64,66,58,65,61,60,62],"product_brand":[],"product_cat":[34,19],"product_tag":[],"class_list":{"0":"post-1616","1":"product","2":"type-product","3":"status-publish","4":"has-post-thumbnail","6":"certification-amfori","7":"certification-bsci","8":"certification-cnas","9":"certification-fda","10":"certification-iaf","11":"certification-iso-14001","12":"certification-iso-45001","13":"certification-iso-9001","14":"product_cat-custom-household-ceramics","15":"product_cat-ceramic-tea-set-wholesale","17":"first","18":"instock","19":"shipping-taxable","20":"product-type-simple"},"acf":[],"_links":{"self":[{"href":"https:\/\/www.linkceramics.com\/fr\/wp-json\/wp\/v2\/product\/1616","targetHints":{"allow":["GET"]}}],"collection":[{"href":"https:\/\/www.linkceramics.com\/fr\/wp-json\/wp\/v2\/product"}],"about":[{"href":"https:\/\/www.linkceramics.com\/fr\/wp-json\/wp\/v2\/types\/product"}],"replies":[{"embeddable":true,"href":"https:\/\/www.linkceramics.com\/fr\/wp-json\/wp\/v2\/comments?post=1616"}],"wp:featuredmedia":[{"embeddable":true,"href":"https:\/\/www.linkceramics.com\/fr\/wp-json\/wp\/v2\/media\/1619"}],"wp:attachment":[{"href":"https:\/\/www.linkceramics.com\/fr\/wp-json\/wp\/v2\/media?parent=1616"}],"wp:term":[{"taxonomy":"certification","embeddable":true,"href":"https:\/\/www.linkceramics.com\/fr\/wp-json\/wp\/v2\/certification?post=1616"},{"taxonomy":"product_brand","embeddable":true,"href":"https:\/\/www.linkceramics.com\/fr\/wp-json\/wp\/v2\/product_brand?post=1616"},{"taxonomy":"product_cat","embeddable":true,"href":"https:\/\/www.linkceramics.com\/fr\/wp-json\/wp\/v2\/product_cat?post=1616"},{"taxonomy":"product_tag","embeddable":true,"href":"https:\/\/www.linkceramics.com\/fr\/wp-json\/wp\/v2\/product_tag?post=1616"}],"curies":[{"name":"wp","href":"https:\/\/api.w.org\/{rel}","templated":true}]}}