{"id":1621,"date":"2024-12-21T07:51:04","date_gmt":"2024-12-21T07:51:04","guid":{"rendered":"https:\/\/www.linkceramics.com\/?post_type=product&#038;p=1621"},"modified":"2024-12-24T10:07:04","modified_gmt":"2024-12-24T10:07:04","slug":"wholesale-ramen-bowls","status":"publish","type":"product","link":"https:\/\/www.linkceramics.com\/fr\/product\/wholesale-ramen-bowls\/","title":{"rendered":"9 Inch Wholesale Ramen Bowls, Restaurant Supply Soup Bowls Bulk"},"content":{"rendered":"<div class=\"wp-block-columns is-layout-flex wp-container-core-columns-is-layout-9d6595d7 wp-block-columns-is-layout-flex\">\n<div class=\"wp-block-column is-layout-flow wp-block-column-is-layout-flow\" style=\"flex-basis:66.66%\">\n<h3 class=\"wp-block-heading\">Premium Wholesale Ramen Bowls Caract\u00e9ristiques :<\/h3>\n\n\n\n<ul class=\"wp-block-list\">\n<li><strong>Conception pratique d'une capacit\u00e9 de 9 pouces :<\/strong>&nbsp;Nos bols \u00e0 ramen en gros ont un design profond et une taille spacieuse de 8 pouces, qui peut facilement contenir des ramen, des soupes, des udon et d'autres d\u00e9lices. Ils conviennent aux restaurants, aux banquets haut de gamme ou aux repas \u00e0 domicile.<\/li>\n\n\n\n<li><strong>Con\u00e7u pour le secteur de la restauration :<\/strong>&nbsp;Ces bols \u00e0 soupe en vrac fournis par les restaurants ont une courbure pr\u00e9cise pour faciliter le brassage et la consommation, tout en assurant \u00e0 la fois beaut\u00e9 et praticit\u00e9, ce qui en fait le choix id\u00e9al pour tous les types de lieux de restauration asiatiques.<\/li>\n\n\n\n<li><strong>Mat\u00e9riau c\u00e9ramique de haute qualit\u00e9 :&nbsp;<\/strong>Nos bols \u00e0 ramen en gros sont fabriqu\u00e9s en c\u00e9ramique durable et pr\u00e9sentent une excellente r\u00e9sistance aux rayures et \u00e0 la chaleur. Ils conviennent au micro-ondes et au lave-vaisselle, ce qui est pratique et fiable.<\/li>\n\n\n\n<li><strong>Soutien au commerce de gros et aux services personnalis\u00e9s :&nbsp;<\/strong>Ces bols \u00e0 soupe en vrac sont con\u00e7us pour la cha\u00eene d'approvisionnement de la restauration et peuvent \u00eatre achet\u00e9s \u00e0 grande \u00e9chelle. En m\u00eame temps, ils supportent des motifs personnalis\u00e9s propres aux restaurants ou des logos de marque pour aider les commer\u00e7ants \u00e0 am\u00e9liorer leur image professionnelle.<\/li>\n<\/ul>\n<\/div>\n\n\n\n<div class=\"wp-block-column is-layout-flow wp-block-column-is-layout-flow\" style=\"flex-basis:33.33%\">\n<figure class=\"wp-block-image size-full\"><img decoding=\"async\" width=\"750\" height=\"750\" src=\"https:\/\/www.linkceramics.com\/wp-content\/uploads\/2024\/12\/9-Inch-Wholesale-Ramen-Bowls-Restaurant-Supply-Soup-Bowls-Bulk-2.webp\" alt=\"9-Inch-Wholesale-Ramen-Bowls-Restaurant-Supply-Soup-Bowls-Bulk-2\" class=\"wp-image-1622\" srcset=\"https:\/\/www.linkceramics.com\/wp-content\/uploads\/2024\/12\/9-Inch-Wholesale-Ramen-Bowls-Restaurant-Supply-Soup-Bowls-Bulk-2.webp 750w, https:\/\/www.linkceramics.com\/wp-content\/uploads\/2024\/12\/9-Inch-Wholesale-Ramen-Bowls-Restaurant-Supply-Soup-Bowls-Bulk-2-300x300.webp 300w, https:\/\/www.linkceramics.com\/wp-content\/uploads\/2024\/12\/9-Inch-Wholesale-Ramen-Bowls-Restaurant-Supply-Soup-Bowls-Bulk-2-150x150.webp 150w, https:\/\/www.linkceramics.com\/wp-content\/uploads\/2024\/12\/9-Inch-Wholesale-Ramen-Bowls-Restaurant-Supply-Soup-Bowls-Bulk-2-600x600.webp 600w, https:\/\/www.linkceramics.com\/wp-content\/uploads\/2024\/12\/9-Inch-Wholesale-Ramen-Bowls-Restaurant-Supply-Soup-Bowls-Bulk-2-100x100.webp 100w\" sizes=\"(max-width: 750px) 100vw, 750px\" \/><\/figure>\n<\/div>\n<\/div>","protected":false},"excerpt":{"rendered":"<div id=\"brxe-0ee1ca\" class=\"brxe-product-meta product_meta\">Bienvenue dans l'achat en gros de bols \u00e0 soupe fournis par les restaurants. Nos bols \u00e0 ramen de 9 pouces en gros combinent un design de bol profond et des mat\u00e9riaux de haute qualit\u00e9. Ils conviennent pour contenir diverses nouilles de soupe et sont id\u00e9aux pour les restaurants et les grossistes. Ils sont id\u00e9aux pour les restaurants et les grossistes. Ils peuvent \u00eatre personnalis\u00e9s pour r\u00e9pondre \u00e0 divers besoins.<\/div>\n<div id=\"brxe-8c5ca9\" class=\"brxe-product-short-description\">\n<div class=\"woocommerce-product-details__short-description\">\n<h2>Bols de Ramen Sp\u00e9cifications :<\/h2>\n<table border=\"0\" width=\"542\" cellspacing=\"0\" cellpadding=\"0\">\n<tbody>\n<tr>\n<td width=\"271\" height=\"24\">Fabricant<\/td>\n<td width=\"271\">Yongjian<\/td>\n<\/tr>\n<tr>\n<td height=\"24\">Num\u00e9ro de mod\u00e8le<\/td>\n<td>YJ-022<\/td>\n<\/tr>\n<tr>\n<td height=\"24\">Type de produit<\/td>\n<td>Bols de soupe et de ramen<\/td>\n<\/tr>\n<tr>\n<td height=\"24\">Mat\u00e9riau<\/td>\n<td>Porcelaine<\/td>\n<\/tr>\n<tr>\n<td height=\"24\">Couleur<\/td>\n<td>Blanc\/ Noir<\/td>\n<\/tr>\n<tr>\n<td height=\"24\">Dimension<\/td>\n<td>23*23*6.5<\/td>\n<\/tr>\n<tr>\n<td height=\"24\">MOQ<\/td>\n<td>500pcs<\/td>\n<\/tr>\n<tr>\n<td height=\"24\">Sur mesure<\/td>\n<td>Couleur\/Taille\/Logo\/Emballage<\/td>\n<\/tr>\n<\/tbody>\n<\/table>\n<p><\/div>\n<\/div>","protected":false},"featured_media":1623,"comment_status":"open","ping_status":"closed","template":"","meta":{"_acf_changed":true},"certification":[63,64,66,58,65,61,60,62],"product_brand":[],"product_cat":[34,18],"product_tag":[],"class_list":{"0":"post-1621","1":"product","2":"type-product","3":"status-publish","4":"has-post-thumbnail","6":"certification-amfori","7":"certification-bsci","8":"certification-cnas","9":"certification-fda","10":"certification-iaf","11":"certification-iso-14001","12":"certification-iso-45001","13":"certification-iso-9001","14":"product_cat-custom-household-ceramics","15":"product_cat-ceramic-tableware-wholesale","17":"first","18":"instock","19":"shipping-taxable","20":"product-type-simple"},"acf":[],"_links":{"self":[{"href":"https:\/\/www.linkceramics.com\/fr\/wp-json\/wp\/v2\/product\/1621","targetHints":{"allow":["GET"]}}],"collection":[{"href":"https:\/\/www.linkceramics.com\/fr\/wp-json\/wp\/v2\/product"}],"about":[{"href":"https:\/\/www.linkceramics.com\/fr\/wp-json\/wp\/v2\/types\/product"}],"replies":[{"embeddable":true,"href":"https:\/\/www.linkceramics.com\/fr\/wp-json\/wp\/v2\/comments?post=1621"}],"wp:featuredmedia":[{"embeddable":true,"href":"https:\/\/www.linkceramics.com\/fr\/wp-json\/wp\/v2\/media\/1623"}],"wp:attachment":[{"href":"https:\/\/www.linkceramics.com\/fr\/wp-json\/wp\/v2\/media?parent=1621"}],"wp:term":[{"taxonomy":"certification","embeddable":true,"href":"https:\/\/www.linkceramics.com\/fr\/wp-json\/wp\/v2\/certification?post=1621"},{"taxonomy":"product_brand","embeddable":true,"href":"https:\/\/www.linkceramics.com\/fr\/wp-json\/wp\/v2\/product_brand?post=1621"},{"taxonomy":"product_cat","embeddable":true,"href":"https:\/\/www.linkceramics.com\/fr\/wp-json\/wp\/v2\/product_cat?post=1621"},{"taxonomy":"product_tag","embeddable":true,"href":"https:\/\/www.linkceramics.com\/fr\/wp-json\/wp\/v2\/product_tag?post=1621"}],"curies":[{"name":"wp","href":"https:\/\/api.w.org\/{rel}","templated":true}]}}