{"id":1626,"date":"2024-12-21T08:03:23","date_gmt":"2024-12-21T08:03:23","guid":{"rendered":"https:\/\/www.linkceramics.com\/?post_type=product&#038;p=1626"},"modified":"2024-12-24T10:05:59","modified_gmt":"2024-12-24T10:05:59","slug":"ceramic-baking-dishes-wholesale","status":"publish","type":"product","link":"https:\/\/www.linkceramics.com\/fr\/product\/ceramic-baking-dishes-wholesale\/","title":{"rendered":"Plats de cuisson en c\u00e9ramique avec poign\u00e9es, Bulk Casserole Dishes Wholesale"},"content":{"rendered":"<div class=\"wp-block-columns is-layout-flex wp-container-core-columns-is-layout-9d6595d7 wp-block-columns-is-layout-flex\">\n<div class=\"wp-block-column is-layout-flow wp-block-column-is-layout-flow\" style=\"flex-basis:66.66%\">\n<h3 class=\"wp-block-heading\">Plats de cuisson en c\u00e9ramique de qualit\u00e9 sup\u00e9rieure Caract\u00e9ristiques :<\/h3>\n\n\n\n<ul class=\"wp-block-list\">\n<li><strong>Convient \u00e0 une grande vari\u00e9t\u00e9 de plats :<\/strong>&nbsp;Nos plats \u00e0 four en c\u00e9ramique sont disponibles en deux tailles, 8,8 pouces et 10 pouces, qui sont de taille mod\u00e9r\u00e9e et conviennent \u00e0 une vari\u00e9t\u00e9 de besoins culinaires tels que la cuisson, la friture, la cuisson \u00e0 l'\u00e9touff\u00e9e, etc.<\/li>\n\n\n\n<li><strong>Poign\u00e9e confortable :&nbsp;<\/strong>Ces cocottes en vrac sont dot\u00e9es d'une poign\u00e9e qui assure une meilleure stabilit\u00e9 et un plus grand confort lors des d\u00e9placements entre le four et la table \u00e0 manger, \u00e9vitant ainsi les risques de glissement et am\u00e9liorant la s\u00e9curit\u00e9 et la commodit\u00e9 d'utilisation.<\/li>\n\n\n\n<li><strong>\u00c9l\u00e9gant noir et blanc :&nbsp;<\/strong>Ces plats de cuisson en c\u00e9ramique sont disponibles en noir et en blanc. Simples et \u00e9l\u00e9gants, ils s'adaptent \u00e0 toutes sortes de tables et de styles de cuisine, ajoutant une beaut\u00e9 visuelle sans perdre leur aspect pratique.<\/li>\n\n\n\n<li><strong>R\u00e9sistant aux hautes temp\u00e9ratures et facile \u00e0 nettoyer :&nbsp;<\/strong>Nos cocottes en vrac r\u00e9sistent aux temp\u00e9ratures \u00e9lev\u00e9es et peuvent \u00eatre utilis\u00e9es directement au four ou au micro-ondes. La surface est lisse et facile \u00e0 nettoyer, et elle peut \u00eatre lav\u00e9e au lave-vaisselle, ce qui convient \u00e0 une utilisation quotidienne fr\u00e9quente et permet d'\u00e9conomiser du temps de nettoyage.<\/li>\n<\/ul>\n<\/div>\n\n\n\n<div class=\"wp-block-column is-layout-flow wp-block-column-is-layout-flow\" style=\"flex-basis:33.33%\">\n<figure class=\"wp-block-image size-full\"><img decoding=\"async\" width=\"750\" height=\"750\" src=\"https:\/\/www.linkceramics.com\/wp-content\/uploads\/2024\/12\/Ceramic-Baking-Dishes-Wholesale-With-Handles-3.webp\" alt=\"Plats \u00e0 four en c\u00e9ramique Wholesale With Handles (3)\" class=\"wp-image-1629\" srcset=\"https:\/\/www.linkceramics.com\/wp-content\/uploads\/2024\/12\/Ceramic-Baking-Dishes-Wholesale-With-Handles-3.webp 750w, https:\/\/www.linkceramics.com\/wp-content\/uploads\/2024\/12\/Ceramic-Baking-Dishes-Wholesale-With-Handles-3-300x300.webp 300w, https:\/\/www.linkceramics.com\/wp-content\/uploads\/2024\/12\/Ceramic-Baking-Dishes-Wholesale-With-Handles-3-150x150.webp 150w, https:\/\/www.linkceramics.com\/wp-content\/uploads\/2024\/12\/Ceramic-Baking-Dishes-Wholesale-With-Handles-3-600x600.webp 600w, https:\/\/www.linkceramics.com\/wp-content\/uploads\/2024\/12\/Ceramic-Baking-Dishes-Wholesale-With-Handles-3-100x100.webp 100w\" sizes=\"(max-width: 750px) 100vw, 750px\" \/><\/figure>\n<\/div>\n<\/div>","protected":false},"excerpt":{"rendered":"<div id=\"brxe-0ee1ca\" class=\"brxe-product-meta product_meta\">Bienvenue sur le site d'achat en gros de plats de cuisson en c\u00e9ramique. Nos plats \u00e0 gratin en vrac avec poign\u00e9es ont des couleurs classiques noires et blanches et sont disponibles dans des tailles de 8,8 pouces et 10 pouces. Ils conviennent \u00e0 une grande vari\u00e9t\u00e9 de pr\u00e9parations culinaires et sont \u00e0 la fois beaux et pratiques. La c\u00e9ramique de haute qualit\u00e9 est r\u00e9sistante \u00e0 la chaleur et facile \u00e0 nettoyer, ce qui en fait un ustensile id\u00e9al pour la maison et les restaurants.<\/div>\n<div id=\"brxe-8c5ca9\" class=\"brxe-product-short-description\">\n<div class=\"woocommerce-product-details__short-description\">\n<h2>Plats \u00e0 four en c\u00e9ramique Sp\u00e9cifications :<\/h2>\n<table border=\"0\" width=\"542\" cellspacing=\"0\" cellpadding=\"0\">\n<tbody>\n<tr>\n<td width=\"271\" height=\"24\">Fabricant<\/td>\n<td width=\"271\">Yongjian<\/td>\n<\/tr>\n<tr>\n<td width=\"271\" height=\"24\">Num\u00e9ro de mod\u00e8le<\/td>\n<td width=\"271\">YJ-079\/YJ-080<\/td>\n<\/tr>\n<tr>\n<td width=\"271\" height=\"24\">Type de produit<\/td>\n<td width=\"271\">Plat de service, assiette creuse<\/td>\n<\/tr>\n<tr>\n<td width=\"271\" height=\"24\">Mat\u00e9riau<\/td>\n<td width=\"271\">Porcelaine<\/td>\n<\/tr>\n<tr>\n<td width=\"271\" height=\"24\">Couleur<\/td>\n<td width=\"271\">Blanc\/ Noir<\/td>\n<\/tr>\n<tr>\n<td rowspan=\"2\" width=\"271\" height=\"48\">Dimension<\/td>\n<td width=\"271\">8,8 pouces : 13,5*22*4,2<\/td>\n<\/tr>\n<tr>\n<td width=\"271\">10 pouces : 14.5*25*4.5<\/td>\n<\/tr>\n<tr>\n<td width=\"271\" height=\"24\">MOQ<\/td>\n<td width=\"271\">500pcs<\/td>\n<\/tr>\n<tr>\n<td width=\"271\" height=\"24\">Sur mesure<\/td>\n<td width=\"271\">Couleur\/Taille\/Logo\/Emballage<\/td>\n<\/tr>\n<\/tbody>\n<\/table>\n<p><\/div>\n<\/div>","protected":false},"featured_media":1627,"comment_status":"open","ping_status":"closed","template":"","meta":{"_acf_changed":true},"certification":[63,64,66,58,65,61,60,62],"product_brand":[],"product_cat":[34,20],"product_tag":[],"class_list":{"0":"post-1626","1":"product","2":"type-product","3":"status-publish","4":"has-post-thumbnail","6":"certification-amfori","7":"certification-bsci","8":"certification-cnas","9":"certification-fda","10":"certification-iaf","11":"certification-iso-14001","12":"certification-iso-45001","13":"certification-iso-9001","14":"product_cat-custom-household-ceramics","15":"product_cat-ceramic-kitchenware-wholesale","17":"first","18":"instock","19":"shipping-taxable","20":"product-type-simple"},"acf":[],"_links":{"self":[{"href":"https:\/\/www.linkceramics.com\/fr\/wp-json\/wp\/v2\/product\/1626","targetHints":{"allow":["GET"]}}],"collection":[{"href":"https:\/\/www.linkceramics.com\/fr\/wp-json\/wp\/v2\/product"}],"about":[{"href":"https:\/\/www.linkceramics.com\/fr\/wp-json\/wp\/v2\/types\/product"}],"replies":[{"embeddable":true,"href":"https:\/\/www.linkceramics.com\/fr\/wp-json\/wp\/v2\/comments?post=1626"}],"wp:featuredmedia":[{"embeddable":true,"href":"https:\/\/www.linkceramics.com\/fr\/wp-json\/wp\/v2\/media\/1627"}],"wp:attachment":[{"href":"https:\/\/www.linkceramics.com\/fr\/wp-json\/wp\/v2\/media?parent=1626"}],"wp:term":[{"taxonomy":"certification","embeddable":true,"href":"https:\/\/www.linkceramics.com\/fr\/wp-json\/wp\/v2\/certification?post=1626"},{"taxonomy":"product_brand","embeddable":true,"href":"https:\/\/www.linkceramics.com\/fr\/wp-json\/wp\/v2\/product_brand?post=1626"},{"taxonomy":"product_cat","embeddable":true,"href":"https:\/\/www.linkceramics.com\/fr\/wp-json\/wp\/v2\/product_cat?post=1626"},{"taxonomy":"product_tag","embeddable":true,"href":"https:\/\/www.linkceramics.com\/fr\/wp-json\/wp\/v2\/product_tag?post=1626"}],"curies":[{"name":"wp","href":"https:\/\/api.w.org\/{rel}","templated":true}]}}