{"id":1636,"date":"2024-12-21T09:07:41","date_gmt":"2024-12-21T09:07:41","guid":{"rendered":"https:\/\/www.linkceramics.com\/?post_type=product&#038;p=1636"},"modified":"2024-12-21T10:02:23","modified_gmt":"2024-12-21T10:02:23","slug":"bulk-bathroom-accessories","status":"publish","type":"product","link":"https:\/\/www.linkceramics.com\/fr\/product\/bulk-bathroom-accessories\/","title":{"rendered":"Accessoires de salle de bain en vrac, Distributeurs de savon en vrac de qualit\u00e9 sup\u00e9rieure"},"content":{"rendered":"<div class=\"wp-block-columns is-layout-flex wp-container-core-columns-is-layout-9d6595d7 wp-block-columns-is-layout-flex\">\n<div class=\"wp-block-column is-layout-flow wp-block-column-is-layout-flow\" style=\"flex-basis:50%\">\n<h3 class=\"wp-block-heading\">Accessoires de salle de bain en vrac de qualit\u00e9 sup\u00e9rieure Caract\u00e9ristiques :<\/h3>\n\n\n\n<ul class=\"wp-block-list\">\n<li><strong>Design \u00e9l\u00e9gant :<\/strong>\u00a0Ces accessoires de salle de bains en vrac en c\u00e9ramique sont de couleur blanc cr\u00e8me, ce qui leur conf\u00e8re non seulement un aspect propre et ordonn\u00e9, mais leur permet \u00e9galement de s'int\u00e9grer \u00e0 diff\u00e9rents styles de d\u00e9coration de salle de bains afin d'am\u00e9liorer l'esth\u00e9tique g\u00e9n\u00e9rale. Le distributeur de savon en vrac a une forme particuli\u00e8re de beignet, associ\u00e9 \u00e0 un porte-savon rond et \u00e0 un bougeoir sph\u00e9rique, le style g\u00e9n\u00e9ral est harmonieux.<\/li>\n\n\n\n<li><strong>Mat\u00e9riau durable :<\/strong>\u00a0Fabriqu\u00e9s en c\u00e9ramique de haute qualit\u00e9, ces accessoires de salle de bains en gros sont durables, r\u00e9sistants aux rayures et incassables.<\/li>\n\n\n\n<li><strong>Ensemble complet :<\/strong>\u00a0Cet ensemble d'accessoires de salle de bain en c\u00e9ramique comprend 1 distributeur de savon pour distribuer diff\u00e9rents types de savons liquides, 2 tasses en c\u00e9ramique pour contenir les brosses \u00e0 dents, le dentifrice ou les brosses de maquillage, etc., un porte-bougie, 1 porte-savon, ce qui est tr\u00e8s pratique et permet d'organiser la salle de bain.<\/li>\n\n\n\n<li><strong>Respectueux de l'environnement :<\/strong>\u00a0Ces accessoires de salle de bains en vrac sont fabriqu\u00e9s \u00e0 partir de mat\u00e9riaux c\u00e9ramiques respectueux de l'environnement, faciles \u00e0 nettoyer et r\u00e9utilisables, ce qui permet de r\u00e9duire l'utilisation du plastique.<\/li>\n<\/ul>\n<\/div>\n\n\n\n<div class=\"wp-block-column is-layout-flow wp-block-column-is-layout-flow\" style=\"flex-basis:50%\">\n<figure class=\"wp-block-image size-full\"><img decoding=\"async\" width=\"1500\" height=\"1500\" src=\"https:\/\/www.linkceramics.com\/wp-content\/uploads\/2024\/12\/ceramic-bathroom-set-3.webp\" alt=\"bulk-bathroom-accessories-3\" class=\"wp-image-1640\" srcset=\"https:\/\/www.linkceramics.com\/wp-content\/uploads\/2024\/12\/ceramic-bathroom-set-3.webp 1500w, https:\/\/www.linkceramics.com\/wp-content\/uploads\/2024\/12\/ceramic-bathroom-set-3-300x300.webp 300w, https:\/\/www.linkceramics.com\/wp-content\/uploads\/2024\/12\/ceramic-bathroom-set-3-150x150.webp 150w, https:\/\/www.linkceramics.com\/wp-content\/uploads\/2024\/12\/ceramic-bathroom-set-3-768x768.webp 768w, https:\/\/www.linkceramics.com\/wp-content\/uploads\/2024\/12\/ceramic-bathroom-set-3-1200x1200.webp 1200w, https:\/\/www.linkceramics.com\/wp-content\/uploads\/2024\/12\/ceramic-bathroom-set-3-600x600.webp 600w, https:\/\/www.linkceramics.com\/wp-content\/uploads\/2024\/12\/ceramic-bathroom-set-3-100x100.webp 100w\" sizes=\"(max-width: 1500px) 100vw, 1500px\" \/><\/figure>\n<\/div>\n<\/div>\n\n\n\n<p><\/p>","protected":false},"excerpt":{"rendered":"<div class=\"elementor-element elementor-element-12826c1 elementor-widget elementor-widget-text-editor\" data-id=\"12826c1\" data-element_type=\"widget\" data-widget_type=\"text-editor.default\">\n<div class=\"elementor-widget-container\">Nous vous pr\u00e9sentons nos accessoires de salle de bain en vrac en c\u00e9ramique de premi\u00e8re qualit\u00e9. Leur design est \u00e9l\u00e9gant et les mat\u00e9riaux en c\u00e9ramique de haute qualit\u00e9 les rendent durables et faciles \u00e0 nettoyer. Chaque produit est soigneusement s\u00e9lectionn\u00e9 et con\u00e7u en fonction de sa fonction de rangement dans la salle de bains. Nous soutenons l'approvisionnement en gros et les services de personnalisation pour r\u00e9pondre \u00e0 vos diff\u00e9rents besoins.<\/p>\n<h2>Accessoires de salle de bains Sp\u00e9cifications :<\/h2>\n<\/div>\n<\/div>\n<div data-id=\"bef26dc\" data-element_type=\"widget\" data-widget_type=\"text-editor.default\">\n<div data-id=\"bef26dc\" data-element_type=\"widget\" data-widget_type=\"text-editor.default\">\n<div>\n<table border=\"0\" width=\"582\" cellspacing=\"0\" cellpadding=\"0\">\n<tbody>\n<tr>\n<td width=\"229\" height=\"33\">Fabricant<\/td>\n<td width=\"353\">JINHUA<\/td>\n<\/tr>\n<tr>\n<td height=\"33\">Num\u00e9ro de mod\u00e8le<\/td>\n<td>JHB29<\/td>\n<\/tr>\n<tr>\n<td height=\"33\">Conception<\/td>\n<td>Ensemble de 5 pi\u00e8ces<\/td>\n<\/tr>\n<tr>\n<td height=\"33\">Mat\u00e9riau<\/td>\n<td>C\u00e9ramique<\/td>\n<\/tr>\n<tr>\n<td height=\"33\">Couleur<\/td>\n<td width=\"353\">Blanc<\/td>\n<\/tr>\n<tr>\n<td height=\"33\">Sur mesure<\/td>\n<td>Couleur\/Taille\/Logo\/Emballage<\/td>\n<\/tr>\n<tr>\n<td height=\"33\">MOQ<\/td>\n<td>500sets<\/td>\n<\/tr>\n<tr>\n<td height=\"132\">Dimension<\/td>\n<td width=\"353\">bouteille de savon : 14.6*6.4*19.6cm<br \/>tasse : 8.1*8.1*11.2cm<br \/>porte-savon : 11.9*11.9*1.6cm<br \/>Porte-bougie : 8.7*8.7*6.4cm<\/td>\n<\/tr>\n<\/tbody>\n<\/table>\n<\/div>\n<\/div>\n<\/div>","protected":false},"featured_media":1639,"comment_status":"open","ping_status":"closed","template":"","meta":{"_acf_changed":true},"certification":[63,64,66,58,65,61,60,62,57],"product_brand":[],"product_cat":[35,22],"product_tag":[],"class_list":{"0":"post-1636","1":"product","2":"type-product","3":"status-publish","4":"has-post-thumbnail","6":"certification-amfori","7":"certification-bsci","8":"certification-cnas","9":"certification-fda","10":"certification-iaf","11":"certification-iso-14001","12":"certification-iso-45001","13":"certification-iso-9001","14":"certification-lfgb","15":"product_cat-bathroom-ceramics-supply","16":"product_cat-ceramic-bathroom-set","18":"first","19":"instock","20":"shipping-taxable","21":"product-type-simple"},"acf":[],"_links":{"self":[{"href":"https:\/\/www.linkceramics.com\/fr\/wp-json\/wp\/v2\/product\/1636","targetHints":{"allow":["GET"]}}],"collection":[{"href":"https:\/\/www.linkceramics.com\/fr\/wp-json\/wp\/v2\/product"}],"about":[{"href":"https:\/\/www.linkceramics.com\/fr\/wp-json\/wp\/v2\/types\/product"}],"replies":[{"embeddable":true,"href":"https:\/\/www.linkceramics.com\/fr\/wp-json\/wp\/v2\/comments?post=1636"}],"wp:featuredmedia":[{"embeddable":true,"href":"https:\/\/www.linkceramics.com\/fr\/wp-json\/wp\/v2\/media\/1639"}],"wp:attachment":[{"href":"https:\/\/www.linkceramics.com\/fr\/wp-json\/wp\/v2\/media?parent=1636"}],"wp:term":[{"taxonomy":"certification","embeddable":true,"href":"https:\/\/www.linkceramics.com\/fr\/wp-json\/wp\/v2\/certification?post=1636"},{"taxonomy":"product_brand","embeddable":true,"href":"https:\/\/www.linkceramics.com\/fr\/wp-json\/wp\/v2\/product_brand?post=1636"},{"taxonomy":"product_cat","embeddable":true,"href":"https:\/\/www.linkceramics.com\/fr\/wp-json\/wp\/v2\/product_cat?post=1636"},{"taxonomy":"product_tag","embeddable":true,"href":"https:\/\/www.linkceramics.com\/fr\/wp-json\/wp\/v2\/product_tag?post=1636"}],"curies":[{"name":"wp","href":"https:\/\/api.w.org\/{rel}","templated":true}]}}