{"id":1663,"date":"2024-12-23T03:57:11","date_gmt":"2024-12-23T03:57:11","guid":{"rendered":"https:\/\/www.linkceramics.com\/?post_type=product&#038;p=1663"},"modified":"2024-12-23T04:02:55","modified_gmt":"2024-12-23T04:02:55","slug":"custom-baking-pans","status":"publish","type":"product","link":"https:\/\/www.linkceramics.com\/fr\/product\/custom-baking-pans\/","title":{"rendered":"Moules \u00e0 p\u00e2tisserie personnalis\u00e9s, moules \u00e0 tarte en vrac, moules \u00e0 p\u00e2tisserie ronds en gros"},"content":{"rendered":"<div class=\"wp-block-columns is-layout-flex wp-container-core-columns-is-layout-9d6595d7 wp-block-columns-is-layout-flex\">\n<div class=\"wp-block-column is-layout-flow wp-block-column-is-layout-flow\" style=\"flex-basis:50%\">\n<h3 class=\"wp-block-heading\">Plaques \u00e0 p\u00e2tisserie personnalis\u00e9es Premium Caract\u00e9ristiques :<\/h3>\n\n\n\n<ul class=\"wp-block-list\">\n<li><strong>Beige \u00e9l\u00e9gant :<\/strong>\u00a0Ces moules \u00e0 p\u00e2tisserie personnalis\u00e9s utilisent un ton beige doux, \u00e0 la fois simple et \u00e9l\u00e9gant. Ils s'adaptent parfaitement \u00e0 diff\u00e9rents styles de cuisine et conviennent \u00e0 un usage quotidien ou \u00e0 une pr\u00e9sentation lors d'occasions sp\u00e9ciales.<\/li>\n\n\n\n<li><strong>Un design exquis aux bords ondul\u00e9s :\u00a0<\/strong>Les bords ondul\u00e9s des moules \u00e0 tarte augmentent non seulement la beaut\u00e9, mais ils peuvent \u00e9galement ajouter une atmosph\u00e8re artistique lors de la pr\u00e9sentation des aliments apr\u00e8s la cuisson, ce qui est excellent pour am\u00e9liorer l'exp\u00e9rience gastronomique.<\/li>\n\n\n\n<li><strong>Plat \u00e0 four rond multifonctionnel :<\/strong>\u00a0Notre moule de cuisson personnalis\u00e9 est con\u00e7u pour toutes sortes d'aliments cuits au four, de tartes, de g\u00e2teaux, etc. Qu'il s'agisse d'une r\u00e9union de famille ou d'une f\u00eate de fin d'ann\u00e9e, ce moule peut \u00eatre utilis\u00e9. Il est pratique et beau pour r\u00e9pondre \u00e0 l'utilisation quotidienne et \u00e0 l'utilisation sp\u00e9ciale du festival.<\/li>\n\n\n\n<li><strong>R\u00e9sistance \u00e0 la temp\u00e9rature, sans plomb :<\/strong>\u00a0La c\u00e9ramique de haute qualit\u00e9, sans plomb, est utilis\u00e9e dans la fabrication de ces moules \u00e0 tarte en vrac pour garantir la sant\u00e9 et la s\u00e9curit\u00e9. Ils conviennent aux fours \u00e0 micro-ondes et aux fours. Ils peuvent r\u00e9sister \u00e0 des temp\u00e9ratures tr\u00e8s \u00e9lev\u00e9es et chauffer uniform\u00e9ment pour vous permettre de cuisiner facilement de d\u00e9licieuses tartes, des g\u00e2teaux et d'autres aliments.<\/li>\n<\/ul>\n<\/div>\n\n\n\n<div class=\"wp-block-column is-layout-flow wp-block-column-is-layout-flow\" style=\"flex-basis:50%\">\n<figure class=\"wp-block-image size-full\"><img decoding=\"async\" width=\"1500\" height=\"1500\" src=\"https:\/\/www.linkceramics.com\/wp-content\/uploads\/2024\/12\/wholesale-bakeware-custom-baking-pans-2.webp\" alt=\"grossiste-vaisselle-plats \u00e0 p\u00e2tisserie personnalis\u00e9s-2\" class=\"wp-image-1667\" srcset=\"https:\/\/www.linkceramics.com\/wp-content\/uploads\/2024\/12\/wholesale-bakeware-custom-baking-pans-2.webp 1500w, https:\/\/www.linkceramics.com\/wp-content\/uploads\/2024\/12\/wholesale-bakeware-custom-baking-pans-2-300x300.webp 300w, https:\/\/www.linkceramics.com\/wp-content\/uploads\/2024\/12\/wholesale-bakeware-custom-baking-pans-2-150x150.webp 150w, https:\/\/www.linkceramics.com\/wp-content\/uploads\/2024\/12\/wholesale-bakeware-custom-baking-pans-2-768x768.webp 768w, https:\/\/www.linkceramics.com\/wp-content\/uploads\/2024\/12\/wholesale-bakeware-custom-baking-pans-2-1200x1200.webp 1200w, https:\/\/www.linkceramics.com\/wp-content\/uploads\/2024\/12\/wholesale-bakeware-custom-baking-pans-2-600x600.webp 600w, https:\/\/www.linkceramics.com\/wp-content\/uploads\/2024\/12\/wholesale-bakeware-custom-baking-pans-2-100x100.webp 100w\" sizes=\"(max-width: 1500px) 100vw, 1500px\" \/><\/figure>\n<\/div>\n<\/div>\n\n\n\n<p><\/p>","protected":false},"excerpt":{"rendered":"<div class=\"elementor-element elementor-element-12826c1 elementor-widget elementor-widget-text-editor\" data-id=\"12826c1\" data-element_type=\"widget\" data-widget_type=\"text-editor.default\">\n<div class=\"elementor-widget-container\">Bienvenue sur le site d'achat de moules \u00e0 tarte en c\u00e9ramique en vrac. Ces moules \u00e0 tarte de couleur beige ont un bord ondul\u00e9 attrayant et sont \u00e0 la fois \u00e9l\u00e9gants et pratiques. Avec un design rond convenant \u00e0 de nombreux autres besoins de cuisson, ils sont dot\u00e9s d'une c\u00e9ramique sans plomb de haute qualit\u00e9 garantissant la s\u00e9curit\u00e9 des aliments. Que l'on cuisine occasionnellement ou que l'on pr\u00e9pare un festin festif, ce moule \u00e0 p\u00e2tisserie est un atout ind\u00e9niable pour toute cuisine.<\/p>\n<h2>Plaques de cuisson Sp\u00e9cifications :<\/h2>\n<\/div>\n<\/div>\n<table border=\"0\" width=\"531\" cellspacing=\"0\" cellpadding=\"0\">\n<tbody>\n<tr>\n<td width=\"271\" height=\"24\">Fabricant<\/td>\n<td width=\"260\">JINHUA<\/td>\n<\/tr>\n<tr>\n<td width=\"271\" height=\"25\">Num\u00e9ro de mod\u00e8le<\/td>\n<td width=\"260\">JHK-02<\/td>\n<\/tr>\n<tr>\n<td width=\"271\" height=\"24\">Conception<\/td>\n<td width=\"260\">Forme ronde avec motif en dentelle<\/td>\n<\/tr>\n<tr>\n<td width=\"271\" height=\"24\">Mat\u00e9riau<\/td>\n<td width=\"260\">C\u00e9ramique<\/td>\n<\/tr>\n<tr>\n<td width=\"271\" height=\"24\">Couleur<\/td>\n<td width=\"260\">Blanc, marron clair<\/td>\n<\/tr>\n<tr>\n<td width=\"271\" height=\"24\">Sur mesure<\/td>\n<td width=\"260\">Couleur\/Taille\/Logo\/Emballage<\/td>\n<\/tr>\n<tr>\n<td width=\"271\" height=\"24\">MOQ<\/td>\n<td width=\"260\">500sets<\/td>\n<\/tr>\n<tr>\n<td width=\"271\" height=\"24\">Dimension<\/td>\n<td width=\"260\">26.7*26.7*6.4<\/td>\n<\/tr>\n<tr>\n<td width=\"271\" height=\"24\">N.W \/SET<\/td>\n<td width=\"260\">1,5\/pc<\/td>\n<\/tr>\n<\/tbody>\n<\/table>","protected":false},"featured_media":1664,"comment_status":"open","ping_status":"closed","template":"","meta":{"_acf_changed":true},"certification":[63,64,66,58,65,61,60,62,57],"product_brand":[],"product_cat":[34,20],"product_tag":[],"class_list":{"0":"post-1663","1":"product","2":"type-product","3":"status-publish","4":"has-post-thumbnail","6":"certification-amfori","7":"certification-bsci","8":"certification-cnas","9":"certification-fda","10":"certification-iaf","11":"certification-iso-14001","12":"certification-iso-45001","13":"certification-iso-9001","14":"certification-lfgb","15":"product_cat-custom-household-ceramics","16":"product_cat-ceramic-kitchenware-wholesale","18":"first","19":"instock","20":"shipping-taxable","21":"product-type-simple"},"acf":[],"_links":{"self":[{"href":"https:\/\/www.linkceramics.com\/fr\/wp-json\/wp\/v2\/product\/1663","targetHints":{"allow":["GET"]}}],"collection":[{"href":"https:\/\/www.linkceramics.com\/fr\/wp-json\/wp\/v2\/product"}],"about":[{"href":"https:\/\/www.linkceramics.com\/fr\/wp-json\/wp\/v2\/types\/product"}],"replies":[{"embeddable":true,"href":"https:\/\/www.linkceramics.com\/fr\/wp-json\/wp\/v2\/comments?post=1663"}],"wp:featuredmedia":[{"embeddable":true,"href":"https:\/\/www.linkceramics.com\/fr\/wp-json\/wp\/v2\/media\/1664"}],"wp:attachment":[{"href":"https:\/\/www.linkceramics.com\/fr\/wp-json\/wp\/v2\/media?parent=1663"}],"wp:term":[{"taxonomy":"certification","embeddable":true,"href":"https:\/\/www.linkceramics.com\/fr\/wp-json\/wp\/v2\/certification?post=1663"},{"taxonomy":"product_brand","embeddable":true,"href":"https:\/\/www.linkceramics.com\/fr\/wp-json\/wp\/v2\/product_brand?post=1663"},{"taxonomy":"product_cat","embeddable":true,"href":"https:\/\/www.linkceramics.com\/fr\/wp-json\/wp\/v2\/product_cat?post=1663"},{"taxonomy":"product_tag","embeddable":true,"href":"https:\/\/www.linkceramics.com\/fr\/wp-json\/wp\/v2\/product_tag?post=1663"}],"curies":[{"name":"wp","href":"https:\/\/api.w.org\/{rel}","templated":true}]}}