{"id":1673,"date":"2024-12-23T07:21:38","date_gmt":"2024-12-23T07:21:38","guid":{"rendered":"https:\/\/www.linkceramics.com\/?post_type=product&#038;p=1673"},"modified":"2024-12-24T10:04:25","modified_gmt":"2024-12-24T10:04:25","slug":"filter-press","status":"publish","type":"product","link":"https:\/\/www.linkceramics.com\/fr\/product\/filter-press\/","title":{"rendered":"Filtre-presse \u00e0 plaque ronde Machine de traitement de l'argile"},"content":{"rendered":"<div class=\"wp-block-columns is-layout-flex wp-container-core-columns-is-layout-9d6595d7 wp-block-columns-is-layout-flex\">\n<div class=\"wp-block-column is-layout-flow wp-block-column-is-layout-flow\">\n<h3 class=\"wp-block-heading\">Caract\u00e9ristiques du filtre-presse<\/h3>\n\n\n\n<ol class=\"wp-block-list\">\n<li>Processus de d\u00e9shydratation efficace :<br>Son m\u00e9canisme de filtration avanc\u00e9 permet une d\u00e9shydratation rapide, minimisant le temps de traitement et maximisant la productivit\u00e9 dans la fabrication de c\u00e9ramiques.<\/li>\n\n\n\n<li>Teneur en eau r\u00e9glable :<br>Le filtre-presse permet un contr\u00f4le souple de la teneur en eau des billettes, g\u00e9n\u00e9ralement comprise entre 17% et 26%, avec des r\u00e9glages ajustables pour r\u00e9pondre aux exigences sp\u00e9cifiques de la production<\/li>\n\n\n\n<li>Des solutions rentables :<br>L'efficacit\u00e9 de l'\u00e9limination de l'eau se traduit par une r\u00e9duction de la consommation d'\u00e9nergie et des d\u00e9chets, ce qui permet aux fabricants de c\u00e9ramique de r\u00e9duire leurs co\u00fbts globaux.<\/li>\n\n\n\n<li>Applications courantes :<br>De la pr\u00e9paration initiale de la boue \u00e0 la formation finale des billettes, le filtre-presse a un large \u00e9ventail d'applications \u00e0 tous les stades de la production de c\u00e9ramique.<\/li>\n<\/ol>\n<\/div>\n\n\n\n<div class=\"wp-block-column is-layout-flow wp-block-column-is-layout-flow\">\n<figure class=\"wp-block-embed is-type-video is-provider-youtube wp-block-embed-youtube wp-embed-aspect-16-9 wp-has-aspect-ratio\"><div class=\"wp-block-embed__wrapper\">\n<iframe title=\"comment fabriquer de l&#039;argile c\u00e9ramique ? comment fabriquer des mat\u00e9riaux de vaisselle en c\u00e9ramique ? filtre-presse, broyeur \u00e0 boulets\" width=\"500\" height=\"281\" src=\"https:\/\/www.youtube.com\/embed\/jgu1eH8ANHc?feature=oembed\" frameborder=\"0\" allow=\"accelerometer; autoplay; clipboard-write; encrypted-media; gyroscope; picture-in-picture; web-share\" referrerpolicy=\"strict-origin-when-cross-origin\" allowfullscreen><\/iframe>\n<\/div><\/figure>\n<\/div>\n<\/div>","protected":false},"excerpt":{"rendered":"<div class=\"elementor-element elementor-element-e8e3df8 elementor-widget elementor-widget-woocommerce-product-short-description\" data-id=\"e8e3df8\" data-element_type=\"widget\" data-widget_type=\"woocommerce-product-short-description.default\">\n<div class=\"elementor-widget-container\">\n<div class=\"woocommerce-product-details__short-description\">\n<div class=\"elementor-element elementor-element-e8e3df8 elementor-widget elementor-widget-woocommerce-product-short-description\" data-id=\"e8e3df8\" data-element_type=\"widget\" data-widget_type=\"woocommerce-product-short-description.default\">\n<div class=\"elementor-widget-container\">\n<div class=\"woocommerce-product-details__short-description\">\n<p>Cette machine est utilis\u00e9e pour la d\u00e9shydratation des boues dans l'industrie c\u00e9ramique, avec une teneur en eau des billettes de 17%-26% (r\u00e9glable).<\/p>\n<h2>Une solution unique pour les filtres-presses :<\/h2>\n<ol>\n<li>Du sur-mesure personnalis\u00e9 : Prise en charge de pi\u00e8ces d'\u00e9quipement, d'accessoires et d'applications personnalis\u00e9s.<\/li>\n<li>Soutien \u00e0 la conception de l'agencement :  En fonction de la superficie de l'usine, du plan de production et de l'investissement en capital, nous fournissons des services professionnels de conception et d'agencement.<\/li>\n<li>Assistance technique et service : Des techniciens hautement qualifi\u00e9s assembleront vos machines et assureront la formation vid\u00e9o et l'assistance technique.<\/li>\n<\/ol>\n<\/div>\n<\/div>\n<\/div>\n<div class=\"elementor-element elementor-element-713ad46 elementor-widget elementor-widget-text-editor\" data-id=\"713ad46\" data-element_type=\"widget\" data-widget_type=\"text-editor.default\">\n<div class=\"elementor-widget-container\">\n<p>En tant que fabricant leader de machines pour la c\u00e9ramique, nous nous engageons \u00e0 fournir d'excellentes machines et services pour la fabrication de vaisselle en c\u00e9ramique afin d'assurer la r\u00e9ussite de nos clients.-Yutai<\/p>\n<\/div>\n<\/div>\n<\/div>\n<\/div>\n<\/div>","protected":false},"featured_media":1675,"comment_status":"open","ping_status":"closed","template":"","meta":{"_acf_changed":true},"certification":[59,61,60,62],"product_brand":[],"product_cat":[39,40],"product_tag":[],"class_list":{"0":"post-1673","1":"product","2":"type-product","3":"status-publish","4":"has-post-thumbnail","6":"certification-ce","7":"certification-iso-14001","8":"certification-iso-45001","9":"certification-iso-9001","10":"product_cat-ceramic-machinery","11":"product_cat-ceramic-machines","13":"first","14":"instock","15":"shipping-taxable","16":"product-type-simple"},"acf":[],"_links":{"self":[{"href":"https:\/\/www.linkceramics.com\/fr\/wp-json\/wp\/v2\/product\/1673","targetHints":{"allow":["GET"]}}],"collection":[{"href":"https:\/\/www.linkceramics.com\/fr\/wp-json\/wp\/v2\/product"}],"about":[{"href":"https:\/\/www.linkceramics.com\/fr\/wp-json\/wp\/v2\/types\/product"}],"replies":[{"embeddable":true,"href":"https:\/\/www.linkceramics.com\/fr\/wp-json\/wp\/v2\/comments?post=1673"}],"wp:featuredmedia":[{"embeddable":true,"href":"https:\/\/www.linkceramics.com\/fr\/wp-json\/wp\/v2\/media\/1675"}],"wp:attachment":[{"href":"https:\/\/www.linkceramics.com\/fr\/wp-json\/wp\/v2\/media?parent=1673"}],"wp:term":[{"taxonomy":"certification","embeddable":true,"href":"https:\/\/www.linkceramics.com\/fr\/wp-json\/wp\/v2\/certification?post=1673"},{"taxonomy":"product_brand","embeddable":true,"href":"https:\/\/www.linkceramics.com\/fr\/wp-json\/wp\/v2\/product_brand?post=1673"},{"taxonomy":"product_cat","embeddable":true,"href":"https:\/\/www.linkceramics.com\/fr\/wp-json\/wp\/v2\/product_cat?post=1673"},{"taxonomy":"product_tag","embeddable":true,"href":"https:\/\/www.linkceramics.com\/fr\/wp-json\/wp\/v2\/product_tag?post=1673"}],"curies":[{"name":"wp","href":"https:\/\/api.w.org\/{rel}","templated":true}]}}