{"id":1677,"date":"2024-12-23T07:29:29","date_gmt":"2024-12-23T07:29:29","guid":{"rendered":"https:\/\/www.linkceramics.com\/?post_type=product&#038;p=1677"},"modified":"2024-12-24T09:41:54","modified_gmt":"2024-12-24T09:41:54","slug":"ceramic-press-machine","status":"publish","type":"product","link":"https:\/\/www.linkceramics.com\/fr\/product\/ceramic-press-machine\/","title":{"rendered":"Machine \u00e0 presser la c\u00e9ramique 30T de haute qualit\u00e9 pour le formage de la vaisselle en c\u00e9ramique"},"content":{"rendered":"<div class=\"wp-block-columns is-layout-flex wp-container-core-columns-is-layout-9d6595d7 wp-block-columns-is-layout-flex\">\n<div class=\"wp-block-column is-layout-flow wp-block-column-is-layout-flow\">\n<h3 class=\"wp-block-heading\"><strong>Caract\u00e9ristiques de la presse \u00e0 c\u00e9ramique<\/strong><\/h3>\n\n\n\n<p>Capacit\u00e9 de haute pression : La machine est \u00e9quip\u00e9e d'une capacit\u00e9 de pressage de 30 tonnes, ce qui permet de comprimer efficacement les mat\u00e9riaux c\u00e9ramiques pour leur donner la forme souhait\u00e9e.<\/p>\n\n\n\n<p>Contr\u00f4le de pr\u00e9cision : Il permet un contr\u00f4le pr\u00e9cis des param\u00e8tres de pressage tels que la pression, la vitesse et le temps, ce qui garantit l'uniformit\u00e9 et la coh\u00e9rence de la production de produits c\u00e9ramiques.<\/p>\n<\/div>\n\n\n\n<div class=\"wp-block-column is-layout-flow wp-block-column-is-layout-flow\">\n<figure class=\"wp-block-image size-full\"><img decoding=\"async\" width=\"678\" height=\"678\" src=\"https:\/\/www.linkceramics.com\/wp-content\/uploads\/2024\/12\/Ceramic-Press-Machine.webp\" alt=\"Machine \u00e0 presser la c\u00e9ramique\" class=\"wp-image-1678\" srcset=\"https:\/\/www.linkceramics.com\/wp-content\/uploads\/2024\/12\/Ceramic-Press-Machine.webp 678w, https:\/\/www.linkceramics.com\/wp-content\/uploads\/2024\/12\/Ceramic-Press-Machine-300x300.webp 300w, https:\/\/www.linkceramics.com\/wp-content\/uploads\/2024\/12\/Ceramic-Press-Machine-150x150.webp 150w, https:\/\/www.linkceramics.com\/wp-content\/uploads\/2024\/12\/Ceramic-Press-Machine-600x600.webp 600w, https:\/\/www.linkceramics.com\/wp-content\/uploads\/2024\/12\/Ceramic-Press-Machine-100x100.webp 100w\" sizes=\"(max-width: 678px) 100vw, 678px\" \/><\/figure>\n<\/div>\n<\/div>","protected":false},"excerpt":{"rendered":"<div class=\"elementor-element elementor-element-e8e3df8 elementor-widget elementor-widget-woocommerce-product-short-description\" data-id=\"e8e3df8\" data-element_type=\"widget\" data-widget_type=\"woocommerce-product-short-description.default\">\n<div class=\"elementor-widget-container\">\n<div class=\"woocommerce-product-details__short-description\">\n<div class=\"elementor-element elementor-element-e8e3df8 elementor-widget elementor-widget-woocommerce-product-short-description\" data-id=\"e8e3df8\" data-element_type=\"widget\" data-widget_type=\"woocommerce-product-short-description.default\">\n<div class=\"elementor-widget-container\">\n<div class=\"woocommerce-product-details__short-description\">\n<div class=\"elementor-element elementor-element-e8e3df8 elementor-widget elementor-widget-woocommerce-product-short-description\" data-id=\"e8e3df8\" data-element_type=\"widget\" data-widget_type=\"woocommerce-product-short-description.default\">\n<div class=\"elementor-widget-container\">\n<div class=\"woocommerce-product-details__short-description\">\n<p>En tant que fabricant de machines de formage de la c\u00e9ramique, Yutai fournit une machine de pressage de la c\u00e9ramique 30T \u00e0 haute pression, qui est sp\u00e9cialement utilis\u00e9e pour fabriquer des assiettes de formes sp\u00e9ciales, telles que des assiettes de dinde, des assiettes de gros poisson et des assiettes carr\u00e9es.<\/p>\n<h2>Une solution unique pour les presses \u00e0 c\u00e9ramique :<\/h2>\n<ol>\n<li>Personnalisation : Si n\u00e9cessaire, nous pouvons personnaliser la machine pour r\u00e9pondre \u00e0 des exigences de production sp\u00e9cifiques ou int\u00e9grer des fonctions suppl\u00e9mentaires pour am\u00e9liorer les performances.<\/li>\n<li>Installation et mise en service : Nos techniciens experts installeront et mettront en service la presse \u00e0 c\u00e9ramique 30T sur votre site, en s'assurant de sa bonne configuration et de son bon fonctionnement.<\/li>\n<li>Fourniture de pi\u00e8ces d\u00e9tach\u00e9es : Nous proposons une large gamme de pi\u00e8ces d\u00e9tach\u00e9es et de composants d'origine pour la machine afin d'assurer un fonctionnement continu et ininterrompu.<\/li>\n<\/ol>\n<\/div>\n<\/div>\n<\/div>\n<div class=\"elementor-element elementor-element-713ad46 elementor-widget elementor-widget-text-editor\" data-id=\"713ad46\" data-element_type=\"widget\" data-widget_type=\"text-editor.default\">\n<div class=\"elementor-widget-container\">\n<p>En tant que fabricant leader de machines pour la c\u00e9ramique, nous nous engageons \u00e0 fournir d'excellentes machines et services pour la fabrication de vaisselle en c\u00e9ramique afin d'assurer la r\u00e9ussite de nos clients.-Yutai<\/p>\n<\/div>\n<\/div>\n<\/div>\n<\/div>\n<\/div>\n<\/div>\n<\/div>\n<\/div>","protected":false},"featured_media":1678,"comment_status":"open","ping_status":"closed","template":"","meta":{"_acf_changed":true},"certification":[59,61,60,62],"product_brand":[],"product_cat":[39,40],"product_tag":[],"class_list":{"0":"post-1677","1":"product","2":"type-product","3":"status-publish","4":"has-post-thumbnail","6":"certification-ce","7":"certification-iso-14001","8":"certification-iso-45001","9":"certification-iso-9001","10":"product_cat-ceramic-machinery","11":"product_cat-ceramic-machines","13":"first","14":"instock","15":"shipping-taxable","16":"product-type-simple"},"acf":[],"_links":{"self":[{"href":"https:\/\/www.linkceramics.com\/fr\/wp-json\/wp\/v2\/product\/1677","targetHints":{"allow":["GET"]}}],"collection":[{"href":"https:\/\/www.linkceramics.com\/fr\/wp-json\/wp\/v2\/product"}],"about":[{"href":"https:\/\/www.linkceramics.com\/fr\/wp-json\/wp\/v2\/types\/product"}],"replies":[{"embeddable":true,"href":"https:\/\/www.linkceramics.com\/fr\/wp-json\/wp\/v2\/comments?post=1677"}],"wp:featuredmedia":[{"embeddable":true,"href":"https:\/\/www.linkceramics.com\/fr\/wp-json\/wp\/v2\/media\/1678"}],"wp:attachment":[{"href":"https:\/\/www.linkceramics.com\/fr\/wp-json\/wp\/v2\/media?parent=1677"}],"wp:term":[{"taxonomy":"certification","embeddable":true,"href":"https:\/\/www.linkceramics.com\/fr\/wp-json\/wp\/v2\/certification?post=1677"},{"taxonomy":"product_brand","embeddable":true,"href":"https:\/\/www.linkceramics.com\/fr\/wp-json\/wp\/v2\/product_brand?post=1677"},{"taxonomy":"product_cat","embeddable":true,"href":"https:\/\/www.linkceramics.com\/fr\/wp-json\/wp\/v2\/product_cat?post=1677"},{"taxonomy":"product_tag","embeddable":true,"href":"https:\/\/www.linkceramics.com\/fr\/wp-json\/wp\/v2\/product_tag?post=1677"}],"curies":[{"name":"wp","href":"https:\/\/api.w.org\/{rel}","templated":true}]}}