{"id":1688,"date":"2024-12-23T08:23:03","date_gmt":"2024-12-23T08:23:03","guid":{"rendered":"https:\/\/www.linkceramics.com\/?post_type=product&#038;p=1688"},"modified":"2024-12-24T09:40:31","modified_gmt":"2024-12-24T09:40:31","slug":"squeegee-sharpener","status":"publish","type":"product","link":"https:\/\/www.linkceramics.com\/fr\/product\/squeegee-sharpener\/","title":{"rendered":"Aiguisage automatique de la raclette pour la s\u00e9rigraphie"},"content":{"rendered":"<div class=\"wp-block-columns is-layout-flex wp-container-core-columns-is-layout-9d6595d7 wp-block-columns-is-layout-flex\">\n<div class=\"wp-block-column is-layout-flow wp-block-column-is-layout-flow\">\n<h3 class=\"wp-block-heading\"><strong>Aiguiseur de raclette<\/strong>&nbsp;<strong>Caract\u00e9ristiques :<\/strong><\/h3>\n\n\n\n<p>Convient aux grattoirs \u00e0 lame plate et \u00e0 lame pointue pour r\u00e9g\u00e9n\u00e9rer les lames et rendre les grattoirs plus tranchants.<\/p>\n\n\n\n<p>Adopte des rails de guidage lin\u00e9aire import\u00e9s avec de bonnes performances horizontales.<\/p>\n\n\n\n<p>Moteur \u00e0 haute vitesse et \u00e0 faible consommation d'\u00e9nergie pour un fonctionnement en douceur.<\/p>\n\n\n\n<p>Longueur maximale de broyage : 1100mm\/1500mm<\/p>\n\n\n\n<p>Puissance : 370W\/220V<\/p>\n<\/div>\n<\/div>","protected":false},"excerpt":{"rendered":"<div class=\"elementor-element elementor-element-e8e3df8 elementor-widget elementor-widget-woocommerce-product-short-description\" data-id=\"e8e3df8\" data-element_type=\"widget\" data-widget_type=\"woocommerce-product-short-description.default\">\n<div class=\"elementor-widget-container\">\n<div class=\"woocommerce-product-details__short-description\">\n<div class=\"elementor-element elementor-element-e8e3df8 elementor-widget elementor-widget-woocommerce-product-short-description\" data-id=\"e8e3df8\" data-element_type=\"widget\" data-widget_type=\"woocommerce-product-short-description.default\">\n<div class=\"elementor-widget-container\">\n<div class=\"woocommerce-product-details__short-description\">\n<div class=\"elementor-element elementor-element-e8e3df8 elementor-widget elementor-widget-woocommerce-product-short-description\" data-id=\"e8e3df8\" data-element_type=\"widget\" data-widget_type=\"woocommerce-product-short-description.default\">\n<div class=\"elementor-widget-container\">\n<div class=\"woocommerce-product-details__short-description\">\n<div class=\"elementor-element elementor-element-e8e3df8 elementor-widget elementor-widget-woocommerce-product-short-description\" data-id=\"e8e3df8\" data-element_type=\"widget\" data-widget_type=\"woocommerce-product-short-description.default\">\n<div class=\"elementor-widget-container\">\n<div class=\"woocommerce-product-details__short-description\">\n<div class=\"elementor-element elementor-element-e8e3df8 elementor-widget elementor-widget-woocommerce-product-short-description\" data-id=\"e8e3df8\" data-element_type=\"widget\" data-widget_type=\"woocommerce-product-short-description.default\">\n<div class=\"elementor-widget-container\">\n<div class=\"woocommerce-product-details__short-description\">\n<div class=\"elementor-element elementor-element-e8e3df8 elementor-widget elementor-widget-woocommerce-product-short-description\" data-id=\"e8e3df8\" data-element_type=\"widget\" data-widget_type=\"woocommerce-product-short-description.default\">\n<div class=\"elementor-widget-container\">\n<div class=\"woocommerce-product-details__short-description\">\n<div class=\"elementor-element elementor-element-e8e3df8 elementor-widget elementor-widget-woocommerce-product-short-description\" data-id=\"e8e3df8\" data-element_type=\"widget\" data-widget_type=\"woocommerce-product-short-description.default\">\n<div class=\"elementor-widget-container\">\n<div class=\"woocommerce-product-details__short-description\">\n<p>L'aff\u00fbteuse de raclette Factory direct est adapt\u00e9e \u00e0 l'aff\u00fbtage de divers types de s\u00e9rigraphie, avec une haute efficacit\u00e9, une grande surface de travail et une op\u00e9ration simple.\u00a0<\/p>\n<h2>Une solution unique pour l'aff\u00fbtage des raclettes :<\/h2>\n<ol>\n<li>\n<p>Prix d'usine : En tant que fabricant de machines de s\u00e9rigraphie, nous fournissons des machines de s\u00e9rigraphie rentables. N'h\u00e9sitez pas \u00e0 nous contacter pour obtenir le prix d'usine.<\/p>\n<\/li>\n<li>\n<p>Assistance technique : Fournir des conseils techniques professionnels et une installation m\u00e9canique, avec des guides vid\u00e9o pour assurer une utilisation rapide du produit.<\/p>\n<\/li>\n<li>\n<p>Pi\u00e8ces d\u00e9tach\u00e9es : Une gamme de pi\u00e8ces d\u00e9tach\u00e9es d'origine est disponible.<\/p>\n<\/li>\n<li>\n<p>Assistance apr\u00e8s-vente : Assistance en ligne 24 heures sur 24 pour s'assurer que vous \u00eates satisfait des machines de s\u00e9rigraphie et qu'elles sont utilis\u00e9es sans probl\u00e8me sur votre ligne de production.<\/p>\n<\/li>\n<\/ol>\n<\/div>\n<\/div>\n<\/div>\n<div class=\"elementor-element elementor-element-713ad46 elementor-widget elementor-widget-text-editor\" data-id=\"713ad46\" data-element_type=\"widget\" data-widget_type=\"text-editor.default\">\n<div class=\"elementor-widget-container\">\n<p>En tant que fabricant leader de machines pour la c\u00e9ramique, nous nous engageons \u00e0 fournir d'excellentes machines et services pour la fabrication de vaisselle en c\u00e9ramique afin d'assurer la r\u00e9ussite de nos clients.-Yutai<\/p>\n<\/div>\n<\/div>\n<\/div>\n<\/div>\n<\/div>\n<\/div>\n<\/div>\n<\/div>\n<\/div>\n<\/div>\n<\/div>\n<\/div>\n<\/div>\n<\/div>\n<\/div>\n<\/div>\n<\/div>\n<\/div>\n<\/div>\n<\/div>","protected":false},"featured_media":1689,"comment_status":"open","ping_status":"closed","template":"","meta":{"_acf_changed":true},"certification":[59,61,60,62],"product_brand":[],"product_cat":[39,40],"product_tag":[],"class_list":{"0":"post-1688","1":"product","2":"type-product","3":"status-publish","4":"has-post-thumbnail","6":"certification-ce","7":"certification-iso-14001","8":"certification-iso-45001","9":"certification-iso-9001","10":"product_cat-ceramic-machinery","11":"product_cat-ceramic-machines","13":"first","14":"instock","15":"shipping-taxable","16":"product-type-simple"},"acf":[],"_links":{"self":[{"href":"https:\/\/www.linkceramics.com\/fr\/wp-json\/wp\/v2\/product\/1688","targetHints":{"allow":["GET"]}}],"collection":[{"href":"https:\/\/www.linkceramics.com\/fr\/wp-json\/wp\/v2\/product"}],"about":[{"href":"https:\/\/www.linkceramics.com\/fr\/wp-json\/wp\/v2\/types\/product"}],"replies":[{"embeddable":true,"href":"https:\/\/www.linkceramics.com\/fr\/wp-json\/wp\/v2\/comments?post=1688"}],"wp:featuredmedia":[{"embeddable":true,"href":"https:\/\/www.linkceramics.com\/fr\/wp-json\/wp\/v2\/media\/1689"}],"wp:attachment":[{"href":"https:\/\/www.linkceramics.com\/fr\/wp-json\/wp\/v2\/media?parent=1688"}],"wp:term":[{"taxonomy":"certification","embeddable":true,"href":"https:\/\/www.linkceramics.com\/fr\/wp-json\/wp\/v2\/certification?post=1688"},{"taxonomy":"product_brand","embeddable":true,"href":"https:\/\/www.linkceramics.com\/fr\/wp-json\/wp\/v2\/product_brand?post=1688"},{"taxonomy":"product_cat","embeddable":true,"href":"https:\/\/www.linkceramics.com\/fr\/wp-json\/wp\/v2\/product_cat?post=1688"},{"taxonomy":"product_tag","embeddable":true,"href":"https:\/\/www.linkceramics.com\/fr\/wp-json\/wp\/v2\/product_tag?post=1688"}],"curies":[{"name":"wp","href":"https:\/\/api.w.org\/{rel}","templated":true}]}}