{"id":1690,"date":"2024-12-23T08:40:03","date_gmt":"2024-12-23T08:40:03","guid":{"rendered":"https:\/\/www.linkceramics.com\/?post_type=product&#038;p=1690"},"modified":"2024-12-23T08:40:04","modified_gmt":"2024-12-23T08:40:04","slug":"soft-ceramic-grinding-wheel","status":"publish","type":"product","link":"https:\/\/www.linkceramics.com\/fr\/product\/soft-ceramic-grinding-wheel\/","title":{"rendered":"Meule en c\u00e9ramique douce"},"content":{"rendered":"","protected":false},"excerpt":{"rendered":"<div class=\"elementor-element elementor-element-e8e3df8 elementor-widget elementor-widget-woocommerce-product-short-description\" data-id=\"e8e3df8\" data-element_type=\"widget\" data-widget_type=\"woocommerce-product-short-description.default\">\n<div class=\"elementor-widget-container\">\n<div class=\"woocommerce-product-details__short-description\">\n<div class=\"elementor-element elementor-element-e8e3df8 elementor-widget elementor-widget-woocommerce-product-short-description\" data-id=\"e8e3df8\" data-element_type=\"widget\" data-widget_type=\"woocommerce-product-short-description.default\">\n<div class=\"elementor-widget-container\">\n<div class=\"woocommerce-product-details__short-description\">\n<div class=\"elementor-element elementor-element-e8e3df8 elementor-widget elementor-widget-woocommerce-product-short-description\" data-id=\"e8e3df8\" data-element_type=\"widget\" data-widget_type=\"woocommerce-product-short-description.default\">\n<div class=\"elementor-widget-container\">\n<div class=\"woocommerce-product-details__short-description\">\n<div class=\"elementor-element elementor-element-e8e3df8 elementor-widget elementor-widget-woocommerce-product-short-description\" data-id=\"e8e3df8\" data-element_type=\"widget\" data-widget_type=\"woocommerce-product-short-description.default\">\n<div class=\"elementor-widget-container\">\n<div class=\"woocommerce-product-details__short-description\">\n<div class=\"elementor-element elementor-element-e8e3df8 elementor-widget elementor-widget-woocommerce-product-short-description\" data-id=\"e8e3df8\" data-element_type=\"widget\" data-widget_type=\"woocommerce-product-short-description.default\">\n<div class=\"elementor-widget-container\">\n<div class=\"woocommerce-product-details__short-description\">\n<div class=\"elementor-element elementor-element-e8e3df8 elementor-widget elementor-widget-woocommerce-product-short-description\" data-id=\"e8e3df8\" data-element_type=\"widget\" data-widget_type=\"woocommerce-product-short-description.default\">\n<div class=\"elementor-widget-container\">\n<div class=\"woocommerce-product-details__short-description\">\n<div class=\"elementor-element elementor-element-e8e3df8 elementor-widget elementor-widget-woocommerce-product-short-description\" data-id=\"e8e3df8\" data-element_type=\"widget\" data-widget_type=\"woocommerce-product-short-description.default\">\n<div class=\"elementor-widget-container\">\n<div class=\"woocommerce-product-details__short-description\">\n<div class=\"elementor-element elementor-element-e8e3df8 elementor-widget elementor-widget-woocommerce-product-short-description\" data-id=\"e8e3df8\" data-element_type=\"widget\" data-widget_type=\"woocommerce-product-short-description.default\">\n<div class=\"elementor-widget-container\">\n<div class=\"woocommerce-product-details__short-description\">\n<p>La meule en c\u00e9ramique tendre est utilis\u00e9e pour le meulage et le polissage de la surface des produits c\u00e9ramiques afin de rendre la surface plus lisse et plus plate. Elle peut \u00e9liminer efficacement les rugosit\u00e9s et les irr\u00e9gularit\u00e9s de la surface et am\u00e9liorer la qualit\u00e9 de la surface des produits.<\/p>\n<\/div>\n<\/div>\n<\/div>\n<div class=\"elementor-element elementor-element-713ad46 elementor-widget elementor-widget-text-editor\" data-id=\"713ad46\" data-element_type=\"widget\" data-widget_type=\"text-editor.default\">\n<div class=\"elementor-widget-container\">\n<p>En tant que fabricant leader de machines pour la c\u00e9ramique, nous nous engageons \u00e0 fournir d'excellentes machines et services pour la fabrication de vaisselle en c\u00e9ramique afin d'assurer la r\u00e9ussite de nos clients.-Yutai<\/p>\n<\/div>\n<\/div>\n<\/div>\n<\/div>\n<\/div>\n<\/div>\n<\/div>\n<\/div>\n<\/div>\n<\/div>\n<\/div>\n<\/div>\n<\/div>\n<\/div>\n<\/div>\n<\/div>\n<\/div>\n<\/div>\n<\/div>\n<\/div>\n<\/div>\n<\/div>\n<\/div>","protected":false},"featured_media":1691,"comment_status":"open","ping_status":"closed","template":"","meta":{"_acf_changed":false},"certification":[59,61,60,62],"product_brand":[],"product_cat":[39,40],"product_tag":[],"class_list":{"0":"post-1690","1":"product","2":"type-product","3":"status-publish","4":"has-post-thumbnail","6":"certification-ce","7":"certification-iso-14001","8":"certification-iso-45001","9":"certification-iso-9001","10":"product_cat-ceramic-machinery","11":"product_cat-ceramic-machines","13":"first","14":"instock","15":"shipping-taxable","16":"product-type-simple"},"acf":[],"_links":{"self":[{"href":"https:\/\/www.linkceramics.com\/fr\/wp-json\/wp\/v2\/product\/1690","targetHints":{"allow":["GET"]}}],"collection":[{"href":"https:\/\/www.linkceramics.com\/fr\/wp-json\/wp\/v2\/product"}],"about":[{"href":"https:\/\/www.linkceramics.com\/fr\/wp-json\/wp\/v2\/types\/product"}],"replies":[{"embeddable":true,"href":"https:\/\/www.linkceramics.com\/fr\/wp-json\/wp\/v2\/comments?post=1690"}],"wp:featuredmedia":[{"embeddable":true,"href":"https:\/\/www.linkceramics.com\/fr\/wp-json\/wp\/v2\/media\/1691"}],"wp:attachment":[{"href":"https:\/\/www.linkceramics.com\/fr\/wp-json\/wp\/v2\/media?parent=1690"}],"wp:term":[{"taxonomy":"certification","embeddable":true,"href":"https:\/\/www.linkceramics.com\/fr\/wp-json\/wp\/v2\/certification?post=1690"},{"taxonomy":"product_brand","embeddable":true,"href":"https:\/\/www.linkceramics.com\/fr\/wp-json\/wp\/v2\/product_brand?post=1690"},{"taxonomy":"product_cat","embeddable":true,"href":"https:\/\/www.linkceramics.com\/fr\/wp-json\/wp\/v2\/product_cat?post=1690"},{"taxonomy":"product_tag","embeddable":true,"href":"https:\/\/www.linkceramics.com\/fr\/wp-json\/wp\/v2\/product_tag?post=1690"}],"curies":[{"name":"wp","href":"https:\/\/api.w.org\/{rel}","templated":true}]}}