{"id":1722,"date":"2024-12-24T08:32:48","date_gmt":"2024-12-24T08:32:48","guid":{"rendered":"https:\/\/www.linkceramics.com\/?post_type=product&#038;p=1722"},"modified":"2024-12-24T09:36:09","modified_gmt":"2024-12-24T09:36:09","slug":"bathroom-sinks-wholesale","status":"publish","type":"product","link":"https:\/\/www.linkceramics.com\/fr\/product\/bathroom-sinks-wholesale\/","title":{"rendered":"Vasques de salle de bain en c\u00e9ramique avec finition or mat (Wholesale)"},"content":{"rendered":"<div class=\"wp-block-columns is-layout-flex wp-container-core-columns-is-layout-9d6595d7 wp-block-columns-is-layout-flex\">\n<div class=\"wp-block-column is-layout-flow wp-block-column-is-layout-flow\" style=\"flex-basis:50%\">\n<h3 class=\"wp-block-heading\">Premium Bathroom Sinks Wholesale Caract\u00e9ristiques :<\/h3>\n\n\n\n<ul class=\"wp-block-list\">\n<li><strong>Finition luxueuse en or :&nbsp;<\/strong>Ces lavabos de salle de bains en gros sont finis en or mat, le lavabo poss\u00e8de un luxe discret, rehaussant la sophistication de l'espace de la salle de bains et formant une atmosph\u00e8re haut de gamme.<\/li>\n\n\n\n<li><strong>Facile \u00e0 nettoyer et \u00e0 entretenir :&nbsp;<\/strong>Ces \u00e9viers en gros pour salles de bains \u00e0 finition or mat sont faciles \u00e0 nettoyer et \u00e0 entretenir. Ils sont \u00e0 la fois beaux et simples \u00e0 nettoyer au quotidien, ce qui permet de r\u00e9duire les co\u00fbts d'entretien \u00e0 long terme.<\/li>\n\n\n\n<li><strong>Durable et fiable :&nbsp;<\/strong>Nos \u00e9viers de salle de bains sont fabriqu\u00e9s en c\u00e9ramique de haute qualit\u00e9 pour garantir leur solidit\u00e9 et leur durabilit\u00e9, leur r\u00e9sistance aux taches et aux rayures, et leur capacit\u00e9 \u00e0 conserver leur beaut\u00e9 d'origine apr\u00e8s une longue p\u00e9riode d'utilisation.<\/li>\n\n\n\n<li><strong>Remise en gros :&nbsp;<\/strong>En tant que fabricant d'\u00e9viers de salle de bains, nous vous proposons des prix pr\u00e9f\u00e9rentiels pour la vente en gros d'\u00e9viers de salle de bains afin de vous garantir des produits de haute qualit\u00e9 dans le cadre du budget de votre projet.<\/li>\n<\/ul>\n<\/div>\n\n\n\n<div class=\"wp-block-column is-layout-flow wp-block-column-is-layout-flow\" style=\"flex-basis:50%\">\n<figure class=\"wp-block-image size-full\"><img decoding=\"async\" width=\"980\" height=\"1348\" src=\"https:\/\/www.linkceramics.com\/wp-content\/uploads\/2024\/12\/ceramic-bathroom-sinks-wholesale-with-matte-gold-finish-6.webp\" alt=\"\u00e9viers de salle de bain en c\u00e9ramique - vente en gros - avec finition or mat - 6\" class=\"wp-image-1726\" srcset=\"https:\/\/www.linkceramics.com\/wp-content\/uploads\/2024\/12\/ceramic-bathroom-sinks-wholesale-with-matte-gold-finish-6.webp 980w, https:\/\/www.linkceramics.com\/wp-content\/uploads\/2024\/12\/ceramic-bathroom-sinks-wholesale-with-matte-gold-finish-6-218x300.webp 218w, https:\/\/www.linkceramics.com\/wp-content\/uploads\/2024\/12\/ceramic-bathroom-sinks-wholesale-with-matte-gold-finish-6-768x1056.webp 768w, https:\/\/www.linkceramics.com\/wp-content\/uploads\/2024\/12\/ceramic-bathroom-sinks-wholesale-with-matte-gold-finish-6-600x825.webp 600w\" sizes=\"(max-width: 980px) 100vw, 980px\" \/><\/figure>\n<\/div>\n<\/div>","protected":false},"excerpt":{"rendered":"<div id=\"brxe-0ee1ca\" class=\"brxe-product-meta product_meta\">\n<div id=\"brxe-0ee1ca\" class=\"brxe-product-meta product_meta\">Bienvenue sur le site d'achat en gros de lavabos en c\u00e9ramique. Nos lavabos de salle de bain en gros fusionnent le luxe moderne de la finition or mat avec la beaut\u00e9 naturelle pr\u00e9sente dans le mat\u00e9riau c\u00e9ramique. En plus d'ajouter \u00e0 la valeur esth\u00e9tique de l'\u00e9vier, la finition or mat conf\u00e8re au support un temp\u00e9rament sobre et noble. Nous proposons des prix tr\u00e8s comp\u00e9titifs pour vous aider \u00e0 contr\u00f4ler vos co\u00fbts d'achat.<\/div>\n<\/div>\n<div id=\"brxe-8c5ca9\" class=\"brxe-product-short-description\">\n<div class=\"woocommerce-product-details__short-description\">\n<h2>\u00c9viers de salle de bain Sp\u00e9cifications :<\/h2>\n<table border=\"0\" width=\"531\" cellspacing=\"0\" cellpadding=\"0\">\n<tbody>\n<tr>\n<td width=\"271\" height=\"24\">Fabricant<\/td>\n<td width=\"260\">HanYu<\/td>\n<\/tr>\n<tr>\n<td width=\"271\" height=\"25\">Num\u00e9ro de mod\u00e8le<\/td>\n<td width=\"260\">HY-8070MGS<\/td>\n<\/tr>\n<tr>\n<td width=\"271\" height=\"48\">Type<\/td>\n<td width=\"260\">Cuvette galvanis\u00e9e, Cuvette mate, Cuvette de comptoir<\/td>\n<\/tr>\n<tr>\n<td width=\"271\" height=\"24\">Forme<\/td>\n<td width=\"260\">Forme ronde<\/td>\n<\/tr>\n<tr>\n<td width=\"271\" height=\"24\">Couleur<\/td>\n<td width=\"260\">Noir mat + or bross\u00e9<\/td>\n<\/tr>\n<tr>\n<td width=\"271\" height=\"24\">Dimension<\/td>\n<td width=\"260\">36*36*12<\/td>\n<\/tr>\n<tr>\n<td width=\"271\" height=\"24\">N.W \/SET<\/td>\n<td width=\"260\">8KGS\/PCS<\/td>\n<\/tr>\n<tr>\n<td width=\"271\" height=\"24\">MOQ<\/td>\n<td width=\"260\">20pcs<\/td>\n<\/tr>\n<tr>\n<td width=\"271\" height=\"48\">Option personnalis\u00e9e<\/td>\n<td width=\"260\">Couleur\/Pattenue\/Taille\/Logo\/Emballage<\/td>\n<\/tr>\n<\/tbody>\n<\/table>\n<p><\/div>\n<\/div>","protected":false},"featured_media":1725,"comment_status":"open","ping_status":"closed","template":"","meta":{"_acf_changed":true},"certification":[59,61,60,62],"product_brand":[],"product_cat":[35,21],"product_tag":[],"class_list":{"0":"post-1722","1":"product","2":"type-product","3":"status-publish","4":"has-post-thumbnail","6":"certification-ce","7":"certification-iso-14001","8":"certification-iso-45001","9":"certification-iso-9001","10":"product_cat-bathroom-ceramics-supply","11":"product_cat-wholesale-ceramic-basin","13":"first","14":"instock","15":"shipping-taxable","16":"product-type-simple"},"acf":[],"_links":{"self":[{"href":"https:\/\/www.linkceramics.com\/fr\/wp-json\/wp\/v2\/product\/1722","targetHints":{"allow":["GET"]}}],"collection":[{"href":"https:\/\/www.linkceramics.com\/fr\/wp-json\/wp\/v2\/product"}],"about":[{"href":"https:\/\/www.linkceramics.com\/fr\/wp-json\/wp\/v2\/types\/product"}],"replies":[{"embeddable":true,"href":"https:\/\/www.linkceramics.com\/fr\/wp-json\/wp\/v2\/comments?post=1722"}],"wp:featuredmedia":[{"embeddable":true,"href":"https:\/\/www.linkceramics.com\/fr\/wp-json\/wp\/v2\/media\/1725"}],"wp:attachment":[{"href":"https:\/\/www.linkceramics.com\/fr\/wp-json\/wp\/v2\/media?parent=1722"}],"wp:term":[{"taxonomy":"certification","embeddable":true,"href":"https:\/\/www.linkceramics.com\/fr\/wp-json\/wp\/v2\/certification?post=1722"},{"taxonomy":"product_brand","embeddable":true,"href":"https:\/\/www.linkceramics.com\/fr\/wp-json\/wp\/v2\/product_brand?post=1722"},{"taxonomy":"product_cat","embeddable":true,"href":"https:\/\/www.linkceramics.com\/fr\/wp-json\/wp\/v2\/product_cat?post=1722"},{"taxonomy":"product_tag","embeddable":true,"href":"https:\/\/www.linkceramics.com\/fr\/wp-json\/wp\/v2\/product_tag?post=1722"}],"curies":[{"name":"wp","href":"https:\/\/api.w.org\/{rel}","templated":true}]}}