{"id":1727,"date":"2024-12-24T08:46:04","date_gmt":"2024-12-24T08:46:04","guid":{"rendered":"https:\/\/www.linkceramics.com\/?post_type=product&#038;p=1727"},"modified":"2024-12-24T09:39:55","modified_gmt":"2024-12-24T09:39:55","slug":"wholesale-marble-wash-basins","status":"publish","type":"product","link":"https:\/\/www.linkceramics.com\/fr\/product\/wholesale-marble-wash-basins\/","title":{"rendered":"Magnifiques lavabos en marbre de haute qualit\u00e9 en gros"},"content":{"rendered":"<div class=\"wp-block-columns is-layout-flex wp-container-core-columns-is-layout-9d6595d7 wp-block-columns-is-layout-flex\">\n<div class=\"wp-block-column is-layout-flow wp-block-column-is-layout-flow\" style=\"flex-basis:50%\">\n<h3 class=\"wp-block-heading\">Lavabos en marbre de premi\u00e8re qualit\u00e9 Caract\u00e9ristiques :<\/h3>\n\n\n\n<ul class=\"wp-block-list\">\n<li><strong>Sensation de luxe :&nbsp;<\/strong>Chacun de nos lavabos en marbre est fabriqu\u00e9 \u00e0 partir de marbre naturel de haute qualit\u00e9, avec une texture et une couleur uniques qui refl\u00e8tent directement la haute qualit\u00e9.<\/li>\n\n\n\n<li><strong>Artisanat exquis :&nbsp;<\/strong>Cet \u00e9vier en gros a \u00e9t\u00e9 finement poli pour garantir que la surface du lavabo est lisse et d\u00e9licate, et que les bords ne sont pas tranchants. Les d\u00e9tails refl\u00e8tent l'habilet\u00e9 de l'artisan.<\/li>\n\n\n\n<li><strong>Style \u00e9l\u00e9gant :<\/strong>&nbsp;Ces lavabos en marbre combinent des \u00e9l\u00e9ments classiques et \u00e0 la mode dans un m\u00eame concept de design. Ce lavabo est simple mais \u00e9l\u00e9gant. Il s'adapte parfaitement aux diff\u00e9rents styles de d\u00e9coration de la salle de bains, ce qui permet de rehausser efficacement la beaut\u00e9 de l'espace.<\/li>\n\n\n\n<li><strong>Contr\u00f4le strict de la qualit\u00e9 :<\/strong>&nbsp;Chacun de nos \u00e9viers en gros a fait l'objet d'un contr\u00f4le de qualit\u00e9 rigoureux afin de garantir sa durabilit\u00e9 et sa fiabilit\u00e9 et de pr\u00e9server sa beaut\u00e9 et sa fonctionnalit\u00e9, m\u00eame apr\u00e8s une utilisation prolong\u00e9e.<\/li>\n<\/ul>\n<\/div>\n\n\n\n<div class=\"wp-block-column is-layout-flow wp-block-column-is-layout-flow\" style=\"flex-basis:50%\">\n<figure class=\"wp-block-image size-full\"><img decoding=\"async\" width=\"980\" height=\"1351\" src=\"https:\/\/www.linkceramics.com\/wp-content\/uploads\/2024\/12\/beautiful-wholesale-marble-wash-basins-with-high-quality-7.webp\" alt=\"beaux-bassins-de-lavage-en-marbre-avec-haute-qualit\u00e9-7\" class=\"wp-image-1731\" srcset=\"https:\/\/www.linkceramics.com\/wp-content\/uploads\/2024\/12\/beautiful-wholesale-marble-wash-basins-with-high-quality-7.webp 980w, https:\/\/www.linkceramics.com\/wp-content\/uploads\/2024\/12\/beautiful-wholesale-marble-wash-basins-with-high-quality-7-218x300.webp 218w, https:\/\/www.linkceramics.com\/wp-content\/uploads\/2024\/12\/beautiful-wholesale-marble-wash-basins-with-high-quality-7-768x1059.webp 768w, https:\/\/www.linkceramics.com\/wp-content\/uploads\/2024\/12\/beautiful-wholesale-marble-wash-basins-with-high-quality-7-600x827.webp 600w\" sizes=\"(max-width: 980px) 100vw, 980px\" \/><\/figure>\n<\/div>\n<\/div>","protected":false},"excerpt":{"rendered":"<div id=\"brxe-0ee1ca\" class=\"brxe-product-meta product_meta\">\n<div id=\"brxe-0ee1ca\" class=\"brxe-product-meta product_meta\">Bienvenue sur le site d'achat de lavabos en gros. Nos lavabos en marbre adoptent la technologie de transfert d'eau pour simuler la texture naturelle de la pierre naturelle, combinant l'\u00e9l\u00e9gance et la durabilit\u00e9, apportant un degr\u00e9 plus \u00e9lev\u00e9 de sensation esth\u00e9tique \u00e0 la salle de bain. Nous fournissons un service OEM\/ODM pour vos projets.<\/div>\n<\/div>\n<div id=\"brxe-8c5ca9\" class=\"brxe-product-short-description\">\n<div class=\"woocommerce-product-details__short-description\">\n<h2>Bassins de lavage en marbre Sp\u00e9cifications :<\/h2>\n<table border=\"0\" width=\"531\" cellspacing=\"0\" cellpadding=\"0\">\n<tbody>\n<tr>\n<td width=\"271\" height=\"24\">Fabricant<\/td>\n<td width=\"260\">HanYu<\/td>\n<\/tr>\n<tr>\n<td width=\"271\" height=\"25\">Num\u00e9ro de mod\u00e8le<\/td>\n<td width=\"260\">HY-8064-55D127<\/td>\n<\/tr>\n<tr>\n<td width=\"271\" height=\"48\">Type<\/td>\n<td width=\"260\">Cuvette en marbre, cuvette de comptoir<\/td>\n<\/tr>\n<tr>\n<td width=\"271\" height=\"24\">Forme<\/td>\n<td width=\"260\">Forme rectangulaire<\/td>\n<\/tr>\n<tr>\n<td width=\"271\" height=\"24\">Couleur<\/td>\n<td width=\"260\">Bleu<\/td>\n<\/tr>\n<tr>\n<td width=\"271\" height=\"24\">Dimension<\/td>\n<td width=\"260\">55*38*11<\/td>\n<\/tr>\n<tr>\n<td width=\"271\" height=\"24\">N.W \/SET<\/td>\n<td width=\"260\">12KGS\/PCS<\/td>\n<\/tr>\n<tr>\n<td width=\"271\" height=\"24\">MOQ<\/td>\n<td width=\"260\">20pcs<\/td>\n<\/tr>\n<tr>\n<td width=\"271\" height=\"48\">Option personnalis\u00e9e<\/td>\n<td width=\"260\">Couleur\/Pattenue\/Taille\/Logo\/Emballage<\/td>\n<\/tr>\n<\/tbody>\n<\/table>\n<\/div>\n<\/div>","protected":false},"featured_media":1730,"comment_status":"open","ping_status":"closed","template":"","meta":{"_acf_changed":true},"certification":[59,61,60,62],"product_brand":[],"product_cat":[35,21],"product_tag":[],"class_list":{"0":"post-1727","1":"product","2":"type-product","3":"status-publish","4":"has-post-thumbnail","6":"certification-ce","7":"certification-iso-14001","8":"certification-iso-45001","9":"certification-iso-9001","10":"product_cat-bathroom-ceramics-supply","11":"product_cat-wholesale-ceramic-basin","13":"first","14":"instock","15":"shipping-taxable","16":"product-type-simple"},"acf":[],"_links":{"self":[{"href":"https:\/\/www.linkceramics.com\/fr\/wp-json\/wp\/v2\/product\/1727","targetHints":{"allow":["GET"]}}],"collection":[{"href":"https:\/\/www.linkceramics.com\/fr\/wp-json\/wp\/v2\/product"}],"about":[{"href":"https:\/\/www.linkceramics.com\/fr\/wp-json\/wp\/v2\/types\/product"}],"replies":[{"embeddable":true,"href":"https:\/\/www.linkceramics.com\/fr\/wp-json\/wp\/v2\/comments?post=1727"}],"wp:featuredmedia":[{"embeddable":true,"href":"https:\/\/www.linkceramics.com\/fr\/wp-json\/wp\/v2\/media\/1730"}],"wp:attachment":[{"href":"https:\/\/www.linkceramics.com\/fr\/wp-json\/wp\/v2\/media?parent=1727"}],"wp:term":[{"taxonomy":"certification","embeddable":true,"href":"https:\/\/www.linkceramics.com\/fr\/wp-json\/wp\/v2\/certification?post=1727"},{"taxonomy":"product_brand","embeddable":true,"href":"https:\/\/www.linkceramics.com\/fr\/wp-json\/wp\/v2\/product_brand?post=1727"},{"taxonomy":"product_cat","embeddable":true,"href":"https:\/\/www.linkceramics.com\/fr\/wp-json\/wp\/v2\/product_cat?post=1727"},{"taxonomy":"product_tag","embeddable":true,"href":"https:\/\/www.linkceramics.com\/fr\/wp-json\/wp\/v2\/product_tag?post=1727"}],"curies":[{"name":"wp","href":"https:\/\/api.w.org\/{rel}","templated":true}]}}