{"id":1732,"date":"2024-12-24T09:35:15","date_gmt":"2024-12-24T09:35:15","guid":{"rendered":"https:\/\/www.linkceramics.com\/?post_type=product&#038;p=1732"},"modified":"2024-12-24T10:22:36","modified_gmt":"2024-12-24T10:22:36","slug":"gold-wash-basin-wholesale","status":"publish","type":"product","link":"https:\/\/www.linkceramics.com\/fr\/product\/gold-wash-basin-wholesale\/","title":{"rendered":"Premium Custom Made Gold Wash Basin Wholesale For Vanity"},"content":{"rendered":"<div class=\"wp-block-columns is-layout-flex wp-container-core-columns-is-layout-9d6595d7 wp-block-columns-is-layout-flex\">\n<div class=\"wp-block-column is-layout-flow wp-block-column-is-layout-flow\" style=\"flex-basis:50%\">\n<h3 class=\"wp-block-heading\">Bassin de lavage pour l'or de premi\u00e8re qualit\u00e9 Caract\u00e9ristiques en gros :<\/h3>\n\n\n\n<ul class=\"wp-block-list\">\n<li><strong>Finition luxueuse en or :\u00a0<\/strong>Ce lavabo en or en gros utilise une finition galvanique en or haut de gamme, et chaque pi\u00e8ce est soigneusement personnalis\u00e9e pour ajouter une touche de luxe \u00e0 la salle de bains.<\/li>\n\n\n\n<li><strong>Durable et beau :\u00a0<\/strong>Ce lavabo en gros utilise des mat\u00e9riaux c\u00e9ramiques de haute qualit\u00e9 et une surface galvanis\u00e9e pour garantir que le lavabo n'est pas seulement magnifique en apparence, mais aussi robuste et durable, et qu'il peut conserver son \u00e9clat apr\u00e8s une utilisation \u00e0 long terme.<\/li>\n\n\n\n<li><strong>R\u00e9pondre \u00e0 des besoins personnalis\u00e9s :<\/strong>\u00a0Nous sommes un fabricant professionnel d'\u00e9viers de salle de bains, fournissant des services de personnalisation, et nous pouvons ajuster la taille en fonction de vos besoins sp\u00e9cifiques.<\/li>\n\n\n\n<li><strong>Approvisionnement en vrac, rentable :\u00a0<\/strong>Nous proposons des prix d'achat pr\u00e9f\u00e9rentiels pour votre projet, ce qui vous permet de b\u00e9n\u00e9ficier de produits de haute qualit\u00e9 tout en respectant le budget de votre projet.<\/li>\n<\/ul>\n<\/div>\n\n\n\n<div class=\"wp-block-column is-layout-flow wp-block-column-is-layout-flow\" style=\"flex-basis:50%\">\n<figure class=\"wp-block-image size-full\"><img decoding=\"async\" width=\"827\" height=\"1232\" src=\"https:\/\/www.linkceramics.com\/wp-content\/uploads\/2024\/12\/premium-custom-made-gold-wash-basin-wholesale-for-vanity-6.webp\" alt=\"premium-custom-made-gold-wash-basin-wholesale-for-vanity-6\" class=\"wp-image-1737\" srcset=\"https:\/\/www.linkceramics.com\/wp-content\/uploads\/2024\/12\/premium-custom-made-gold-wash-basin-wholesale-for-vanity-6.webp 827w, https:\/\/www.linkceramics.com\/wp-content\/uploads\/2024\/12\/premium-custom-made-gold-wash-basin-wholesale-for-vanity-6-201x300.webp 201w, https:\/\/www.linkceramics.com\/wp-content\/uploads\/2024\/12\/premium-custom-made-gold-wash-basin-wholesale-for-vanity-6-768x1144.webp 768w, https:\/\/www.linkceramics.com\/wp-content\/uploads\/2024\/12\/premium-custom-made-gold-wash-basin-wholesale-for-vanity-6-600x894.webp 600w\" sizes=\"(max-width: 827px) 100vw, 827px\" \/><\/figure>\n<\/div>\n<\/div>\n\n\n\n<p><\/p>","protected":false},"excerpt":{"rendered":"<div id=\"brxe-0ee1ca\" class=\"brxe-product-meta product_meta\">\n<div id=\"brxe-0ee1ca\" class=\"brxe-product-meta product_meta\">Ce lavabo en or utilise des mat\u00e9riaux c\u00e9ramiques de haute qualit\u00e9 et une surface galvanis\u00e9e pour garantir que le lavabo n'est pas seulement magnifique en apparence, mais aussi robuste et durable. Le service de personnalisation nous permet d'ajuster la taille et la forme du lavabo en fonction de vos besoins sp\u00e9cifiques afin qu'il s'int\u00e8gre parfaitement \u00e0 votre espace.<\/div>\n<\/div>\n<div id=\"brxe-8c5ca9\" class=\"brxe-product-short-description\">\n<div class=\"woocommerce-product-details__short-description\">\n<h2>Bassin de lavage pour l'or Sp\u00e9cifications :<\/h2>\n<table border=\"0\" width=\"531\" cellspacing=\"0\" cellpadding=\"0\">\n<tbody>\n<tr>\n<td width=\"271\" height=\"24\">Fabricant<\/td>\n<td width=\"260\">HanYu<\/td>\n<\/tr>\n<tr>\n<td width=\"271\" height=\"25\">Num\u00e9ro de mod\u00e8le<\/td>\n<td width=\"260\">HY-8037GY<\/td>\n<\/tr>\n<tr>\n<td width=\"271\" height=\"48\">Type<\/td>\n<td width=\"260\">Cuvette galvanis\u00e9e, Cuvette de comptoir<\/td>\n<\/tr>\n<tr>\n<td width=\"271\" height=\"24\">Forme<\/td>\n<td width=\"260\">Forme ronde<\/td>\n<\/tr>\n<tr>\n<td width=\"271\" height=\"24\">Couleur<\/td>\n<td width=\"260\">L'or<\/td>\n<\/tr>\n<tr>\n<td width=\"271\" height=\"24\">Dimension<\/td>\n<td width=\"260\">41*41*15<\/td>\n<\/tr>\n<tr>\n<td width=\"271\" height=\"24\">N.W \/SET<\/td>\n<td width=\"260\">8KGS\/PCS<\/td>\n<\/tr>\n<tr>\n<td width=\"271\" height=\"24\">MOQ<\/td>\n<td width=\"260\">20pcs<\/td>\n<\/tr>\n<tr>\n<td width=\"271\" height=\"48\">Option personnalis\u00e9e<\/td>\n<td width=\"260\">Couleur\/Pattenue\/Taille\/Logo\/Emballage<\/td>\n<\/tr>\n<\/tbody>\n<\/table>\n<\/div>\n<\/div>","protected":false},"featured_media":1734,"comment_status":"open","ping_status":"closed","template":"","meta":{"_acf_changed":true},"certification":[59,61,60,62],"product_brand":[],"product_cat":[35,21],"product_tag":[],"class_list":{"0":"post-1732","1":"product","2":"type-product","3":"status-publish","4":"has-post-thumbnail","6":"certification-ce","7":"certification-iso-14001","8":"certification-iso-45001","9":"certification-iso-9001","10":"product_cat-bathroom-ceramics-supply","11":"product_cat-wholesale-ceramic-basin","13":"first","14":"instock","15":"shipping-taxable","16":"product-type-simple"},"acf":[],"_links":{"self":[{"href":"https:\/\/www.linkceramics.com\/fr\/wp-json\/wp\/v2\/product\/1732","targetHints":{"allow":["GET"]}}],"collection":[{"href":"https:\/\/www.linkceramics.com\/fr\/wp-json\/wp\/v2\/product"}],"about":[{"href":"https:\/\/www.linkceramics.com\/fr\/wp-json\/wp\/v2\/types\/product"}],"replies":[{"embeddable":true,"href":"https:\/\/www.linkceramics.com\/fr\/wp-json\/wp\/v2\/comments?post=1732"}],"wp:featuredmedia":[{"embeddable":true,"href":"https:\/\/www.linkceramics.com\/fr\/wp-json\/wp\/v2\/media\/1734"}],"wp:attachment":[{"href":"https:\/\/www.linkceramics.com\/fr\/wp-json\/wp\/v2\/media?parent=1732"}],"wp:term":[{"taxonomy":"certification","embeddable":true,"href":"https:\/\/www.linkceramics.com\/fr\/wp-json\/wp\/v2\/certification?post=1732"},{"taxonomy":"product_brand","embeddable":true,"href":"https:\/\/www.linkceramics.com\/fr\/wp-json\/wp\/v2\/product_brand?post=1732"},{"taxonomy":"product_cat","embeddable":true,"href":"https:\/\/www.linkceramics.com\/fr\/wp-json\/wp\/v2\/product_cat?post=1732"},{"taxonomy":"product_tag","embeddable":true,"href":"https:\/\/www.linkceramics.com\/fr\/wp-json\/wp\/v2\/product_tag?post=1732"}],"curies":[{"name":"wp","href":"https:\/\/api.w.org\/{rel}","templated":true}]}}