{"id":1738,"date":"2024-12-24T10:22:52","date_gmt":"2024-12-24T10:22:52","guid":{"rendered":"https:\/\/www.linkceramics.com\/?post_type=product&#038;p=1738"},"modified":"2024-12-24T10:30:09","modified_gmt":"2024-12-24T10:30:09","slug":"wholesale-glass-sinks","status":"publish","type":"product","link":"https:\/\/www.linkceramics.com\/fr\/product\/wholesale-glass-sinks\/","title":{"rendered":"Exquisite Wholesale Glass Sinks With Various Colors Options (\u00e9viers en gros en verre avec diverses options de couleur)"},"content":{"rendered":"<div class=\"wp-block-columns is-layout-flex wp-container-core-columns-is-layout-9d6595d7 wp-block-columns-is-layout-flex\">\n<div class=\"wp-block-column is-layout-flow wp-block-column-is-layout-flow\" style=\"flex-basis:50%\">\n<h3 class=\"wp-block-heading\">Premium Wholesale Glass Sinks Caract\u00e9ristiques :<\/h3>\n\n\n\n<ul class=\"wp-block-list\">\n<li><strong>Mat\u00e9riau exquis :\u00a0<\/strong>Ce lavabo en gros est fabriqu\u00e9 en verre de haute qualit\u00e9, d'une grande transparence et d'une brillance \u00e9clatante, ce qui lui conf\u00e8re un effet visuel unique et un sens de la modernit\u00e9.<\/li>\n\n\n\n<li><strong>Plusieurs options de couleurs :\u00a0<\/strong>Nos lavabos en verre en gros offrent une vari\u00e9t\u00e9 d'options de couleurs pour r\u00e9pondre aux diff\u00e9rents styles de d\u00e9coration et aux pr\u00e9f\u00e9rences personnelles, ajoutant de la couleur et de la personnalit\u00e9 \u00e0 la salle de bains.<\/li>\n\n\n\n<li><strong>Cr\u00e9ation de mode :\u00a0<\/strong>Ces lavabos en verre ont un design \u00e9l\u00e9gant et moderne, adapt\u00e9 \u00e0 divers agencements de salles de bains, et rehaussent la beaut\u00e9 g\u00e9n\u00e9rale et la qualit\u00e9 de l'espace.<\/li>\n\n\n\n<li><strong>Facile \u00e0 nettoyer :\u00a0<\/strong>La surface lisse du verre est r\u00e9sistante aux taches et aux moisissures. Elle est facile \u00e0 nettoyer et \u00e0 entretenir, ce qui garantit l'hygi\u00e8ne et la propret\u00e9 lors de l'utilisation quotidienne. Bienvenue \u00e0 l'achat et \u00e0 la personnalisation d'\u00e9viers en verre.<\/li>\n<\/ul>\n<\/div>\n\n\n\n<div class=\"wp-block-column is-layout-flow wp-block-column-is-layout-flow\" style=\"flex-basis:50%\">\n<figure class=\"wp-block-image size-full\"><img decoding=\"async\" width=\"1031\" height=\"1375\" src=\"https:\/\/www.linkceramics.com\/wp-content\/uploads\/2024\/12\/exquisite-wholesale-glass-sinks-with-various-colors-options-8_\u526f\u672c.jpg\" alt=\"exquisite-wholesale-glass-sinks-with-various-colors-options-8_\u526f\u672c\" class=\"wp-image-1742\" srcset=\"https:\/\/www.linkceramics.com\/wp-content\/uploads\/2024\/12\/exquisite-wholesale-glass-sinks-with-various-colors-options-8_\u526f\u672c.jpg 1031w, https:\/\/www.linkceramics.com\/wp-content\/uploads\/2024\/12\/exquisite-wholesale-glass-sinks-with-various-colors-options-8_\u526f\u672c-225x300.jpg 225w, https:\/\/www.linkceramics.com\/wp-content\/uploads\/2024\/12\/exquisite-wholesale-glass-sinks-with-various-colors-options-8_\u526f\u672c-768x1024.jpg 768w, https:\/\/www.linkceramics.com\/wp-content\/uploads\/2024\/12\/exquisite-wholesale-glass-sinks-with-various-colors-options-8_\u526f\u672c-600x800.jpg 600w\" sizes=\"(max-width: 1031px) 100vw, 1031px\" \/><\/figure>\n<\/div>\n<\/div>\n\n\n\n<p><\/p>","protected":false},"excerpt":{"rendered":"<div id=\"brxe-0ee1ca\" class=\"brxe-product-meta product_meta\">\n<div id=\"brxe-0ee1ca\" class=\"brxe-product-meta product_meta\">Nos \u00e9viers en verre en gros sont fabriqu\u00e9s en verre de haute qualit\u00e9, d'une grande transparence et d'une brillance \u00e9clatante, ce qui leur conf\u00e8re un effet visuel unique et un sens de la modernit\u00e9. Ils sont disponibles dans une grande vari\u00e9t\u00e9 de couleurs pour r\u00e9pondre aux diff\u00e9rents styles de d\u00e9coration, ajoutant de la couleur et de la personnalit\u00e9 \u00e0 la salle de bains.<\/div>\n<\/div>\n<div id=\"brxe-8c5ca9\" class=\"brxe-product-short-description\">\n<div class=\"woocommerce-product-details__short-description\">\n<h2>\u00c9viers en verre Sp\u00e9cifications :<\/h2>\n<table border=\"0\" width=\"531\" cellspacing=\"0\" cellpadding=\"0\">\n<tbody>\n<tr>\n<td width=\"271\" height=\"24\">Fabricant<\/td>\n<td width=\"260\">HanYu<\/td>\n<\/tr>\n<tr>\n<td width=\"271\" height=\"25\">Num\u00e9ro de mod\u00e8le<\/td>\n<td width=\"260\">HY-GL36\/ HY-GL36D<\/td>\n<\/tr>\n<tr>\n<td width=\"271\" height=\"24\">Type<\/td>\n<td width=\"260\">Lavabo en verre<\/td>\n<\/tr>\n<tr>\n<td width=\"271\" height=\"24\">Forme<\/td>\n<td width=\"260\">Forme ronde<\/td>\n<\/tr>\n<tr>\n<td width=\"271\" height=\"48\">Couleur<\/td>\n<td width=\"260\">noir\/blanc\/bleu\/gris\/rose\/vert\/marron\/kaki<\/td>\n<\/tr>\n<tr>\n<td width=\"271\" height=\"24\">Dimension<\/td>\n<td width=\"260\">36*36*11.5<\/td>\n<\/tr>\n<tr>\n<td width=\"271\" height=\"24\">\u00a0<\/td>\n<td width=\"260\">40*40*12.0<\/td>\n<\/tr>\n<tr>\n<td width=\"271\" height=\"24\">N.W \/SET<\/td>\n<td width=\"260\">7KGS\/PCS<\/td>\n<\/tr>\n<tr>\n<td width=\"271\" height=\"24\">MOQ<\/td>\n<td width=\"260\">20pcs<\/td>\n<\/tr>\n<tr>\n<td width=\"271\" height=\"48\">Option personnalis\u00e9e<\/td>\n<td width=\"260\">Couleur\/Pattenue\/Taille\/Logo\/Emballage<\/td>\n<\/tr>\n<\/tbody>\n<\/table>\n<p><\/div>\n<\/div>","protected":false},"featured_media":1743,"comment_status":"open","ping_status":"closed","template":"","meta":{"_acf_changed":false},"certification":[59,61,60,62],"product_brand":[],"product_cat":[35,21],"product_tag":[],"class_list":{"0":"post-1738","1":"product","2":"type-product","3":"status-publish","4":"has-post-thumbnail","6":"certification-ce","7":"certification-iso-14001","8":"certification-iso-45001","9":"certification-iso-9001","10":"product_cat-bathroom-ceramics-supply","11":"product_cat-wholesale-ceramic-basin","13":"first","14":"instock","15":"shipping-taxable","16":"product-type-simple"},"acf":[],"_links":{"self":[{"href":"https:\/\/www.linkceramics.com\/fr\/wp-json\/wp\/v2\/product\/1738","targetHints":{"allow":["GET"]}}],"collection":[{"href":"https:\/\/www.linkceramics.com\/fr\/wp-json\/wp\/v2\/product"}],"about":[{"href":"https:\/\/www.linkceramics.com\/fr\/wp-json\/wp\/v2\/types\/product"}],"replies":[{"embeddable":true,"href":"https:\/\/www.linkceramics.com\/fr\/wp-json\/wp\/v2\/comments?post=1738"}],"wp:featuredmedia":[{"embeddable":true,"href":"https:\/\/www.linkceramics.com\/fr\/wp-json\/wp\/v2\/media\/1743"}],"wp:attachment":[{"href":"https:\/\/www.linkceramics.com\/fr\/wp-json\/wp\/v2\/media?parent=1738"}],"wp:term":[{"taxonomy":"certification","embeddable":true,"href":"https:\/\/www.linkceramics.com\/fr\/wp-json\/wp\/v2\/certification?post=1738"},{"taxonomy":"product_brand","embeddable":true,"href":"https:\/\/www.linkceramics.com\/fr\/wp-json\/wp\/v2\/product_brand?post=1738"},{"taxonomy":"product_cat","embeddable":true,"href":"https:\/\/www.linkceramics.com\/fr\/wp-json\/wp\/v2\/product_cat?post=1738"},{"taxonomy":"product_tag","embeddable":true,"href":"https:\/\/www.linkceramics.com\/fr\/wp-json\/wp\/v2\/product_tag?post=1738"}],"curies":[{"name":"wp","href":"https:\/\/api.w.org\/{rel}","templated":true}]}}