{"id":1751,"date":"2024-12-25T06:58:43","date_gmt":"2024-12-25T06:58:43","guid":{"rendered":"https:\/\/www.linkceramics.com\/?post_type=product&#038;p=1751"},"modified":"2024-12-25T07:10:29","modified_gmt":"2024-12-25T07:10:29","slug":"wholesale-glass-vessel-sink","status":"publish","type":"product","link":"https:\/\/www.linkceramics.com\/fr\/product\/wholesale-glass-vessel-sink\/","title":{"rendered":"Premium Wholesale Glass Vessel Sinkls Bowls For Bathrooms (bols d'\u00e9vier en verre pour salles de bains)"},"content":{"rendered":"<div class=\"wp-block-columns is-layout-flex wp-container-core-columns-is-layout-9d6595d7 wp-block-columns-is-layout-flex\">\n<div class=\"wp-block-column is-layout-flow wp-block-column-is-layout-flow\" style=\"flex-basis:50%\">\n<h3 class=\"wp-block-heading\">Premium Wholesale Glass Vessel Sink Features :<\/h3>\n\n\n\n<ul class=\"wp-block-list\">\n<li><strong>Mat\u00e9riau en verre de haute qualit\u00e9 :<\/strong>\u00a0Notre \u00e9vier en verre en gros est fabriqu\u00e9 en verre de haute qualit\u00e9, l\u00e9ger, avec une transparence et une brillance \u00e9lev\u00e9es, montrant un effet visuel haut de gamme et un sens moderne, garantissant la durabilit\u00e9 et la beaut\u00e9 du produit.<\/li>\n\n\n\n<li><strong>Vari\u00e9t\u00e9 de couleurs :\u00a0<\/strong>Diff\u00e9rentes couleurs sont disponibles pour ce r\u00e9cipient en verre, allant du classique transparent au color\u00e9 et \u00e0 la mode, afin de r\u00e9pondre aux diff\u00e9rents styles de salle de bains et aux pr\u00e9f\u00e9rences personnelles.<\/li>\n\n\n\n<li><strong>Design exquis :\u00a0<\/strong>Cet \u00e9vier en verre est con\u00e7u dans un style moderne, avec de belles lignes et convient \u00e0 tous les types d'agencement de salle de bains, favorisant la beaut\u00e9 de l'espace dans son ensemble.<\/li>\n\n\n\n<li><strong>Facile \u00e0 nettoyer :\u00a0<\/strong>Avec une surface en verre lisse, ce bol en verre est r\u00e9sistant aux taches et \u00e0 la moisissure, facile \u00e0 nettoyer et \u00e0 entretenir, garantissant l'hygi\u00e8ne et la propret\u00e9 lors de l'utilisation quotidienne.<\/li>\n<\/ul>\n<\/div>\n\n\n\n<div class=\"wp-block-column is-layout-flow wp-block-column-is-layout-flow\" style=\"flex-basis:50%\">\n<figure class=\"wp-block-image size-full\"><img decoding=\"async\" width=\"975\" height=\"1300\" src=\"https:\/\/www.linkceramics.com\/wp-content\/uploads\/2024\/12\/premium-wholesale-glass-vessel-sink-bowls-for-bathrooms-9.webp\" alt=\"premium-wholesale-glassassel-vessel-sink-bowls-for-bathrooms-9\" class=\"wp-image-1756\" srcset=\"https:\/\/www.linkceramics.com\/wp-content\/uploads\/2024\/12\/premium-wholesale-glass-vessel-sink-bowls-for-bathrooms-9.webp 975w, https:\/\/www.linkceramics.com\/wp-content\/uploads\/2024\/12\/premium-wholesale-glass-vessel-sink-bowls-for-bathrooms-9-225x300.webp 225w, https:\/\/www.linkceramics.com\/wp-content\/uploads\/2024\/12\/premium-wholesale-glass-vessel-sink-bowls-for-bathrooms-9-768x1024.webp 768w, https:\/\/www.linkceramics.com\/wp-content\/uploads\/2024\/12\/premium-wholesale-glass-vessel-sink-bowls-for-bathrooms-9-600x800.webp 600w\" sizes=\"(max-width: 975px) 100vw, 975px\" \/><\/figure>\n<\/div>\n<\/div>\n\n\n\n<p><\/p>","protected":false},"excerpt":{"rendered":"<div id=\"brxe-0ee1ca\" class=\"brxe-product-meta product_meta\">\n<div id=\"brxe-0ee1ca\" class=\"brxe-product-meta product_meta\">Bienvenue sur le site d'achat en gros d'\u00e9viers en verre. Cet \u00e9vier en verre est fabriqu\u00e9 en verre de haute qualit\u00e9, de haute transparence et de haute brillance, ce qui lui conf\u00e8re des effets visuels de haute qualit\u00e9 et un sens de la modernit\u00e9. Avec un design moderne et \u00e0 la mode et un grand choix de couleurs, il est devenu le premier choix pour les lavabos de salle de bain de haute qualit\u00e9.<\/div>\n<\/div>\n<div id=\"brxe-8c5ca9\" class=\"brxe-product-short-description\">\n<div class=\"woocommerce-product-details__short-description\">\n<h2>Cuvette en verre Sp\u00e9cifications :<\/h2>\n<table border=\"0\" width=\"531\" cellspacing=\"0\" cellpadding=\"0\">\n<tbody>\n<tr>\n<td width=\"271\" height=\"24\">Fabricant<\/td>\n<td width=\"260\">HanYu<\/td>\n<\/tr>\n<tr>\n<td width=\"271\" height=\"25\">Num\u00e9ro de mod\u00e8le<\/td>\n<td width=\"260\">HY-GL37<\/td>\n<\/tr>\n<tr>\n<td width=\"271\" height=\"24\">Type<\/td>\n<td width=\"260\">Lavabo en verre<\/td>\n<\/tr>\n<tr>\n<td width=\"271\" height=\"24\">Forme<\/td>\n<td width=\"260\">Forme ronde<\/td>\n<\/tr>\n<tr>\n<td width=\"271\" height=\"48\">Couleur<\/td>\n<td width=\"260\">noir\/blanc\/bleu\/gris\/rose\/vert\/marron\/kaki<\/td>\n<\/tr>\n<tr>\n<td width=\"271\" height=\"24\">Dimension<\/td>\n<td width=\"260\">46*46*12.5<\/td>\n<\/tr>\n<tr>\n<td width=\"271\" height=\"24\">N.W \/SET<\/td>\n<td width=\"260\">8KGS\/PCS<\/td>\n<\/tr>\n<tr>\n<td width=\"271\" height=\"24\">MOQ<\/td>\n<td width=\"260\">20pcs<\/td>\n<\/tr>\n<tr>\n<td width=\"271\" height=\"48\">Option personnalis\u00e9e<\/td>\n<td width=\"260\">Couleur\/Pattenue\/Taille\/Logo\/Emballage<\/td>\n<\/tr>\n<\/tbody>\n<\/table>\n<p><\/div>\n<\/div>","protected":false},"featured_media":1752,"comment_status":"open","ping_status":"closed","template":"","meta":{"_acf_changed":false},"certification":[59,61,60,62],"product_brand":[],"product_cat":[35,21],"product_tag":[],"class_list":{"0":"post-1751","1":"product","2":"type-product","3":"status-publish","4":"has-post-thumbnail","6":"certification-ce","7":"certification-iso-14001","8":"certification-iso-45001","9":"certification-iso-9001","10":"product_cat-bathroom-ceramics-supply","11":"product_cat-wholesale-ceramic-basin","13":"first","14":"instock","15":"shipping-taxable","16":"product-type-simple"},"acf":[],"_links":{"self":[{"href":"https:\/\/www.linkceramics.com\/fr\/wp-json\/wp\/v2\/product\/1751","targetHints":{"allow":["GET"]}}],"collection":[{"href":"https:\/\/www.linkceramics.com\/fr\/wp-json\/wp\/v2\/product"}],"about":[{"href":"https:\/\/www.linkceramics.com\/fr\/wp-json\/wp\/v2\/types\/product"}],"replies":[{"embeddable":true,"href":"https:\/\/www.linkceramics.com\/fr\/wp-json\/wp\/v2\/comments?post=1751"}],"wp:featuredmedia":[{"embeddable":true,"href":"https:\/\/www.linkceramics.com\/fr\/wp-json\/wp\/v2\/media\/1752"}],"wp:attachment":[{"href":"https:\/\/www.linkceramics.com\/fr\/wp-json\/wp\/v2\/media?parent=1751"}],"wp:term":[{"taxonomy":"certification","embeddable":true,"href":"https:\/\/www.linkceramics.com\/fr\/wp-json\/wp\/v2\/certification?post=1751"},{"taxonomy":"product_brand","embeddable":true,"href":"https:\/\/www.linkceramics.com\/fr\/wp-json\/wp\/v2\/product_brand?post=1751"},{"taxonomy":"product_cat","embeddable":true,"href":"https:\/\/www.linkceramics.com\/fr\/wp-json\/wp\/v2\/product_cat?post=1751"},{"taxonomy":"product_tag","embeddable":true,"href":"https:\/\/www.linkceramics.com\/fr\/wp-json\/wp\/v2\/product_tag?post=1751"}],"curies":[{"name":"wp","href":"https:\/\/api.w.org\/{rel}","templated":true}]}}