{"id":1767,"date":"2024-12-25T07:35:47","date_gmt":"2024-12-25T07:35:47","guid":{"rendered":"https:\/\/www.linkceramics.com\/?post_type=product&#038;p=1767"},"modified":"2024-12-31T03:21:34","modified_gmt":"2024-12-31T03:21:34","slug":"wash-basin-wholesale","status":"publish","type":"product","link":"https:\/\/www.linkceramics.com\/fr\/product\/wash-basin-wholesale\/","title":{"rendered":"Luxury Above Counter Wash Basin Wholesale, Easy Clean Bathroom Sink"},"content":{"rendered":"<div class=\"wp-block-columns is-layout-flex wp-container-core-columns-is-layout-9d6595d7 wp-block-columns-is-layout-flex\">\n<div class=\"wp-block-column is-layout-flow wp-block-column-is-layout-flow\" style=\"flex-basis:50%\">\n<h3 class=\"wp-block-heading\">Premium Wash Basin Wholesale Caract\u00e9ristiques :<\/h3>\n\n\n\n<ul class=\"wp-block-list\">\n<li><strong>Color\u00e9e :\u00a0<\/strong>La couleur du marbre est obtenue par transfert d'eau \u00e0 partir d'un bassin ordinaire blanc brillant, qui est beau et durable. Nous proposons plus de 100 couleurs et motifs au choix, et tous les mod\u00e8les de lavabos en gros peuvent \u00eatre personnalis\u00e9s en termes de couleur et de texture.<\/li>\n\n\n\n<li><strong>Installation facile :<\/strong>\u00a0Con\u00e7us pour \u00eatre mont\u00e9s au-dessus du comptoir, ces lavabos de salle de bains en gros sont faciles \u00e0 installer, offrant une solution sans tracas pour les nouvelles constructions et les r\u00e9novations de salles de bains.<\/li>\n\n\n\n<li><strong>Belle surface :\u00a0<\/strong>La surface de notre lavabo en gros est lisse et peut \u00eatre mate ou brillante selon les besoins. Touchez-le et sentez-le, il est soyeux et exquis.<\/li>\n\n\n\n<li><strong>Grande capacit\u00e9 de production :<\/strong>\u00a0Notre grand entrep\u00f4t contient divers types de lavabos de salle de bain en gros. Choisissez les articles qui sont en production, nous avons suffisamment de lavabos blancs pour fabriquer des lavabos de couleur marbre, le d\u00e9lai d'exp\u00e9dition sera beaucoup plus court.<\/li>\n<\/ul>\n<\/div>\n\n\n\n<div class=\"wp-block-column is-layout-flow wp-block-column-is-layout-flow\" style=\"flex-basis:50%\">\n<figure class=\"wp-block-image size-full\"><img decoding=\"async\" width=\"980\" height=\"1352\" src=\"https:\/\/www.linkceramics.com\/wp-content\/uploads\/2024\/12\/Marble-Style-Ceramic-Rectangular-Design-Art-Sink-6-1.webp\" alt=\"Premium Wash Basin Wholesale\" class=\"wp-image-1829\" srcset=\"https:\/\/www.linkceramics.com\/wp-content\/uploads\/2024\/12\/Marble-Style-Ceramic-Rectangular-Design-Art-Sink-6-1.webp 980w, https:\/\/www.linkceramics.com\/wp-content\/uploads\/2024\/12\/Marble-Style-Ceramic-Rectangular-Design-Art-Sink-6-1-217x300.webp 217w, https:\/\/www.linkceramics.com\/wp-content\/uploads\/2024\/12\/Marble-Style-Ceramic-Rectangular-Design-Art-Sink-6-1-768x1060.webp 768w, https:\/\/www.linkceramics.com\/wp-content\/uploads\/2024\/12\/Marble-Style-Ceramic-Rectangular-Design-Art-Sink-6-1-600x828.webp 600w\" sizes=\"(max-width: 980px) 100vw, 980px\" \/><\/figure>\n<\/div>\n<\/div>\n\n\n\n<p><\/p>","protected":false},"excerpt":{"rendered":"<div id=\"brxe-0ee1ca\" class=\"brxe-product-meta product_meta\">\n<div id=\"brxe-0ee1ca\" class=\"brxe-product-meta product_meta\">Notre lavabo couleur marbre est fabriqu\u00e9 par un processus de transfert d'eau bas\u00e9 sur un lavabo en c\u00e9ramique blanc normal.  Il est facile \u00e0 installer au-dessus du comptoir. Nous avons suffisamment de lavabos blancs en stock pour fabriquer des lavabos en c\u00e9ramique de couleur marbre, ce qui r\u00e9duit consid\u00e9rablement le d\u00e9lai d'exp\u00e9dition.<\/div>\n<\/div>\n<div id=\"brxe-8c5ca9\" class=\"brxe-product-short-description\">\n<div class=\"woocommerce-product-details__short-description\">\n<h2>Bassin de lavage Sp\u00e9cifications :<\/h2>\n<table border=\"0\" width=\"478\" cellspacing=\"0\" cellpadding=\"0\">\n<tbody>\n<tr>\n<td width=\"166\" height=\"23\">Fabricant<\/td>\n<td width=\"312\">HanYu<\/td>\n<\/tr>\n<tr>\n<td height=\"23\">Num\u00e9ro de mod\u00e8le<\/td>\n<td>HY-5104D119<\/td>\n<\/tr>\n<tr>\n<td height=\"23\">Type<\/td>\n<td width=\"312\">Evier en marbre, Evier de comptoir<\/td>\n<\/tr>\n<tr>\n<td height=\"24\">Forme<\/td>\n<td>Forme rectangulaire<\/td>\n<\/tr>\n<tr>\n<td height=\"46\">Couleur<\/td>\n<td width=\"312\">Noir et dor\u00e9<\/td>\n<\/tr>\n<tr>\n<td height=\"24\">Dimension<\/td>\n<td width=\"312\">45*40*14.5<\/td>\n<\/tr>\n<tr>\n<td height=\"23\">N.W \/SET<\/td>\n<td>10KGS\/PCS<\/td>\n<\/tr>\n<tr>\n<td height=\"23\">MOQ<\/td>\n<td>20pcs<\/td>\n<\/tr>\n<tr>\n<td height=\"23\">Option personnalis\u00e9e<\/td>\n<td>Couleur\/Pattenue\/Taille\/Logo\/Emballage<\/td>\n<\/tr>\n<\/tbody>\n<\/table>\n<p><\/div>\n<\/div>","protected":false},"featured_media":1828,"comment_status":"open","ping_status":"closed","template":"","meta":{"_acf_changed":false},"certification":[59,61,60,62],"product_brand":[],"product_cat":[35,21],"product_tag":[],"class_list":{"0":"post-1767","1":"product","2":"type-product","3":"status-publish","4":"has-post-thumbnail","6":"certification-ce","7":"certification-iso-14001","8":"certification-iso-45001","9":"certification-iso-9001","10":"product_cat-bathroom-ceramics-supply","11":"product_cat-wholesale-ceramic-basin","13":"first","14":"instock","15":"shipping-taxable","16":"product-type-simple"},"acf":[],"_links":{"self":[{"href":"https:\/\/www.linkceramics.com\/fr\/wp-json\/wp\/v2\/product\/1767","targetHints":{"allow":["GET"]}}],"collection":[{"href":"https:\/\/www.linkceramics.com\/fr\/wp-json\/wp\/v2\/product"}],"about":[{"href":"https:\/\/www.linkceramics.com\/fr\/wp-json\/wp\/v2\/types\/product"}],"replies":[{"embeddable":true,"href":"https:\/\/www.linkceramics.com\/fr\/wp-json\/wp\/v2\/comments?post=1767"}],"wp:featuredmedia":[{"embeddable":true,"href":"https:\/\/www.linkceramics.com\/fr\/wp-json\/wp\/v2\/media\/1828"}],"wp:attachment":[{"href":"https:\/\/www.linkceramics.com\/fr\/wp-json\/wp\/v2\/media?parent=1767"}],"wp:term":[{"taxonomy":"certification","embeddable":true,"href":"https:\/\/www.linkceramics.com\/fr\/wp-json\/wp\/v2\/certification?post=1767"},{"taxonomy":"product_brand","embeddable":true,"href":"https:\/\/www.linkceramics.com\/fr\/wp-json\/wp\/v2\/product_brand?post=1767"},{"taxonomy":"product_cat","embeddable":true,"href":"https:\/\/www.linkceramics.com\/fr\/wp-json\/wp\/v2\/product_cat?post=1767"},{"taxonomy":"product_tag","embeddable":true,"href":"https:\/\/www.linkceramics.com\/fr\/wp-json\/wp\/v2\/product_tag?post=1767"}],"curies":[{"name":"wp","href":"https:\/\/api.w.org\/{rel}","templated":true}]}}